{"id":158,"date":"2022-08-15T22:00:11","date_gmt":"2022-08-15T20:00:11","guid":{"rendered":"http:\/\/xn--rjgara-upb.pl\/?page_id=158"},"modified":"2023-07-04T15:02:36","modified_gmt":"2023-07-04T13:02:36","slug":"computer-diagnose-szczecin-plonia","status":"publish","type":"page","link":"https:\/\/xn--rjgara-upb.pl\/de\/computer-diagnose-szczecin-plonia\/","title":{"rendered":"Computerdiagnose Stettin Plonia"},"content":{"rendered":"<style>.elementor-158 .elementor-element.elementor-element-9d170f8:not(.elementor-motion-effects-element-type-background), .elementor-158 .elementor-element.elementor-element-9d170f8 > .elementor-motion-effects-container > .elementor-motion-effects-layer{background-image:url(\"https:\/\/xn--rjgara-upb.pl\/wp-content\/uploads\/2022\/08\/Untitled-design-2022-08-20T234249.189.png\");background-position:center center;background-repeat:no-repeat;background-size:cover;}.elementor-158 .elementor-element.elementor-element-9d170f8{transition:background 0.3s, border 0.3s, border-radius 0.3s, box-shadow 0.3s;}.elementor-158 .elementor-element.elementor-element-9d170f8 > .elementor-background-overlay{transition:background 0.3s, border-radius 0.3s, opacity 0.3s;}.elementor-158 .elementor-element.elementor-element-844e9bc{--spacer-size:98px;}.elementor-158 .elementor-element.elementor-element-dc6ee64{text-align:center;}.elementor-158 .elementor-element.elementor-element-dc6ee64 .elementor-heading-title{font-family:\"Open Sans\", Sans-serif;font-size:48px;font-weight:600;color:#FFFFFF;}.elementor-158 .elementor-element.elementor-element-acdfba0{--spacer-size:50px;}.elementor-158 .elementor-element.elementor-element-00f6a43{--spacer-size:10px;}.elementor-158 .elementor-element.elementor-element-7578ca5{--spacer-size:50px;}.elementor-158 .elementor-element.elementor-element-a55e06e{--spacer-size:10px;}.elementor-158 .elementor-element.elementor-element-c1d3342{text-align:start;}.elementor-158 .elementor-element.elementor-element-c1d3342 .elementor-heading-title{font-family:\"Open Sans\", Sans-serif;font-size:32px;font-weight:600;color:#000000;}.elementor-158 .elementor-element.elementor-element-fec8efe{font-family:\"Open Sans\", Sans-serif;font-size:15px;font-weight:400;line-height:24px;color:#000000;}:root{--page-title-display:none;}@media(min-width:768px){.elementor-158 .elementor-element.elementor-element-1f9ffbf{width:20%;}.elementor-158 .elementor-element.elementor-element-7a766ea{width:59.332%;}.elementor-158 .elementor-element.elementor-element-59c55f3{width:20%;}}<\/style>\t\t<div data-elementor-type=\"wp-page\" data-elementor-id=\"158\" class=\"elementor elementor-158\" data-elementor-post-type=\"page\">\n\t\t\t\t\t\t<section class=\"elementor-section elementor-top-section elementor-element elementor-element-9d170f8 elementor-section-full_width elementor-section-stretched elementor-section-height-default elementor-section-height-default\" data-id=\"9d170f8\" data-element_type=\"section\" data-settings=\"{&quot;stretch_section&quot;:&quot;section-stretched&quot;,&quot;background_background&quot;:&quot;classic&quot;}\">\n\t\t\t\t\t\t<div class=\"elementor-container elementor-column-gap-no\">\n\t\t\t\t\t<div class=\"elementor-column elementor-col-100 elementor-top-column elementor-element elementor-element-d066976\" data-id=\"d066976\" data-element_type=\"column\">\n\t\t\t<div class=\"elementor-widget-wrap elementor-element-populated\">\n\t\t\t\t\t\t<section class=\"elementor-section elementor-inner-section elementor-element elementor-element-31c4d4f elementor-section-boxed elementor-section-height-default elementor-section-height-default\" data-id=\"31c4d4f\" data-element_type=\"section\">\n\t\t\t\t\t\t<div class=\"elementor-container elementor-column-gap-default\">\n\t\t\t\t\t<div class=\"elementor-column elementor-col-33 elementor-inner-column elementor-element elementor-element-1f9ffbf\" data-id=\"1f9ffbf\" data-element_type=\"column\">\n\t\t\t<div class=\"elementor-widget-wrap\">\n\t\t\t\t\t\t\t<\/div>\n\t\t<\/div>\n\t\t\t\t<div class=\"elementor-column elementor-col-33 elementor-inner-column elementor-element elementor-element-7a766ea\" data-id=\"7a766ea\" data-element_type=\"column\">\n\t\t\t<div class=\"elementor-widget-wrap elementor-element-populated\">\n\t\t\t\t\t\t<div class=\"elementor-element elementor-element-844e9bc elementor-widget elementor-widget-spacer\" data-id=\"844e9bc\" data-element_type=\"widget\" data-widget_type=\"spacer.default\">\n\t\t\t\t<div class=\"elementor-widget-container\">\n\t\t\t\t\t\t\t<div class=\"elementor-spacer\">\n\t\t\t<div class=\"elementor-spacer-inner\"><\/div>\n\t\t<\/div>\n\t\t\t\t\t\t<\/div>\n\t\t\t\t<\/div>\n\t\t\t\t<div class=\"elementor-element elementor-element-dc6ee64 elementor-widget elementor-widget-heading\" data-id=\"dc6ee64\" data-element_type=\"widget\" data-widget_type=\"heading.default\">\n\t\t\t\t<div class=\"elementor-widget-container\">\n\t\t\t\t\t<h2 class=\"elementor-heading-title elementor-size-default\">Computer-Diagnose Stettin (Szczecin)<\/h2>\t\t\t\t<\/div>\n\t\t\t\t<\/div>\n\t\t\t\t<div class=\"elementor-element elementor-element-acdfba0 elementor-widget elementor-widget-spacer\" data-id=\"acdfba0\" data-element_type=\"widget\" data-widget_type=\"spacer.default\">\n\t\t\t\t<div class=\"elementor-widget-container\">\n\t\t\t\t\t\t\t<div class=\"elementor-spacer\">\n\t\t\t<div class=\"elementor-spacer-inner\"><\/div>\n\t\t<\/div>\n\t\t\t\t\t\t<\/div>\n\t\t\t\t<\/div>\n\t\t\t\t<div class=\"elementor-element elementor-element-00f6a43 elementor-widget elementor-widget-spacer\" data-id=\"00f6a43\" data-element_type=\"widget\" data-widget_type=\"spacer.default\">\n\t\t\t\t<div class=\"elementor-widget-container\">\n\t\t\t\t\t\t\t<div class=\"elementor-spacer\">\n\t\t\t<div class=\"elementor-spacer-inner\"><\/div>\n\t\t<\/div>\n\t\t\t\t\t\t<\/div>\n\t\t\t\t<\/div>\n\t\t\t\t\t<\/div>\n\t\t<\/div>\n\t\t\t\t<div class=\"elementor-column elementor-col-33 elementor-inner-column elementor-element elementor-element-59c55f3\" data-id=\"59c55f3\" data-element_type=\"column\">\n\t\t\t<div class=\"elementor-widget-wrap\">\n\t\t\t\t\t\t\t<\/div>\n\t\t<\/div>\n\t\t\t\t\t<\/div>\n\t\t<\/section>\n\t\t\t\t<div class=\"elementor-element elementor-element-7578ca5 elementor-widget elementor-widget-spacer\" data-id=\"7578ca5\" data-element_type=\"widget\" data-widget_type=\"spacer.default\">\n\t\t\t\t<div class=\"elementor-widget-container\">\n\t\t\t\t\t\t\t<div class=\"elementor-spacer\">\n\t\t\t<div class=\"elementor-spacer-inner\"><\/div>\n\t\t<\/div>\n\t\t\t\t\t\t<\/div>\n\t\t\t\t<\/div>\n\t\t\t\t\t<\/div>\n\t\t<\/div>\n\t\t\t\t\t<\/div>\n\t\t<\/section>\n\t\t\t\t<section class=\"elementor-section elementor-top-section elementor-element elementor-element-166fa32 elementor-section-boxed elementor-section-height-default elementor-section-height-default\" data-id=\"166fa32\" data-element_type=\"section\">\n\t\t\t\t\t\t<div class=\"elementor-container elementor-column-gap-default\">\n\t\t\t\t\t<div class=\"elementor-column elementor-col-100 elementor-top-column elementor-element elementor-element-1819d7e\" data-id=\"1819d7e\" data-element_type=\"column\">\n\t\t\t<div class=\"elementor-widget-wrap elementor-element-populated\">\n\t\t\t\t\t\t<div class=\"elementor-element elementor-element-a55e06e elementor-widget elementor-widget-spacer\" data-id=\"a55e06e\" data-element_type=\"widget\" data-widget_type=\"spacer.default\">\n\t\t\t\t<div class=\"elementor-widget-container\">\n\t\t\t\t\t\t\t<div class=\"elementor-spacer\">\n\t\t\t<div class=\"elementor-spacer-inner\"><\/div>\n\t\t<\/div>\n\t\t\t\t\t\t<\/div>\n\t\t\t\t<\/div>\n\t\t\t\t\t<\/div>\n\t\t<\/div>\n\t\t\t\t\t<\/div>\n\t\t<\/section>\n\t\t\t\t<section class=\"elementor-section elementor-top-section elementor-element elementor-element-fe5f23a elementor-section-boxed elementor-section-height-default elementor-section-height-default\" data-id=\"fe5f23a\" data-element_type=\"section\">\n\t\t\t\t\t\t<div class=\"elementor-container elementor-column-gap-default\">\n\t\t\t\t\t<div class=\"elementor-column elementor-col-50 elementor-top-column elementor-element elementor-element-1205213\" data-id=\"1205213\" data-element_type=\"column\">\n\t\t\t<div class=\"elementor-widget-wrap elementor-element-populated\">\n\t\t\t\t\t\t<div class=\"elementor-element elementor-element-c1d3342 elementor-widget elementor-widget-heading\" data-id=\"c1d3342\" data-element_type=\"widget\" data-widget_type=\"heading.default\">\n\t\t\t\t<div class=\"elementor-widget-container\">\n\t\t\t\t\t<h2 class=\"elementor-heading-title elementor-size-default\">Computerdiagnose Stettin Plonia<\/h2>\t\t\t\t<\/div>\n\t\t\t\t<\/div>\n\t\t\t\t<div class=\"elementor-element elementor-element-fec8efe elementor-widget elementor-widget-text-editor\" data-id=\"fec8efe\" data-element_type=\"widget\" data-widget_type=\"text-editor.default\">\n\t\t\t\t<div class=\"elementor-widget-container\">\n\t\t\t\t\t\t\t\t\t<p>Unser spezialisierter Diagnoseservice ist mit modernsten Ger\u00e4ten und Technologien ausgestattet, die es uns erm\u00f6glichen, eine pr\u00e4zise und umfassende Computerdiagnose Ihres Fahrzeugs durchzuf\u00fchren. Dadurch sind wir in der Lage, Probleme mit der Elektronik Ihres Fahrzeugs, mechanische Sch\u00e4den und andere m\u00f6gliche Fehler zu lokalisieren und zu identifizieren.<\/p><p>Wir bieten eine breite Palette von Computer-Diagnose-Dienstleistungen an, darunter:<\/p><ol><li>\u00dcberpr\u00fcfung des Motorsystems: Mit unserer modernen Diagnoseausr\u00fcstung k\u00f6nnen wir das Motorsystem Ihres Fahrzeugs gr\u00fcndlich \u00fcberpr\u00fcfen. Wir k\u00f6nnen Fehlercodes, die auf dem Armaturenbrett erscheinen, lesen und interpretieren und verschiedene Parameter wie Kraftstoffstand, Motortemperatur, \u00d6ldruck und vieles mehr \u00fcberwachen. Auf diese Weise k\u00f6nnen wir m\u00f6gliche Probleme schnell und genau lokalisieren.<\/li><li>Diagnose von elektronischen Systemen: Unser Spezialistenteam verf\u00fcgt \u00fcber das Wissen und die Erfahrung, um verschiedene elektronische Systeme in Autos zu diagnostizieren und zu reparieren. Wir k\u00f6nnen Diagnosen zu ABS, ESP, Lenkung, Klimaanlage, Airbags und vielem mehr durchf\u00fchren. So k\u00f6nnen wir Fehler erkennen und beheben, die die Sicherheit und Leistung Ihres Fahrzeugs beeintr\u00e4chtigen k\u00f6nnen.<\/li><li>Analyse des Kraftstoffsystems: Unsere Computerdiagnose umfasst auch eine Analyse des Kraftstoffsystems. Wir k\u00f6nnen die Parameter der Kraftstoffeinspritzung, den Kraftstoffdruck, die Sensoren und vieles mehr \u00fcberpr\u00fcfen, um sicherzustellen, dass das Kraftstoffsystem ordnungsgem\u00e4\u00df funktioniert. Wenn Probleme festgestellt werden, k\u00f6nnen wir die notwendigen Reparaturen oder Anpassungen vornehmen.<\/li><li>Diagnose elektrischer Systeme: Unser Team ist auch in der Diagnose der elektrischen Systeme in Ihrem Auto erfahren. Wir k\u00f6nnen den Zustand und die Funktion von Batterie, Lichtmaschine, Anlasser, Z\u00fcndanlage und anderen elektrischen Komponenten \u00fcberpr\u00fcfen. Wenn wir Probleme feststellen, empfehlen wir geeignete Abhilfema\u00dfnahmen.<\/li><\/ol><p>Bei R J Garage legen wir Wert auf Servicequalit\u00e4t und pr\u00e4zise Diagnostik.<\/p>\t\t\t\t\t\t\t\t<\/div>\n\t\t\t\t<\/div>\n\t\t\t\t\t<\/div>\n\t\t<\/div>\n\t\t\t\t<div class=\"elementor-column elementor-col-50 elementor-top-column elementor-element elementor-element-c44095d\" data-id=\"c44095d\" data-element_type=\"column\">\n\t\t\t<div class=\"elementor-widget-wrap elementor-element-populated\">\n\t\t\t\t\t\t<div class=\"elementor-element elementor-element-6ceab20 elementor-widget elementor-widget-image\" data-id=\"6ceab20\" data-element_type=\"widget\" data-widget_type=\"image.default\">\n\t\t\t\t<div class=\"elementor-widget-container\">\n\t\t\t\t\t\t\t\t\t\t\t\t\t\t\t<img fetchpriority=\"high\" decoding=\"async\" width=\"800\" height=\"800\" src=\"https:\/\/xn--rjgara-upb.pl\/wp-content\/uploads\/2022\/08\/computer-diagnostics-1024x1024.png\" class=\"attachment-large size-large wp-image-565\" alt=\"\" srcset=\"https:\/\/xn--rjgara-upb.pl\/wp-content\/uploads\/2022\/08\/computer-diagnostics-1024x1024.png 1024w, https:\/\/xn--rjgara-upb.pl\/wp-content\/uploads\/2022\/08\/computer-diagnostics-300x300.png 300w, https:\/\/xn--rjgara-upb.pl\/wp-content\/uploads\/2022\/08\/computer-diagnostics-150x150.png 150w, https:\/\/xn--rjgara-upb.pl\/wp-content\/uploads\/2022\/08\/computer-diagnostics-768x768.png 768w, https:\/\/xn--rjgara-upb.pl\/wp-content\/uploads\/2022\/08\/computer-diagnostics.png 1080w\" sizes=\"(max-width: 800px) 100vw, 800px\" title=\"\">\t\t\t\t\t\t\t\t\t\t\t\t\t\t\t<\/div>\n\t\t\t\t<\/div>\n\t\t\t\t<section class=\"elementor-section elementor-inner-section elementor-element elementor-element-0124df8 elementor-section-boxed elementor-section-height-default elementor-section-height-default\" data-id=\"0124df8\" data-element_type=\"section\">\n\t\t\t\t\t\t<div class=\"elementor-container elementor-column-gap-default\">\n\t\t\t\t\t<div class=\"elementor-column elementor-col-50 elementor-inner-column elementor-element elementor-element-5204136\" data-id=\"5204136\" data-element_type=\"column\">\n\t\t\t<div class=\"elementor-widget-wrap elementor-element-populated\">\n\t\t\t\t\t\t<div class=\"elementor-element elementor-element-0fa1aab elementor-widget elementor-widget-image\" data-id=\"0fa1aab\" data-element_type=\"widget\" data-widget_type=\"image.default\">\n\t\t\t\t<div class=\"elementor-widget-container\">\n\t\t\t\t\t\t\t\t\t\t\t\t\t\t\t<img decoding=\"async\" width=\"800\" height=\"800\" src=\"https:\/\/xn--rjgara-upb.pl\/wp-content\/uploads\/2022\/08\/Untitled-design-2022-08-20T234249.189-1024x1024.png\" class=\"attachment-large size-large wp-image-762\" alt=\"\" srcset=\"https:\/\/xn--rjgara-upb.pl\/wp-content\/uploads\/2022\/08\/Untitled-design-2022-08-20T234249.189-1024x1024.png 1024w, https:\/\/xn--rjgara-upb.pl\/wp-content\/uploads\/2022\/08\/Untitled-design-2022-08-20T234249.189-300x300.png 300w, https:\/\/xn--rjgara-upb.pl\/wp-content\/uploads\/2022\/08\/Untitled-design-2022-08-20T234249.189-150x150.png 150w, https:\/\/xn--rjgara-upb.pl\/wp-content\/uploads\/2022\/08\/Untitled-design-2022-08-20T234249.189-768x768.png 768w, https:\/\/xn--rjgara-upb.pl\/wp-content\/uploads\/2022\/08\/Untitled-design-2022-08-20T234249.189.png 1080w\" sizes=\"(max-width: 800px) 100vw, 800px\" title=\"\">\t\t\t\t\t\t\t\t\t\t\t\t\t\t\t<\/div>\n\t\t\t\t<\/div>\n\t\t\t\t\t<\/div>\n\t\t<\/div>\n\t\t\t\t<div class=\"elementor-column elementor-col-50 elementor-inner-column elementor-element elementor-element-892f29a\" data-id=\"892f29a\" data-element_type=\"column\">\n\t\t\t<div class=\"elementor-widget-wrap elementor-element-populated\">\n\t\t\t\t\t\t<div class=\"elementor-element elementor-element-3aed097 elementor-widget elementor-widget-image\" data-id=\"3aed097\" data-element_type=\"widget\" data-widget_type=\"image.default\">\n\t\t\t\t<div class=\"elementor-widget-container\">\n\t\t\t\t\t\t\t\t\t\t\t\t\t\t\t<img decoding=\"async\" width=\"300\" height=\"300\" src=\"https:\/\/xn--rjgara-upb.pl\/wp-content\/uploads\/2022\/10\/Untitled-design-70-300x300.png\" class=\"attachment-medium size-medium wp-image-1069\" alt=\"\" srcset=\"https:\/\/xn--rjgara-upb.pl\/wp-content\/uploads\/2022\/10\/Untitled-design-70-300x300.png 300w, https:\/\/xn--rjgara-upb.pl\/wp-content\/uploads\/2022\/10\/Untitled-design-70-1024x1024.png 1024w, https:\/\/xn--rjgara-upb.pl\/wp-content\/uploads\/2022\/10\/Untitled-design-70-150x150.png 150w, https:\/\/xn--rjgara-upb.pl\/wp-content\/uploads\/2022\/10\/Untitled-design-70-768x768.png 768w, https:\/\/xn--rjgara-upb.pl\/wp-content\/uploads\/2022\/10\/Untitled-design-70.png 1080w\" sizes=\"(max-width: 300px) 100vw, 300px\" title=\"\">\t\t\t\t\t\t\t\t\t\t\t\t\t\t\t<\/div>\n\t\t\t\t<\/div>\n\t\t\t\t\t<\/div>\n\t\t<\/div>\n\t\t\t\t\t<\/div>\n\t\t<\/section>\n\t\t\t\t\t<\/div>\n\t\t<\/div>\n\t\t\t\t\t<\/div>\n\t\t<\/section>\n\t\t\t\t<\/div>","protected":false},"excerpt":{"rendered":"<p>Diagnostyka komputerowa Szczecin Diagnostyka komputerowa Szczecin P\u0142onia Nasz specjalistyczny serwis diagnostyczny wyposa\u017cony jest w najnowocze\u015bniejsze urz\u0105dzenia i technologie, kt\u00f3re umo\u017cliwiaj\u0105 nam przeprowadzenie precyzyjnej i kompleksowej diagnostyki komputerowej Twojego pojazdu. Dzi\u0119ki temu jeste\u015bmy w stanie zlokalizowa\u0107 i zidentyfikowa\u0107 wszelkie problemy z elektronik\u0105 samochodow\u0105, uszkodzenia mechaniczne i inne potencjalne usterki. Oferujemy szeroki zakres us\u0142ug diagnostyki komputerowej, kt\u00f3re [&hellip;]<\/p>","protected":false},"author":1,"featured_media":0,"parent":0,"menu_order":0,"comment_status":"closed","ping_status":"closed","template":"","meta":{"footnotes":""},"class_list":["post-158","page","type-page","status-publish","hentry"],"_links":{"self":[{"href":"https:\/\/xn--rjgara-upb.pl\/de\/wp-json\/wp\/v2\/pages\/158","targetHints":{"allow":["GET"]}}],"collection":[{"href":"https:\/\/xn--rjgara-upb.pl\/de\/wp-json\/wp\/v2\/pages"}],"about":[{"href":"https:\/\/xn--rjgara-upb.pl\/de\/wp-json\/wp\/v2\/types\/page"}],"author":[{"embeddable":true,"href":"https:\/\/xn--rjgara-upb.pl\/de\/wp-json\/wp\/v2\/users\/1"}],"replies":[{"embeddable":true,"href":"https:\/\/xn--rjgara-upb.pl\/de\/wp-json\/wp\/v2\/comments?post=158"}],"version-history":[{"count":91,"href":"https:\/\/xn--rjgara-upb.pl\/de\/wp-json\/wp\/v2\/pages\/158\/revisions"}],"predecessor-version":[{"id":6915,"href":"https:\/\/xn--rjgara-upb.pl\/de\/wp-json\/wp\/v2\/pages\/158\/revisions\/6915"}],"wp:attachment":[{"href":"https:\/\/xn--rjgara-upb.pl\/de\/wp-json\/wp\/v2\/media?parent=158"}],"curies":[{"name":"wp","href":"https:\/\/api.w.org\/{rel}","templated":true}]}}