{"id":202,"date":"2022-08-15T22:36:41","date_gmt":"2022-08-15T20:36:41","guid":{"rendered":"http:\/\/xn--rjgara-upb.pl\/?page_id=202"},"modified":"2023-07-04T15:26:29","modified_gmt":"2023-07-04T13:26:29","slug":"auto-klimaanlage-service-szczecin-plonia","status":"publish","type":"page","link":"https:\/\/xn--rjgara-upb.pl\/de\/auto-klimaanlage-service-szczecin-plonia\/","title":{"rendered":"Autoklimaanlagen-Service Szczecin Plonia"},"content":{"rendered":"<style>.elementor-202 .elementor-element.elementor-element-d0436cb:not(.elementor-motion-effects-element-type-background), .elementor-202 .elementor-element.elementor-element-d0436cb > .elementor-motion-effects-container > .elementor-motion-effects-layer{background-image:url(\"https:\/\/xn--rjgara-upb.pl\/wp-content\/uploads\/2022\/08\/Untitled-design-2022-08-27T012439.249.png\");background-position:center center;background-repeat:no-repeat;background-size:cover;}.elementor-202 .elementor-element.elementor-element-d0436cb{transition:background 0.3s, border 0.3s, border-radius 0.3s, box-shadow 0.3s;}.elementor-202 .elementor-element.elementor-element-d0436cb > .elementor-background-overlay{transition:background 0.3s, border-radius 0.3s, opacity 0.3s;}.elementor-202 .elementor-element.elementor-element-ffcf01e{--spacer-size:98px;}.elementor-202 .elementor-element.elementor-element-7a9984a{--spacer-size:50px;}.elementor-202 .elementor-element.elementor-element-95a1245{--spacer-size:10px;}.elementor-202 .elementor-element.elementor-element-94ac0cb{--spacer-size:50px;}.elementor-202 .elementor-element.elementor-element-ff772ce{--spacer-size:50px;}.elementor-202 .elementor-element.elementor-element-d71d394{text-align:start;}.elementor-202 .elementor-element.elementor-element-d71d394 .elementor-heading-title{font-family:\"Open Sans\", Sans-serif;font-size:32px;font-weight:600;color:#000000;}.elementor-202 .elementor-element.elementor-element-acaf2a7{font-family:\"Open Sans\", Sans-serif;font-size:16px;font-weight:400;line-height:24px;color:#000000;}.elementor-202 .elementor-element.elementor-element-fb34932 img{transition-duration:0.3s;}.elementor-202 .elementor-element.elementor-element-be7d3dd{--spacer-size:10px;}.elementor-202 .elementor-element.elementor-element-3b3c937{font-family:\"Open Sans\", Sans-serif;font-size:16px;font-weight:400;line-height:24px;color:#000000;}:root{--page-title-display:none;}@media(min-width:768px){.elementor-202 .elementor-element.elementor-element-e51b564{width:20%;}.elementor-202 .elementor-element.elementor-element-e914083{width:59.332%;}.elementor-202 .elementor-element.elementor-element-5c066a4{width:20%;}.elementor-202 .elementor-element.elementor-element-0da7615{width:50%;}.elementor-202 .elementor-element.elementor-element-5034d31{width:49.913%;}}<\/style>\t\t<div data-elementor-type=\"wp-page\" data-elementor-id=\"202\" class=\"elementor elementor-202\" data-elementor-post-type=\"page\">\n\t\t\t\t\t\t<section class=\"elementor-section elementor-top-section elementor-element elementor-element-d0436cb elementor-section-full_width elementor-section-stretched elementor-section-height-default elementor-section-height-default\" data-id=\"d0436cb\" data-element_type=\"section\" data-settings=\"{&quot;stretch_section&quot;:&quot;section-stretched&quot;,&quot;background_background&quot;:&quot;classic&quot;}\">\n\t\t\t\t\t\t<div class=\"elementor-container elementor-column-gap-no\">\n\t\t\t\t\t<div class=\"elementor-column elementor-col-100 elementor-top-column elementor-element elementor-element-d72e59d\" data-id=\"d72e59d\" data-element_type=\"column\">\n\t\t\t<div class=\"elementor-widget-wrap elementor-element-populated\">\n\t\t\t\t\t\t<section class=\"elementor-section elementor-inner-section elementor-element elementor-element-165aa82 elementor-section-boxed elementor-section-height-default elementor-section-height-default\" data-id=\"165aa82\" data-element_type=\"section\">\n\t\t\t\t\t\t<div class=\"elementor-container elementor-column-gap-default\">\n\t\t\t\t\t<div class=\"elementor-column elementor-col-33 elementor-inner-column elementor-element elementor-element-e51b564\" data-id=\"e51b564\" data-element_type=\"column\">\n\t\t\t<div class=\"elementor-widget-wrap\">\n\t\t\t\t\t\t\t<\/div>\n\t\t<\/div>\n\t\t\t\t<div class=\"elementor-column elementor-col-33 elementor-inner-column elementor-element elementor-element-e914083\" data-id=\"e914083\" data-element_type=\"column\">\n\t\t\t<div class=\"elementor-widget-wrap elementor-element-populated\">\n\t\t\t\t\t\t<div class=\"elementor-element elementor-element-ffcf01e elementor-widget elementor-widget-spacer\" data-id=\"ffcf01e\" data-element_type=\"widget\" data-widget_type=\"spacer.default\">\n\t\t\t\t<div class=\"elementor-widget-container\">\n\t\t\t\t\t\t\t<div class=\"elementor-spacer\">\n\t\t\t<div class=\"elementor-spacer-inner\"><\/div>\n\t\t<\/div>\n\t\t\t\t\t\t<\/div>\n\t\t\t\t<\/div>\n\t\t\t\t<div class=\"elementor-element elementor-element-7a9984a elementor-widget elementor-widget-spacer\" data-id=\"7a9984a\" data-element_type=\"widget\" data-widget_type=\"spacer.default\">\n\t\t\t\t<div class=\"elementor-widget-container\">\n\t\t\t\t\t\t\t<div class=\"elementor-spacer\">\n\t\t\t<div class=\"elementor-spacer-inner\"><\/div>\n\t\t<\/div>\n\t\t\t\t\t\t<\/div>\n\t\t\t\t<\/div>\n\t\t\t\t<div class=\"elementor-element elementor-element-95a1245 elementor-widget elementor-widget-spacer\" data-id=\"95a1245\" data-element_type=\"widget\" data-widget_type=\"spacer.default\">\n\t\t\t\t<div class=\"elementor-widget-container\">\n\t\t\t\t\t\t\t<div class=\"elementor-spacer\">\n\t\t\t<div class=\"elementor-spacer-inner\"><\/div>\n\t\t<\/div>\n\t\t\t\t\t\t<\/div>\n\t\t\t\t<\/div>\n\t\t\t\t\t<\/div>\n\t\t<\/div>\n\t\t\t\t<div class=\"elementor-column elementor-col-33 elementor-inner-column elementor-element elementor-element-5c066a4\" data-id=\"5c066a4\" data-element_type=\"column\">\n\t\t\t<div class=\"elementor-widget-wrap\">\n\t\t\t\t\t\t\t<\/div>\n\t\t<\/div>\n\t\t\t\t\t<\/div>\n\t\t<\/section>\n\t\t\t\t<div class=\"elementor-element elementor-element-94ac0cb elementor-widget elementor-widget-spacer\" data-id=\"94ac0cb\" data-element_type=\"widget\" data-widget_type=\"spacer.default\">\n\t\t\t\t<div class=\"elementor-widget-container\">\n\t\t\t\t\t\t\t<div class=\"elementor-spacer\">\n\t\t\t<div class=\"elementor-spacer-inner\"><\/div>\n\t\t<\/div>\n\t\t\t\t\t\t<\/div>\n\t\t\t\t<\/div>\n\t\t\t\t\t<\/div>\n\t\t<\/div>\n\t\t\t\t\t<\/div>\n\t\t<\/section>\n\t\t\t\t<section class=\"elementor-section elementor-top-section elementor-element elementor-element-612efc8 elementor-section-boxed elementor-section-height-default elementor-section-height-default\" data-id=\"612efc8\" data-element_type=\"section\">\n\t\t\t\t\t\t<div class=\"elementor-container elementor-column-gap-default\">\n\t\t\t\t\t<div class=\"elementor-column elementor-col-50 elementor-top-column elementor-element elementor-element-0da7615\" data-id=\"0da7615\" data-element_type=\"column\">\n\t\t\t<div class=\"elementor-widget-wrap elementor-element-populated\">\n\t\t\t\t\t\t<div class=\"elementor-element elementor-element-ff772ce elementor-widget elementor-widget-spacer\" data-id=\"ff772ce\" data-element_type=\"widget\" data-widget_type=\"spacer.default\">\n\t\t\t\t<div class=\"elementor-widget-container\">\n\t\t\t\t\t\t\t<div class=\"elementor-spacer\">\n\t\t\t<div class=\"elementor-spacer-inner\"><\/div>\n\t\t<\/div>\n\t\t\t\t\t\t<\/div>\n\t\t\t\t<\/div>\n\t\t\t\t<section class=\"elementor-section elementor-inner-section elementor-element elementor-element-4e5e804 elementor-section-boxed elementor-section-height-default elementor-section-height-default\" data-id=\"4e5e804\" data-element_type=\"section\">\n\t\t\t\t\t\t<div class=\"elementor-container elementor-column-gap-default\">\n\t\t\t\t\t<div class=\"elementor-column elementor-col-100 elementor-inner-column elementor-element elementor-element-615f431\" data-id=\"615f431\" data-element_type=\"column\">\n\t\t\t<div class=\"elementor-widget-wrap elementor-element-populated\">\n\t\t\t\t\t\t<div class=\"elementor-element elementor-element-d71d394 elementor-widget elementor-widget-heading\" data-id=\"d71d394\" data-element_type=\"widget\" data-widget_type=\"heading.default\">\n\t\t\t\t<div class=\"elementor-widget-container\">\n\t\t\t\t\t<h1 class=\"elementor-heading-title elementor-size-default\">Autoklimaanlagen-Service Szczecin Plonia<\/h1>\t\t\t\t<\/div>\n\t\t\t\t<\/div>\n\t\t\t\t<div class=\"elementor-element elementor-element-acaf2a7 elementor-widget elementor-widget-text-editor\" data-id=\"acaf2a7\" data-element_type=\"widget\" data-widget_type=\"text-editor.default\">\n\t\t\t\t<div class=\"elementor-widget-container\">\n\t\t\t\t\t\t\t\t\t<p>Unser professionelles Team von Fachleuten widmet sich der umfassenden Wartung von Autoklimaanlagen und bietet eine ganze Reihe von Dienstleistungen an, damit Sie sich das ganze Jahr \u00fcber wohl f\u00fchlen. Unabh\u00e4ngig von der Marke und dem Modell Ihres Fahrzeugs sind wir bereit, Ihre Bed\u00fcrfnisse zu erf\u00fcllen und eine optimale Klimatisierungsleistung zu gew\u00e4hrleisten.<\/p>\t\t\t\t\t\t\t\t<\/div>\n\t\t\t\t<\/div>\n\t\t\t\t\t<\/div>\n\t\t<\/div>\n\t\t\t\t\t<\/div>\n\t\t<\/section>\n\t\t\t\t<section class=\"elementor-section elementor-inner-section elementor-element elementor-element-cf769f9 elementor-section-boxed elementor-section-height-default elementor-section-height-default\" data-id=\"cf769f9\" data-element_type=\"section\">\n\t\t\t\t\t\t<div class=\"elementor-container elementor-column-gap-default\">\n\t\t\t\t\t<div class=\"elementor-column elementor-col-50 elementor-inner-column elementor-element elementor-element-d9fc643\" data-id=\"d9fc643\" data-element_type=\"column\">\n\t\t\t<div class=\"elementor-widget-wrap elementor-element-populated\">\n\t\t\t\t\t\t<div class=\"elementor-element elementor-element-0faa53b elementor-widget elementor-widget-image\" data-id=\"0faa53b\" data-element_type=\"widget\" data-widget_type=\"image.default\">\n\t\t\t\t<div class=\"elementor-widget-container\">\n\t\t\t\t\t\t\t\t\t\t\t\t\t\t\t<img fetchpriority=\"high\" decoding=\"async\" width=\"800\" height=\"800\" src=\"https:\/\/xn--rjgara-upb.pl\/wp-content\/uploads\/2022\/08\/Untitled-design-2022-08-21T001121.123-1024x1024.png\" class=\"attachment-large size-large wp-image-765\" alt=\"\" srcset=\"https:\/\/xn--rjgara-upb.pl\/wp-content\/uploads\/2022\/08\/Untitled-design-2022-08-21T001121.123-1024x1024.png 1024w, https:\/\/xn--rjgara-upb.pl\/wp-content\/uploads\/2022\/08\/Untitled-design-2022-08-21T001121.123-300x300.png 300w, https:\/\/xn--rjgara-upb.pl\/wp-content\/uploads\/2022\/08\/Untitled-design-2022-08-21T001121.123-150x150.png 150w, https:\/\/xn--rjgara-upb.pl\/wp-content\/uploads\/2022\/08\/Untitled-design-2022-08-21T001121.123-768x768.png 768w, https:\/\/xn--rjgara-upb.pl\/wp-content\/uploads\/2022\/08\/Untitled-design-2022-08-21T001121.123.png 1080w\" sizes=\"(max-width: 800px) 100vw, 800px\" title=\"\">\t\t\t\t\t\t\t\t\t\t\t\t\t\t\t<\/div>\n\t\t\t\t<\/div>\n\t\t\t\t\t<\/div>\n\t\t<\/div>\n\t\t\t\t<div class=\"elementor-column elementor-col-50 elementor-inner-column elementor-element elementor-element-66400cb\" data-id=\"66400cb\" data-element_type=\"column\">\n\t\t\t<div class=\"elementor-widget-wrap elementor-element-populated\">\n\t\t\t\t\t\t<div class=\"elementor-element elementor-element-75c3f03 elementor-widget elementor-widget-image\" data-id=\"75c3f03\" data-element_type=\"widget\" data-widget_type=\"image.default\">\n\t\t\t\t<div class=\"elementor-widget-container\">\n\t\t\t\t\t\t\t\t\t\t\t\t\t\t\t<img decoding=\"async\" width=\"800\" height=\"800\" src=\"https:\/\/xn--rjgara-upb.pl\/wp-content\/uploads\/2022\/08\/Untitled-design-2022-08-20T234502.042-1024x1024.png\" class=\"attachment-large size-large wp-image-764\" alt=\"\" srcset=\"https:\/\/xn--rjgara-upb.pl\/wp-content\/uploads\/2022\/08\/Untitled-design-2022-08-20T234502.042-1024x1024.png 1024w, https:\/\/xn--rjgara-upb.pl\/wp-content\/uploads\/2022\/08\/Untitled-design-2022-08-20T234502.042-300x300.png 300w, https:\/\/xn--rjgara-upb.pl\/wp-content\/uploads\/2022\/08\/Untitled-design-2022-08-20T234502.042-150x150.png 150w, https:\/\/xn--rjgara-upb.pl\/wp-content\/uploads\/2022\/08\/Untitled-design-2022-08-20T234502.042-768x768.png 768w, https:\/\/xn--rjgara-upb.pl\/wp-content\/uploads\/2022\/08\/Untitled-design-2022-08-20T234502.042.png 1080w\" sizes=\"(max-width: 800px) 100vw, 800px\" title=\"\">\t\t\t\t\t\t\t\t\t\t\t\t\t\t\t<\/div>\n\t\t\t\t<\/div>\n\t\t\t\t\t<\/div>\n\t\t<\/div>\n\t\t\t\t\t<\/div>\n\t\t<\/section>\n\t\t\t\t\t<\/div>\n\t\t<\/div>\n\t\t\t\t<div class=\"elementor-column elementor-col-50 elementor-top-column elementor-element elementor-element-5034d31\" data-id=\"5034d31\" data-element_type=\"column\">\n\t\t\t<div class=\"elementor-widget-wrap elementor-element-populated\">\n\t\t\t\t\t\t<div class=\"elementor-element elementor-element-e9f765b elementor-widget elementor-widget-image\" data-id=\"e9f765b\" data-element_type=\"widget\" data-widget_type=\"image.default\">\n\t\t\t\t<div class=\"elementor-widget-container\">\n\t\t\t\t\t\t\t\t\t\t\t\t\t\t\t<img decoding=\"async\" width=\"800\" height=\"800\" src=\"https:\/\/xn--rjgara-upb.pl\/wp-content\/uploads\/2022\/08\/computer-diagnostics-7-1024x1024.png\" class=\"attachment-large size-large wp-image-607\" alt=\"Autoklimaanlagen-Service Kielce\" srcset=\"https:\/\/xn--rjgara-upb.pl\/wp-content\/uploads\/2022\/08\/computer-diagnostics-7-1024x1024.png 1024w, https:\/\/xn--rjgara-upb.pl\/wp-content\/uploads\/2022\/08\/computer-diagnostics-7-300x300.png 300w, https:\/\/xn--rjgara-upb.pl\/wp-content\/uploads\/2022\/08\/computer-diagnostics-7-150x150.png 150w, https:\/\/xn--rjgara-upb.pl\/wp-content\/uploads\/2022\/08\/computer-diagnostics-7-768x768.png 768w, https:\/\/xn--rjgara-upb.pl\/wp-content\/uploads\/2022\/08\/computer-diagnostics-7.png 1080w\" sizes=\"(max-width: 800px) 100vw, 800px\" title=\"\">\t\t\t\t\t\t\t\t\t\t\t\t\t\t\t<\/div>\n\t\t\t\t<\/div>\n\t\t\t\t\t<\/div>\n\t\t<\/div>\n\t\t\t\t\t<\/div>\n\t\t<\/section>\n\t\t\t\t<section class=\"elementor-section elementor-top-section elementor-element elementor-element-1f16ae8 elementor-section-boxed elementor-section-height-default elementor-section-height-default\" data-id=\"1f16ae8\" data-element_type=\"section\">\n\t\t\t\t\t\t<div class=\"elementor-container elementor-column-gap-default\">\n\t\t\t\t\t<div class=\"elementor-column elementor-col-50 elementor-top-column elementor-element elementor-element-6a05f36\" data-id=\"6a05f36\" data-element_type=\"column\">\n\t\t\t<div class=\"elementor-widget-wrap elementor-element-populated\">\n\t\t\t\t\t\t<div class=\"elementor-element elementor-element-fb34932 elementor-widget elementor-widget-image\" data-id=\"fb34932\" data-element_type=\"widget\" data-widget_type=\"image.default\">\n\t\t\t\t<div class=\"elementor-widget-container\">\n\t\t\t\t\t\t\t\t\t\t\t\t\t\t\t<img loading=\"lazy\" decoding=\"async\" width=\"800\" height=\"800\" src=\"https:\/\/xn--rjgara-upb.pl\/wp-content\/uploads\/2022\/08\/computer-diagnostics-8-1024x1024.png\" class=\"attachment-large size-large wp-image-609\" alt=\"\" srcset=\"https:\/\/xn--rjgara-upb.pl\/wp-content\/uploads\/2022\/08\/computer-diagnostics-8-1024x1024.png 1024w, https:\/\/xn--rjgara-upb.pl\/wp-content\/uploads\/2022\/08\/computer-diagnostics-8-300x300.png 300w, https:\/\/xn--rjgara-upb.pl\/wp-content\/uploads\/2022\/08\/computer-diagnostics-8-150x150.png 150w, https:\/\/xn--rjgara-upb.pl\/wp-content\/uploads\/2022\/08\/computer-diagnostics-8-768x768.png 768w, https:\/\/xn--rjgara-upb.pl\/wp-content\/uploads\/2022\/08\/computer-diagnostics-8.png 1080w\" sizes=\"(max-width: 800px) 100vw, 800px\" title=\"\">\t\t\t\t\t\t\t\t\t\t\t\t\t\t\t<\/div>\n\t\t\t\t<\/div>\n\t\t\t\t<section class=\"elementor-section elementor-inner-section elementor-element elementor-element-f9bbb05 elementor-section-boxed elementor-section-height-default elementor-section-height-default\" data-id=\"f9bbb05\" data-element_type=\"section\">\n\t\t\t\t\t\t<div class=\"elementor-container elementor-column-gap-default\">\n\t\t\t\t\t<div class=\"elementor-column elementor-col-50 elementor-inner-column elementor-element elementor-element-c4081e8\" data-id=\"c4081e8\" data-element_type=\"column\">\n\t\t\t<div class=\"elementor-widget-wrap elementor-element-populated\">\n\t\t\t\t\t\t<div class=\"elementor-element elementor-element-03ae74f elementor-widget elementor-widget-image\" data-id=\"03ae74f\" data-element_type=\"widget\" data-widget_type=\"image.default\">\n\t\t\t\t<div class=\"elementor-widget-container\">\n\t\t\t\t\t\t\t\t\t\t\t\t\t\t\t<img loading=\"lazy\" decoding=\"async\" width=\"800\" height=\"800\" src=\"https:\/\/xn--rjgara-upb.pl\/wp-content\/uploads\/2022\/08\/Untitled-design-2022-08-19T020254.151-1024x1024.png\" class=\"attachment-large size-large wp-image-552\" alt=\"\" srcset=\"https:\/\/xn--rjgara-upb.pl\/wp-content\/uploads\/2022\/08\/Untitled-design-2022-08-19T020254.151-1024x1024.png 1024w, https:\/\/xn--rjgara-upb.pl\/wp-content\/uploads\/2022\/08\/Untitled-design-2022-08-19T020254.151-300x300.png 300w, https:\/\/xn--rjgara-upb.pl\/wp-content\/uploads\/2022\/08\/Untitled-design-2022-08-19T020254.151-150x150.png 150w, https:\/\/xn--rjgara-upb.pl\/wp-content\/uploads\/2022\/08\/Untitled-design-2022-08-19T020254.151-768x768.png 768w, https:\/\/xn--rjgara-upb.pl\/wp-content\/uploads\/2022\/08\/Untitled-design-2022-08-19T020254.151.png 1080w\" sizes=\"(max-width: 800px) 100vw, 800px\" title=\"\">\t\t\t\t\t\t\t\t\t\t\t\t\t\t\t<\/div>\n\t\t\t\t<\/div>\n\t\t\t\t\t<\/div>\n\t\t<\/div>\n\t\t\t\t<div class=\"elementor-column elementor-col-50 elementor-inner-column elementor-element elementor-element-de260fc\" data-id=\"de260fc\" data-element_type=\"column\">\n\t\t\t<div class=\"elementor-widget-wrap elementor-element-populated\">\n\t\t\t\t\t\t<div class=\"elementor-element elementor-element-3a4f38a elementor-widget elementor-widget-image\" data-id=\"3a4f38a\" data-element_type=\"widget\" data-widget_type=\"image.default\">\n\t\t\t\t<div class=\"elementor-widget-container\">\n\t\t\t\t\t\t\t\t\t\t\t\t\t\t\t<img loading=\"lazy\" decoding=\"async\" width=\"800\" height=\"800\" src=\"https:\/\/xn--rjgara-upb.pl\/wp-content\/uploads\/2022\/08\/Untitled-design-2022-08-20T234249.189-1024x1024.png\" class=\"attachment-large size-large wp-image-762\" alt=\"\" srcset=\"https:\/\/xn--rjgara-upb.pl\/wp-content\/uploads\/2022\/08\/Untitled-design-2022-08-20T234249.189-1024x1024.png 1024w, https:\/\/xn--rjgara-upb.pl\/wp-content\/uploads\/2022\/08\/Untitled-design-2022-08-20T234249.189-300x300.png 300w, https:\/\/xn--rjgara-upb.pl\/wp-content\/uploads\/2022\/08\/Untitled-design-2022-08-20T234249.189-150x150.png 150w, https:\/\/xn--rjgara-upb.pl\/wp-content\/uploads\/2022\/08\/Untitled-design-2022-08-20T234249.189-768x768.png 768w, https:\/\/xn--rjgara-upb.pl\/wp-content\/uploads\/2022\/08\/Untitled-design-2022-08-20T234249.189.png 1080w\" sizes=\"(max-width: 800px) 100vw, 800px\" title=\"\">\t\t\t\t\t\t\t\t\t\t\t\t\t\t\t<\/div>\n\t\t\t\t<\/div>\n\t\t\t\t\t<\/div>\n\t\t<\/div>\n\t\t\t\t\t<\/div>\n\t\t<\/section>\n\t\t\t\t\t<\/div>\n\t\t<\/div>\n\t\t\t\t<div class=\"elementor-column elementor-col-50 elementor-top-column elementor-element elementor-element-4b51f13\" data-id=\"4b51f13\" data-element_type=\"column\">\n\t\t\t<div class=\"elementor-widget-wrap elementor-element-populated\">\n\t\t\t\t\t\t<div class=\"elementor-element elementor-element-be7d3dd elementor-widget elementor-widget-spacer\" data-id=\"be7d3dd\" data-element_type=\"widget\" data-widget_type=\"spacer.default\">\n\t\t\t\t<div class=\"elementor-widget-container\">\n\t\t\t\t\t\t\t<div class=\"elementor-spacer\">\n\t\t\t<div class=\"elementor-spacer-inner\"><\/div>\n\t\t<\/div>\n\t\t\t\t\t\t<\/div>\n\t\t\t\t<\/div>\n\t\t\t\t<div class=\"elementor-element elementor-element-3b3c937 elementor-widget elementor-widget-text-editor\" data-id=\"3b3c937\" data-element_type=\"widget\" data-widget_type=\"text-editor.default\">\n\t\t\t\t<div class=\"elementor-widget-container\">\n\t\t\t\t\t\t\t\t\t<p>Unser Angebot an Dienstleistungen f\u00fcr Autoklimaanlagen umfasst:<\/p>\n<ol>\n<li>Diagnose und Inspektion: Unsere erfahrenen Mitarbeiter f\u00fchren eine gr\u00fcndliche Diagnose der Klimaanlage Ihres Fahrzeugs durch und \u00fcberpr\u00fcfen Leistung, Spannung, Druck und eventuelle Lecks. So k\u00f6nnen wir eventuelle Probleme erkennen und wirksame Reparaturen durchf\u00fchren.<\/li>\n<li>Entl\u00fcftung und Desinfektion: Regelm\u00e4\u00dfige Entrauchung und Desinfektion sind unerl\u00e4sslich, um den Luftstrom in Ihrem Auto frisch und gesund zu halten. Unser spezielles Verfahren beseitigt Bakterien, Pilze und unangenehme Ger\u00fcche und sorgt f\u00fcr eine saubere und hygienische Klimaanlage.<\/li>\n<li>F\u00fcllen Sie das K\u00e4ltemittel nach: Wenn Ihre Autoklimaanlage nicht die richtige Menge an kalter Luft erzeugt, k\u00f6nnte es an einem niedrigen K\u00e4ltemittelstand liegen. Unser Team f\u00fcllt das K\u00e4ltemittel fachgerecht auf und stellt so die ordnungsgem\u00e4\u00dfe Leistung der Klimaanlage und den optimalen W\u00e4rmekomfort wieder her.<\/li>\n<li>Reparaturen und Auswechslungen: Wenn Sie Probleme mit der Klimaanlage Ihres Fahrzeugs haben, sei es mit dem Kompressor, dem K\u00fchler oder dem elektrischen System, k\u00f6nnen Sie sich auf unsere geschulten Mechaniker verlassen. Wir tauschen auch besch\u00e4digte Teile aus und sorgen daf\u00fcr, dass Ihre Klimaanlage wie neu funktioniert.<\/li>\n<li>Wartung und Einstellung: Die regelm\u00e4\u00dfige Wartung der Klimaanlage Ihres Fahrzeugs ist der Schl\u00fcssel zu deren effizientem Betrieb. Unser Team hilft Ihnen bei der Einstellung von Klimatisierungsparametern, wie z. B. der Lufttemperatur oder der Luftstromverteilung, um sicherzustellen, dass das System optimal funktioniert.<\/li>\n<\/ol><div><div>Bei R J Garage legen wir Wert auf Qualit\u00e4tsservice und Kundenzufriedenheit.<\/div><\/div>\t\t\t\t\t\t\t\t<\/div>\n\t\t\t\t<\/div>\n\t\t\t\t\t<\/div>\n\t\t<\/div>\n\t\t\t\t\t<\/div>\n\t\t<\/section>\n\t\t\t\t<\/div>","protected":false},"excerpt":{"rendered":"<p>Serwis klimatyzacji samochodowej Szczecin P\u0142onia Nasz profesjonalny zesp\u00f3\u0142 specjalist\u00f3w zajmuje si\u0119 kompleksow\u0105 obs\u0142ug\u0105 klimatyzacji samochodowej, zapewniaj\u0105c pe\u0142n\u0105 gam\u0119 us\u0142ug, kt\u00f3re pozwol\u0105 Ci cieszy\u0107 si\u0119 komfortem jazdy przez ca\u0142y rok. Niezale\u017cnie od marki i modelu Twojego pojazdu, jeste\u015bmy gotowi sprosta\u0107 Twoim potrzebom i zapewni\u0107 optymaln\u0105 wydajno\u015b\u0107 klimatyzacji. Nasza oferta us\u0142ug serwisu klimatyzacji samochodowej obejmuje: Diagnostyk\u0119 i [&hellip;]<\/p>","protected":false},"author":1,"featured_media":607,"parent":0,"menu_order":0,"comment_status":"closed","ping_status":"closed","template":"","meta":{"footnotes":""},"class_list":["post-202","page","type-page","status-publish","has-post-thumbnail","hentry"],"_links":{"self":[{"href":"https:\/\/xn--rjgara-upb.pl\/de\/wp-json\/wp\/v2\/pages\/202","targetHints":{"allow":["GET"]}}],"collection":[{"href":"https:\/\/xn--rjgara-upb.pl\/de\/wp-json\/wp\/v2\/pages"}],"about":[{"href":"https:\/\/xn--rjgara-upb.pl\/de\/wp-json\/wp\/v2\/types\/page"}],"author":[{"embeddable":true,"href":"https:\/\/xn--rjgara-upb.pl\/de\/wp-json\/wp\/v2\/users\/1"}],"replies":[{"embeddable":true,"href":"https:\/\/xn--rjgara-upb.pl\/de\/wp-json\/wp\/v2\/comments?post=202"}],"version-history":[{"count":93,"href":"https:\/\/xn--rjgara-upb.pl\/de\/wp-json\/wp\/v2\/pages\/202\/revisions"}],"predecessor-version":[{"id":6938,"href":"https:\/\/xn--rjgara-upb.pl\/de\/wp-json\/wp\/v2\/pages\/202\/revisions\/6938"}],"wp:featuredmedia":[{"embeddable":true,"href":"https:\/\/xn--rjgara-upb.pl\/de\/wp-json\/wp\/v2\/media\/607"}],"wp:attachment":[{"href":"https:\/\/xn--rjgara-upb.pl\/de\/wp-json\/wp\/v2\/media?parent=202"}],"curies":[{"name":"wp","href":"https:\/\/api.w.org\/{rel}","templated":true}]}}