{"id":6889,"date":"2023-05-31T08:47:22","date_gmt":"2023-05-31T06:47:22","guid":{"rendered":"http:\/\/xn--rjgara-upb.pl\/?page_id=6889"},"modified":"2023-07-04T15:36:08","modified_gmt":"2023-07-04T13:36:08","slug":"autoankauf-szczecin-plonia","status":"publish","type":"page","link":"https:\/\/xn--rjgara-upb.pl\/de\/autoankauf-szczecin-plonia\/","title":{"rendered":"Autoankauf Szczecin Plonia"},"content":{"rendered":"<style>.elementor-6889 .elementor-element.elementor-element-9ea2d13{--spacer-size:10px;}.elementor-6889 .elementor-element.elementor-element-c55deb2{text-align:start;}.elementor-6889 .elementor-element.elementor-element-c55deb2 .elementor-heading-title{font-family:\"Open Sans\", Sans-serif;font-size:32px;font-weight:600;color:#000000;}.elementor-6889 .elementor-element.elementor-element-271b88f{font-family:\"Open Sans\", Sans-serif;font-size:16px;font-weight:400;line-height:24px;color:#000000;}.elementor-6889 .elementor-element.elementor-element-22d752a .elementor-button{background-color:#AD0000;text-decoration:none;fill:#FFFFFF;color:#FFFFFF;}:root{--page-title-display:none;}<\/style>\t\t<div data-elementor-type=\"wp-page\" data-elementor-id=\"6889\" class=\"elementor elementor-6889\" data-elementor-post-type=\"page\">\n\t\t\t\t\t\t<section class=\"elementor-section elementor-top-section elementor-element elementor-element-cc1cd73 elementor-section-boxed elementor-section-height-default elementor-section-height-default\" data-id=\"cc1cd73\" data-element_type=\"section\">\n\t\t\t\t\t\t<div class=\"elementor-container elementor-column-gap-default\">\n\t\t\t\t\t<div class=\"elementor-column elementor-col-100 elementor-top-column elementor-element elementor-element-cbca996\" data-id=\"cbca996\" data-element_type=\"column\">\n\t\t\t<div class=\"elementor-widget-wrap elementor-element-populated\">\n\t\t\t\t\t\t<div class=\"elementor-element elementor-element-9ea2d13 elementor-widget elementor-widget-spacer\" data-id=\"9ea2d13\" data-element_type=\"widget\" data-widget_type=\"spacer.default\">\n\t\t\t\t<div class=\"elementor-widget-container\">\n\t\t\t\t\t\t\t<div class=\"elementor-spacer\">\n\t\t\t<div class=\"elementor-spacer-inner\"><\/div>\n\t\t<\/div>\n\t\t\t\t\t\t<\/div>\n\t\t\t\t<\/div>\n\t\t\t\t<div class=\"elementor-element elementor-element-c55deb2 elementor-widget elementor-widget-heading\" data-id=\"c55deb2\" data-element_type=\"widget\" data-widget_type=\"heading.default\">\n\t\t\t\t<div class=\"elementor-widget-container\">\n\t\t\t\t\t<h2 class=\"elementor-heading-title elementor-size-default\">Autokauf bis zu 5 000 - Szczecin Plonia<\/h2>\t\t\t\t<\/div>\n\t\t\t\t<\/div>\n\t\t\t\t<div class=\"elementor-element elementor-element-271b88f elementor-widget elementor-widget-text-editor\" data-id=\"271b88f\" data-element_type=\"widget\" data-widget_type=\"text-editor.default\">\n\t\t\t\t<div class=\"elementor-widget-container\">\n\t\t\t\t\t\t\t\t\t<p>Willkommen bei RJ Garage - Ihrem professionellen Partner beim Kauf von Autos bis zu 5.000 PLN!<\/p><p>Wenn Sie auf der Suche nach einem zuverl\u00e4ssigen Ort sind, an dem Sie Ihr Auto zu einem attraktiven Preis und ohne unn\u00f6tige Formalit\u00e4ten verkaufen k\u00f6nnen, sind Sie bei uns genau richtig! Bei RJ Garage verf\u00fcgen wir \u00fcber langj\u00e4hrige Erfahrung im Bereich des Autoankaufs und stellen die Zufriedenheit unserer Kunden stets in den Mittelpunkt.<\/p><p>Unser Ziel ist es, den Verkauf Ihres Autos so einfach und bequem wie m\u00f6glich zu gestalten. Deshalb bieten wir einen umfassenden Service, der nicht nur eine schnelle Bewertung, sondern auch die Erledigung aller mit der Transaktion verbundenen Formalit\u00e4ten umfasst.<\/p><p>Unser qualifiziertes Expertenteam wird Ihr Fahrzeug sorgf\u00e4ltig bewerten und einen fairen und wettbewerbsf\u00e4higen Preis anbieten. Unabh\u00e4ngig von Marke, Modell oder Zustand des Fahrzeugs sind wir an jedem Fahrzeug interessiert. Wir kaufen sowohl Pkw als auch Transporter, unabh\u00e4ngig vom Baujahr.<\/p><p>Wenn Sie unser Angebot annehmen, k\u00fcmmern wir uns um alle Formalit\u00e4ten, die mit der \u00dcbertragung des Eigentums an dem Fahrzeug verbunden sind. Das Aufsetzen des Vertrags, die Anmeldung des Fahrzeugs bei den zust\u00e4ndigen Beh\u00f6rden - all das liegt in unserem Aufgabenbereich. Auf diese Weise sparen Sie Zeit und Nerven und wir garantieren Ihnen eine schnelle und sichere Abwicklung.<\/p><p>Unsere Philosophie basiert auf Transparenz und Ehrlichkeit. Es gibt keine versteckten Kosten oder unangenehme \u00dcberraschungen. Wir m\u00f6chten, dass Sie sich w\u00e4hrend des gesamten Autokaufprozesses wohl und sicher f\u00fchlen.<\/p><p>Wenn Sie daran interessiert sind, Ihr Auto f\u00fcr bis zu 5.000 \u00a3 zu verkaufen, und dies effizient und problemlos tun m\u00f6chten, kontaktieren Sie uns noch heute. Unsere freundlichen und professionellen Berater beantworten gerne alle Ihre Fragen und vereinbaren einen Besuch in unserer Werkstatt.<\/p><p>RJ Garage - Ihr zuverl\u00e4ssiger Partner f\u00fcr den Ankauf von Autos bis zu 5.000 PLN. Verkaufen Sie Ihr Auto mit uns und genie\u00dfen Sie eine sichere Transaktion!<\/p>\t\t\t\t\t\t\t\t<\/div>\n\t\t\t\t<\/div>\n\t\t\t\t<div class=\"elementor-element elementor-element-22d752a elementor-align-left elementor-widget elementor-widget-button\" data-id=\"22d752a\" data-element_type=\"widget\" data-widget_type=\"button.default\">\n\t\t\t\t<div class=\"elementor-widget-container\">\n\t\t\t\t\t\t\t\t\t<div class=\"elementor-button-wrapper\">\n\t\t\t\t\t<a class=\"elementor-button elementor-button-link elementor-size-sm\" href=\"tel:+48%20698%20987%20131\">\n\t\t\t\t\t\t<span class=\"elementor-button-content-wrapper\">\n\t\t\t\t\t\t\t\t\t<span class=\"elementor-button-text\">Telefon: +48 698 987 131<\/span>\n\t\t\t\t\t<\/span>\n\t\t\t\t\t<\/a>\n\t\t\t\t<\/div>\n\t\t\t\t\t\t\t\t<\/div>\n\t\t\t\t<\/div>\n\t\t\t\t\t<\/div>\n\t\t<\/div>\n\t\t\t\t\t<\/div>\n\t\t<\/section>\n\t\t\t\t<\/div>","protected":false},"excerpt":{"rendered":"<p>Skup samochod\u00f3w do 5 tys &#8211; Szczecin P\u0142onia Witamy w RJ Gara\u017c &#8211; Twoim profesjonalnym partnerze w skupie samochod\u00f3w do 5 tys. z\u0142otych! Je\u015bli szukasz sprawdzonego miejsca, gdzie mo\u017cesz sprzeda\u0107 sw\u00f3j samoch\u00f3d za atrakcyjn\u0105 cen\u0119 i bez zb\u0119dnych formalno\u015bci, to trafi\u0142e\u015b idealnie! W RJ Gara\u017c mamy wieloletnie do\u015bwiadczenie w bran\u017cy skupu samochod\u00f3w i zawsze stawiamy [&hellip;]<\/p>","protected":false},"author":1,"featured_media":0,"parent":0,"menu_order":0,"comment_status":"closed","ping_status":"closed","template":"","meta":{"footnotes":""},"class_list":["post-6889","page","type-page","status-publish","hentry"],"_links":{"self":[{"href":"https:\/\/xn--rjgara-upb.pl\/de\/wp-json\/wp\/v2\/pages\/6889","targetHints":{"allow":["GET"]}}],"collection":[{"href":"https:\/\/xn--rjgara-upb.pl\/de\/wp-json\/wp\/v2\/pages"}],"about":[{"href":"https:\/\/xn--rjgara-upb.pl\/de\/wp-json\/wp\/v2\/types\/page"}],"author":[{"embeddable":true,"href":"https:\/\/xn--rjgara-upb.pl\/de\/wp-json\/wp\/v2\/users\/1"}],"replies":[{"embeddable":true,"href":"https:\/\/xn--rjgara-upb.pl\/de\/wp-json\/wp\/v2\/comments?post=6889"}],"version-history":[{"count":9,"href":"https:\/\/xn--rjgara-upb.pl\/de\/wp-json\/wp\/v2\/pages\/6889\/revisions"}],"predecessor-version":[{"id":6939,"href":"https:\/\/xn--rjgara-upb.pl\/de\/wp-json\/wp\/v2\/pages\/6889\/revisions\/6939"}],"wp:attachment":[{"href":"https:\/\/xn--rjgara-upb.pl\/de\/wp-json\/wp\/v2\/media?parent=6889"}],"curies":[{"name":"wp","href":"https:\/\/api.w.org\/{rel}","templated":true}]}}