{"id":89,"date":"2022-08-15T18:17:45","date_gmt":"2022-08-15T16:17:45","guid":{"rendered":"http:\/\/xn--rjgara-upb.pl\/?page_id=89"},"modified":"2023-07-04T15:07:34","modified_gmt":"2023-07-04T13:07:34","slug":"reifenwechsel-szczecin-plonia","status":"publish","type":"page","link":"https:\/\/xn--rjgara-upb.pl\/de\/reifenwechsel-szczecin-plonia\/","title":{"rendered":"Reifenwechsel Szczecin Plonia"},"content":{"rendered":"<style>.elementor-89 .elementor-element.elementor-element-9db8a6c:not(.elementor-motion-effects-element-type-background), .elementor-89 .elementor-element.elementor-element-9db8a6c > .elementor-motion-effects-container > .elementor-motion-effects-layer{background-image:url(\"https:\/\/xn--rjgara-upb.pl\/wp-content\/uploads\/2023\/05\/Modern-Minimal-Technology-Background-Banner.png\");background-position:center center;background-repeat:no-repeat;background-size:cover;}.elementor-89 .elementor-element.elementor-element-9db8a6c{transition:background 0.3s, border 0.3s, border-radius 0.3s, box-shadow 0.3s;}.elementor-89 .elementor-element.elementor-element-9db8a6c > .elementor-background-overlay{transition:background 0.3s, border-radius 0.3s, opacity 0.3s;}.elementor-89 .elementor-element.elementor-element-f391c27{--spacer-size:98px;}.elementor-89 .elementor-element.elementor-element-a52eac8{text-align:center;}.elementor-89 .elementor-element.elementor-element-a52eac8 .elementor-heading-title{font-family:\"Open Sans\", Sans-serif;font-size:48px;font-weight:600;color:#FFFFFF;}.elementor-89 .elementor-element.elementor-element-7415afb{--spacer-size:50px;}.elementor-89 .elementor-element.elementor-element-c764bac{--spacer-size:10px;}.elementor-89 .elementor-element.elementor-element-35083a9{--spacer-size:50px;}.elementor-89 .elementor-element.elementor-element-a69aa18{--spacer-size:10px;}.elementor-89 .elementor-element.elementor-element-5462c43{--spacer-size:10px;}.elementor-89 .elementor-element.elementor-element-48b503d{font-family:\"Open Sans\", Sans-serif;font-size:16px;font-weight:400;line-height:24px;color:#000000;}:root{--page-title-display:none;}@media(min-width:768px){.elementor-89 .elementor-element.elementor-element-dcde3ce{width:20%;}.elementor-89 .elementor-element.elementor-element-1328a2b{width:59.332%;}.elementor-89 .elementor-element.elementor-element-b84a14f{width:20%;}.elementor-89 .elementor-element.elementor-element-bc77e41{width:50.789%;}.elementor-89 .elementor-element.elementor-element-e9ff8b0{width:49.124%;}}<\/style>\t\t<div data-elementor-type=\"wp-page\" data-elementor-id=\"89\" class=\"elementor elementor-89\" data-elementor-post-type=\"page\">\n\t\t\t\t\t\t<section class=\"elementor-section elementor-top-section elementor-element elementor-element-9db8a6c elementor-section-full_width elementor-section-stretched elementor-section-height-default elementor-section-height-default\" data-id=\"9db8a6c\" data-element_type=\"section\" data-settings=\"{&quot;stretch_section&quot;:&quot;section-stretched&quot;,&quot;background_background&quot;:&quot;classic&quot;}\">\n\t\t\t\t\t\t<div class=\"elementor-container elementor-column-gap-no\">\n\t\t\t\t\t<div class=\"elementor-column elementor-col-100 elementor-top-column elementor-element elementor-element-3a41553\" data-id=\"3a41553\" data-element_type=\"column\">\n\t\t\t<div class=\"elementor-widget-wrap elementor-element-populated\">\n\t\t\t\t\t\t<section class=\"elementor-section elementor-inner-section elementor-element elementor-element-97dcae6 elementor-section-boxed elementor-section-height-default elementor-section-height-default\" data-id=\"97dcae6\" data-element_type=\"section\">\n\t\t\t\t\t\t<div class=\"elementor-container elementor-column-gap-default\">\n\t\t\t\t\t<div class=\"elementor-column elementor-col-33 elementor-inner-column elementor-element elementor-element-dcde3ce\" data-id=\"dcde3ce\" data-element_type=\"column\">\n\t\t\t<div class=\"elementor-widget-wrap\">\n\t\t\t\t\t\t\t<\/div>\n\t\t<\/div>\n\t\t\t\t<div class=\"elementor-column elementor-col-33 elementor-inner-column elementor-element elementor-element-1328a2b\" data-id=\"1328a2b\" data-element_type=\"column\">\n\t\t\t<div class=\"elementor-widget-wrap elementor-element-populated\">\n\t\t\t\t\t\t<div class=\"elementor-element elementor-element-f391c27 elementor-widget elementor-widget-spacer\" data-id=\"f391c27\" data-element_type=\"widget\" data-widget_type=\"spacer.default\">\n\t\t\t\t<div class=\"elementor-widget-container\">\n\t\t\t\t\t\t\t<div class=\"elementor-spacer\">\n\t\t\t<div class=\"elementor-spacer-inner\"><\/div>\n\t\t<\/div>\n\t\t\t\t\t\t<\/div>\n\t\t\t\t<\/div>\n\t\t\t\t<div class=\"elementor-element elementor-element-a52eac8 elementor-widget elementor-widget-heading\" data-id=\"a52eac8\" data-element_type=\"widget\" data-widget_type=\"heading.default\">\n\t\t\t\t<div class=\"elementor-widget-container\">\n\t\t\t\t\t<h2 class=\"elementor-heading-title elementor-size-default\">Reifenwechsel Szczecin<\/h2>\t\t\t\t<\/div>\n\t\t\t\t<\/div>\n\t\t\t\t<div class=\"elementor-element elementor-element-7415afb elementor-widget elementor-widget-spacer\" data-id=\"7415afb\" data-element_type=\"widget\" data-widget_type=\"spacer.default\">\n\t\t\t\t<div class=\"elementor-widget-container\">\n\t\t\t\t\t\t\t<div class=\"elementor-spacer\">\n\t\t\t<div class=\"elementor-spacer-inner\"><\/div>\n\t\t<\/div>\n\t\t\t\t\t\t<\/div>\n\t\t\t\t<\/div>\n\t\t\t\t<div class=\"elementor-element elementor-element-c764bac elementor-widget elementor-widget-spacer\" data-id=\"c764bac\" data-element_type=\"widget\" data-widget_type=\"spacer.default\">\n\t\t\t\t<div class=\"elementor-widget-container\">\n\t\t\t\t\t\t\t<div class=\"elementor-spacer\">\n\t\t\t<div class=\"elementor-spacer-inner\"><\/div>\n\t\t<\/div>\n\t\t\t\t\t\t<\/div>\n\t\t\t\t<\/div>\n\t\t\t\t\t<\/div>\n\t\t<\/div>\n\t\t\t\t<div class=\"elementor-column elementor-col-33 elementor-inner-column elementor-element elementor-element-b84a14f\" data-id=\"b84a14f\" data-element_type=\"column\">\n\t\t\t<div class=\"elementor-widget-wrap\">\n\t\t\t\t\t\t\t<\/div>\n\t\t<\/div>\n\t\t\t\t\t<\/div>\n\t\t<\/section>\n\t\t\t\t<div class=\"elementor-element elementor-element-35083a9 elementor-widget elementor-widget-spacer\" data-id=\"35083a9\" data-element_type=\"widget\" data-widget_type=\"spacer.default\">\n\t\t\t\t<div class=\"elementor-widget-container\">\n\t\t\t\t\t\t\t<div class=\"elementor-spacer\">\n\t\t\t<div class=\"elementor-spacer-inner\"><\/div>\n\t\t<\/div>\n\t\t\t\t\t\t<\/div>\n\t\t\t\t<\/div>\n\t\t\t\t\t<\/div>\n\t\t<\/div>\n\t\t\t\t\t<\/div>\n\t\t<\/section>\n\t\t\t\t<section class=\"elementor-section elementor-top-section elementor-element elementor-element-f977ba7 elementor-section-boxed elementor-section-height-default elementor-section-height-default\" data-id=\"f977ba7\" data-element_type=\"section\">\n\t\t\t\t\t\t<div class=\"elementor-container elementor-column-gap-default\">\n\t\t\t\t\t<div class=\"elementor-column elementor-col-100 elementor-top-column elementor-element elementor-element-701b1d6\" data-id=\"701b1d6\" data-element_type=\"column\">\n\t\t\t<div class=\"elementor-widget-wrap elementor-element-populated\">\n\t\t\t\t\t\t<div class=\"elementor-element elementor-element-a69aa18 elementor-widget elementor-widget-spacer\" data-id=\"a69aa18\" data-element_type=\"widget\" data-widget_type=\"spacer.default\">\n\t\t\t\t<div class=\"elementor-widget-container\">\n\t\t\t\t\t\t\t<div class=\"elementor-spacer\">\n\t\t\t<div class=\"elementor-spacer-inner\"><\/div>\n\t\t<\/div>\n\t\t\t\t\t\t<\/div>\n\t\t\t\t<\/div>\n\t\t\t\t\t<\/div>\n\t\t<\/div>\n\t\t\t\t\t<\/div>\n\t\t<\/section>\n\t\t\t\t<section class=\"elementor-section elementor-top-section elementor-element elementor-element-f92c8c6 elementor-section-boxed elementor-section-height-default elementor-section-height-default\" data-id=\"f92c8c6\" data-element_type=\"section\">\n\t\t\t\t\t\t<div class=\"elementor-container elementor-column-gap-default\">\n\t\t\t\t\t<div class=\"elementor-column elementor-col-50 elementor-top-column elementor-element elementor-element-bc77e41\" data-id=\"bc77e41\" data-element_type=\"column\">\n\t\t\t<div class=\"elementor-widget-wrap elementor-element-populated\">\n\t\t\t\t\t\t<div class=\"elementor-element elementor-element-5462c43 elementor-widget elementor-widget-spacer\" data-id=\"5462c43\" data-element_type=\"widget\" data-widget_type=\"spacer.default\">\n\t\t\t\t<div class=\"elementor-widget-container\">\n\t\t\t\t\t\t\t<div class=\"elementor-spacer\">\n\t\t\t<div class=\"elementor-spacer-inner\"><\/div>\n\t\t<\/div>\n\t\t\t\t\t\t<\/div>\n\t\t\t\t<\/div>\n\t\t\t\t<div class=\"elementor-element elementor-element-48b503d elementor-widget elementor-widget-text-editor\" data-id=\"48b503d\" data-element_type=\"widget\" data-widget_type=\"text-editor.default\">\n\t\t\t\t<div class=\"elementor-widget-container\">\n\t\t\t\t\t\t\t\t\t<p>Unsere erfahrenen und kompetenten Mechanikerteams bieten Ihnen einen umfassenden Reifenservice, damit Sie das ganze Jahr \u00fcber sicher fahren k\u00f6nnen. Unabh\u00e4ngig von der Marke und dem Modell Ihres Fahrzeugs sind wir darauf vorbereitet, Ihre Reifen professionell zu warten und zu montieren, damit sie Ihren Bed\u00fcrfnissen und Erwartungen entsprechen.<\/p><p>Unser Angebot an Reifenersatzleistungen umfasst:<\/p><ol><li>Demontage und Montage: Unser Team f\u00fchrt eine pr\u00e4zise Reifendemontage und -montage durch und achtet dabei auf die korrekten Parameter und Herstellerempfehlungen. Mit modernsten Werkzeugen und Techniken stellen wir sicher, dass die Reifen sicher und pr\u00e4zise montiert werden, um die richtige Leistung und den Fahrkomfort zu gew\u00e4hrleisten.<\/li><li>Auswuchten von R\u00e4dern: Das Auswuchten von R\u00e4dern ist der Schl\u00fcssel zur Beseitigung von Vibrationen und Unebenheiten beim Fahren. Mit unserer Spezialausr\u00fcstung k\u00f6nnen wir Ihre R\u00e4der pr\u00e4zise auswuchten, was zu einem gleichm\u00e4\u00dfigen Reifenverschlei\u00df und einer besseren Fahrzeugkontrolle f\u00fchrt. Auf diese Weise bieten wir Ihnen ein Maximum an Komfort und Sicherheit auf der Stra\u00dfe.<\/li><li>Reifenlagerung: Wenn Sie keinen Platz haben, um Ihre Reifen zu lagern, k\u00f6nnen wir Ihnen helfen! Wir bieten einen Reifeneinlagerungsservice in unserem sicheren und ordnungsgem\u00e4\u00df gepr\u00fcften Lager an. Ihre Reifen werden ordnungsgem\u00e4\u00df gesch\u00fctzt und nach den besten Standards gelagert, um einen optimalen Zustand und eine lange Lebensdauer zu gew\u00e4hrleisten.<\/li><li>Reifenauswahl: Wenn Sie neue Reifen ben\u00f6tigen, ber\u00e4t Sie unser Team bei der Wahl der richtigen Reifen f\u00fcr Ihr Fahrzeug, Ihren Fahrstil und die Stra\u00dfenverh\u00e4ltnisse. Wir haben eine gro\u00dfe Auswahl an Reifen verschiedener Marken und Modelle, darunter Sommer-, Winter- und Ganzjahresreifen, damit Sie zu jeder Jahreszeit optimale Haftung und Leistung erhalten.<\/li><li>Reifenzustandspr\u00fcfung: Beim Austausch Ihrer Reifen f\u00fchrt unser Team auch eine Zustandspr\u00fcfung Ihrer Reifen durch, bei der die Profiltiefe und der allgemeine Verschlei\u00df gepr\u00fcft werden. Wenn wir feststellen, dass Ihre Reifen ersetzt werden m\u00fcssen, k\u00f6nnen wir Ihnen geeignete L\u00f6sungen vorschlagen, um die Sicherheit und Leistung Ihres Fahrzeugs zu erhalten.<\/li><\/ol>\t\t\t\t\t\t\t\t<\/div>\n\t\t\t\t<\/div>\n\t\t\t\t\t<\/div>\n\t\t<\/div>\n\t\t\t\t<div class=\"elementor-column elementor-col-50 elementor-top-column elementor-element elementor-element-e9ff8b0\" data-id=\"e9ff8b0\" data-element_type=\"column\">\n\t\t\t<div class=\"elementor-widget-wrap elementor-element-populated\">\n\t\t\t\t\t\t<div class=\"elementor-element elementor-element-7e35089 elementor-widget elementor-widget-image\" data-id=\"7e35089\" data-element_type=\"widget\" data-widget_type=\"image.default\">\n\t\t\t\t<div class=\"elementor-widget-container\">\n\t\t\t\t\t\t\t\t\t\t\t\t\t\t\t<img fetchpriority=\"high\" decoding=\"async\" width=\"768\" height=\"768\" src=\"https:\/\/xn--rjgara-upb.pl\/wp-content\/uploads\/2023\/05\/Untitled-design-23-768x768.png\" class=\"attachment-medium_large size-medium_large wp-image-6806\" alt=\"\" srcset=\"https:\/\/xn--rjgara-upb.pl\/wp-content\/uploads\/2023\/05\/Untitled-design-23-768x768.png 768w, https:\/\/xn--rjgara-upb.pl\/wp-content\/uploads\/2023\/05\/Untitled-design-23-300x300.png 300w, https:\/\/xn--rjgara-upb.pl\/wp-content\/uploads\/2023\/05\/Untitled-design-23-1024x1024.png 1024w, https:\/\/xn--rjgara-upb.pl\/wp-content\/uploads\/2023\/05\/Untitled-design-23-150x150.png 150w, https:\/\/xn--rjgara-upb.pl\/wp-content\/uploads\/2023\/05\/Untitled-design-23.png 1080w\" sizes=\"(max-width: 768px) 100vw, 768px\" title=\"\">\t\t\t\t\t\t\t\t\t\t\t\t\t\t\t<\/div>\n\t\t\t\t<\/div>\n\t\t\t\t<section class=\"elementor-section elementor-inner-section elementor-element elementor-element-ce5bbba elementor-section-boxed elementor-section-height-default elementor-section-height-default\" data-id=\"ce5bbba\" data-element_type=\"section\">\n\t\t\t\t\t\t<div class=\"elementor-container elementor-column-gap-default\">\n\t\t\t\t\t<div class=\"elementor-column elementor-col-50 elementor-inner-column elementor-element elementor-element-1ebe318\" data-id=\"1ebe318\" data-element_type=\"column\">\n\t\t\t<div class=\"elementor-widget-wrap elementor-element-populated\">\n\t\t\t\t\t\t<div class=\"elementor-element elementor-element-6fcbf97 elementor-widget elementor-widget-image\" data-id=\"6fcbf97\" data-element_type=\"widget\" data-widget_type=\"image.default\">\n\t\t\t\t<div class=\"elementor-widget-container\">\n\t\t\t\t\t\t\t\t\t\t\t\t\t\t\t<img decoding=\"async\" width=\"800\" height=\"800\" src=\"https:\/\/xn--rjgara-upb.pl\/wp-content\/uploads\/2023\/05\/Untitled-design-24-1024x1024.png\" class=\"attachment-large size-large wp-image-6808\" alt=\"\" srcset=\"https:\/\/xn--rjgara-upb.pl\/wp-content\/uploads\/2023\/05\/Untitled-design-24-1024x1024.png 1024w, https:\/\/xn--rjgara-upb.pl\/wp-content\/uploads\/2023\/05\/Untitled-design-24-300x300.png 300w, https:\/\/xn--rjgara-upb.pl\/wp-content\/uploads\/2023\/05\/Untitled-design-24-150x150.png 150w, https:\/\/xn--rjgara-upb.pl\/wp-content\/uploads\/2023\/05\/Untitled-design-24-768x768.png 768w, https:\/\/xn--rjgara-upb.pl\/wp-content\/uploads\/2023\/05\/Untitled-design-24.png 1080w\" sizes=\"(max-width: 800px) 100vw, 800px\" title=\"\">\t\t\t\t\t\t\t\t\t\t\t\t\t\t\t<\/div>\n\t\t\t\t<\/div>\n\t\t\t\t\t<\/div>\n\t\t<\/div>\n\t\t\t\t<div class=\"elementor-column elementor-col-50 elementor-inner-column elementor-element elementor-element-96da2fc\" data-id=\"96da2fc\" data-element_type=\"column\">\n\t\t\t<div class=\"elementor-widget-wrap elementor-element-populated\">\n\t\t\t\t\t\t<div class=\"elementor-element elementor-element-df89ec4 elementor-widget elementor-widget-image\" data-id=\"df89ec4\" data-element_type=\"widget\" data-widget_type=\"image.default\">\n\t\t\t\t<div class=\"elementor-widget-container\">\n\t\t\t\t\t\t\t\t\t\t\t\t\t\t\t<img decoding=\"async\" width=\"300\" height=\"300\" src=\"https:\/\/xn--rjgara-upb.pl\/wp-content\/uploads\/2022\/10\/Untitled-design-67-300x300.png\" class=\"attachment-medium size-medium wp-image-1054\" alt=\"\" srcset=\"https:\/\/xn--rjgara-upb.pl\/wp-content\/uploads\/2022\/10\/Untitled-design-67-300x300.png 300w, https:\/\/xn--rjgara-upb.pl\/wp-content\/uploads\/2022\/10\/Untitled-design-67-1024x1024.png 1024w, https:\/\/xn--rjgara-upb.pl\/wp-content\/uploads\/2022\/10\/Untitled-design-67-150x150.png 150w, https:\/\/xn--rjgara-upb.pl\/wp-content\/uploads\/2022\/10\/Untitled-design-67-768x768.png 768w, https:\/\/xn--rjgara-upb.pl\/wp-content\/uploads\/2022\/10\/Untitled-design-67.png 1080w\" sizes=\"(max-width: 300px) 100vw, 300px\" title=\"\">\t\t\t\t\t\t\t\t\t\t\t\t\t\t\t<\/div>\n\t\t\t\t<\/div>\n\t\t\t\t\t<\/div>\n\t\t<\/div>\n\t\t\t\t\t<\/div>\n\t\t<\/section>\n\t\t\t\t\t<\/div>\n\t\t<\/div>\n\t\t\t\t\t<\/div>\n\t\t<\/section>\n\t\t\t\t<\/div>","protected":false},"excerpt":{"rendered":"<p>Wymiana Opon Szczecin Nasze do\u015bwiadczone i wykwalifikowane zespo\u0142y mechaniczne s\u0105 gotowe, aby zapewni\u0107 Ci kompleksow\u0105 us\u0142ug\u0119 wymiany opon, kt\u00f3ra pozwoli Ci cieszy\u0107 si\u0119 bezpieczn\u0105 jazd\u0105 przez ca\u0142y rok. Niezale\u017cnie od marki i modelu Twojego samochodu, jeste\u015bmy przygotowani do profesjonalnej obs\u0142ugi i monta\u017cu opon, kt\u00f3re spe\u0142niaj\u0105 Twoje potrzeby i oczekiwania. Nasza oferta us\u0142ug wymiany opon obejmuje: [&hellip;]<\/p>","protected":false},"author":1,"featured_media":0,"parent":0,"menu_order":0,"comment_status":"closed","ping_status":"closed","template":"","meta":{"footnotes":""},"class_list":["post-89","page","type-page","status-publish","hentry"],"_links":{"self":[{"href":"https:\/\/xn--rjgara-upb.pl\/de\/wp-json\/wp\/v2\/pages\/89","targetHints":{"allow":["GET"]}}],"collection":[{"href":"https:\/\/xn--rjgara-upb.pl\/de\/wp-json\/wp\/v2\/pages"}],"about":[{"href":"https:\/\/xn--rjgara-upb.pl\/de\/wp-json\/wp\/v2\/types\/page"}],"author":[{"embeddable":true,"href":"https:\/\/xn--rjgara-upb.pl\/de\/wp-json\/wp\/v2\/users\/1"}],"replies":[{"embeddable":true,"href":"https:\/\/xn--rjgara-upb.pl\/de\/wp-json\/wp\/v2\/comments?post=89"}],"version-history":[{"count":125,"href":"https:\/\/xn--rjgara-upb.pl\/de\/wp-json\/wp\/v2\/pages\/89\/revisions"}],"predecessor-version":[{"id":6937,"href":"https:\/\/xn--rjgara-upb.pl\/de\/wp-json\/wp\/v2\/pages\/89\/revisions\/6937"}],"wp:attachment":[{"href":"https:\/\/xn--rjgara-upb.pl\/de\/wp-json\/wp\/v2\/media?parent=89"}],"curies":[{"name":"wp","href":"https:\/\/api.w.org\/{rel}","templated":true}]}}