{"id":141,"date":"2022-08-15T21:41:31","date_gmt":"2022-08-15T19:41:31","guid":{"rendered":"http:\/\/xn--rjgara-upb.pl\/?page_id=141"},"modified":"2024-02-21T13:13:18","modified_gmt":"2024-02-21T12:13:18","slug":"oil-change-in-a-car-szczecin-plonia","status":"publish","type":"page","link":"https:\/\/xn--rjgara-upb.pl\/en\/oil-change-in-a-car-szczecin-plonia\/","title":{"rendered":"Oil change in a car Szczecin Plonia"},"content":{"rendered":"<style>.elementor-141 .elementor-element.elementor-element-e34c6bb:not(.elementor-motion-effects-element-type-background), .elementor-141 .elementor-element.elementor-element-e34c6bb > .elementor-motion-effects-container > .elementor-motion-effects-layer{background-image:url(\"https:\/\/xn--rjgara-upb.pl\/wp-content\/uploads\/2023\/05\/Modern-Minimal-Technology-Background-Banner-1.png\");background-position:center center;background-repeat:no-repeat;background-size:cover;}.elementor-141 .elementor-element.elementor-element-e34c6bb{transition:background 0.3s, border 0.3s, border-radius 0.3s, box-shadow 0.3s;}.elementor-141 .elementor-element.elementor-element-e34c6bb > .elementor-background-overlay{transition:background 0.3s, border-radius 0.3s, opacity 0.3s;}.elementor-141 .elementor-element.elementor-element-bc2a81e{--spacer-size:98px;}.elementor-141 .elementor-element.elementor-element-b5a81e7{text-align:center;}.elementor-141 .elementor-element.elementor-element-b5a81e7 .elementor-heading-title{font-family:\"Open Sans\", Sans-serif;font-size:48px;font-weight:600;color:#FFFFFF;}.elementor-141 .elementor-element.elementor-element-5ff3915{--spacer-size:50px;}.elementor-141 .elementor-element.elementor-element-725a714{--spacer-size:10px;}.elementor-141 .elementor-element.elementor-element-957436c{--spacer-size:50px;}.elementor-141 .elementor-element.elementor-element-8bfb589{--spacer-size:10px;}.elementor-141 .elementor-element.elementor-element-8819cd1{--spacer-size:10px;}.elementor-141 .elementor-element.elementor-element-3ee87b7{font-family:\"Open Sans\", Sans-serif;font-weight:400;color:#000000;}:root{--page-title-display:none;}@media(min-width:768px){.elementor-141 .elementor-element.elementor-element-78d7f3f{width:20%;}.elementor-141 .elementor-element.elementor-element-370adb7{width:59.332%;}.elementor-141 .elementor-element.elementor-element-85e93f2{width:20%;}}<\/style>\t\t<div data-elementor-type=\"wp-page\" data-elementor-id=\"141\" class=\"elementor elementor-141\" data-elementor-post-type=\"page\">\n\t\t\t\t\t\t<section class=\"elementor-section elementor-top-section elementor-element elementor-element-e34c6bb elementor-section-full_width elementor-section-stretched elementor-section-height-default elementor-section-height-default\" data-id=\"e34c6bb\" data-element_type=\"section\" data-settings=\"{&quot;stretch_section&quot;:&quot;section-stretched&quot;,&quot;background_background&quot;:&quot;classic&quot;}\">\n\t\t\t\t\t\t<div class=\"elementor-container elementor-column-gap-no\">\n\t\t\t\t\t<div class=\"elementor-column elementor-col-100 elementor-top-column elementor-element elementor-element-72ae118\" data-id=\"72ae118\" data-element_type=\"column\">\n\t\t\t<div class=\"elementor-widget-wrap elementor-element-populated\">\n\t\t\t\t\t\t<section class=\"elementor-section elementor-inner-section elementor-element elementor-element-f349bac elementor-section-boxed elementor-section-height-default elementor-section-height-default\" data-id=\"f349bac\" data-element_type=\"section\">\n\t\t\t\t\t\t<div class=\"elementor-container elementor-column-gap-default\">\n\t\t\t\t\t<div class=\"elementor-column elementor-col-33 elementor-inner-column elementor-element elementor-element-78d7f3f\" data-id=\"78d7f3f\" data-element_type=\"column\">\n\t\t\t<div class=\"elementor-widget-wrap\">\n\t\t\t\t\t\t\t<\/div>\n\t\t<\/div>\n\t\t\t\t<div class=\"elementor-column elementor-col-33 elementor-inner-column elementor-element elementor-element-370adb7\" data-id=\"370adb7\" data-element_type=\"column\">\n\t\t\t<div class=\"elementor-widget-wrap elementor-element-populated\">\n\t\t\t\t\t\t<div class=\"elementor-element elementor-element-bc2a81e elementor-widget elementor-widget-spacer\" data-id=\"bc2a81e\" data-element_type=\"widget\" data-widget_type=\"spacer.default\">\n\t\t\t\t<div class=\"elementor-widget-container\">\n\t\t\t\t\t\t\t<div class=\"elementor-spacer\">\n\t\t\t<div class=\"elementor-spacer-inner\"><\/div>\n\t\t<\/div>\n\t\t\t\t\t\t<\/div>\n\t\t\t\t<\/div>\n\t\t\t\t<div class=\"elementor-element elementor-element-b5a81e7 elementor-widget elementor-widget-heading\" data-id=\"b5a81e7\" data-element_type=\"widget\" data-widget_type=\"heading.default\">\n\t\t\t\t<div class=\"elementor-widget-container\">\n\t\t\t\t\t<h1 class=\"elementor-heading-title elementor-size-default\">Oil change in a car Szczecin Plonia<\/h1>\t\t\t\t<\/div>\n\t\t\t\t<\/div>\n\t\t\t\t<div class=\"elementor-element elementor-element-5ff3915 elementor-widget elementor-widget-spacer\" data-id=\"5ff3915\" data-element_type=\"widget\" data-widget_type=\"spacer.default\">\n\t\t\t\t<div class=\"elementor-widget-container\">\n\t\t\t\t\t\t\t<div class=\"elementor-spacer\">\n\t\t\t<div class=\"elementor-spacer-inner\"><\/div>\n\t\t<\/div>\n\t\t\t\t\t\t<\/div>\n\t\t\t\t<\/div>\n\t\t\t\t<div class=\"elementor-element elementor-element-725a714 elementor-widget elementor-widget-spacer\" data-id=\"725a714\" data-element_type=\"widget\" data-widget_type=\"spacer.default\">\n\t\t\t\t<div class=\"elementor-widget-container\">\n\t\t\t\t\t\t\t<div class=\"elementor-spacer\">\n\t\t\t<div class=\"elementor-spacer-inner\"><\/div>\n\t\t<\/div>\n\t\t\t\t\t\t<\/div>\n\t\t\t\t<\/div>\n\t\t\t\t\t<\/div>\n\t\t<\/div>\n\t\t\t\t<div class=\"elementor-column elementor-col-33 elementor-inner-column elementor-element elementor-element-85e93f2\" data-id=\"85e93f2\" data-element_type=\"column\">\n\t\t\t<div class=\"elementor-widget-wrap\">\n\t\t\t\t\t\t\t<\/div>\n\t\t<\/div>\n\t\t\t\t\t<\/div>\n\t\t<\/section>\n\t\t\t\t<div class=\"elementor-element elementor-element-957436c elementor-widget elementor-widget-spacer\" data-id=\"957436c\" data-element_type=\"widget\" data-widget_type=\"spacer.default\">\n\t\t\t\t<div class=\"elementor-widget-container\">\n\t\t\t\t\t\t\t<div class=\"elementor-spacer\">\n\t\t\t<div class=\"elementor-spacer-inner\"><\/div>\n\t\t<\/div>\n\t\t\t\t\t\t<\/div>\n\t\t\t\t<\/div>\n\t\t\t\t\t<\/div>\n\t\t<\/div>\n\t\t\t\t\t<\/div>\n\t\t<\/section>\n\t\t\t\t<section class=\"elementor-section elementor-top-section elementor-element elementor-element-d68b2d9 elementor-section-boxed elementor-section-height-default elementor-section-height-default\" data-id=\"d68b2d9\" data-element_type=\"section\">\n\t\t\t\t\t\t<div class=\"elementor-container elementor-column-gap-default\">\n\t\t\t\t\t<div class=\"elementor-column elementor-col-100 elementor-top-column elementor-element elementor-element-be8043f\" data-id=\"be8043f\" data-element_type=\"column\">\n\t\t\t<div class=\"elementor-widget-wrap elementor-element-populated\">\n\t\t\t\t\t\t<div class=\"elementor-element elementor-element-8bfb589 elementor-widget elementor-widget-spacer\" data-id=\"8bfb589\" data-element_type=\"widget\" data-widget_type=\"spacer.default\">\n\t\t\t\t<div class=\"elementor-widget-container\">\n\t\t\t\t\t\t\t<div class=\"elementor-spacer\">\n\t\t\t<div class=\"elementor-spacer-inner\"><\/div>\n\t\t<\/div>\n\t\t\t\t\t\t<\/div>\n\t\t\t\t<\/div>\n\t\t\t\t\t<\/div>\n\t\t<\/div>\n\t\t\t\t\t<\/div>\n\t\t<\/section>\n\t\t\t\t<section class=\"elementor-section elementor-top-section elementor-element elementor-element-f517a9c elementor-section-boxed elementor-section-height-default elementor-section-height-default\" data-id=\"f517a9c\" data-element_type=\"section\">\n\t\t\t\t\t\t<div class=\"elementor-container elementor-column-gap-default\">\n\t\t\t\t\t<div class=\"elementor-column elementor-col-50 elementor-top-column elementor-element elementor-element-b0a471a\" data-id=\"b0a471a\" data-element_type=\"column\">\n\t\t\t<div class=\"elementor-widget-wrap elementor-element-populated\">\n\t\t\t\t\t\t<div class=\"elementor-element elementor-element-8819cd1 elementor-widget elementor-widget-spacer\" data-id=\"8819cd1\" data-element_type=\"widget\" data-widget_type=\"spacer.default\">\n\t\t\t\t<div class=\"elementor-widget-container\">\n\t\t\t\t\t\t\t<div class=\"elementor-spacer\">\n\t\t\t<div class=\"elementor-spacer-inner\"><\/div>\n\t\t<\/div>\n\t\t\t\t\t\t<\/div>\n\t\t\t\t<\/div>\n\t\t\t\t<div class=\"elementor-element elementor-element-3ee87b7 elementor-widget elementor-widget-text-editor\" data-id=\"3ee87b7\" data-element_type=\"widget\" data-widget_type=\"text-editor.default\">\n\t\t\t\t<div class=\"elementor-widget-container\">\n\t\t\t\t\t\t\t\t\t<p>Our oil change service not only keeps your engine running smoothly, but also extends the life of your vehicle. With our experienced team of mechanics and high-quality oils, we can provide optimal protection for your engine and keep it in excellent condition.<br \/>Our oil change service includes:<\/p><ol><li>Choosing the right oil: Our team will advise you on the right oil for your car, taking into account the make, model, year of manufacture and manufacturer specifications. We have a wide selection of oils, including synthetic, semi-synthetic and mineral oils, to provide optimal protection and performance for your engine.<\/li><li>Professional oil change: our experienced mechanical team performs a precise oil change according to the manufacturer's recommendations. We make sure the engine is properly warmed up so the oil is easier to drain, and we change the oil filter, ensuring cleanliness and effective filtration.<\/li><li>Verification and replenishment of other fluids: During an oil change, we also check the condition of your car's other fluids, such as coolant, brake fluid and power steering fluid. If we find that any of these fluids need to be replenished or replaced, we recommend appropriate action.<\/li><li>Professional tools and procedures: Our workshop is equipped with modern tools and specialized equipment that enable us to change oil accurately and efficiently. Our mechanical team also follows proper procedures and standards to ensure quality and safe service.<\/li><li>Caring for the environment: We are aware of the impact of the workshop's operations on the environment, so we guarantee proper disposal of used oil and filters in accordance with environmental regulations and standards. We work responsibly, taking care of the environment.<\/li><\/ol><p>At R J Garage, we know how important regular oil changes are to the longevity and performance of your engine.<\/p>\t\t\t\t\t\t\t\t<\/div>\n\t\t\t\t<\/div>\n\t\t\t\t\t<\/div>\n\t\t<\/div>\n\t\t\t\t<div class=\"elementor-column elementor-col-50 elementor-top-column elementor-element elementor-element-551c7e6\" data-id=\"551c7e6\" data-element_type=\"column\">\n\t\t\t<div class=\"elementor-widget-wrap elementor-element-populated\">\n\t\t\t\t\t\t<div class=\"elementor-element elementor-element-caf3047 elementor-widget elementor-widget-image\" data-id=\"caf3047\" data-element_type=\"widget\" data-widget_type=\"image.default\">\n\t\t\t\t<div class=\"elementor-widget-container\">\n\t\t\t\t\t\t\t\t\t\t\t\t\t\t\t<img fetchpriority=\"high\" decoding=\"async\" width=\"800\" height=\"800\" src=\"https:\/\/xn--rjgara-upb.pl\/wp-content\/uploads\/2023\/05\/Untitled-design-26-1024x1024.png\" class=\"attachment-large size-large wp-image-6815\" alt=\"\" srcset=\"https:\/\/xn--rjgara-upb.pl\/wp-content\/uploads\/2023\/05\/Untitled-design-26-1024x1024.png 1024w, https:\/\/xn--rjgara-upb.pl\/wp-content\/uploads\/2023\/05\/Untitled-design-26-300x300.png 300w, https:\/\/xn--rjgara-upb.pl\/wp-content\/uploads\/2023\/05\/Untitled-design-26-150x150.png 150w, https:\/\/xn--rjgara-upb.pl\/wp-content\/uploads\/2023\/05\/Untitled-design-26-768x768.png 768w, https:\/\/xn--rjgara-upb.pl\/wp-content\/uploads\/2023\/05\/Untitled-design-26.png 1080w\" sizes=\"(max-width: 800px) 100vw, 800px\" title=\"\">\t\t\t\t\t\t\t\t\t\t\t\t\t\t\t<\/div>\n\t\t\t\t<\/div>\n\t\t\t\t<section class=\"elementor-section elementor-inner-section elementor-element elementor-element-3971a1c elementor-section-boxed elementor-section-height-default elementor-section-height-default\" data-id=\"3971a1c\" data-element_type=\"section\">\n\t\t\t\t\t\t<div class=\"elementor-container elementor-column-gap-default\">\n\t\t\t\t\t<div class=\"elementor-column elementor-col-50 elementor-inner-column elementor-element elementor-element-3b261c2\" data-id=\"3b261c2\" data-element_type=\"column\">\n\t\t\t<div class=\"elementor-widget-wrap elementor-element-populated\">\n\t\t\t\t\t\t<div class=\"elementor-element elementor-element-33d7786 elementor-widget elementor-widget-image\" data-id=\"33d7786\" data-element_type=\"widget\" data-widget_type=\"image.default\">\n\t\t\t\t<div class=\"elementor-widget-container\">\n\t\t\t\t\t\t\t\t\t\t\t\t\t\t\t<img decoding=\"async\" width=\"800\" height=\"800\" src=\"https:\/\/xn--rjgara-upb.pl\/wp-content\/uploads\/2022\/10\/Untitled-design-67-1024x1024.png\" class=\"attachment-large size-large wp-image-1054\" alt=\"\" srcset=\"https:\/\/xn--rjgara-upb.pl\/wp-content\/uploads\/2022\/10\/Untitled-design-67-1024x1024.png 1024w, https:\/\/xn--rjgara-upb.pl\/wp-content\/uploads\/2022\/10\/Untitled-design-67-300x300.png 300w, https:\/\/xn--rjgara-upb.pl\/wp-content\/uploads\/2022\/10\/Untitled-design-67-150x150.png 150w, https:\/\/xn--rjgara-upb.pl\/wp-content\/uploads\/2022\/10\/Untitled-design-67-768x768.png 768w, https:\/\/xn--rjgara-upb.pl\/wp-content\/uploads\/2022\/10\/Untitled-design-67.png 1080w\" sizes=\"(max-width: 800px) 100vw, 800px\" title=\"\">\t\t\t\t\t\t\t\t\t\t\t\t\t\t\t<\/div>\n\t\t\t\t<\/div>\n\t\t\t\t\t<\/div>\n\t\t<\/div>\n\t\t\t\t<div class=\"elementor-column elementor-col-50 elementor-inner-column elementor-element elementor-element-e33cf1d\" data-id=\"e33cf1d\" data-element_type=\"column\">\n\t\t\t<div class=\"elementor-widget-wrap elementor-element-populated\">\n\t\t\t\t\t\t<div class=\"elementor-element elementor-element-a782d4e elementor-widget elementor-widget-image\" data-id=\"a782d4e\" data-element_type=\"widget\" data-widget_type=\"image.default\">\n\t\t\t\t<div class=\"elementor-widget-container\">\n\t\t\t\t\t\t\t\t\t\t\t\t\t\t\t<img decoding=\"async\" width=\"300\" height=\"300\" src=\"https:\/\/xn--rjgara-upb.pl\/wp-content\/uploads\/2022\/10\/Untitled-design-68-300x300.png\" class=\"attachment-medium size-medium wp-image-1053\" alt=\"\" srcset=\"https:\/\/xn--rjgara-upb.pl\/wp-content\/uploads\/2022\/10\/Untitled-design-68-300x300.png 300w, https:\/\/xn--rjgara-upb.pl\/wp-content\/uploads\/2022\/10\/Untitled-design-68-1024x1024.png 1024w, https:\/\/xn--rjgara-upb.pl\/wp-content\/uploads\/2022\/10\/Untitled-design-68-150x150.png 150w, https:\/\/xn--rjgara-upb.pl\/wp-content\/uploads\/2022\/10\/Untitled-design-68-768x768.png 768w, https:\/\/xn--rjgara-upb.pl\/wp-content\/uploads\/2022\/10\/Untitled-design-68.png 1080w\" sizes=\"(max-width: 300px) 100vw, 300px\" title=\"\">\t\t\t\t\t\t\t\t\t\t\t\t\t\t\t<\/div>\n\t\t\t\t<\/div>\n\t\t\t\t\t<\/div>\n\t\t<\/div>\n\t\t\t\t\t<\/div>\n\t\t<\/section>\n\t\t\t\t\t<\/div>\n\t\t<\/div>\n\t\t\t\t\t<\/div>\n\t\t<\/section>\n\t\t\t\t<\/div>","protected":false},"excerpt":{"rendered":"<p>Wymiana Oleju w samochodzie Szczecin P\u0142onia Nasza us\u0142uga wymiany oleju zapewnia Ci nie tylko p\u0142ynne dzia\u0142anie silnika, ale r\u00f3wnie\u017c przed\u0142u\u017ca \u017cywotno\u015b\u0107 Twojego pojazdu. Dzi\u0119ki naszemu do\u015bwiadczonemu zespo\u0142owi mechanik\u00f3w i wysokiej jako\u015bci olejom, mo\u017cemy zapewni\u0107 optymaln\u0105 ochron\u0119 dla silnika i utrzyma\u0107 go w doskona\u0142ej kondycji.Nasza us\u0142uga wymiany oleju obejmuje: Wyb\u00f3r odpowiedniego oleju: Nasz zesp\u00f3\u0142 doradzi Ci [&hellip;]<\/p>","protected":false},"author":1,"featured_media":0,"parent":0,"menu_order":0,"comment_status":"closed","ping_status":"closed","template":"","meta":{"footnotes":""},"class_list":["post-141","page","type-page","status-publish","hentry"],"_links":{"self":[{"href":"https:\/\/xn--rjgara-upb.pl\/en\/wp-json\/wp\/v2\/pages\/141","targetHints":{"allow":["GET"]}}],"collection":[{"href":"https:\/\/xn--rjgara-upb.pl\/en\/wp-json\/wp\/v2\/pages"}],"about":[{"href":"https:\/\/xn--rjgara-upb.pl\/en\/wp-json\/wp\/v2\/types\/page"}],"author":[{"embeddable":true,"href":"https:\/\/xn--rjgara-upb.pl\/en\/wp-json\/wp\/v2\/users\/1"}],"replies":[{"embeddable":true,"href":"https:\/\/xn--rjgara-upb.pl\/en\/wp-json\/wp\/v2\/comments?post=141"}],"version-history":[{"count":105,"href":"https:\/\/xn--rjgara-upb.pl\/en\/wp-json\/wp\/v2\/pages\/141\/revisions"}],"predecessor-version":[{"id":6936,"href":"https:\/\/xn--rjgara-upb.pl\/en\/wp-json\/wp\/v2\/pages\/141\/revisions\/6936"}],"wp:attachment":[{"href":"https:\/\/xn--rjgara-upb.pl\/en\/wp-json\/wp\/v2\/media?parent=141"}],"curies":[{"name":"wp","href":"https:\/\/api.w.org\/{rel}","templated":true}]}}