{"id":191,"date":"2022-08-15T22:25:49","date_gmt":"2022-08-15T20:25:49","guid":{"rendered":"http:\/\/xn--rjgara-upb.pl\/?page_id=191"},"modified":"2023-07-04T15:05:00","modified_gmt":"2023-07-04T13:05:00","slug":"vehicle-mechanics-szczecin","status":"publish","type":"page","link":"https:\/\/xn--rjgara-upb.pl\/en\/vehicle-mechanics-szczecin\/","title":{"rendered":"Vehicle mechanic"},"content":{"rendered":"<style>.elementor-191 .elementor-element.elementor-element-246190d:not(.elementor-motion-effects-element-type-background), .elementor-191 .elementor-element.elementor-element-246190d > .elementor-motion-effects-container > .elementor-motion-effects-layer{background-image:url(\"https:\/\/xn--rjgara-upb.pl\/wp-content\/uploads\/2022\/08\/Untitled-design-2022-08-17T155336.340.png\");background-position:center center;background-repeat:no-repeat;background-size:cover;}.elementor-191 .elementor-element.elementor-element-246190d{transition:background 0.3s, border 0.3s, border-radius 0.3s, box-shadow 0.3s;}.elementor-191 .elementor-element.elementor-element-246190d > .elementor-background-overlay{transition:background 0.3s, border-radius 0.3s, opacity 0.3s;}.elementor-191 .elementor-element.elementor-element-acca7b3{--spacer-size:98px;}.elementor-191 .elementor-element.elementor-element-6fb4671{text-align:center;}.elementor-191 .elementor-element.elementor-element-6fb4671 .elementor-heading-title{font-family:\"Open Sans\", Sans-serif;font-size:48px;font-weight:600;color:#FFFFFF;}.elementor-191 .elementor-element.elementor-element-fb3bb28{--spacer-size:50px;}.elementor-191 .elementor-element.elementor-element-c0ed9e6{--spacer-size:10px;}.elementor-191 .elementor-element.elementor-element-ccb3fff{--spacer-size:50px;}.elementor-191 .elementor-element.elementor-element-a15fe13{--spacer-size:10px;}.elementor-191 .elementor-element.elementor-element-31b7f90{text-align:start;}.elementor-191 .elementor-element.elementor-element-31b7f90 .elementor-heading-title{font-family:\"Open Sans\", Sans-serif;font-size:32px;font-weight:600;color:#000000;}.elementor-191 .elementor-element.elementor-element-3fa2ca6{font-family:\"Open Sans\", Sans-serif;font-size:16px;font-weight:400;line-height:24px;color:#000000;}:root{--page-title-display:none;}@media(min-width:768px){.elementor-191 .elementor-element.elementor-element-78288e7{width:20%;}.elementor-191 .elementor-element.elementor-element-4c4e72d{width:59.332%;}.elementor-191 .elementor-element.elementor-element-f276d75{width:20%;}}<\/style>\t\t<div data-elementor-type=\"wp-page\" data-elementor-id=\"191\" class=\"elementor elementor-191\" data-elementor-post-type=\"page\">\n\t\t\t\t\t\t<section class=\"elementor-section elementor-top-section elementor-element elementor-element-246190d elementor-section-full_width elementor-section-stretched elementor-section-height-default elementor-section-height-default\" data-id=\"246190d\" data-element_type=\"section\" data-settings=\"{&quot;stretch_section&quot;:&quot;section-stretched&quot;,&quot;background_background&quot;:&quot;classic&quot;}\">\n\t\t\t\t\t\t<div class=\"elementor-container elementor-column-gap-no\">\n\t\t\t\t\t<div class=\"elementor-column elementor-col-100 elementor-top-column elementor-element elementor-element-1ee0731\" data-id=\"1ee0731\" data-element_type=\"column\">\n\t\t\t<div class=\"elementor-widget-wrap elementor-element-populated\">\n\t\t\t\t\t\t<section class=\"elementor-section elementor-inner-section elementor-element elementor-element-5f8c80c elementor-section-boxed elementor-section-height-default elementor-section-height-default\" data-id=\"5f8c80c\" data-element_type=\"section\">\n\t\t\t\t\t\t<div class=\"elementor-container elementor-column-gap-default\">\n\t\t\t\t\t<div class=\"elementor-column elementor-col-33 elementor-inner-column elementor-element elementor-element-78288e7\" data-id=\"78288e7\" data-element_type=\"column\">\n\t\t\t<div class=\"elementor-widget-wrap\">\n\t\t\t\t\t\t\t<\/div>\n\t\t<\/div>\n\t\t\t\t<div class=\"elementor-column elementor-col-33 elementor-inner-column elementor-element elementor-element-4c4e72d\" data-id=\"4c4e72d\" data-element_type=\"column\">\n\t\t\t<div class=\"elementor-widget-wrap elementor-element-populated\">\n\t\t\t\t\t\t<div class=\"elementor-element elementor-element-acca7b3 elementor-widget elementor-widget-spacer\" data-id=\"acca7b3\" data-element_type=\"widget\" data-widget_type=\"spacer.default\">\n\t\t\t\t<div class=\"elementor-widget-container\">\n\t\t\t\t\t\t\t<div class=\"elementor-spacer\">\n\t\t\t<div class=\"elementor-spacer-inner\"><\/div>\n\t\t<\/div>\n\t\t\t\t\t\t<\/div>\n\t\t\t\t<\/div>\n\t\t\t\t<div class=\"elementor-element elementor-element-6fb4671 elementor-widget elementor-widget-heading\" data-id=\"6fb4671\" data-element_type=\"widget\" data-widget_type=\"heading.default\">\n\t\t\t\t<div class=\"elementor-widget-container\">\n\t\t\t\t\t<h1 class=\"elementor-heading-title elementor-size-default\">Vehicle mechanics Szczecin<\/h1>\t\t\t\t<\/div>\n\t\t\t\t<\/div>\n\t\t\t\t<div class=\"elementor-element elementor-element-fb3bb28 elementor-widget elementor-widget-spacer\" data-id=\"fb3bb28\" data-element_type=\"widget\" data-widget_type=\"spacer.default\">\n\t\t\t\t<div class=\"elementor-widget-container\">\n\t\t\t\t\t\t\t<div class=\"elementor-spacer\">\n\t\t\t<div class=\"elementor-spacer-inner\"><\/div>\n\t\t<\/div>\n\t\t\t\t\t\t<\/div>\n\t\t\t\t<\/div>\n\t\t\t\t<div class=\"elementor-element elementor-element-c0ed9e6 elementor-widget elementor-widget-spacer\" data-id=\"c0ed9e6\" data-element_type=\"widget\" data-widget_type=\"spacer.default\">\n\t\t\t\t<div class=\"elementor-widget-container\">\n\t\t\t\t\t\t\t<div class=\"elementor-spacer\">\n\t\t\t<div class=\"elementor-spacer-inner\"><\/div>\n\t\t<\/div>\n\t\t\t\t\t\t<\/div>\n\t\t\t\t<\/div>\n\t\t\t\t\t<\/div>\n\t\t<\/div>\n\t\t\t\t<div class=\"elementor-column elementor-col-33 elementor-inner-column elementor-element elementor-element-f276d75\" data-id=\"f276d75\" data-element_type=\"column\">\n\t\t\t<div class=\"elementor-widget-wrap\">\n\t\t\t\t\t\t\t<\/div>\n\t\t<\/div>\n\t\t\t\t\t<\/div>\n\t\t<\/section>\n\t\t\t\t<div class=\"elementor-element elementor-element-ccb3fff elementor-widget elementor-widget-spacer\" data-id=\"ccb3fff\" data-element_type=\"widget\" data-widget_type=\"spacer.default\">\n\t\t\t\t<div class=\"elementor-widget-container\">\n\t\t\t\t\t\t\t<div class=\"elementor-spacer\">\n\t\t\t<div class=\"elementor-spacer-inner\"><\/div>\n\t\t<\/div>\n\t\t\t\t\t\t<\/div>\n\t\t\t\t<\/div>\n\t\t\t\t\t<\/div>\n\t\t<\/div>\n\t\t\t\t\t<\/div>\n\t\t<\/section>\n\t\t\t\t<section class=\"elementor-section elementor-top-section elementor-element elementor-element-676df99 elementor-section-boxed elementor-section-height-default elementor-section-height-default\" data-id=\"676df99\" data-element_type=\"section\">\n\t\t\t\t\t\t<div class=\"elementor-container elementor-column-gap-default\">\n\t\t\t\t\t<div class=\"elementor-column elementor-col-50 elementor-top-column elementor-element elementor-element-93e6af8\" data-id=\"93e6af8\" data-element_type=\"column\">\n\t\t\t<div class=\"elementor-widget-wrap elementor-element-populated\">\n\t\t\t\t\t\t<div class=\"elementor-element elementor-element-a15fe13 elementor-widget elementor-widget-spacer\" data-id=\"a15fe13\" data-element_type=\"widget\" data-widget_type=\"spacer.default\">\n\t\t\t\t<div class=\"elementor-widget-container\">\n\t\t\t\t\t\t\t<div class=\"elementor-spacer\">\n\t\t\t<div class=\"elementor-spacer-inner\"><\/div>\n\t\t<\/div>\n\t\t\t\t\t\t<\/div>\n\t\t\t\t<\/div>\n\t\t\t\t<div class=\"elementor-element elementor-element-31b7f90 elementor-widget elementor-widget-heading\" data-id=\"31b7f90\" data-element_type=\"widget\" data-widget_type=\"heading.default\">\n\t\t\t\t<div class=\"elementor-widget-container\">\n\t\t\t\t\t<h2 class=\"elementor-heading-title elementor-size-default\">Vehicle mechanics Szczecin Plonia<\/h2>\t\t\t\t<\/div>\n\t\t\t\t<\/div>\n\t\t\t\t<div class=\"elementor-element elementor-element-3fa2ca6 elementor-widget elementor-widget-text-editor\" data-id=\"3fa2ca6\" data-element_type=\"widget\" data-widget_type=\"text-editor.default\">\n\t\t\t\t<div class=\"elementor-widget-container\">\n\t\t\t\t\t\t\t\t\t<p>Vehicle Mechanics Szczecin, specialists in servicing vehicles in Szczecin. We are a trusted local auto repair shop that has been serving the residents of our city and surrounding areas for years. You can find us in the center of Szczecin, where we take care of the technical condition of your car with passion and commitment.<br \/><b>Our Team<\/b><br \/>Our team consists of experienced mechanics who have a thorough knowledge of vehicle mechanics. Regular training and courses keep us up to date with the latest trends and technologies in the industry.<br \/><b>Our Services<\/b><br \/>We specialize in a wide range of services related to vehicle mechanics. Our offer includes periodic inspections, current repairs, computer diagnostics, engine repairs, tire replacement, air conditioning service and much more.<br \/>We always focus on the quality of our services. We use state-of-the-art diagnostic tools and equipment, as well as high-quality spare parts. This allows us to ensure that your car is always in top condition and is safe on the road.<br \/>Feel free to contact us to learn more about our services or to schedule a visit to our workshop. Our team is always ready to answer your questions and provide professional advice.<br \/>Mechanika Pojazdowa Szczecin - we are your vehicle mechanics specialist. Trust us and experience the quality you are looking for.<\/p>\t\t\t\t\t\t\t\t<\/div>\n\t\t\t\t<\/div>\n\t\t\t\t\t<\/div>\n\t\t<\/div>\n\t\t\t\t<div class=\"elementor-column elementor-col-50 elementor-top-column elementor-element elementor-element-37d4928\" data-id=\"37d4928\" data-element_type=\"column\">\n\t\t\t<div class=\"elementor-widget-wrap elementor-element-populated\">\n\t\t\t\t\t\t<div class=\"elementor-element elementor-element-cd14c95 elementor-widget elementor-widget-image\" data-id=\"cd14c95\" data-element_type=\"widget\" data-widget_type=\"image.default\">\n\t\t\t\t<div class=\"elementor-widget-container\">\n\t\t\t\t\t\t\t\t\t\t\t\t\t\t\t<img fetchpriority=\"high\" decoding=\"async\" width=\"800\" height=\"800\" src=\"https:\/\/xn--rjgara-upb.pl\/wp-content\/uploads\/2023\/05\/Untitled-design-11-1024x1024.png\" class=\"attachment-large size-large wp-image-6655\" alt=\"\" srcset=\"https:\/\/xn--rjgara-upb.pl\/wp-content\/uploads\/2023\/05\/Untitled-design-11-1024x1024.png 1024w, https:\/\/xn--rjgara-upb.pl\/wp-content\/uploads\/2023\/05\/Untitled-design-11-300x300.png 300w, https:\/\/xn--rjgara-upb.pl\/wp-content\/uploads\/2023\/05\/Untitled-design-11-150x150.png 150w, https:\/\/xn--rjgara-upb.pl\/wp-content\/uploads\/2023\/05\/Untitled-design-11-768x768.png 768w, https:\/\/xn--rjgara-upb.pl\/wp-content\/uploads\/2023\/05\/Untitled-design-11.png 1080w\" sizes=\"(max-width: 800px) 100vw, 800px\" title=\"\">\t\t\t\t\t\t\t\t\t\t\t\t\t\t\t<\/div>\n\t\t\t\t<\/div>\n\t\t\t\t\t<\/div>\n\t\t<\/div>\n\t\t\t\t\t<\/div>\n\t\t<\/section>\n\t\t\t\t<\/div>","protected":false},"excerpt":{"rendered":"<p>Mechanika Pojazdowa Szczecin Mechanika Pojazdowa Szczecin P\u0142onia Mechanika Pojazdowa Szczecin, specjali\u015bci od serwisowania pojazd\u00f3w w Szczecinie. Jeste\u015bmy zaufanym, lokalnym warsztatem samochodowym, kt\u00f3ry od lat s\u0142u\u017cy mieszka\u0144com naszego miasta i okolic. Znajdziesz nas w centrum Szczecina, gdzie z pasj\u0105 i zaanga\u017cowaniem dbamy o stan techniczny Twojego samochodu.Nasz Zesp\u00f3\u0142Nasz zesp\u00f3\u0142 sk\u0142ada si\u0119 z do\u015bwiadczonych mechanik\u00f3w, kt\u00f3rzy posiadaj\u0105 [&hellip;]<\/p>","protected":false},"author":1,"featured_media":0,"parent":0,"menu_order":0,"comment_status":"closed","ping_status":"closed","template":"","meta":{"footnotes":""},"class_list":["post-191","page","type-page","status-publish","hentry"],"_links":{"self":[{"href":"https:\/\/xn--rjgara-upb.pl\/en\/wp-json\/wp\/v2\/pages\/191","targetHints":{"allow":["GET"]}}],"collection":[{"href":"https:\/\/xn--rjgara-upb.pl\/en\/wp-json\/wp\/v2\/pages"}],"about":[{"href":"https:\/\/xn--rjgara-upb.pl\/en\/wp-json\/wp\/v2\/types\/page"}],"author":[{"embeddable":true,"href":"https:\/\/xn--rjgara-upb.pl\/en\/wp-json\/wp\/v2\/users\/1"}],"replies":[{"embeddable":true,"href":"https:\/\/xn--rjgara-upb.pl\/en\/wp-json\/wp\/v2\/comments?post=191"}],"version-history":[{"count":61,"href":"https:\/\/xn--rjgara-upb.pl\/en\/wp-json\/wp\/v2\/pages\/191\/revisions"}],"predecessor-version":[{"id":6925,"href":"https:\/\/xn--rjgara-upb.pl\/en\/wp-json\/wp\/v2\/pages\/191\/revisions\/6925"}],"wp:attachment":[{"href":"https:\/\/xn--rjgara-upb.pl\/en\/wp-json\/wp\/v2\/media?parent=191"}],"curies":[{"name":"wp","href":"https:\/\/api.w.org\/{rel}","templated":true}]}}