{"id":6699,"date":"2023-05-25T15:39:33","date_gmt":"2023-05-25T13:39:33","guid":{"rendered":"http:\/\/xn--rjgara-upb.pl\/?page_id=6699"},"modified":"2023-07-04T14:58:14","modified_gmt":"2023-07-04T12:58:14","slug":"periodic-car-tests-szczecin-plonia","status":"publish","type":"page","link":"https:\/\/xn--rjgara-upb.pl\/en\/periodic-car-tests-szczecin-plonia\/","title":{"rendered":"Periodic car tests Szczecin Plonia"},"content":{"rendered":"<style>.elementor-6699 .elementor-element.elementor-element-d0436cb:not(.elementor-motion-effects-element-type-background), .elementor-6699 .elementor-element.elementor-element-d0436cb > .elementor-motion-effects-container > .elementor-motion-effects-layer{background-image:url(\"https:\/\/xn--rjgara-upb.pl\/wp-content\/uploads\/2022\/10\/Untitled-design-69.png\");background-position:center center;background-repeat:no-repeat;background-size:cover;}.elementor-6699 .elementor-element.elementor-element-d0436cb{transition:background 0.3s, border 0.3s, border-radius 0.3s, box-shadow 0.3s;}.elementor-6699 .elementor-element.elementor-element-d0436cb > .elementor-background-overlay{transition:background 0.3s, border-radius 0.3s, opacity 0.3s;}.elementor-6699 .elementor-element.elementor-element-ffcf01e{--spacer-size:98px;}.elementor-6699 .elementor-element.elementor-element-7a9984a{--spacer-size:50px;}.elementor-6699 .elementor-element.elementor-element-95a1245{--spacer-size:10px;}.elementor-6699 .elementor-element.elementor-element-94ac0cb{--spacer-size:50px;}.elementor-6699 .elementor-element.elementor-element-ff772ce{--spacer-size:50px;}.elementor-6699 .elementor-element.elementor-element-d71d394{text-align:start;}.elementor-6699 .elementor-element.elementor-element-d71d394 .elementor-heading-title{font-family:\"Open Sans\", Sans-serif;font-size:32px;font-weight:600;color:#000000;}.elementor-6699 .elementor-element.elementor-element-acaf2a7{font-family:\"Open Sans\", Sans-serif;font-size:16px;font-weight:400;line-height:24px;color:#000000;}:root{--page-title-display:none;}@media(min-width:768px){.elementor-6699 .elementor-element.elementor-element-e51b564{width:20%;}.elementor-6699 .elementor-element.elementor-element-e914083{width:59.332%;}.elementor-6699 .elementor-element.elementor-element-5c066a4{width:20%;}.elementor-6699 .elementor-element.elementor-element-0da7615{width:50%;}.elementor-6699 .elementor-element.elementor-element-5034d31{width:49.913%;}}<\/style>\t\t<div data-elementor-type=\"wp-page\" data-elementor-id=\"6699\" class=\"elementor elementor-6699\" data-elementor-post-type=\"page\">\n\t\t\t\t\t\t<section class=\"elementor-section elementor-top-section elementor-element elementor-element-d0436cb elementor-section-full_width elementor-section-stretched elementor-section-height-default elementor-section-height-default\" data-id=\"d0436cb\" data-element_type=\"section\" data-settings=\"{&quot;stretch_section&quot;:&quot;section-stretched&quot;,&quot;background_background&quot;:&quot;classic&quot;}\">\n\t\t\t\t\t\t<div class=\"elementor-container elementor-column-gap-no\">\n\t\t\t\t\t<div class=\"elementor-column elementor-col-100 elementor-top-column elementor-element elementor-element-d72e59d\" data-id=\"d72e59d\" data-element_type=\"column\">\n\t\t\t<div class=\"elementor-widget-wrap elementor-element-populated\">\n\t\t\t\t\t\t<section class=\"elementor-section elementor-inner-section elementor-element elementor-element-165aa82 elementor-section-boxed elementor-section-height-default elementor-section-height-default\" data-id=\"165aa82\" data-element_type=\"section\">\n\t\t\t\t\t\t<div class=\"elementor-container elementor-column-gap-default\">\n\t\t\t\t\t<div class=\"elementor-column elementor-col-33 elementor-inner-column elementor-element elementor-element-e51b564\" data-id=\"e51b564\" data-element_type=\"column\">\n\t\t\t<div class=\"elementor-widget-wrap\">\n\t\t\t\t\t\t\t<\/div>\n\t\t<\/div>\n\t\t\t\t<div class=\"elementor-column elementor-col-33 elementor-inner-column elementor-element elementor-element-e914083\" data-id=\"e914083\" data-element_type=\"column\">\n\t\t\t<div class=\"elementor-widget-wrap elementor-element-populated\">\n\t\t\t\t\t\t<div class=\"elementor-element elementor-element-ffcf01e elementor-widget elementor-widget-spacer\" data-id=\"ffcf01e\" data-element_type=\"widget\" data-widget_type=\"spacer.default\">\n\t\t\t\t<div class=\"elementor-widget-container\">\n\t\t\t\t\t\t\t<div class=\"elementor-spacer\">\n\t\t\t<div class=\"elementor-spacer-inner\"><\/div>\n\t\t<\/div>\n\t\t\t\t\t\t<\/div>\n\t\t\t\t<\/div>\n\t\t\t\t<div class=\"elementor-element elementor-element-7a9984a elementor-widget elementor-widget-spacer\" data-id=\"7a9984a\" data-element_type=\"widget\" data-widget_type=\"spacer.default\">\n\t\t\t\t<div class=\"elementor-widget-container\">\n\t\t\t\t\t\t\t<div class=\"elementor-spacer\">\n\t\t\t<div class=\"elementor-spacer-inner\"><\/div>\n\t\t<\/div>\n\t\t\t\t\t\t<\/div>\n\t\t\t\t<\/div>\n\t\t\t\t<div class=\"elementor-element elementor-element-95a1245 elementor-widget elementor-widget-spacer\" data-id=\"95a1245\" data-element_type=\"widget\" data-widget_type=\"spacer.default\">\n\t\t\t\t<div class=\"elementor-widget-container\">\n\t\t\t\t\t\t\t<div class=\"elementor-spacer\">\n\t\t\t<div class=\"elementor-spacer-inner\"><\/div>\n\t\t<\/div>\n\t\t\t\t\t\t<\/div>\n\t\t\t\t<\/div>\n\t\t\t\t\t<\/div>\n\t\t<\/div>\n\t\t\t\t<div class=\"elementor-column elementor-col-33 elementor-inner-column elementor-element elementor-element-5c066a4\" data-id=\"5c066a4\" data-element_type=\"column\">\n\t\t\t<div class=\"elementor-widget-wrap\">\n\t\t\t\t\t\t\t<\/div>\n\t\t<\/div>\n\t\t\t\t\t<\/div>\n\t\t<\/section>\n\t\t\t\t<div class=\"elementor-element elementor-element-94ac0cb elementor-widget elementor-widget-spacer\" data-id=\"94ac0cb\" data-element_type=\"widget\" data-widget_type=\"spacer.default\">\n\t\t\t\t<div class=\"elementor-widget-container\">\n\t\t\t\t\t\t\t<div class=\"elementor-spacer\">\n\t\t\t<div class=\"elementor-spacer-inner\"><\/div>\n\t\t<\/div>\n\t\t\t\t\t\t<\/div>\n\t\t\t\t<\/div>\n\t\t\t\t\t<\/div>\n\t\t<\/div>\n\t\t\t\t\t<\/div>\n\t\t<\/section>\n\t\t\t\t<section class=\"elementor-section elementor-top-section elementor-element elementor-element-612efc8 elementor-section-boxed elementor-section-height-default elementor-section-height-default\" data-id=\"612efc8\" data-element_type=\"section\">\n\t\t\t\t\t\t<div class=\"elementor-container elementor-column-gap-default\">\n\t\t\t\t\t<div class=\"elementor-column elementor-col-50 elementor-top-column elementor-element elementor-element-0da7615\" data-id=\"0da7615\" data-element_type=\"column\">\n\t\t\t<div class=\"elementor-widget-wrap elementor-element-populated\">\n\t\t\t\t\t\t<div class=\"elementor-element elementor-element-ff772ce elementor-widget elementor-widget-spacer\" data-id=\"ff772ce\" data-element_type=\"widget\" data-widget_type=\"spacer.default\">\n\t\t\t\t<div class=\"elementor-widget-container\">\n\t\t\t\t\t\t\t<div class=\"elementor-spacer\">\n\t\t\t<div class=\"elementor-spacer-inner\"><\/div>\n\t\t<\/div>\n\t\t\t\t\t\t<\/div>\n\t\t\t\t<\/div>\n\t\t\t\t<section class=\"elementor-section elementor-inner-section elementor-element elementor-element-4e5e804 elementor-section-boxed elementor-section-height-default elementor-section-height-default\" data-id=\"4e5e804\" data-element_type=\"section\">\n\t\t\t\t\t\t<div class=\"elementor-container elementor-column-gap-default\">\n\t\t\t\t\t<div class=\"elementor-column elementor-col-100 elementor-inner-column elementor-element elementor-element-615f431\" data-id=\"615f431\" data-element_type=\"column\">\n\t\t\t<div class=\"elementor-widget-wrap elementor-element-populated\">\n\t\t\t\t\t\t<div class=\"elementor-element elementor-element-d71d394 elementor-widget elementor-widget-heading\" data-id=\"d71d394\" data-element_type=\"widget\" data-widget_type=\"heading.default\">\n\t\t\t\t<div class=\"elementor-widget-container\">\n\t\t\t\t\t<h1 class=\"elementor-heading-title elementor-size-default\">Periodic car tests Szczecin Plonia<\/h1>\t\t\t\t<\/div>\n\t\t\t\t<\/div>\n\t\t\t\t<div class=\"elementor-element elementor-element-acaf2a7 elementor-widget elementor-widget-text-editor\" data-id=\"acaf2a7\" data-element_type=\"widget\" data-widget_type=\"text-editor.default\">\n\t\t\t\t<div class=\"elementor-widget-container\">\n\t\t\t\t\t\t\t\t\t<p>Welcome to R J Garage - your trusted partner for periodic car inspections in Szczecin Plonia!<br>At our workshop, we offer comprehensive periodic checkup services, which are essential for keeping your car in top condition and ensuring safe driving. Our experienced team of mechanics is equipped with state-of-the-art tools and has extensive knowledge to perform thorough examinations and give you peace of mind on the road.<\/p>\n<p>Our range of periodic car inspection services includes:<\/p>\n<ol>\n<li>Technical inspection: our team performs a comprehensive inspection of your vehicle, checking key components such as brakes, steering, suspension, lighting, tires, exhaust system and more. This allows us to identify any faults and ensure they are repaired before more serious problems occur.<\/li>\n<li>Computer Diagnostics: Our advanced diagnostic equipment allows us to perform a thorough computer diagnosis of your car. This allows us to check that all systems and components are working properly, including the engine, ABS system, airbags, traction control systems and more. This allows us to detect even minor problems and ensure their effective repair.<\/li>\n<li>Exhaust emissions measurement: As an accredited workshop, we also perform emissions testing to make sure your car meets current environmental standards. In this way, we can help you maintain cleaner air and meet the law's emission requirements.<\/li>\n<li>Lighting tests: Efficient lighting is crucial to driving safety, so we perform detailed lighting tests, including inspection of the low beam, high beam, position lights, emergency lights and rear license plate. If we find any defects, we will repair them or recommend replacing the appropriate bulbs.<\/li>\n<li>Brake Performance Testing: Brakes are one of the most important components for safe driving. We conduct detailed brake performance tests, including measuring the thickness of brake pads and discs<\/li>\n<\/ol>\n<p>Welcome to R J Garage - your trusted partner for car computer diagnostics in Szczecin Plonia!<\/p>\t\t\t\t\t\t\t\t<\/div>\n\t\t\t\t<\/div>\n\t\t\t\t\t<\/div>\n\t\t<\/div>\n\t\t\t\t\t<\/div>\n\t\t<\/section>\n\t\t\t\t\t<\/div>\n\t\t<\/div>\n\t\t\t\t<div class=\"elementor-column elementor-col-50 elementor-top-column elementor-element elementor-element-5034d31\" data-id=\"5034d31\" data-element_type=\"column\">\n\t\t\t<div class=\"elementor-widget-wrap elementor-element-populated\">\n\t\t\t\t\t\t<div class=\"elementor-element elementor-element-e9f765b elementor-widget elementor-widget-image\" data-id=\"e9f765b\" data-element_type=\"widget\" data-widget_type=\"image.default\">\n\t\t\t\t<div class=\"elementor-widget-container\">\n\t\t\t\t\t\t\t\t\t\t\t\t\t\t\t<img fetchpriority=\"high\" decoding=\"async\" width=\"800\" height=\"800\" src=\"https:\/\/xn--rjgara-upb.pl\/wp-content\/uploads\/2022\/10\/Untitled-design-69-1024x1024.png\" class=\"attachment-large size-large wp-image-1068\" alt=\"\" srcset=\"https:\/\/xn--rjgara-upb.pl\/wp-content\/uploads\/2022\/10\/Untitled-design-69-1024x1024.png 1024w, https:\/\/xn--rjgara-upb.pl\/wp-content\/uploads\/2022\/10\/Untitled-design-69-300x300.png 300w, https:\/\/xn--rjgara-upb.pl\/wp-content\/uploads\/2022\/10\/Untitled-design-69-150x150.png 150w, https:\/\/xn--rjgara-upb.pl\/wp-content\/uploads\/2022\/10\/Untitled-design-69-768x768.png 768w, https:\/\/xn--rjgara-upb.pl\/wp-content\/uploads\/2022\/10\/Untitled-design-69.png 1080w\" sizes=\"(max-width: 800px) 100vw, 800px\" title=\"\">\t\t\t\t\t\t\t\t\t\t\t\t\t\t\t<\/div>\n\t\t\t\t<\/div>\n\t\t\t\t<section class=\"elementor-section elementor-inner-section elementor-element elementor-element-65af817 elementor-section-boxed elementor-section-height-default elementor-section-height-default\" data-id=\"65af817\" data-element_type=\"section\">\n\t\t\t\t\t\t<div class=\"elementor-container elementor-column-gap-default\">\n\t\t\t\t\t<div class=\"elementor-column elementor-col-50 elementor-inner-column elementor-element elementor-element-c6a80c6\" data-id=\"c6a80c6\" data-element_type=\"column\">\n\t\t\t<div class=\"elementor-widget-wrap elementor-element-populated\">\n\t\t\t\t\t\t<div class=\"elementor-element elementor-element-5b096df elementor-widget elementor-widget-image\" data-id=\"5b096df\" data-element_type=\"widget\" data-widget_type=\"image.default\">\n\t\t\t\t<div class=\"elementor-widget-container\">\n\t\t\t\t\t\t\t\t\t\t\t\t\t\t\t<img decoding=\"async\" width=\"800\" height=\"800\" src=\"https:\/\/xn--rjgara-upb.pl\/wp-content\/uploads\/2023\/05\/Untitled-design-27-1024x1024.png\" class=\"attachment-large size-large wp-image-6840\" alt=\"\" srcset=\"https:\/\/xn--rjgara-upb.pl\/wp-content\/uploads\/2023\/05\/Untitled-design-27-1024x1024.png 1024w, https:\/\/xn--rjgara-upb.pl\/wp-content\/uploads\/2023\/05\/Untitled-design-27-300x300.png 300w, https:\/\/xn--rjgara-upb.pl\/wp-content\/uploads\/2023\/05\/Untitled-design-27-150x150.png 150w, https:\/\/xn--rjgara-upb.pl\/wp-content\/uploads\/2023\/05\/Untitled-design-27-768x768.png 768w, https:\/\/xn--rjgara-upb.pl\/wp-content\/uploads\/2023\/05\/Untitled-design-27.png 1080w\" sizes=\"(max-width: 800px) 100vw, 800px\" title=\"\">\t\t\t\t\t\t\t\t\t\t\t\t\t\t\t<\/div>\n\t\t\t\t<\/div>\n\t\t\t\t\t<\/div>\n\t\t<\/div>\n\t\t\t\t<div class=\"elementor-column elementor-col-50 elementor-inner-column elementor-element elementor-element-4b8b8fa\" data-id=\"4b8b8fa\" data-element_type=\"column\">\n\t\t\t<div class=\"elementor-widget-wrap elementor-element-populated\">\n\t\t\t\t\t\t<div class=\"elementor-element elementor-element-c362c9a elementor-widget elementor-widget-image\" data-id=\"c362c9a\" data-element_type=\"widget\" data-widget_type=\"image.default\">\n\t\t\t\t<div class=\"elementor-widget-container\">\n\t\t\t\t\t\t\t\t\t\t\t\t\t\t\t<img decoding=\"async\" width=\"800\" height=\"800\" src=\"https:\/\/xn--rjgara-upb.pl\/wp-content\/uploads\/2023\/05\/Untitled-design-28-1024x1024.png\" class=\"attachment-large size-large wp-image-6843\" alt=\"\" srcset=\"https:\/\/xn--rjgara-upb.pl\/wp-content\/uploads\/2023\/05\/Untitled-design-28-1024x1024.png 1024w, https:\/\/xn--rjgara-upb.pl\/wp-content\/uploads\/2023\/05\/Untitled-design-28-300x300.png 300w, https:\/\/xn--rjgara-upb.pl\/wp-content\/uploads\/2023\/05\/Untitled-design-28-150x150.png 150w, https:\/\/xn--rjgara-upb.pl\/wp-content\/uploads\/2023\/05\/Untitled-design-28-768x768.png 768w, https:\/\/xn--rjgara-upb.pl\/wp-content\/uploads\/2023\/05\/Untitled-design-28.png 1080w\" sizes=\"(max-width: 800px) 100vw, 800px\" title=\"\">\t\t\t\t\t\t\t\t\t\t\t\t\t\t\t<\/div>\n\t\t\t\t<\/div>\n\t\t\t\t\t<\/div>\n\t\t<\/div>\n\t\t\t\t\t<\/div>\n\t\t<\/section>\n\t\t\t\t<section class=\"elementor-section elementor-inner-section elementor-element elementor-element-d03cdae elementor-section-boxed elementor-section-height-default elementor-section-height-default\" data-id=\"d03cdae\" data-element_type=\"section\">\n\t\t\t\t\t\t<div class=\"elementor-container elementor-column-gap-default\">\n\t\t\t\t\t<div class=\"elementor-column elementor-col-50 elementor-inner-column elementor-element elementor-element-a389082\" data-id=\"a389082\" data-element_type=\"column\">\n\t\t\t<div class=\"elementor-widget-wrap elementor-element-populated\">\n\t\t\t\t\t\t<div class=\"elementor-element elementor-element-1312cec elementor-widget elementor-widget-image\" data-id=\"1312cec\" data-element_type=\"widget\" data-widget_type=\"image.default\">\n\t\t\t\t<div class=\"elementor-widget-container\">\n\t\t\t\t\t\t\t\t\t\t\t\t\t\t\t<img loading=\"lazy\" decoding=\"async\" width=\"800\" height=\"800\" src=\"https:\/\/xn--rjgara-upb.pl\/wp-content\/uploads\/2023\/05\/Untitled-design-11-1024x1024.png\" class=\"attachment-large size-large wp-image-6655\" alt=\"\" srcset=\"https:\/\/xn--rjgara-upb.pl\/wp-content\/uploads\/2023\/05\/Untitled-design-11-1024x1024.png 1024w, https:\/\/xn--rjgara-upb.pl\/wp-content\/uploads\/2023\/05\/Untitled-design-11-300x300.png 300w, https:\/\/xn--rjgara-upb.pl\/wp-content\/uploads\/2023\/05\/Untitled-design-11-150x150.png 150w, https:\/\/xn--rjgara-upb.pl\/wp-content\/uploads\/2023\/05\/Untitled-design-11-768x768.png 768w, https:\/\/xn--rjgara-upb.pl\/wp-content\/uploads\/2023\/05\/Untitled-design-11.png 1080w\" sizes=\"(max-width: 800px) 100vw, 800px\" title=\"\">\t\t\t\t\t\t\t\t\t\t\t\t\t\t\t<\/div>\n\t\t\t\t<\/div>\n\t\t\t\t\t<\/div>\n\t\t<\/div>\n\t\t\t\t<div class=\"elementor-column elementor-col-50 elementor-inner-column elementor-element elementor-element-8aadc87\" data-id=\"8aadc87\" data-element_type=\"column\">\n\t\t\t<div class=\"elementor-widget-wrap elementor-element-populated\">\n\t\t\t\t\t\t<div class=\"elementor-element elementor-element-a973926 elementor-widget elementor-widget-image\" data-id=\"a973926\" data-element_type=\"widget\" data-widget_type=\"image.default\">\n\t\t\t\t<div class=\"elementor-widget-container\">\n\t\t\t\t\t\t\t\t\t\t\t\t\t\t\t<img loading=\"lazy\" decoding=\"async\" width=\"800\" height=\"800\" src=\"https:\/\/xn--rjgara-upb.pl\/wp-content\/uploads\/2023\/05\/Untitled-design-32-1024x1024.png\" class=\"attachment-large size-large wp-image-6863\" alt=\"\" srcset=\"https:\/\/xn--rjgara-upb.pl\/wp-content\/uploads\/2023\/05\/Untitled-design-32-1024x1024.png 1024w, https:\/\/xn--rjgara-upb.pl\/wp-content\/uploads\/2023\/05\/Untitled-design-32-300x300.png 300w, https:\/\/xn--rjgara-upb.pl\/wp-content\/uploads\/2023\/05\/Untitled-design-32-150x150.png 150w, https:\/\/xn--rjgara-upb.pl\/wp-content\/uploads\/2023\/05\/Untitled-design-32-768x768.png 768w, https:\/\/xn--rjgara-upb.pl\/wp-content\/uploads\/2023\/05\/Untitled-design-32.png 1080w\" sizes=\"(max-width: 800px) 100vw, 800px\" title=\"\">\t\t\t\t\t\t\t\t\t\t\t\t\t\t\t<\/div>\n\t\t\t\t<\/div>\n\t\t\t\t\t<\/div>\n\t\t<\/div>\n\t\t\t\t\t<\/div>\n\t\t<\/section>\n\t\t\t\t\t<\/div>\n\t\t<\/div>\n\t\t\t\t\t<\/div>\n\t\t<\/section>\n\t\t\t\t<\/div>","protected":false},"excerpt":{"rendered":"<p>Badania okresowe samochodu Szczecin P\u0142onia Witamy w R J Gara\u017c &#8211; Twoim zaufanym partnerze w dziedzinie bada\u0144 okresowych samochodu w Szczecinie P\u0142onia!W naszym warsztacie oferujemy kompleksowe us\u0142ugi bada\u0144 okresowych, kt\u00f3re s\u0105 niezb\u0119dne dla utrzymania Twojego samochodu w doskona\u0142ej kondycji i zapewnienia bezpiecznej jazdy. Nasz do\u015bwiadczony zesp\u00f3\u0142 mechanik\u00f3w jest wyposa\u017cony w najnowocze\u015bniejsze narz\u0119dzia i posiada szerok\u0105 [&hellip;]<\/p>","protected":false},"author":1,"featured_media":607,"parent":0,"menu_order":0,"comment_status":"closed","ping_status":"closed","template":"","meta":{"footnotes":""},"class_list":["post-6699","page","type-page","status-publish","has-post-thumbnail","hentry"],"_links":{"self":[{"href":"https:\/\/xn--rjgara-upb.pl\/en\/wp-json\/wp\/v2\/pages\/6699","targetHints":{"allow":["GET"]}}],"collection":[{"href":"https:\/\/xn--rjgara-upb.pl\/en\/wp-json\/wp\/v2\/pages"}],"about":[{"href":"https:\/\/xn--rjgara-upb.pl\/en\/wp-json\/wp\/v2\/types\/page"}],"author":[{"embeddable":true,"href":"https:\/\/xn--rjgara-upb.pl\/en\/wp-json\/wp\/v2\/users\/1"}],"replies":[{"embeddable":true,"href":"https:\/\/xn--rjgara-upb.pl\/en\/wp-json\/wp\/v2\/comments?post=6699"}],"version-history":[{"count":23,"href":"https:\/\/xn--rjgara-upb.pl\/en\/wp-json\/wp\/v2\/pages\/6699\/revisions"}],"predecessor-version":[{"id":6904,"href":"https:\/\/xn--rjgara-upb.pl\/en\/wp-json\/wp\/v2\/pages\/6699\/revisions\/6904"}],"wp:featuredmedia":[{"embeddable":true,"href":"https:\/\/xn--rjgara-upb.pl\/en\/wp-json\/wp\/v2\/media\/607"}],"wp:attachment":[{"href":"https:\/\/xn--rjgara-upb.pl\/en\/wp-json\/wp\/v2\/media?parent=6699"}],"curies":[{"name":"wp","href":"https:\/\/api.w.org\/{rel}","templated":true}]}}