{"id":6889,"date":"2023-05-31T08:47:22","date_gmt":"2023-05-31T06:47:22","guid":{"rendered":"http:\/\/xn--rjgara-upb.pl\/?page_id=6889"},"modified":"2023-07-04T15:36:08","modified_gmt":"2023-07-04T13:36:08","slug":"car-purchase-szczecin-plonia","status":"publish","type":"page","link":"https:\/\/xn--rjgara-upb.pl\/en\/car-purchase-szczecin-plonia\/","title":{"rendered":"Car Buying Szczecin Plonia"},"content":{"rendered":"<style>.elementor-6889 .elementor-element.elementor-element-9ea2d13{--spacer-size:10px;}.elementor-6889 .elementor-element.elementor-element-c55deb2{text-align:start;}.elementor-6889 .elementor-element.elementor-element-c55deb2 .elementor-heading-title{font-family:\"Open Sans\", Sans-serif;font-size:32px;font-weight:600;color:#000000;}.elementor-6889 .elementor-element.elementor-element-271b88f{font-family:\"Open Sans\", Sans-serif;font-size:16px;font-weight:400;line-height:24px;color:#000000;}.elementor-6889 .elementor-element.elementor-element-22d752a .elementor-button{background-color:#AD0000;text-decoration:none;fill:#FFFFFF;color:#FFFFFF;}:root{--page-title-display:none;}<\/style>\t\t<div data-elementor-type=\"wp-page\" data-elementor-id=\"6889\" class=\"elementor elementor-6889\" data-elementor-post-type=\"page\">\n\t\t\t\t\t\t<section class=\"elementor-section elementor-top-section elementor-element elementor-element-cc1cd73 elementor-section-boxed elementor-section-height-default elementor-section-height-default\" data-id=\"cc1cd73\" data-element_type=\"section\">\n\t\t\t\t\t\t<div class=\"elementor-container elementor-column-gap-default\">\n\t\t\t\t\t<div class=\"elementor-column elementor-col-100 elementor-top-column elementor-element elementor-element-cbca996\" data-id=\"cbca996\" data-element_type=\"column\">\n\t\t\t<div class=\"elementor-widget-wrap elementor-element-populated\">\n\t\t\t\t\t\t<div class=\"elementor-element elementor-element-9ea2d13 elementor-widget elementor-widget-spacer\" data-id=\"9ea2d13\" data-element_type=\"widget\" data-widget_type=\"spacer.default\">\n\t\t\t\t<div class=\"elementor-widget-container\">\n\t\t\t\t\t\t\t<div class=\"elementor-spacer\">\n\t\t\t<div class=\"elementor-spacer-inner\"><\/div>\n\t\t<\/div>\n\t\t\t\t\t\t<\/div>\n\t\t\t\t<\/div>\n\t\t\t\t<div class=\"elementor-element elementor-element-c55deb2 elementor-widget elementor-widget-heading\" data-id=\"c55deb2\" data-element_type=\"widget\" data-widget_type=\"heading.default\">\n\t\t\t\t<div class=\"elementor-widget-container\">\n\t\t\t\t\t<h2 class=\"elementor-heading-title elementor-size-default\">Car purchase up to 5 thousand - Szczecin Plonia<\/h2>\t\t\t\t<\/div>\n\t\t\t\t<\/div>\n\t\t\t\t<div class=\"elementor-element elementor-element-271b88f elementor-widget elementor-widget-text-editor\" data-id=\"271b88f\" data-element_type=\"widget\" data-widget_type=\"text-editor.default\">\n\t\t\t\t<div class=\"elementor-widget-container\">\n\t\t\t\t\t\t\t\t\t<p>Welcome to RJ Garage - your professional partner in buying cars up to 5 thousand zloty!<\/p><p>If you are looking for a proven place where you can sell your car for an attractive price and without unnecessary paperwork, you have come to the perfect place! At RJ Garage, we have many years of experience in the car buying industry and always focus on the satisfaction of our customers.<\/p><p>Our goal is to make the process of selling your car as simple and convenient as possible. That's why we offer a comprehensive service that includes not only a quick valuation, but also the handling of all the paperwork associated with the transaction.<\/p><p>Our qualified team of experts will carefully evaluate your car and offer a fair and competitive price. Regardless of the make, model or condition of the car, we are interested in any vehicle. We buy both cars and vans, regardless of the year of manufacture.<\/p><p>Once you accept our offer, we will take care of all the formalities related to the transfer of ownership of the vehicle. Drawing up a contract, reporting the car to the relevant institutions - all this will be within our scope. Thus, you save time and nerves, and we guarantee you a fast and safe transaction.<\/p><p>Our philosophy is based on transparency and honesty. There are no hidden fees or unpleasant surprises. We want you to feel comfortable and confident throughout the car buying process.<\/p><p>If you are interested in selling your car up to 5k and want to arrange it efficiently and smoothly, contact us today. Our friendly and professional advisors will be happy to answer all your questions and arrange a visit to our garage.<\/p><p>RJ Garage - your reliable partner in buying cars up to 5 thousand zloty. Sell your car with us and enjoy a safe transaction!<\/p>\t\t\t\t\t\t\t\t<\/div>\n\t\t\t\t<\/div>\n\t\t\t\t<div class=\"elementor-element elementor-element-22d752a elementor-align-left elementor-widget elementor-widget-button\" data-id=\"22d752a\" data-element_type=\"widget\" data-widget_type=\"button.default\">\n\t\t\t\t<div class=\"elementor-widget-container\">\n\t\t\t\t\t\t\t\t\t<div class=\"elementor-button-wrapper\">\n\t\t\t\t\t<a class=\"elementor-button elementor-button-link elementor-size-sm\" href=\"tel:+48%20698%20987%20131\">\n\t\t\t\t\t\t<span class=\"elementor-button-content-wrapper\">\n\t\t\t\t\t\t\t\t\t<span class=\"elementor-button-text\">Tel: +48 698 987 131<\/span>\n\t\t\t\t\t<\/span>\n\t\t\t\t\t<\/a>\n\t\t\t\t<\/div>\n\t\t\t\t\t\t\t\t<\/div>\n\t\t\t\t<\/div>\n\t\t\t\t\t<\/div>\n\t\t<\/div>\n\t\t\t\t\t<\/div>\n\t\t<\/section>\n\t\t\t\t<\/div>","protected":false},"excerpt":{"rendered":"<p>Skup samochod\u00f3w do 5 tys &#8211; Szczecin P\u0142onia Witamy w RJ Gara\u017c &#8211; Twoim profesjonalnym partnerze w skupie samochod\u00f3w do 5 tys. z\u0142otych! Je\u015bli szukasz sprawdzonego miejsca, gdzie mo\u017cesz sprzeda\u0107 sw\u00f3j samoch\u00f3d za atrakcyjn\u0105 cen\u0119 i bez zb\u0119dnych formalno\u015bci, to trafi\u0142e\u015b idealnie! W RJ Gara\u017c mamy wieloletnie do\u015bwiadczenie w bran\u017cy skupu samochod\u00f3w i zawsze stawiamy [&hellip;]<\/p>","protected":false},"author":1,"featured_media":0,"parent":0,"menu_order":0,"comment_status":"closed","ping_status":"closed","template":"","meta":{"footnotes":""},"class_list":["post-6889","page","type-page","status-publish","hentry"],"_links":{"self":[{"href":"https:\/\/xn--rjgara-upb.pl\/en\/wp-json\/wp\/v2\/pages\/6889","targetHints":{"allow":["GET"]}}],"collection":[{"href":"https:\/\/xn--rjgara-upb.pl\/en\/wp-json\/wp\/v2\/pages"}],"about":[{"href":"https:\/\/xn--rjgara-upb.pl\/en\/wp-json\/wp\/v2\/types\/page"}],"author":[{"embeddable":true,"href":"https:\/\/xn--rjgara-upb.pl\/en\/wp-json\/wp\/v2\/users\/1"}],"replies":[{"embeddable":true,"href":"https:\/\/xn--rjgara-upb.pl\/en\/wp-json\/wp\/v2\/comments?post=6889"}],"version-history":[{"count":9,"href":"https:\/\/xn--rjgara-upb.pl\/en\/wp-json\/wp\/v2\/pages\/6889\/revisions"}],"predecessor-version":[{"id":6939,"href":"https:\/\/xn--rjgara-upb.pl\/en\/wp-json\/wp\/v2\/pages\/6889\/revisions\/6939"}],"wp:attachment":[{"href":"https:\/\/xn--rjgara-upb.pl\/en\/wp-json\/wp\/v2\/media?parent=6889"}],"curies":[{"name":"wp","href":"https:\/\/api.w.org\/{rel}","templated":true}]}}