{"id":6945,"date":"2023-07-11T21:47:08","date_gmt":"2023-07-11T19:47:08","guid":{"rendered":"http:\/\/xn--rjgara-upb.pl\/?page_id=6945"},"modified":"2024-02-21T13:05:48","modified_gmt":"2024-02-21T12:05:48","slug":"oil-change-szczecin-plonia","status":"publish","type":"page","link":"https:\/\/xn--rjgara-upb.pl\/en\/oil-change-szczecin-plonia\/","title":{"rendered":"Oil change"},"content":{"rendered":"<style>.elementor-6945 .elementor-element.elementor-element-abde131{--display:flex;--min-height:400px;--flex-direction:column;--container-widget-width:100%;--container-widget-height:initial;--container-widget-flex-grow:0;--container-widget-align-self:initial;--flex-wrap-mobile:wrap;--justify-content:center;--overlay-opacity:0.5;}.elementor-6945 .elementor-element.elementor-element-abde131:not(.elementor-motion-effects-element-type-background), .elementor-6945 .elementor-element.elementor-element-abde131 > .elementor-motion-effects-container > .elementor-motion-effects-layer{background-image:url(\"https:\/\/xn--rjgara-upb.pl\/wp-content\/uploads\/2023\/07\/cover-4-1024x646.jpg\");background-position:center center;background-repeat:no-repeat;background-size:cover;}.elementor-6945 .elementor-element.elementor-element-abde131::before, .elementor-6945 .elementor-element.elementor-element-abde131 > .elementor-background-video-container::before, .elementor-6945 .elementor-element.elementor-element-abde131 > .e-con-inner > .elementor-background-video-container::before, .elementor-6945 .elementor-element.elementor-element-abde131 > .elementor-background-slideshow::before, .elementor-6945 .elementor-element.elementor-element-abde131 > .e-con-inner > .elementor-background-slideshow::before, .elementor-6945 .elementor-element.elementor-element-abde131 > .elementor-motion-effects-container > .elementor-motion-effects-layer::before{background-color:#020101CF;--background-overlay:'';}.elementor-6945 .elementor-element.elementor-element-0eb9027 > .elementor-widget-container{margin:0px 0px 0px 0px;}.elementor-6945 .elementor-element.elementor-element-0eb9027{text-align:center;}.elementor-6945 .elementor-element.elementor-element-0eb9027 .elementor-heading-title{font-family:\"Georgia\", Sans-serif;font-size:55px;color:#FFFFFF;}.elementor-6945 .elementor-element.elementor-element-8d6de05{--display:flex;--flex-direction:row;--container-widget-width:initial;--container-widget-height:100%;--container-widget-flex-grow:1;--container-widget-align-self:stretch;--flex-wrap-mobile:wrap;--gap:0px 0px;--row-gap:0px;--column-gap:0px;--margin-top:45px;--margin-bottom:0px;--margin-left:0px;--margin-right:0px;}.elementor-6945 .elementor-element.elementor-element-1c40c7d{--display:flex;--flex-direction:column;--container-widget-width:100%;--container-widget-height:initial;--container-widget-flex-grow:0;--container-widget-align-self:initial;--flex-wrap-mobile:wrap;}.elementor-6945 .elementor-element.elementor-element-fd87bbf{text-align:center;}.elementor-6945 .elementor-element.elementor-element-fd87bbf .elementor-heading-title{font-family:\"Georgia\", Sans-serif;color:#161414;}.elementor-6945 .elementor-element.elementor-element-192180a{text-align:center;}.elementor-6945 .elementor-element.elementor-element-632a223 > .elementor-widget-container{margin:0px 0px 0px 0px;}.elementor-6945 .elementor-element.elementor-element-3edbe8f > .elementor-widget-container{margin:0px 0px 0px 0px;}.elementor-6945 .elementor-element.elementor-element-ccaaceb{--display:flex;--flex-direction:column;--container-widget-width:100%;--container-widget-height:initial;--container-widget-flex-grow:0;--container-widget-align-self:initial;--flex-wrap-mobile:wrap;}.elementor-6945 .elementor-element.elementor-element-ba19a11{--display:flex;--flex-direction:column;--container-widget-width:100%;--container-widget-height:initial;--container-widget-flex-grow:0;--container-widget-align-self:initial;--flex-wrap-mobile:wrap;--margin-top:5px;--margin-bottom:0px;--margin-left:0px;--margin-right:0px;}.elementor-6945 .elementor-element.elementor-element-fb5b29e .elementor-wrapper{--video-aspect-ratio:1.77777;}.elementor-6945 .elementor-element.elementor-element-cf74980{--display:grid;--e-con-grid-template-columns:repeat(2, 1fr);--e-con-grid-template-rows:repeat(2, 1fr);--gap:15px 10px;--row-gap:15px;--column-gap:10px;--grid-auto-flow:row;--margin-top:15px;--margin-bottom:0px;--margin-left:0px;--margin-right:0px;}:root{--page-title-display:none;}@media(min-width:768px){.elementor-6945 .elementor-element.elementor-element-1c40c7d{--width:50%;}.elementor-6945 .elementor-element.elementor-element-ccaaceb{--width:50%;}}@media(max-width:1024px){.elementor-6945 .elementor-element.elementor-element-abde131{--justify-content:center;}.elementor-6945 .elementor-element.elementor-element-0eb9027 > .elementor-widget-container{margin:0px 0px 0px 0px;}.elementor-6945 .elementor-element.elementor-element-0eb9027 .elementor-heading-title{font-size:40px;}.elementor-6945 .elementor-element.elementor-element-fd87bbf .elementor-heading-title{font-size:30px;}.elementor-6945 .elementor-element.elementor-element-632a223{font-size:15px;}.elementor-6945 .elementor-element.elementor-element-3edbe8f{font-size:15px;}.elementor-6945 .elementor-element.elementor-element-cf74980{--grid-auto-flow:row;}.elementor-6945 .elementor-element.elementor-element-f471deb img{height:175px;}.elementor-6945 .elementor-element.elementor-element-8756b53 img{height:175px;}.elementor-6945 .elementor-element.elementor-element-c663e2b img{height:175px;}.elementor-6945 .elementor-element.elementor-element-1b03da5 img{height:175px;}}@media(max-width:767px){.elementor-6945 .elementor-element.elementor-element-abde131{--min-height:200px;--justify-content:center;}.elementor-6945 .elementor-element.elementor-element-0eb9027 > .elementor-widget-container{margin:0px 0px 0px 0px;padding:0px 0px 0px 0px;}.elementor-6945 .elementor-element.elementor-element-0eb9027 .elementor-heading-title{font-size:25px;}.elementor-6945 .elementor-element.elementor-element-fd87bbf .elementor-heading-title{font-size:30px;}.elementor-6945 .elementor-element.elementor-element-cf74980{--e-con-grid-template-columns:repeat(1, 1fr);--grid-auto-flow:row;}}<\/style>\t\t<div data-elementor-type=\"wp-page\" data-elementor-id=\"6945\" class=\"elementor elementor-6945\" data-elementor-post-type=\"page\">\n\t\t\t\t<div class=\"elementor-element elementor-element-abde131 e-flex e-con-boxed e-con e-parent\" data-id=\"abde131\" data-element_type=\"container\" data-settings=\"{&quot;background_background&quot;:&quot;classic&quot;}\">\n\t\t\t\t\t<div class=\"e-con-inner\">\n\t\t\t\t<div class=\"elementor-element elementor-element-0eb9027 elementor-widget elementor-widget-heading\" data-id=\"0eb9027\" data-element_type=\"widget\" data-widget_type=\"heading.default\">\n\t\t\t\t<div class=\"elementor-widget-container\">\n\t\t\t\t\t<h1 class=\"elementor-heading-title elementor-size-large\">Oil change Szczecin\n Plonia<\/h1>\t\t\t\t<\/div>\n\t\t\t\t<\/div>\n\t\t\t\t\t<\/div>\n\t\t\t\t<\/div>\n\t\t<div class=\"elementor-element elementor-element-8d6de05 e-flex e-con-boxed e-con e-parent\" data-id=\"8d6de05\" data-element_type=\"container\">\n\t\t\t\t\t<div class=\"e-con-inner\">\n\t\t<div class=\"elementor-element elementor-element-1c40c7d e-con-full e-flex e-con e-child\" data-id=\"1c40c7d\" data-element_type=\"container\">\n\t\t\t\t<div class=\"elementor-element elementor-element-fd87bbf elementor-widget elementor-widget-heading\" data-id=\"fd87bbf\" data-element_type=\"widget\" data-widget_type=\"heading.default\">\n\t\t\t\t<div class=\"elementor-widget-container\">\n\t\t\t\t\t<h1 class=\"elementor-heading-title elementor-size-default\">Oil change Szczecin\n Plonia\n<\/h1>\t\t\t\t<\/div>\n\t\t\t\t<\/div>\n\t\t\t\t<div class=\"elementor-element elementor-element-192180a elementor-widget elementor-widget-heading\" data-id=\"192180a\" data-element_type=\"widget\" data-widget_type=\"heading.default\">\n\t\t\t\t<div class=\"elementor-widget-container\">\n\t\t\t\t\t<h6 class=\"elementor-heading-title elementor-size-default\">With the purchase of a filter, oil changes free of charge.<\/h6>\t\t\t\t<\/div>\n\t\t\t\t<\/div>\n\t\t\t\t<div class=\"elementor-element elementor-element-632a223 elementor-widget elementor-widget-text-editor\" data-id=\"632a223\" data-element_type=\"widget\" data-widget_type=\"text-editor.default\">\n\t\t\t\t<div class=\"elementor-widget-container\">\n\t\t\t\t\t\t\t\t\t<p>Welcome to RJ GARAGE - your professional garage in Szczecin-P\u0142oni! We are a specialized team of mechanics offering comprehensive oil change services for all brands of cars.<\/p>\t\t\t\t\t\t\t\t<\/div>\n\t\t\t\t<\/div>\n\t\t\t\t<div class=\"elementor-element elementor-element-3edbe8f elementor-widget elementor-widget-text-editor\" data-id=\"3edbe8f\" data-element_type=\"widget\" data-widget_type=\"text-editor.default\">\n\t\t\t\t<div class=\"elementor-widget-container\">\n\t\t\t\t\t\t\t\t\t<ol><li>At RJ GARAGE, we know how important it is to maintain proper oil levels in your car. That's why we offer fast and effective oil changes that will not only keep your engine running smoothly, but also provide long-lasting protection from wear and damage.<\/li><li>Our experienced team of mechanics is very familiar with the different types of oil and their specifications for different car brands. This allows us to customize the oil change process for your vehicle, ensuring the best quality and performance.<\/li><li>When you come to our workshop, you can rest assured that your car will be serviced by qualified staff dedicated to the highest standards of work. We use state-of-the-art tools and technology to ensure an efficient and trouble-free oil change for your vehicle.<\/li><li>We not only take care of oil changes, but also the safety of your car. Our team also performs an initial diagnostic, checking the condition of the oil filter and other important components that may need repair. If necessary, we will suggest additional services or repairs to keep your car in top shape.<\/li><li>Our goal is to provide you with comprehensive service, comfort and satisfaction. That's why we focus on professionalism, honesty and punctuality. We know how valuable your time is, so we strive to carry out oil changes in the shortest possible time, without any delays.<\/li><li>We look forward to seeing you at RJ GARAZ to provide your car with the best care and optimal oil changes. Contact us today to schedule an appointment or ask questions about our services. We are ready to serve you in Szczecin-Pleasant and take care of your automotive needs!<\/li><\/ol>\t\t\t\t\t\t\t\t<\/div>\n\t\t\t\t<\/div>\n\t\t\t\t<\/div>\n\t\t<div class=\"elementor-element elementor-element-ccaaceb e-con-full e-flex e-con e-child\" data-id=\"ccaaceb\" data-element_type=\"container\">\n\t\t<div class=\"elementor-element elementor-element-ba19a11 e-flex e-con-boxed e-con e-child\" data-id=\"ba19a11\" data-element_type=\"container\">\n\t\t\t\t\t<div class=\"e-con-inner\">\n\t\t\t\t<div class=\"elementor-element elementor-element-fb5b29e elementor-widget elementor-widget-video\" data-id=\"fb5b29e\" data-element_type=\"widget\" data-settings=\"{&quot;youtube_url&quot;:&quot;https:\\\/\\\/youtu.be\\\/gTpTY7UjQuE&quot;,&quot;video_type&quot;:&quot;youtube&quot;,&quot;controls&quot;:&quot;yes&quot;}\" data-widget_type=\"video.default\">\n\t\t\t\t<div class=\"elementor-widget-container\">\n\t\t\t\t\t\t\t<div class=\"elementor-wrapper elementor-open-inline\">\n\t\t\t<div class=\"elementor-video\"><\/div>\t\t<\/div>\n\t\t\t\t\t\t<\/div>\n\t\t\t\t<\/div>\n\t\t\t\t\t<\/div>\n\t\t\t\t<\/div>\n\t\t<div class=\"elementor-element elementor-element-cf74980 e-grid e-con-boxed e-con e-child\" data-id=\"cf74980\" data-element_type=\"container\">\n\t\t\t\t\t<div class=\"e-con-inner\">\n\t\t\t\t<div class=\"elementor-element elementor-element-f471deb elementor-widget elementor-widget-image\" data-id=\"f471deb\" data-element_type=\"widget\" data-widget_type=\"image.default\">\n\t\t\t\t<div class=\"elementor-widget-container\">\n\t\t\t\t\t\t\t\t\t\t\t\t\t\t\t<img fetchpriority=\"high\" decoding=\"async\" width=\"276\" height=\"183\" src=\"https:\/\/xn--rjgara-upb.pl\/wp-content\/uploads\/2023\/07\/7.jpg\" class=\"attachment-large size-large wp-image-6966\" alt=\"\" title=\"\">\t\t\t\t\t\t\t\t\t\t\t\t\t\t\t<\/div>\n\t\t\t\t<\/div>\n\t\t\t\t<div class=\"elementor-element elementor-element-8756b53 elementor-widget elementor-widget-image\" data-id=\"8756b53\" data-element_type=\"widget\" data-widget_type=\"image.default\">\n\t\t\t\t<div class=\"elementor-widget-container\">\n\t\t\t\t\t\t\t\t\t\t\t\t\t\t\t<img decoding=\"async\" width=\"700\" height=\"467\" src=\"https:\/\/xn--rjgara-upb.pl\/wp-content\/uploads\/2023\/07\/3.webp\" class=\"attachment-large size-large wp-image-6963\" alt=\"\" srcset=\"https:\/\/xn--rjgara-upb.pl\/wp-content\/uploads\/2023\/07\/3.webp 700w, https:\/\/xn--rjgara-upb.pl\/wp-content\/uploads\/2023\/07\/3-300x200.webp 300w\" sizes=\"(max-width: 700px) 100vw, 700px\" title=\"\">\t\t\t\t\t\t\t\t\t\t\t\t\t\t\t<\/div>\n\t\t\t\t<\/div>\n\t\t\t\t<div class=\"elementor-element elementor-element-c663e2b elementor-widget elementor-widget-image\" data-id=\"c663e2b\" data-element_type=\"widget\" data-widget_type=\"image.default\">\n\t\t\t\t<div class=\"elementor-widget-container\">\n\t\t\t\t\t\t\t\t\t\t\t\t\t\t\t<img decoding=\"async\" width=\"800\" height=\"534\" src=\"https:\/\/xn--rjgara-upb.pl\/wp-content\/uploads\/2023\/07\/5-1024x683.webp\" class=\"attachment-large size-large wp-image-6964\" alt=\"\" srcset=\"https:\/\/xn--rjgara-upb.pl\/wp-content\/uploads\/2023\/07\/5-1024x683.webp 1024w, https:\/\/xn--rjgara-upb.pl\/wp-content\/uploads\/2023\/07\/5-300x200.webp 300w, https:\/\/xn--rjgara-upb.pl\/wp-content\/uploads\/2023\/07\/5-768x512.webp 768w, https:\/\/xn--rjgara-upb.pl\/wp-content\/uploads\/2023\/07\/5-1536x1024.webp 1536w, https:\/\/xn--rjgara-upb.pl\/wp-content\/uploads\/2023\/07\/5.webp 1581w\" sizes=\"(max-width: 800px) 100vw, 800px\" title=\"\">\t\t\t\t\t\t\t\t\t\t\t\t\t\t\t<\/div>\n\t\t\t\t<\/div>\n\t\t\t\t<div class=\"elementor-element elementor-element-1b03da5 elementor-widget elementor-widget-image\" data-id=\"1b03da5\" data-element_type=\"widget\" data-widget_type=\"image.default\">\n\t\t\t\t<div class=\"elementor-widget-container\">\n\t\t\t\t\t\t\t\t\t\t\t\t\t\t\t<img loading=\"lazy\" decoding=\"async\" width=\"800\" height=\"534\" src=\"https:\/\/xn--rjgara-upb.pl\/wp-content\/uploads\/2023\/07\/9-1.webp\" class=\"attachment-large size-large wp-image-6965\" alt=\"\" srcset=\"https:\/\/xn--rjgara-upb.pl\/wp-content\/uploads\/2023\/07\/9-1.webp 800w, https:\/\/xn--rjgara-upb.pl\/wp-content\/uploads\/2023\/07\/9-1-300x200.webp 300w, https:\/\/xn--rjgara-upb.pl\/wp-content\/uploads\/2023\/07\/9-1-768x513.webp 768w\" sizes=\"(max-width: 800px) 100vw, 800px\" title=\"\">\t\t\t\t\t\t\t\t\t\t\t\t\t\t\t<\/div>\n\t\t\t\t<\/div>\n\t\t\t\t\t<\/div>\n\t\t\t\t<\/div>\n\t\t\t\t<\/div>\n\t\t\t\t\t<\/div>\n\t\t\t\t<\/div>\n\t\t\t\t<\/div>","protected":false},"excerpt":{"rendered":"<p>Wymiana Oleju Szczecin P\u0142onia\u200b Wymiana Oleju Szczecin P\u0142onia Przy zakupie filtra wymiana oleju gratis. Witamy w RJ GARA\u017b \u2013 Twoim profesjonalnym warsztacie w Szczecinie-P\u0142oni! Jeste\u015bmy wyspecjalizowanym zespo\u0142em mechanik\u00f3w oferuj\u0105cym kompleksowe us\u0142ugi zwi\u0105zane z wymian\u0105 oleju w samochodach wszystkich marek. W RJ GARA\u017b wiemy jak wa\u017cne jest utrzymanie prawid\u0142owego poziomu oleju w samochodzie. Dlatego oferujemy szybk\u0105 [&hellip;]<\/p>","protected":false},"author":1,"featured_media":0,"parent":0,"menu_order":0,"comment_status":"closed","ping_status":"closed","template":"","meta":{"footnotes":""},"class_list":["post-6945","page","type-page","status-publish","hentry"],"_links":{"self":[{"href":"https:\/\/xn--rjgara-upb.pl\/en\/wp-json\/wp\/v2\/pages\/6945","targetHints":{"allow":["GET"]}}],"collection":[{"href":"https:\/\/xn--rjgara-upb.pl\/en\/wp-json\/wp\/v2\/pages"}],"about":[{"href":"https:\/\/xn--rjgara-upb.pl\/en\/wp-json\/wp\/v2\/types\/page"}],"author":[{"embeddable":true,"href":"https:\/\/xn--rjgara-upb.pl\/en\/wp-json\/wp\/v2\/users\/1"}],"replies":[{"embeddable":true,"href":"https:\/\/xn--rjgara-upb.pl\/en\/wp-json\/wp\/v2\/comments?post=6945"}],"version-history":[{"count":26,"href":"https:\/\/xn--rjgara-upb.pl\/en\/wp-json\/wp\/v2\/pages\/6945\/revisions"}],"predecessor-version":[{"id":12409,"href":"https:\/\/xn--rjgara-upb.pl\/en\/wp-json\/wp\/v2\/pages\/6945\/revisions\/12409"}],"wp:attachment":[{"href":"https:\/\/xn--rjgara-upb.pl\/en\/wp-json\/wp\/v2\/media?parent=6945"}],"curies":[{"name":"wp","href":"https:\/\/api.w.org\/{rel}","templated":true}]}}