{"id":89,"date":"2022-08-15T18:17:45","date_gmt":"2022-08-15T16:17:45","guid":{"rendered":"http:\/\/xn--rjgara-upb.pl\/?page_id=89"},"modified":"2023-07-04T15:07:34","modified_gmt":"2023-07-04T13:07:34","slug":"wymiana-opon-szczecin-plonia","status":"publish","type":"page","link":"https:\/\/xn--rjgara-upb.pl\/en\/wymiana-opon-szczecin-plonia\/","title":{"rendered":"Wymiana Opon Szczecin P\u0142onia"},"content":{"rendered":"<style>.elementor-89 .elementor-element.elementor-element-9db8a6c:not(.elementor-motion-effects-element-type-background), .elementor-89 .elementor-element.elementor-element-9db8a6c > .elementor-motion-effects-container > .elementor-motion-effects-layer{background-image:url(\"https:\/\/xn--rjgara-upb.pl\/wp-content\/uploads\/2023\/05\/Modern-Minimal-Technology-Background-Banner.png\");background-position:center center;background-repeat:no-repeat;background-size:cover;}.elementor-89 .elementor-element.elementor-element-9db8a6c{transition:background 0.3s, border 0.3s, border-radius 0.3s, box-shadow 0.3s;}.elementor-89 .elementor-element.elementor-element-9db8a6c > .elementor-background-overlay{transition:background 0.3s, border-radius 0.3s, opacity 0.3s;}.elementor-89 .elementor-element.elementor-element-f391c27{--spacer-size:98px;}.elementor-89 .elementor-element.elementor-element-a52eac8{text-align:center;}.elementor-89 .elementor-element.elementor-element-a52eac8 .elementor-heading-title{font-family:\"Open Sans\", Sans-serif;font-size:48px;font-weight:600;color:#FFFFFF;}.elementor-89 .elementor-element.elementor-element-7415afb{--spacer-size:50px;}.elementor-89 .elementor-element.elementor-element-c764bac{--spacer-size:10px;}.elementor-89 .elementor-element.elementor-element-35083a9{--spacer-size:50px;}.elementor-89 .elementor-element.elementor-element-a69aa18{--spacer-size:10px;}.elementor-89 .elementor-element.elementor-element-5462c43{--spacer-size:10px;}.elementor-89 .elementor-element.elementor-element-48b503d{font-family:\"Open Sans\", Sans-serif;font-size:16px;font-weight:400;line-height:24px;color:#000000;}:root{--page-title-display:none;}@media(min-width:768px){.elementor-89 .elementor-element.elementor-element-dcde3ce{width:20%;}.elementor-89 .elementor-element.elementor-element-1328a2b{width:59.332%;}.elementor-89 .elementor-element.elementor-element-b84a14f{width:20%;}.elementor-89 .elementor-element.elementor-element-bc77e41{width:50.789%;}.elementor-89 .elementor-element.elementor-element-e9ff8b0{width:49.124%;}}<\/style>\t\t<div data-elementor-type=\"wp-page\" data-elementor-id=\"89\" class=\"elementor elementor-89\" data-elementor-post-type=\"page\">\n\t\t\t\t\t\t<section class=\"elementor-section elementor-top-section elementor-element elementor-element-9db8a6c elementor-section-full_width elementor-section-stretched elementor-section-height-default elementor-section-height-default\" data-id=\"9db8a6c\" data-element_type=\"section\" data-settings=\"{&quot;stretch_section&quot;:&quot;section-stretched&quot;,&quot;background_background&quot;:&quot;classic&quot;}\">\n\t\t\t\t\t\t<div class=\"elementor-container elementor-column-gap-no\">\n\t\t\t\t\t<div class=\"elementor-column elementor-col-100 elementor-top-column elementor-element elementor-element-3a41553\" data-id=\"3a41553\" data-element_type=\"column\">\n\t\t\t<div class=\"elementor-widget-wrap elementor-element-populated\">\n\t\t\t\t\t\t<section class=\"elementor-section elementor-inner-section elementor-element elementor-element-97dcae6 elementor-section-boxed elementor-section-height-default elementor-section-height-default\" data-id=\"97dcae6\" data-element_type=\"section\">\n\t\t\t\t\t\t<div class=\"elementor-container elementor-column-gap-default\">\n\t\t\t\t\t<div class=\"elementor-column elementor-col-33 elementor-inner-column elementor-element elementor-element-dcde3ce\" data-id=\"dcde3ce\" data-element_type=\"column\">\n\t\t\t<div class=\"elementor-widget-wrap\">\n\t\t\t\t\t\t\t<\/div>\n\t\t<\/div>\n\t\t\t\t<div class=\"elementor-column elementor-col-33 elementor-inner-column elementor-element elementor-element-1328a2b\" data-id=\"1328a2b\" data-element_type=\"column\">\n\t\t\t<div class=\"elementor-widget-wrap elementor-element-populated\">\n\t\t\t\t\t\t<div class=\"elementor-element elementor-element-f391c27 elementor-widget elementor-widget-spacer\" data-id=\"f391c27\" data-element_type=\"widget\" data-widget_type=\"spacer.default\">\n\t\t\t\t<div class=\"elementor-widget-container\">\n\t\t\t\t\t\t\t<div class=\"elementor-spacer\">\n\t\t\t<div class=\"elementor-spacer-inner\"><\/div>\n\t\t<\/div>\n\t\t\t\t\t\t<\/div>\n\t\t\t\t<\/div>\n\t\t\t\t<div class=\"elementor-element elementor-element-a52eac8 elementor-widget elementor-widget-heading\" data-id=\"a52eac8\" data-element_type=\"widget\" data-widget_type=\"heading.default\">\n\t\t\t\t<div class=\"elementor-widget-container\">\n\t\t\t\t\t<h2 class=\"elementor-heading-title elementor-size-default\">Wymiana Opon Szczecin<\/h2>\t\t\t\t<\/div>\n\t\t\t\t<\/div>\n\t\t\t\t<div class=\"elementor-element elementor-element-7415afb elementor-widget elementor-widget-spacer\" data-id=\"7415afb\" data-element_type=\"widget\" data-widget_type=\"spacer.default\">\n\t\t\t\t<div class=\"elementor-widget-container\">\n\t\t\t\t\t\t\t<div class=\"elementor-spacer\">\n\t\t\t<div class=\"elementor-spacer-inner\"><\/div>\n\t\t<\/div>\n\t\t\t\t\t\t<\/div>\n\t\t\t\t<\/div>\n\t\t\t\t<div class=\"elementor-element elementor-element-c764bac elementor-widget elementor-widget-spacer\" data-id=\"c764bac\" data-element_type=\"widget\" data-widget_type=\"spacer.default\">\n\t\t\t\t<div class=\"elementor-widget-container\">\n\t\t\t\t\t\t\t<div class=\"elementor-spacer\">\n\t\t\t<div class=\"elementor-spacer-inner\"><\/div>\n\t\t<\/div>\n\t\t\t\t\t\t<\/div>\n\t\t\t\t<\/div>\n\t\t\t\t\t<\/div>\n\t\t<\/div>\n\t\t\t\t<div class=\"elementor-column elementor-col-33 elementor-inner-column elementor-element elementor-element-b84a14f\" data-id=\"b84a14f\" data-element_type=\"column\">\n\t\t\t<div class=\"elementor-widget-wrap\">\n\t\t\t\t\t\t\t<\/div>\n\t\t<\/div>\n\t\t\t\t\t<\/div>\n\t\t<\/section>\n\t\t\t\t<div class=\"elementor-element elementor-element-35083a9 elementor-widget elementor-widget-spacer\" data-id=\"35083a9\" data-element_type=\"widget\" data-widget_type=\"spacer.default\">\n\t\t\t\t<div class=\"elementor-widget-container\">\n\t\t\t\t\t\t\t<div class=\"elementor-spacer\">\n\t\t\t<div class=\"elementor-spacer-inner\"><\/div>\n\t\t<\/div>\n\t\t\t\t\t\t<\/div>\n\t\t\t\t<\/div>\n\t\t\t\t\t<\/div>\n\t\t<\/div>\n\t\t\t\t\t<\/div>\n\t\t<\/section>\n\t\t\t\t<section class=\"elementor-section elementor-top-section elementor-element elementor-element-f977ba7 elementor-section-boxed elementor-section-height-default elementor-section-height-default\" data-id=\"f977ba7\" data-element_type=\"section\">\n\t\t\t\t\t\t<div class=\"elementor-container elementor-column-gap-default\">\n\t\t\t\t\t<div class=\"elementor-column elementor-col-100 elementor-top-column elementor-element elementor-element-701b1d6\" data-id=\"701b1d6\" data-element_type=\"column\">\n\t\t\t<div class=\"elementor-widget-wrap elementor-element-populated\">\n\t\t\t\t\t\t<div class=\"elementor-element elementor-element-a69aa18 elementor-widget elementor-widget-spacer\" data-id=\"a69aa18\" data-element_type=\"widget\" data-widget_type=\"spacer.default\">\n\t\t\t\t<div class=\"elementor-widget-container\">\n\t\t\t\t\t\t\t<div class=\"elementor-spacer\">\n\t\t\t<div class=\"elementor-spacer-inner\"><\/div>\n\t\t<\/div>\n\t\t\t\t\t\t<\/div>\n\t\t\t\t<\/div>\n\t\t\t\t\t<\/div>\n\t\t<\/div>\n\t\t\t\t\t<\/div>\n\t\t<\/section>\n\t\t\t\t<section class=\"elementor-section elementor-top-section elementor-element elementor-element-f92c8c6 elementor-section-boxed elementor-section-height-default elementor-section-height-default\" data-id=\"f92c8c6\" data-element_type=\"section\">\n\t\t\t\t\t\t<div class=\"elementor-container elementor-column-gap-default\">\n\t\t\t\t\t<div class=\"elementor-column elementor-col-50 elementor-top-column elementor-element elementor-element-bc77e41\" data-id=\"bc77e41\" data-element_type=\"column\">\n\t\t\t<div class=\"elementor-widget-wrap elementor-element-populated\">\n\t\t\t\t\t\t<div class=\"elementor-element elementor-element-5462c43 elementor-widget elementor-widget-spacer\" data-id=\"5462c43\" data-element_type=\"widget\" data-widget_type=\"spacer.default\">\n\t\t\t\t<div class=\"elementor-widget-container\">\n\t\t\t\t\t\t\t<div class=\"elementor-spacer\">\n\t\t\t<div class=\"elementor-spacer-inner\"><\/div>\n\t\t<\/div>\n\t\t\t\t\t\t<\/div>\n\t\t\t\t<\/div>\n\t\t\t\t<div class=\"elementor-element elementor-element-48b503d elementor-widget elementor-widget-text-editor\" data-id=\"48b503d\" data-element_type=\"widget\" data-widget_type=\"text-editor.default\">\n\t\t\t\t<div class=\"elementor-widget-container\">\n\t\t\t\t\t\t\t\t\t<p>Nasze do\u015bwiadczone i wykwalifikowane zespo\u0142y mechaniczne s\u0105 gotowe, aby zapewni\u0107 Ci kompleksow\u0105 us\u0142ug\u0119 wymiany opon, kt\u00f3ra pozwoli Ci cieszy\u0107 si\u0119 bezpieczn\u0105 jazd\u0105 przez ca\u0142y rok. Niezale\u017cnie od marki i modelu Twojego samochodu, jeste\u015bmy przygotowani do profesjonalnej obs\u0142ugi i monta\u017cu opon, kt\u00f3re spe\u0142niaj\u0105 Twoje potrzeby i oczekiwania.<\/p><p>Nasza oferta us\u0142ug wymiany opon obejmuje:<\/p><ol><li>Demonta\u017c i monta\u017c: Nasz zesp\u00f3\u0142 przeprowadza precyzyjny demonta\u017c i monta\u017c opon, dbaj\u0105c o odpowiednie parametry i zalecenia producenta. Korzystaj\u0105c z najnowocze\u015bniejszych narz\u0119dzi i technik, zapewniamy, \u017ce opony s\u0105 bezpiecznie i dok\u0142adnie zamontowane, co gwarantuje prawid\u0142owe dzia\u0142anie i komfort jazdy.<\/li><li>Wywa\u017canie k\u00f3\u0142: Wywa\u017canie k\u00f3\u0142 jest kluczowe dla eliminacji drga\u0144 i nier\u00f3wno\u015bci podczas jazdy. Nasz specjalistyczny sprz\u0119t pozwala nam na precyzyjne wywa\u017cenie k\u00f3\u0142, co przek\u0142ada si\u0119 na r\u00f3wnomierne zu\u017cycie opon i lepsz\u0105 kontrol\u0119 nad pojazdem. Dzi\u0119ki temu zapewniamy Ci maksymalny komfort i bezpiecze\u0144stwo na drodze.<\/li><li>Przechowywanie opon: Je\u017celi nie masz miejsca do przechowywania opon, mo\u017cemy Ci pom\u00f3c! Oferujemy us\u0142ug\u0119 przechowywania opon w naszym bezpiecznym i odpowiednio skontrolowanym magazynie. Twoje opony b\u0119d\u0105 odpowiednio zabezpieczone i przechowywane zgodnie z najlepszymi standardami, gwarantuj\u0105c ich optymaln\u0105 kondycj\u0119 i trwa\u0142o\u015b\u0107.<\/li><li>Dob\u00f3r opon: Je\u015bli potrzebujesz nowych opon, nasz zesp\u00f3\u0142 doradzi Ci w wyborze odpowiednich opon, kt\u00f3re b\u0119d\u0105 najlepiej odpowiada\u0107 Twojemu pojazdowi, stylowi jazdy i warunkom drogowym. Dysponujemy szerokim wyborem opon r\u00f3\u017cnych marek i modeli, w tym letnich, zimowych i ca\u0142orocznych, aby zapewni\u0107 Ci optymaln\u0105 przyczepno\u015b\u0107 i wydajno\u015b\u0107 na ka\u017cd\u0105 por\u0119 roku.<\/li><li>Kontrola stanu opon: Podczas wymiany opon, nasz zesp\u00f3\u0142 przeprowadzi r\u00f3wnie\u017c kontrol\u0119 stanu Twoich opon, w tym ich g\u0142\u0119boko\u015b\u0107 bie\u017cnika i og\u00f3lne zu\u017cycie. Je\u017celi stwierdzimy, \u017ce Twoje opony wymagaj\u0105 wymiany, b\u0119dziemy w stanie zaproponowa\u0107 odpowiednie rozwi\u0105zania, aby utrzyma\u0107 bezpiecze\u0144stwo i osi\u0105gi Twojego pojazdu.<\/li><\/ol>\t\t\t\t\t\t\t\t<\/div>\n\t\t\t\t<\/div>\n\t\t\t\t\t<\/div>\n\t\t<\/div>\n\t\t\t\t<div class=\"elementor-column elementor-col-50 elementor-top-column elementor-element elementor-element-e9ff8b0\" data-id=\"e9ff8b0\" data-element_type=\"column\">\n\t\t\t<div class=\"elementor-widget-wrap elementor-element-populated\">\n\t\t\t\t\t\t<div class=\"elementor-element elementor-element-7e35089 elementor-widget elementor-widget-image\" data-id=\"7e35089\" data-element_type=\"widget\" data-widget_type=\"image.default\">\n\t\t\t\t<div class=\"elementor-widget-container\">\n\t\t\t\t\t\t\t\t\t\t\t\t\t\t\t<img fetchpriority=\"high\" decoding=\"async\" width=\"768\" height=\"768\" src=\"https:\/\/xn--rjgara-upb.pl\/wp-content\/uploads\/2023\/05\/Untitled-design-23-768x768.png\" class=\"attachment-medium_large size-medium_large wp-image-6806\" alt=\"\" srcset=\"https:\/\/xn--rjgara-upb.pl\/wp-content\/uploads\/2023\/05\/Untitled-design-23-768x768.png 768w, https:\/\/xn--rjgara-upb.pl\/wp-content\/uploads\/2023\/05\/Untitled-design-23-300x300.png 300w, https:\/\/xn--rjgara-upb.pl\/wp-content\/uploads\/2023\/05\/Untitled-design-23-1024x1024.png 1024w, https:\/\/xn--rjgara-upb.pl\/wp-content\/uploads\/2023\/05\/Untitled-design-23-150x150.png 150w, https:\/\/xn--rjgara-upb.pl\/wp-content\/uploads\/2023\/05\/Untitled-design-23.png 1080w\" sizes=\"(max-width: 768px) 100vw, 768px\" title=\"\">\t\t\t\t\t\t\t\t\t\t\t\t\t\t\t<\/div>\n\t\t\t\t<\/div>\n\t\t\t\t<section class=\"elementor-section elementor-inner-section elementor-element elementor-element-ce5bbba elementor-section-boxed elementor-section-height-default elementor-section-height-default\" data-id=\"ce5bbba\" data-element_type=\"section\">\n\t\t\t\t\t\t<div class=\"elementor-container elementor-column-gap-default\">\n\t\t\t\t\t<div class=\"elementor-column elementor-col-50 elementor-inner-column elementor-element elementor-element-1ebe318\" data-id=\"1ebe318\" data-element_type=\"column\">\n\t\t\t<div class=\"elementor-widget-wrap elementor-element-populated\">\n\t\t\t\t\t\t<div class=\"elementor-element elementor-element-6fcbf97 elementor-widget elementor-widget-image\" data-id=\"6fcbf97\" data-element_type=\"widget\" data-widget_type=\"image.default\">\n\t\t\t\t<div class=\"elementor-widget-container\">\n\t\t\t\t\t\t\t\t\t\t\t\t\t\t\t<img decoding=\"async\" width=\"800\" height=\"800\" src=\"https:\/\/xn--rjgara-upb.pl\/wp-content\/uploads\/2023\/05\/Untitled-design-24-1024x1024.png\" class=\"attachment-large size-large wp-image-6808\" alt=\"\" srcset=\"https:\/\/xn--rjgara-upb.pl\/wp-content\/uploads\/2023\/05\/Untitled-design-24-1024x1024.png 1024w, https:\/\/xn--rjgara-upb.pl\/wp-content\/uploads\/2023\/05\/Untitled-design-24-300x300.png 300w, https:\/\/xn--rjgara-upb.pl\/wp-content\/uploads\/2023\/05\/Untitled-design-24-150x150.png 150w, https:\/\/xn--rjgara-upb.pl\/wp-content\/uploads\/2023\/05\/Untitled-design-24-768x768.png 768w, https:\/\/xn--rjgara-upb.pl\/wp-content\/uploads\/2023\/05\/Untitled-design-24.png 1080w\" sizes=\"(max-width: 800px) 100vw, 800px\" title=\"\">\t\t\t\t\t\t\t\t\t\t\t\t\t\t\t<\/div>\n\t\t\t\t<\/div>\n\t\t\t\t\t<\/div>\n\t\t<\/div>\n\t\t\t\t<div class=\"elementor-column elementor-col-50 elementor-inner-column elementor-element elementor-element-96da2fc\" data-id=\"96da2fc\" data-element_type=\"column\">\n\t\t\t<div class=\"elementor-widget-wrap elementor-element-populated\">\n\t\t\t\t\t\t<div class=\"elementor-element elementor-element-df89ec4 elementor-widget elementor-widget-image\" data-id=\"df89ec4\" data-element_type=\"widget\" data-widget_type=\"image.default\">\n\t\t\t\t<div class=\"elementor-widget-container\">\n\t\t\t\t\t\t\t\t\t\t\t\t\t\t\t<img decoding=\"async\" width=\"300\" height=\"300\" src=\"https:\/\/xn--rjgara-upb.pl\/wp-content\/uploads\/2022\/10\/Untitled-design-67-300x300.png\" class=\"attachment-medium size-medium wp-image-1054\" alt=\"\" srcset=\"https:\/\/xn--rjgara-upb.pl\/wp-content\/uploads\/2022\/10\/Untitled-design-67-300x300.png 300w, https:\/\/xn--rjgara-upb.pl\/wp-content\/uploads\/2022\/10\/Untitled-design-67-1024x1024.png 1024w, https:\/\/xn--rjgara-upb.pl\/wp-content\/uploads\/2022\/10\/Untitled-design-67-150x150.png 150w, https:\/\/xn--rjgara-upb.pl\/wp-content\/uploads\/2022\/10\/Untitled-design-67-768x768.png 768w, https:\/\/xn--rjgara-upb.pl\/wp-content\/uploads\/2022\/10\/Untitled-design-67.png 1080w\" sizes=\"(max-width: 300px) 100vw, 300px\" title=\"\">\t\t\t\t\t\t\t\t\t\t\t\t\t\t\t<\/div>\n\t\t\t\t<\/div>\n\t\t\t\t\t<\/div>\n\t\t<\/div>\n\t\t\t\t\t<\/div>\n\t\t<\/section>\n\t\t\t\t\t<\/div>\n\t\t<\/div>\n\t\t\t\t\t<\/div>\n\t\t<\/section>\n\t\t\t\t<\/div>","protected":false},"excerpt":{"rendered":"<p>Wymiana Opon Szczecin Nasze do\u015bwiadczone i wykwalifikowane zespo\u0142y mechaniczne s\u0105 gotowe, aby zapewni\u0107 Ci kompleksow\u0105 us\u0142ug\u0119 wymiany opon, kt\u00f3ra pozwoli Ci cieszy\u0107 si\u0119 bezpieczn\u0105 jazd\u0105 przez ca\u0142y rok. Niezale\u017cnie od marki i modelu Twojego samochodu, jeste\u015bmy przygotowani do profesjonalnej obs\u0142ugi i monta\u017cu opon, kt\u00f3re spe\u0142niaj\u0105 Twoje potrzeby i oczekiwania. Nasza oferta us\u0142ug wymiany opon obejmuje: [&hellip;]<\/p>","protected":false},"author":1,"featured_media":0,"parent":0,"menu_order":0,"comment_status":"closed","ping_status":"closed","template":"","meta":{"footnotes":""},"class_list":["post-89","page","type-page","status-publish","hentry"],"_links":{"self":[{"href":"https:\/\/xn--rjgara-upb.pl\/en\/wp-json\/wp\/v2\/pages\/89","targetHints":{"allow":["GET"]}}],"collection":[{"href":"https:\/\/xn--rjgara-upb.pl\/en\/wp-json\/wp\/v2\/pages"}],"about":[{"href":"https:\/\/xn--rjgara-upb.pl\/en\/wp-json\/wp\/v2\/types\/page"}],"author":[{"embeddable":true,"href":"https:\/\/xn--rjgara-upb.pl\/en\/wp-json\/wp\/v2\/users\/1"}],"replies":[{"embeddable":true,"href":"https:\/\/xn--rjgara-upb.pl\/en\/wp-json\/wp\/v2\/comments?post=89"}],"version-history":[{"count":125,"href":"https:\/\/xn--rjgara-upb.pl\/en\/wp-json\/wp\/v2\/pages\/89\/revisions"}],"predecessor-version":[{"id":6937,"href":"https:\/\/xn--rjgara-upb.pl\/en\/wp-json\/wp\/v2\/pages\/89\/revisions\/6937"}],"wp:attachment":[{"href":"https:\/\/xn--rjgara-upb.pl\/en\/wp-json\/wp\/v2\/media?parent=89"}],"curies":[{"name":"wp","href":"https:\/\/api.w.org\/{rel}","templated":true}]}}