{"id":6699,"date":"2023-05-25T15:39:33","date_gmt":"2023-05-25T13:39:33","guid":{"rendered":"http:\/\/xn--rjgara-upb.pl\/?page_id=6699"},"modified":"2023-07-04T14:58:14","modified_gmt":"2023-07-04T12:58:14","slug":"inspectii-periodice-auto-szczecin-plony","status":"publish","type":"page","link":"https:\/\/xn--rjgara-upb.pl\/ro\/inspectii-periodice-auto-szczecin-plony\/","title":{"rendered":"Inspec\u021bie periodic\u0103 auto Szczecin Plonia"},"content":{"rendered":"<style>.elementor-6699 .elementor-element.elementor-element-d0436cb:not(.elementor-motion-effects-element-type-background), .elementor-6699 .elementor-element.elementor-element-d0436cb > .elementor-motion-effects-container > .elementor-motion-effects-layer{background-image:url(\"https:\/\/xn--rjgara-upb.pl\/wp-content\/uploads\/2022\/10\/Untitled-design-69.png\");background-position:center center;background-repeat:no-repeat;background-size:cover;}.elementor-6699 .elementor-element.elementor-element-d0436cb{transition:background 0.3s, border 0.3s, border-radius 0.3s, box-shadow 0.3s;}.elementor-6699 .elementor-element.elementor-element-d0436cb > .elementor-background-overlay{transition:background 0.3s, border-radius 0.3s, opacity 0.3s;}.elementor-6699 .elementor-element.elementor-element-ffcf01e{--spacer-size:98px;}.elementor-6699 .elementor-element.elementor-element-7a9984a{--spacer-size:50px;}.elementor-6699 .elementor-element.elementor-element-95a1245{--spacer-size:10px;}.elementor-6699 .elementor-element.elementor-element-94ac0cb{--spacer-size:50px;}.elementor-6699 .elementor-element.elementor-element-ff772ce{--spacer-size:50px;}.elementor-6699 .elementor-element.elementor-element-d71d394{text-align:start;}.elementor-6699 .elementor-element.elementor-element-d71d394 .elementor-heading-title{font-family:\"Open Sans\", Sans-serif;font-size:32px;font-weight:600;color:#000000;}.elementor-6699 .elementor-element.elementor-element-acaf2a7{font-family:\"Open Sans\", Sans-serif;font-size:16px;font-weight:400;line-height:24px;color:#000000;}:root{--page-title-display:none;}@media(min-width:768px){.elementor-6699 .elementor-element.elementor-element-e51b564{width:20%;}.elementor-6699 .elementor-element.elementor-element-e914083{width:59.332%;}.elementor-6699 .elementor-element.elementor-element-5c066a4{width:20%;}.elementor-6699 .elementor-element.elementor-element-0da7615{width:50%;}.elementor-6699 .elementor-element.elementor-element-5034d31{width:49.913%;}}<\/style>\t\t<div data-elementor-type=\"wp-page\" data-elementor-id=\"6699\" class=\"elementor elementor-6699\" data-elementor-post-type=\"page\">\n\t\t\t\t\t\t<section class=\"elementor-section elementor-top-section elementor-element elementor-element-d0436cb elementor-section-full_width elementor-section-stretched elementor-section-height-default elementor-section-height-default\" data-id=\"d0436cb\" data-element_type=\"section\" data-settings=\"{&quot;stretch_section&quot;:&quot;section-stretched&quot;,&quot;background_background&quot;:&quot;classic&quot;}\">\n\t\t\t\t\t\t<div class=\"elementor-container elementor-column-gap-no\">\n\t\t\t\t\t<div class=\"elementor-column elementor-col-100 elementor-top-column elementor-element elementor-element-d72e59d\" data-id=\"d72e59d\" data-element_type=\"column\">\n\t\t\t<div class=\"elementor-widget-wrap elementor-element-populated\">\n\t\t\t\t\t\t<section class=\"elementor-section elementor-inner-section elementor-element elementor-element-165aa82 elementor-section-boxed elementor-section-height-default elementor-section-height-default\" data-id=\"165aa82\" data-element_type=\"section\">\n\t\t\t\t\t\t<div class=\"elementor-container elementor-column-gap-default\">\n\t\t\t\t\t<div class=\"elementor-column elementor-col-33 elementor-inner-column elementor-element elementor-element-e51b564\" data-id=\"e51b564\" data-element_type=\"column\">\n\t\t\t<div class=\"elementor-widget-wrap\">\n\t\t\t\t\t\t\t<\/div>\n\t\t<\/div>\n\t\t\t\t<div class=\"elementor-column elementor-col-33 elementor-inner-column elementor-element elementor-element-e914083\" data-id=\"e914083\" data-element_type=\"column\">\n\t\t\t<div class=\"elementor-widget-wrap elementor-element-populated\">\n\t\t\t\t\t\t<div class=\"elementor-element elementor-element-ffcf01e elementor-widget elementor-widget-spacer\" data-id=\"ffcf01e\" data-element_type=\"widget\" data-widget_type=\"spacer.default\">\n\t\t\t\t<div class=\"elementor-widget-container\">\n\t\t\t\t\t\t\t<div class=\"elementor-spacer\">\n\t\t\t<div class=\"elementor-spacer-inner\"><\/div>\n\t\t<\/div>\n\t\t\t\t\t\t<\/div>\n\t\t\t\t<\/div>\n\t\t\t\t<div class=\"elementor-element elementor-element-7a9984a elementor-widget elementor-widget-spacer\" data-id=\"7a9984a\" data-element_type=\"widget\" data-widget_type=\"spacer.default\">\n\t\t\t\t<div class=\"elementor-widget-container\">\n\t\t\t\t\t\t\t<div class=\"elementor-spacer\">\n\t\t\t<div class=\"elementor-spacer-inner\"><\/div>\n\t\t<\/div>\n\t\t\t\t\t\t<\/div>\n\t\t\t\t<\/div>\n\t\t\t\t<div class=\"elementor-element elementor-element-95a1245 elementor-widget elementor-widget-spacer\" data-id=\"95a1245\" data-element_type=\"widget\" data-widget_type=\"spacer.default\">\n\t\t\t\t<div class=\"elementor-widget-container\">\n\t\t\t\t\t\t\t<div class=\"elementor-spacer\">\n\t\t\t<div class=\"elementor-spacer-inner\"><\/div>\n\t\t<\/div>\n\t\t\t\t\t\t<\/div>\n\t\t\t\t<\/div>\n\t\t\t\t\t<\/div>\n\t\t<\/div>\n\t\t\t\t<div class=\"elementor-column elementor-col-33 elementor-inner-column elementor-element elementor-element-5c066a4\" data-id=\"5c066a4\" data-element_type=\"column\">\n\t\t\t<div class=\"elementor-widget-wrap\">\n\t\t\t\t\t\t\t<\/div>\n\t\t<\/div>\n\t\t\t\t\t<\/div>\n\t\t<\/section>\n\t\t\t\t<div class=\"elementor-element elementor-element-94ac0cb elementor-widget elementor-widget-spacer\" data-id=\"94ac0cb\" data-element_type=\"widget\" data-widget_type=\"spacer.default\">\n\t\t\t\t<div class=\"elementor-widget-container\">\n\t\t\t\t\t\t\t<div class=\"elementor-spacer\">\n\t\t\t<div class=\"elementor-spacer-inner\"><\/div>\n\t\t<\/div>\n\t\t\t\t\t\t<\/div>\n\t\t\t\t<\/div>\n\t\t\t\t\t<\/div>\n\t\t<\/div>\n\t\t\t\t\t<\/div>\n\t\t<\/section>\n\t\t\t\t<section class=\"elementor-section elementor-top-section elementor-element elementor-element-612efc8 elementor-section-boxed elementor-section-height-default elementor-section-height-default\" data-id=\"612efc8\" data-element_type=\"section\">\n\t\t\t\t\t\t<div class=\"elementor-container elementor-column-gap-default\">\n\t\t\t\t\t<div class=\"elementor-column elementor-col-50 elementor-top-column elementor-element elementor-element-0da7615\" data-id=\"0da7615\" data-element_type=\"column\">\n\t\t\t<div class=\"elementor-widget-wrap elementor-element-populated\">\n\t\t\t\t\t\t<div class=\"elementor-element elementor-element-ff772ce elementor-widget elementor-widget-spacer\" data-id=\"ff772ce\" data-element_type=\"widget\" data-widget_type=\"spacer.default\">\n\t\t\t\t<div class=\"elementor-widget-container\">\n\t\t\t\t\t\t\t<div class=\"elementor-spacer\">\n\t\t\t<div class=\"elementor-spacer-inner\"><\/div>\n\t\t<\/div>\n\t\t\t\t\t\t<\/div>\n\t\t\t\t<\/div>\n\t\t\t\t<section class=\"elementor-section elementor-inner-section elementor-element elementor-element-4e5e804 elementor-section-boxed elementor-section-height-default elementor-section-height-default\" data-id=\"4e5e804\" data-element_type=\"section\">\n\t\t\t\t\t\t<div class=\"elementor-container elementor-column-gap-default\">\n\t\t\t\t\t<div class=\"elementor-column elementor-col-100 elementor-inner-column elementor-element elementor-element-615f431\" data-id=\"615f431\" data-element_type=\"column\">\n\t\t\t<div class=\"elementor-widget-wrap elementor-element-populated\">\n\t\t\t\t\t\t<div class=\"elementor-element elementor-element-d71d394 elementor-widget elementor-widget-heading\" data-id=\"d71d394\" data-element_type=\"widget\" data-widget_type=\"heading.default\">\n\t\t\t\t<div class=\"elementor-widget-container\">\n\t\t\t\t\t<h1 class=\"elementor-heading-title elementor-size-default\">Inspec\u021bie periodic\u0103 auto Szczecin Plonia<\/h1>\t\t\t\t<\/div>\n\t\t\t\t<\/div>\n\t\t\t\t<div class=\"elementor-element elementor-element-acaf2a7 elementor-widget elementor-widget-text-editor\" data-id=\"acaf2a7\" data-element_type=\"widget\" data-widget_type=\"text-editor.default\">\n\t\t\t\t<div class=\"elementor-widget-container\">\n\t\t\t\t\t\t\t\t\t<p>Bine a\u021bi venit la RJ Gara\u017c \u2013 partenerul dumneavoastr\u0103 de \u00eencredere \u00een domeniul inspec\u021biilor periodice auto \u00een Szczecin P\u0142onia!<br>\u00cen atelierul nostru oferim servicii complete de inspec\u021bie periodic\u0103, care sunt esen\u021biale pentru a v\u0103 men\u021bine ma\u0219ina \u00een stare perfect\u0103 \u0219i pentru a asigura conducerea \u00een siguran\u021b\u0103. Echipa noastr\u0103 experimentat\u0103 de mecanici este echipat\u0103 cu cele mai noi instrumente \u0219i are cuno\u0219tin\u021bele vaste pentru a efectua inspec\u021bii am\u0103nun\u021bite \u0219i v\u0103 ofer\u0103 lini\u0219te pe drum.<\/p>\n<p>Oferta noastr\u0103 de servicii de inspec\u021bie periodic\u0103 auto include:<\/p>\n<ol>\n<li>ITV: Echipa noastr\u0103 efectueaz\u0103 o inspec\u021bie complet\u0103 a vehiculului dvs., verific\u00e2nd componentele cheie, cum ar fi fr\u00e2nele, direc\u021bia, suspensiile, iluminarea, anvelopele, sistemul de evacuare \u0219i multe altele. Acest lucru ne permite s\u0103 identific\u0103m orice defec\u021biuni \u0219i s\u0103 ne asigur\u0103m c\u0103 sunt reparate \u00eenainte s\u0103 apar\u0103 probleme mai grave.<\/li>\n<li>Diagnosticare computerizat\u0103: Echipamentul nostru avansat de diagnosticare ne permite s\u0103 efectu\u0103m diagnosticare computerizat\u0103 am\u0103nun\u021bit\u0103 a ma\u0219inii dumneavoastr\u0103. Astfel putem verifica dac\u0103 toate sistemele \u0219i componentele func\u021bioneaz\u0103 corect, inclusiv motorul, ABS, airbag-urile, sistemele de control al trac\u021biunii \u0219i multe altele. Acest lucru ne permite s\u0103 detect\u0103m chiar \u0219i problemele minore \u0219i s\u0103 asigur\u0103m repararea lor eficient\u0103.<\/li>\n<li>Testarea emisiilor: \u00een calitate de atelier acreditat, efectu\u0103m \u0219i teste de emisii pentru a ne asigura c\u0103 ma\u0219ina dumneavoastr\u0103 \u00eendepline\u0219te standardele de mediu aplicabile. Astfel, putem ajuta la men\u021binerea aerului mai curat \u0219i la respectarea reglement\u0103rilor privind emisiile.<\/li>\n<li>Teste de iluminare: Iluminatul func\u021bional este esen\u021bial pentru siguran\u021ba conducerii, motiv pentru care efectu\u0103m teste detaliate de iluminare, inclusiv verificarea fazei scurte, a fazei lungi, a pozi\u021biei, a luminilor de avarie \u0219i a pl\u0103cu\u021bei de \u00eenmatriculare din spate. Dac\u0103 g\u0103sim defecte, le vom repara sau v\u0103 recomand\u0103m \u00eenlocuirea becurilor corespunz\u0103toare.<\/li>\n<li>Teste de performan\u021b\u0103 a fr\u00e2nelor: Fr\u00e2nele sunt una dintre cele mai importante componente pentru conducerea \u00een siguran\u021b\u0103. Efectu\u0103m teste detaliate de performan\u021b\u0103 a fr\u00e2nelor, inclusiv m\u0103surarea grosimii pl\u0103cu\u021belor \u0219i discurilor de fr\u00e2n\u0103.<\/li>\n<\/ol>\n<p>Bine a\u021bi venit la RJ Gara\u017c \u2013 partenerul dumneavoastr\u0103 de \u00eencredere \u00een domeniul diagnostic\u0103rii computerelor auto din Szczecin P\u0142onia!<\/p>\t\t\t\t\t\t\t\t<\/div>\n\t\t\t\t<\/div>\n\t\t\t\t\t<\/div>\n\t\t<\/div>\n\t\t\t\t\t<\/div>\n\t\t<\/section>\n\t\t\t\t\t<\/div>\n\t\t<\/div>\n\t\t\t\t<div class=\"elementor-column elementor-col-50 elementor-top-column elementor-element elementor-element-5034d31\" data-id=\"5034d31\" data-element_type=\"column\">\n\t\t\t<div class=\"elementor-widget-wrap elementor-element-populated\">\n\t\t\t\t\t\t<div class=\"elementor-element elementor-element-e9f765b elementor-widget elementor-widget-image\" data-id=\"e9f765b\" data-element_type=\"widget\" data-widget_type=\"image.default\">\n\t\t\t\t<div class=\"elementor-widget-container\">\n\t\t\t\t\t\t\t\t\t\t\t\t\t\t\t<img fetchpriority=\"high\" decoding=\"async\" width=\"800\" height=\"800\" src=\"https:\/\/xn--rjgara-upb.pl\/wp-content\/uploads\/2022\/10\/Untitled-design-69-1024x1024.png\" class=\"attachment-large size-large wp-image-1068\" alt=\"\" srcset=\"https:\/\/xn--rjgara-upb.pl\/wp-content\/uploads\/2022\/10\/Untitled-design-69-1024x1024.png 1024w, https:\/\/xn--rjgara-upb.pl\/wp-content\/uploads\/2022\/10\/Untitled-design-69-300x300.png 300w, https:\/\/xn--rjgara-upb.pl\/wp-content\/uploads\/2022\/10\/Untitled-design-69-150x150.png 150w, https:\/\/xn--rjgara-upb.pl\/wp-content\/uploads\/2022\/10\/Untitled-design-69-768x768.png 768w, https:\/\/xn--rjgara-upb.pl\/wp-content\/uploads\/2022\/10\/Untitled-design-69.png 1080w\" sizes=\"(max-width: 800px) 100vw, 800px\" title=\"\">\t\t\t\t\t\t\t\t\t\t\t\t\t\t\t<\/div>\n\t\t\t\t<\/div>\n\t\t\t\t<section class=\"elementor-section elementor-inner-section elementor-element elementor-element-65af817 elementor-section-boxed elementor-section-height-default elementor-section-height-default\" data-id=\"65af817\" data-element_type=\"section\">\n\t\t\t\t\t\t<div class=\"elementor-container elementor-column-gap-default\">\n\t\t\t\t\t<div class=\"elementor-column elementor-col-50 elementor-inner-column elementor-element elementor-element-c6a80c6\" data-id=\"c6a80c6\" data-element_type=\"column\">\n\t\t\t<div class=\"elementor-widget-wrap elementor-element-populated\">\n\t\t\t\t\t\t<div class=\"elementor-element elementor-element-5b096df elementor-widget elementor-widget-image\" data-id=\"5b096df\" data-element_type=\"widget\" data-widget_type=\"image.default\">\n\t\t\t\t<div class=\"elementor-widget-container\">\n\t\t\t\t\t\t\t\t\t\t\t\t\t\t\t<img decoding=\"async\" width=\"800\" height=\"800\" src=\"https:\/\/xn--rjgara-upb.pl\/wp-content\/uploads\/2023\/05\/Untitled-design-27-1024x1024.png\" class=\"attachment-large size-large wp-image-6840\" alt=\"\" srcset=\"https:\/\/xn--rjgara-upb.pl\/wp-content\/uploads\/2023\/05\/Untitled-design-27-1024x1024.png 1024w, https:\/\/xn--rjgara-upb.pl\/wp-content\/uploads\/2023\/05\/Untitled-design-27-300x300.png 300w, https:\/\/xn--rjgara-upb.pl\/wp-content\/uploads\/2023\/05\/Untitled-design-27-150x150.png 150w, https:\/\/xn--rjgara-upb.pl\/wp-content\/uploads\/2023\/05\/Untitled-design-27-768x768.png 768w, https:\/\/xn--rjgara-upb.pl\/wp-content\/uploads\/2023\/05\/Untitled-design-27.png 1080w\" sizes=\"(max-width: 800px) 100vw, 800px\" title=\"\">\t\t\t\t\t\t\t\t\t\t\t\t\t\t\t<\/div>\n\t\t\t\t<\/div>\n\t\t\t\t\t<\/div>\n\t\t<\/div>\n\t\t\t\t<div class=\"elementor-column elementor-col-50 elementor-inner-column elementor-element elementor-element-4b8b8fa\" data-id=\"4b8b8fa\" data-element_type=\"column\">\n\t\t\t<div class=\"elementor-widget-wrap elementor-element-populated\">\n\t\t\t\t\t\t<div class=\"elementor-element elementor-element-c362c9a elementor-widget elementor-widget-image\" data-id=\"c362c9a\" data-element_type=\"widget\" data-widget_type=\"image.default\">\n\t\t\t\t<div class=\"elementor-widget-container\">\n\t\t\t\t\t\t\t\t\t\t\t\t\t\t\t<img decoding=\"async\" width=\"800\" height=\"800\" src=\"https:\/\/xn--rjgara-upb.pl\/wp-content\/uploads\/2023\/05\/Untitled-design-28-1024x1024.png\" class=\"attachment-large size-large wp-image-6843\" alt=\"\" srcset=\"https:\/\/xn--rjgara-upb.pl\/wp-content\/uploads\/2023\/05\/Untitled-design-28-1024x1024.png 1024w, https:\/\/xn--rjgara-upb.pl\/wp-content\/uploads\/2023\/05\/Untitled-design-28-300x300.png 300w, https:\/\/xn--rjgara-upb.pl\/wp-content\/uploads\/2023\/05\/Untitled-design-28-150x150.png 150w, https:\/\/xn--rjgara-upb.pl\/wp-content\/uploads\/2023\/05\/Untitled-design-28-768x768.png 768w, https:\/\/xn--rjgara-upb.pl\/wp-content\/uploads\/2023\/05\/Untitled-design-28.png 1080w\" sizes=\"(max-width: 800px) 100vw, 800px\" title=\"\">\t\t\t\t\t\t\t\t\t\t\t\t\t\t\t<\/div>\n\t\t\t\t<\/div>\n\t\t\t\t\t<\/div>\n\t\t<\/div>\n\t\t\t\t\t<\/div>\n\t\t<\/section>\n\t\t\t\t<section class=\"elementor-section elementor-inner-section elementor-element elementor-element-d03cdae elementor-section-boxed elementor-section-height-default elementor-section-height-default\" data-id=\"d03cdae\" data-element_type=\"section\">\n\t\t\t\t\t\t<div class=\"elementor-container elementor-column-gap-default\">\n\t\t\t\t\t<div class=\"elementor-column elementor-col-50 elementor-inner-column elementor-element elementor-element-a389082\" data-id=\"a389082\" data-element_type=\"column\">\n\t\t\t<div class=\"elementor-widget-wrap elementor-element-populated\">\n\t\t\t\t\t\t<div class=\"elementor-element elementor-element-1312cec elementor-widget elementor-widget-image\" data-id=\"1312cec\" data-element_type=\"widget\" data-widget_type=\"image.default\">\n\t\t\t\t<div class=\"elementor-widget-container\">\n\t\t\t\t\t\t\t\t\t\t\t\t\t\t\t<img loading=\"lazy\" decoding=\"async\" width=\"800\" height=\"800\" src=\"https:\/\/xn--rjgara-upb.pl\/wp-content\/uploads\/2023\/05\/Untitled-design-11-1024x1024.png\" class=\"attachment-large size-large wp-image-6655\" alt=\"\" srcset=\"https:\/\/xn--rjgara-upb.pl\/wp-content\/uploads\/2023\/05\/Untitled-design-11-1024x1024.png 1024w, https:\/\/xn--rjgara-upb.pl\/wp-content\/uploads\/2023\/05\/Untitled-design-11-300x300.png 300w, https:\/\/xn--rjgara-upb.pl\/wp-content\/uploads\/2023\/05\/Untitled-design-11-150x150.png 150w, https:\/\/xn--rjgara-upb.pl\/wp-content\/uploads\/2023\/05\/Untitled-design-11-768x768.png 768w, https:\/\/xn--rjgara-upb.pl\/wp-content\/uploads\/2023\/05\/Untitled-design-11.png 1080w\" sizes=\"(max-width: 800px) 100vw, 800px\" title=\"\">\t\t\t\t\t\t\t\t\t\t\t\t\t\t\t<\/div>\n\t\t\t\t<\/div>\n\t\t\t\t\t<\/div>\n\t\t<\/div>\n\t\t\t\t<div class=\"elementor-column elementor-col-50 elementor-inner-column elementor-element elementor-element-8aadc87\" data-id=\"8aadc87\" data-element_type=\"column\">\n\t\t\t<div class=\"elementor-widget-wrap elementor-element-populated\">\n\t\t\t\t\t\t<div class=\"elementor-element elementor-element-a973926 elementor-widget elementor-widget-image\" data-id=\"a973926\" data-element_type=\"widget\" data-widget_type=\"image.default\">\n\t\t\t\t<div class=\"elementor-widget-container\">\n\t\t\t\t\t\t\t\t\t\t\t\t\t\t\t<img loading=\"lazy\" decoding=\"async\" width=\"800\" height=\"800\" src=\"https:\/\/xn--rjgara-upb.pl\/wp-content\/uploads\/2023\/05\/Untitled-design-32-1024x1024.png\" class=\"attachment-large size-large wp-image-6863\" alt=\"\" srcset=\"https:\/\/xn--rjgara-upb.pl\/wp-content\/uploads\/2023\/05\/Untitled-design-32-1024x1024.png 1024w, https:\/\/xn--rjgara-upb.pl\/wp-content\/uploads\/2023\/05\/Untitled-design-32-300x300.png 300w, https:\/\/xn--rjgara-upb.pl\/wp-content\/uploads\/2023\/05\/Untitled-design-32-150x150.png 150w, https:\/\/xn--rjgara-upb.pl\/wp-content\/uploads\/2023\/05\/Untitled-design-32-768x768.png 768w, https:\/\/xn--rjgara-upb.pl\/wp-content\/uploads\/2023\/05\/Untitled-design-32.png 1080w\" sizes=\"(max-width: 800px) 100vw, 800px\" title=\"\">\t\t\t\t\t\t\t\t\t\t\t\t\t\t\t<\/div>\n\t\t\t\t<\/div>\n\t\t\t\t\t<\/div>\n\t\t<\/div>\n\t\t\t\t\t<\/div>\n\t\t<\/section>\n\t\t\t\t\t<\/div>\n\t\t<\/div>\n\t\t\t\t\t<\/div>\n\t\t<\/section>\n\t\t\t\t<\/div>","protected":false},"excerpt":{"rendered":"<p>Badania okresowe samochodu Szczecin P\u0142onia Witamy w R J Gara\u017c &#8211; Twoim zaufanym partnerze w dziedzinie bada\u0144 okresowych samochodu w Szczecinie P\u0142onia!W naszym warsztacie oferujemy kompleksowe us\u0142ugi bada\u0144 okresowych, kt\u00f3re s\u0105 niezb\u0119dne dla utrzymania Twojego samochodu w doskona\u0142ej kondycji i zapewnienia bezpiecznej jazdy. Nasz do\u015bwiadczony zesp\u00f3\u0142 mechanik\u00f3w jest wyposa\u017cony w najnowocze\u015bniejsze narz\u0119dzia i posiada szerok\u0105 [&hellip;]<\/p>","protected":false},"author":1,"featured_media":607,"parent":0,"menu_order":0,"comment_status":"closed","ping_status":"closed","template":"","meta":{"footnotes":""},"class_list":["post-6699","page","type-page","status-publish","has-post-thumbnail","hentry"],"_links":{"self":[{"href":"https:\/\/xn--rjgara-upb.pl\/ro\/wp-json\/wp\/v2\/pages\/6699","targetHints":{"allow":["GET"]}}],"collection":[{"href":"https:\/\/xn--rjgara-upb.pl\/ro\/wp-json\/wp\/v2\/pages"}],"about":[{"href":"https:\/\/xn--rjgara-upb.pl\/ro\/wp-json\/wp\/v2\/types\/page"}],"author":[{"embeddable":true,"href":"https:\/\/xn--rjgara-upb.pl\/ro\/wp-json\/wp\/v2\/users\/1"}],"replies":[{"embeddable":true,"href":"https:\/\/xn--rjgara-upb.pl\/ro\/wp-json\/wp\/v2\/comments?post=6699"}],"version-history":[{"count":23,"href":"https:\/\/xn--rjgara-upb.pl\/ro\/wp-json\/wp\/v2\/pages\/6699\/revisions"}],"predecessor-version":[{"id":6904,"href":"https:\/\/xn--rjgara-upb.pl\/ro\/wp-json\/wp\/v2\/pages\/6699\/revisions\/6904"}],"wp:featuredmedia":[{"embeddable":true,"href":"https:\/\/xn--rjgara-upb.pl\/ro\/wp-json\/wp\/v2\/media\/607"}],"wp:attachment":[{"href":"https:\/\/xn--rjgara-upb.pl\/ro\/wp-json\/wp\/v2\/media?parent=6699"}],"curies":[{"name":"wp","href":"https:\/\/api.w.org\/{rel}","templated":true}]}}