{"id":6722,"date":"2023-05-25T16:02:28","date_gmt":"2023-05-25T14:02:28","guid":{"rendered":"http:\/\/xn--rjgara-upb.pl\/?page_id=6722"},"modified":"2023-07-04T15:04:12","modified_gmt":"2023-07-04T13:04:12","slug":"geometria-rotii-3d-szczecin-plony","status":"publish","type":"page","link":"https:\/\/xn--rjgara-upb.pl\/ro\/geometria-rotii-3d-szczecin-plony\/","title":{"rendered":"Aliniere ro\u021bi 3d Szczecin Plonia"},"content":{"rendered":"<style>.elementor-6722 .elementor-element.elementor-element-9d170f8:not(.elementor-motion-effects-element-type-background), .elementor-6722 .elementor-element.elementor-element-9d170f8 > .elementor-motion-effects-container > .elementor-motion-effects-layer{background-image:url(\"https:\/\/xn--rjgara-upb.pl\/wp-content\/uploads\/2023\/05\/Untitled-design-29.png\");background-position:center center;background-repeat:no-repeat;background-size:cover;}.elementor-6722 .elementor-element.elementor-element-9d170f8{transition:background 0.3s, border 0.3s, border-radius 0.3s, box-shadow 0.3s;}.elementor-6722 .elementor-element.elementor-element-9d170f8 > .elementor-background-overlay{transition:background 0.3s, border-radius 0.3s, opacity 0.3s;}.elementor-6722 .elementor-element.elementor-element-844e9bc{--spacer-size:98px;}.elementor-6722 .elementor-element.elementor-element-dc6ee64{text-align:center;}.elementor-6722 .elementor-element.elementor-element-dc6ee64 .elementor-heading-title{font-family:\"Open Sans\", Sans-serif;font-size:48px;font-weight:600;color:#FFFFFF;}.elementor-6722 .elementor-element.elementor-element-acdfba0{--spacer-size:50px;}.elementor-6722 .elementor-element.elementor-element-00f6a43{--spacer-size:10px;}.elementor-6722 .elementor-element.elementor-element-7578ca5{--spacer-size:50px;}.elementor-6722 .elementor-element.elementor-element-a55e06e{--spacer-size:10px;}.elementor-6722 .elementor-element.elementor-element-fec8efe{font-family:\"Open Sans\", Sans-serif;font-size:15px;font-weight:400;line-height:24px;color:#000000;}:root{--page-title-display:none;}@media(min-width:768px){.elementor-6722 .elementor-element.elementor-element-1f9ffbf{width:20%;}.elementor-6722 .elementor-element.elementor-element-7a766ea{width:59.332%;}.elementor-6722 .elementor-element.elementor-element-59c55f3{width:20%;}}<\/style>\t\t<div data-elementor-type=\"wp-page\" data-elementor-id=\"6722\" class=\"elementor elementor-6722\" data-elementor-post-type=\"page\">\n\t\t\t\t\t\t<section class=\"elementor-section elementor-top-section elementor-element elementor-element-9d170f8 elementor-section-full_width elementor-section-stretched elementor-section-height-default elementor-section-height-default\" data-id=\"9d170f8\" data-element_type=\"section\" data-settings=\"{&quot;stretch_section&quot;:&quot;section-stretched&quot;,&quot;background_background&quot;:&quot;classic&quot;}\">\n\t\t\t\t\t\t<div class=\"elementor-container elementor-column-gap-no\">\n\t\t\t\t\t<div class=\"elementor-column elementor-col-100 elementor-top-column elementor-element elementor-element-d066976\" data-id=\"d066976\" data-element_type=\"column\">\n\t\t\t<div class=\"elementor-widget-wrap elementor-element-populated\">\n\t\t\t\t\t\t<section class=\"elementor-section elementor-inner-section elementor-element elementor-element-31c4d4f elementor-section-boxed elementor-section-height-default elementor-section-height-default\" data-id=\"31c4d4f\" data-element_type=\"section\">\n\t\t\t\t\t\t<div class=\"elementor-container elementor-column-gap-default\">\n\t\t\t\t\t<div class=\"elementor-column elementor-col-33 elementor-inner-column elementor-element elementor-element-1f9ffbf\" data-id=\"1f9ffbf\" data-element_type=\"column\">\n\t\t\t<div class=\"elementor-widget-wrap\">\n\t\t\t\t\t\t\t<\/div>\n\t\t<\/div>\n\t\t\t\t<div class=\"elementor-column elementor-col-33 elementor-inner-column elementor-element elementor-element-7a766ea\" data-id=\"7a766ea\" data-element_type=\"column\">\n\t\t\t<div class=\"elementor-widget-wrap elementor-element-populated\">\n\t\t\t\t\t\t<div class=\"elementor-element elementor-element-844e9bc elementor-widget elementor-widget-spacer\" data-id=\"844e9bc\" data-element_type=\"widget\" data-widget_type=\"spacer.default\">\n\t\t\t\t<div class=\"elementor-widget-container\">\n\t\t\t\t\t\t\t<div class=\"elementor-spacer\">\n\t\t\t<div class=\"elementor-spacer-inner\"><\/div>\n\t\t<\/div>\n\t\t\t\t\t\t<\/div>\n\t\t\t\t<\/div>\n\t\t\t\t<div class=\"elementor-element elementor-element-dc6ee64 elementor-widget elementor-widget-heading\" data-id=\"dc6ee64\" data-element_type=\"widget\" data-widget_type=\"heading.default\">\n\t\t\t\t<div class=\"elementor-widget-container\">\n\t\t\t\t\t<h2 class=\"elementor-heading-title elementor-size-default\">Aliniere ro\u021bi 3d Szczecin Plonia<\/h2>\t\t\t\t<\/div>\n\t\t\t\t<\/div>\n\t\t\t\t<div class=\"elementor-element elementor-element-acdfba0 elementor-widget elementor-widget-spacer\" data-id=\"acdfba0\" data-element_type=\"widget\" data-widget_type=\"spacer.default\">\n\t\t\t\t<div class=\"elementor-widget-container\">\n\t\t\t\t\t\t\t<div class=\"elementor-spacer\">\n\t\t\t<div class=\"elementor-spacer-inner\"><\/div>\n\t\t<\/div>\n\t\t\t\t\t\t<\/div>\n\t\t\t\t<\/div>\n\t\t\t\t<div class=\"elementor-element elementor-element-00f6a43 elementor-widget elementor-widget-spacer\" data-id=\"00f6a43\" data-element_type=\"widget\" data-widget_type=\"spacer.default\">\n\t\t\t\t<div class=\"elementor-widget-container\">\n\t\t\t\t\t\t\t<div class=\"elementor-spacer\">\n\t\t\t<div class=\"elementor-spacer-inner\"><\/div>\n\t\t<\/div>\n\t\t\t\t\t\t<\/div>\n\t\t\t\t<\/div>\n\t\t\t\t\t<\/div>\n\t\t<\/div>\n\t\t\t\t<div class=\"elementor-column elementor-col-33 elementor-inner-column elementor-element elementor-element-59c55f3\" data-id=\"59c55f3\" data-element_type=\"column\">\n\t\t\t<div class=\"elementor-widget-wrap\">\n\t\t\t\t\t\t\t<\/div>\n\t\t<\/div>\n\t\t\t\t\t<\/div>\n\t\t<\/section>\n\t\t\t\t<div class=\"elementor-element elementor-element-7578ca5 elementor-widget elementor-widget-spacer\" data-id=\"7578ca5\" data-element_type=\"widget\" data-widget_type=\"spacer.default\">\n\t\t\t\t<div class=\"elementor-widget-container\">\n\t\t\t\t\t\t\t<div class=\"elementor-spacer\">\n\t\t\t<div class=\"elementor-spacer-inner\"><\/div>\n\t\t<\/div>\n\t\t\t\t\t\t<\/div>\n\t\t\t\t<\/div>\n\t\t\t\t\t<\/div>\n\t\t<\/div>\n\t\t\t\t\t<\/div>\n\t\t<\/section>\n\t\t\t\t<section class=\"elementor-section elementor-top-section elementor-element elementor-element-166fa32 elementor-section-boxed elementor-section-height-default elementor-section-height-default\" data-id=\"166fa32\" data-element_type=\"section\">\n\t\t\t\t\t\t<div class=\"elementor-container elementor-column-gap-default\">\n\t\t\t\t\t<div class=\"elementor-column elementor-col-100 elementor-top-column elementor-element elementor-element-1819d7e\" data-id=\"1819d7e\" data-element_type=\"column\">\n\t\t\t<div class=\"elementor-widget-wrap elementor-element-populated\">\n\t\t\t\t\t\t<div class=\"elementor-element elementor-element-a55e06e elementor-widget elementor-widget-spacer\" data-id=\"a55e06e\" data-element_type=\"widget\" data-widget_type=\"spacer.default\">\n\t\t\t\t<div class=\"elementor-widget-container\">\n\t\t\t\t\t\t\t<div class=\"elementor-spacer\">\n\t\t\t<div class=\"elementor-spacer-inner\"><\/div>\n\t\t<\/div>\n\t\t\t\t\t\t<\/div>\n\t\t\t\t<\/div>\n\t\t\t\t\t<\/div>\n\t\t<\/div>\n\t\t\t\t\t<\/div>\n\t\t<\/section>\n\t\t\t\t<section class=\"elementor-section elementor-top-section elementor-element elementor-element-fe5f23a elementor-section-boxed elementor-section-height-default elementor-section-height-default\" data-id=\"fe5f23a\" data-element_type=\"section\">\n\t\t\t\t\t\t<div class=\"elementor-container elementor-column-gap-default\">\n\t\t\t\t\t<div class=\"elementor-column elementor-col-50 elementor-top-column elementor-element elementor-element-1205213\" data-id=\"1205213\" data-element_type=\"column\">\n\t\t\t<div class=\"elementor-widget-wrap elementor-element-populated\">\n\t\t\t\t\t\t<div class=\"elementor-element elementor-element-fec8efe elementor-widget elementor-widget-text-editor\" data-id=\"fec8efe\" data-element_type=\"widget\" data-widget_type=\"text-editor.default\">\n\t\t\t\t<div class=\"elementor-widget-container\">\n\t\t\t\t\t\t\t\t\t<p>Bine a\u021bi venit la RJ Gara\u017c \u2013 partenerul dumneavoastr\u0103 de \u00eencredere \u00een alinierea ro\u021bilor 3D \u00een Szczecin P\u0142onia!<br \/>\u00cen atelierul nostru profesional, oferim un serviciu precis de aliniere a ro\u021bilor 3D, care este extrem de important pentru men\u021binerea optim\u0103 a trac\u021biunii, a stabilit\u0103\u021bii \u0219i chiar a uzurii anvelopelor. Echipa noastr\u0103 de mecanici instrui\u021bi utilizeaz\u0103 echipamente avansate de m\u0103surare pentru a se asigura c\u0103 alinierea vehiculului dumneavoastr\u0103 este precis\u0103 \u0219i eficient\u0103.<br \/>Serviciul nostru de aliniere a ro\u021bilor 3D include:<\/p><ol><li>M\u0103surarea parametrilor: Dispozitivele noastre moderne de m\u0103surare ne permit s\u0103 m\u0103sur\u0103m cu precizie parametrii geometriei ro\u021bilor ma\u0219inii dumneavoastr\u0103. Verific\u0103m cu aten\u021bie unghiurile de \u00eenclinare, de \u00eenclinare \u0219i de cambra ale ro\u021bilor, precum \u0219i alinierea \u0219i echilibrul axelor fa\u021b\u0103 \u0219i spate. Datorit\u0103 acestui lucru, putem identifica orice nereguli \u0219i s\u0103 trecem la corectarea lor.<\/li><li>Corectarea alinierii: Dup\u0103 m\u0103surarea precis\u0103, echipa noastr\u0103 \u00eencepe s\u0103 corecteze alinierea ro\u021bilor vehiculului dumneavoastr\u0103. Folosim instrumente \u0219i tehnici specializate pentru a ajusta cu precizie unghiurile \u0219i parametrii la recomand\u0103rile produc\u0103torului. Alinierea corect\u0103 a ro\u021bilor se traduce printr-o mai bun\u0103 stabilitate, chiar uzur\u0103 a anvelopelor \u0219i o mai mare precizie a direc\u021biei.<\/li><li>Alinierea \u0219i echilibrarea: Un element important al geometriei ro\u021bilor este alinierea, adic\u0103 setarea ro\u021bilor la distan\u021ba corect\u0103 una de cealalt\u0103. Execut\u0103m \u0219i echilibrarea ro\u021bilor, elimin\u00e2nd dezechilibrul \u0219i vibra\u021biile. Acest lucru permite utilizarea maxim\u0103 a zonei de contact a anvelopelor cu drumul, \u00eembun\u0103t\u0103\u021bind trac\u021biunea \u0219i stabilitatea vehiculului.<\/li><li>\u00cembun\u0103t\u0103\u021birea parametrilor de conducere: alinierea corect\u0103 a ro\u021bilor are un efect pozitiv asupra parametrilor de conducere ai vehiculului dumneavoastr\u0103. Ca rezultat, v\u0103 pute\u021bi bucura de manevrabilitate precis\u0103, r\u0103spuns \u00eembun\u0103t\u0103\u021bit la viraje, rezisten\u021b\u0103 redus\u0103 la rulare \u0219i eficien\u021b\u0103 \u00eembun\u0103t\u0103\u021bit\u0103 a consumului de combustibil. \u00cen plus, geometria optim\u0103 a ro\u021bilor afecteaz\u0103 durata de via\u021b\u0103 mai lung\u0103 a anvelopelor, economisind costul \u00eenlocuirii acestora.<\/li><\/ol><div><div>La WRJ Garage acord\u0103m o mare importan\u021b\u0103 calit\u0103\u021bii serviciilor noastre. De aceea, folosim cele mai moderne echipamente de m\u0103surare \u0219i asigur\u0103m o abordare profesional\u0103 a set\u0103rii geometriei.<\/div><\/div>\t\t\t\t\t\t\t\t<\/div>\n\t\t\t\t<\/div>\n\t\t\t\t\t<\/div>\n\t\t<\/div>\n\t\t\t\t<div class=\"elementor-column elementor-col-50 elementor-top-column elementor-element elementor-element-c44095d\" data-id=\"c44095d\" data-element_type=\"column\">\n\t\t\t<div class=\"elementor-widget-wrap elementor-element-populated\">\n\t\t\t\t\t\t<div class=\"elementor-element elementor-element-6ceab20 elementor-widget elementor-widget-image\" data-id=\"6ceab20\" data-element_type=\"widget\" data-widget_type=\"image.default\">\n\t\t\t\t<div class=\"elementor-widget-container\">\n\t\t\t\t\t\t\t\t\t\t\t\t\t\t\t<img fetchpriority=\"high\" decoding=\"async\" width=\"800\" height=\"800\" src=\"https:\/\/xn--rjgara-upb.pl\/wp-content\/uploads\/2023\/05\/Untitled-design-29-1-1024x1024.png\" class=\"attachment-large size-large wp-image-6854\" alt=\"\" srcset=\"https:\/\/xn--rjgara-upb.pl\/wp-content\/uploads\/2023\/05\/Untitled-design-29-1-1024x1024.png 1024w, https:\/\/xn--rjgara-upb.pl\/wp-content\/uploads\/2023\/05\/Untitled-design-29-1-300x300.png 300w, https:\/\/xn--rjgara-upb.pl\/wp-content\/uploads\/2023\/05\/Untitled-design-29-1-150x150.png 150w, https:\/\/xn--rjgara-upb.pl\/wp-content\/uploads\/2023\/05\/Untitled-design-29-1-768x768.png 768w, https:\/\/xn--rjgara-upb.pl\/wp-content\/uploads\/2023\/05\/Untitled-design-29-1.png 1080w\" sizes=\"(max-width: 800px) 100vw, 800px\" title=\"\">\t\t\t\t\t\t\t\t\t\t\t\t\t\t\t<\/div>\n\t\t\t\t<\/div>\n\t\t\t\t<section class=\"elementor-section elementor-inner-section elementor-element elementor-element-0124df8 elementor-section-boxed elementor-section-height-default elementor-section-height-default\" data-id=\"0124df8\" data-element_type=\"section\">\n\t\t\t\t\t\t<div class=\"elementor-container elementor-column-gap-default\">\n\t\t\t\t\t<div class=\"elementor-column elementor-col-50 elementor-inner-column elementor-element elementor-element-5204136\" data-id=\"5204136\" data-element_type=\"column\">\n\t\t\t<div class=\"elementor-widget-wrap elementor-element-populated\">\n\t\t\t\t\t\t<div class=\"elementor-element elementor-element-0fa1aab elementor-widget elementor-widget-image\" data-id=\"0fa1aab\" data-element_type=\"widget\" data-widget_type=\"image.default\">\n\t\t\t\t<div class=\"elementor-widget-container\">\n\t\t\t\t\t\t\t\t\t\t\t\t\t\t\t<img decoding=\"async\" width=\"800\" height=\"800\" src=\"https:\/\/xn--rjgara-upb.pl\/wp-content\/uploads\/2023\/05\/Untitled-design-30-1024x1024.png\" class=\"attachment-large size-large wp-image-6857\" alt=\"\" srcset=\"https:\/\/xn--rjgara-upb.pl\/wp-content\/uploads\/2023\/05\/Untitled-design-30-1024x1024.png 1024w, https:\/\/xn--rjgara-upb.pl\/wp-content\/uploads\/2023\/05\/Untitled-design-30-300x300.png 300w, https:\/\/xn--rjgara-upb.pl\/wp-content\/uploads\/2023\/05\/Untitled-design-30-150x150.png 150w, https:\/\/xn--rjgara-upb.pl\/wp-content\/uploads\/2023\/05\/Untitled-design-30-768x768.png 768w, https:\/\/xn--rjgara-upb.pl\/wp-content\/uploads\/2023\/05\/Untitled-design-30.png 1080w\" sizes=\"(max-width: 800px) 100vw, 800px\" title=\"\">\t\t\t\t\t\t\t\t\t\t\t\t\t\t\t<\/div>\n\t\t\t\t<\/div>\n\t\t\t\t\t<\/div>\n\t\t<\/div>\n\t\t\t\t<div class=\"elementor-column elementor-col-50 elementor-inner-column elementor-element elementor-element-892f29a\" data-id=\"892f29a\" data-element_type=\"column\">\n\t\t\t<div class=\"elementor-widget-wrap elementor-element-populated\">\n\t\t\t\t\t\t<div class=\"elementor-element elementor-element-3aed097 elementor-widget elementor-widget-image\" data-id=\"3aed097\" data-element_type=\"widget\" data-widget_type=\"image.default\">\n\t\t\t\t<div class=\"elementor-widget-container\">\n\t\t\t\t\t\t\t\t\t\t\t\t\t\t\t<img decoding=\"async\" width=\"300\" height=\"300\" src=\"https:\/\/xn--rjgara-upb.pl\/wp-content\/uploads\/2023\/05\/Untitled-design-31-300x300.png\" class=\"attachment-medium size-medium wp-image-6859\" alt=\"\" srcset=\"https:\/\/xn--rjgara-upb.pl\/wp-content\/uploads\/2023\/05\/Untitled-design-31-300x300.png 300w, https:\/\/xn--rjgara-upb.pl\/wp-content\/uploads\/2023\/05\/Untitled-design-31-1024x1024.png 1024w, https:\/\/xn--rjgara-upb.pl\/wp-content\/uploads\/2023\/05\/Untitled-design-31-150x150.png 150w, https:\/\/xn--rjgara-upb.pl\/wp-content\/uploads\/2023\/05\/Untitled-design-31-768x768.png 768w, https:\/\/xn--rjgara-upb.pl\/wp-content\/uploads\/2023\/05\/Untitled-design-31.png 1080w\" sizes=\"(max-width: 300px) 100vw, 300px\" title=\"\">\t\t\t\t\t\t\t\t\t\t\t\t\t\t\t<\/div>\n\t\t\t\t<\/div>\n\t\t\t\t\t<\/div>\n\t\t<\/div>\n\t\t\t\t\t<\/div>\n\t\t<\/section>\n\t\t\t\t\t<\/div>\n\t\t<\/div>\n\t\t\t\t\t<\/div>\n\t\t<\/section>\n\t\t\t\t<\/div>","protected":false},"excerpt":{"rendered":"<p>Geometria k\u00f3\u0142 3d Szczecin P\u0142onia Witamy w R J Gara\u017c &#8211; Twoim zaufanym partnerze w dziedzinie geometrii k\u00f3\u0142 3D w Szczecinie P\u0142onia!W naszym profesjonalnym warsztacie oferujemy precyzyjn\u0105 us\u0142ug\u0119 geometrii k\u00f3\u0142 3D, kt\u00f3ra jest niezwykle wa\u017cna dla utrzymania optymalnej trakcji, stabilno\u015bci i r\u00f3wnomiernego zu\u017cycia opon. Nasz wyszkolony zesp\u00f3\u0142 mechanik\u00f3w korzysta z zaawansowanego sprz\u0119tu pomiarowego, aby zapewni\u0107 [&hellip;]<\/p>","protected":false},"author":1,"featured_media":0,"parent":0,"menu_order":0,"comment_status":"closed","ping_status":"closed","template":"","meta":{"footnotes":""},"class_list":["post-6722","page","type-page","status-publish","hentry"],"_links":{"self":[{"href":"https:\/\/xn--rjgara-upb.pl\/ro\/wp-json\/wp\/v2\/pages\/6722","targetHints":{"allow":["GET"]}}],"collection":[{"href":"https:\/\/xn--rjgara-upb.pl\/ro\/wp-json\/wp\/v2\/pages"}],"about":[{"href":"https:\/\/xn--rjgara-upb.pl\/ro\/wp-json\/wp\/v2\/types\/page"}],"author":[{"embeddable":true,"href":"https:\/\/xn--rjgara-upb.pl\/ro\/wp-json\/wp\/v2\/users\/1"}],"replies":[{"embeddable":true,"href":"https:\/\/xn--rjgara-upb.pl\/ro\/wp-json\/wp\/v2\/comments?post=6722"}],"version-history":[{"count":17,"href":"https:\/\/xn--rjgara-upb.pl\/ro\/wp-json\/wp\/v2\/pages\/6722\/revisions"}],"predecessor-version":[{"id":6919,"href":"https:\/\/xn--rjgara-upb.pl\/ro\/wp-json\/wp\/v2\/pages\/6722\/revisions\/6919"}],"wp:attachment":[{"href":"https:\/\/xn--rjgara-upb.pl\/ro\/wp-json\/wp\/v2\/media?parent=6722"}],"curies":[{"name":"wp","href":"https:\/\/api.w.org\/{rel}","templated":true}]}}