{"id":158,"date":"2022-08-15T22:00:11","date_gmt":"2022-08-15T20:00:11","guid":{"rendered":"http:\/\/xn--rjgara-upb.pl\/?page_id=158"},"modified":"2023-07-04T15:02:36","modified_gmt":"2023-07-04T13:02:36","slug":"\u043a\u043e\u043c\u043f\u044e\u0442\u0435\u0440\u043d\u0430-\u0434\u0456\u0430\u0433\u043d\u043e\u0441\u0442\u0438\u043a\u0430-\u0449\u0435\u0446\u0438\u043d-plony","status":"publish","type":"page","link":"https:\/\/xn--rjgara-upb.pl\/uk\/\u043a\u043e\u043c\u043f\u044e\u0442\u0435\u0440\u043d\u0430-\u0434\u0456\u0430\u0433\u043d\u043e\u0441\u0442\u0438\u043a\u0430-\u0449\u0435\u0446\u0438\u043d-plony\/","title":{"rendered":"\u041a\u043e\u043c\u043f'\u044e\u0442\u0435\u0440\u043d\u0430 \u0434\u0456\u0430\u0433\u043d\u043e\u0441\u0442\u0438\u043a\u0430 \u0429\u0435\u0446\u0438\u043d \u041f\u043b\u043e\u043d\u0456\u044f"},"content":{"rendered":"<style>.elementor-158 .elementor-element.elementor-element-9d170f8:not(.elementor-motion-effects-element-type-background), .elementor-158 .elementor-element.elementor-element-9d170f8 > .elementor-motion-effects-container > .elementor-motion-effects-layer{background-image:url(\"https:\/\/xn--rjgara-upb.pl\/wp-content\/uploads\/2022\/08\/Untitled-design-2022-08-20T234249.189.png\");background-position:center center;background-repeat:no-repeat;background-size:cover;}.elementor-158 .elementor-element.elementor-element-9d170f8{transition:background 0.3s, border 0.3s, border-radius 0.3s, box-shadow 0.3s;}.elementor-158 .elementor-element.elementor-element-9d170f8 > .elementor-background-overlay{transition:background 0.3s, border-radius 0.3s, opacity 0.3s;}.elementor-158 .elementor-element.elementor-element-844e9bc{--spacer-size:98px;}.elementor-158 .elementor-element.elementor-element-dc6ee64{text-align:center;}.elementor-158 .elementor-element.elementor-element-dc6ee64 .elementor-heading-title{font-family:\"Open Sans\", Sans-serif;font-size:48px;font-weight:600;color:#FFFFFF;}.elementor-158 .elementor-element.elementor-element-acdfba0{--spacer-size:50px;}.elementor-158 .elementor-element.elementor-element-00f6a43{--spacer-size:10px;}.elementor-158 .elementor-element.elementor-element-7578ca5{--spacer-size:50px;}.elementor-158 .elementor-element.elementor-element-a55e06e{--spacer-size:10px;}.elementor-158 .elementor-element.elementor-element-c1d3342{text-align:start;}.elementor-158 .elementor-element.elementor-element-c1d3342 .elementor-heading-title{font-family:\"Open Sans\", Sans-serif;font-size:32px;font-weight:600;color:#000000;}.elementor-158 .elementor-element.elementor-element-fec8efe{font-family:\"Open Sans\", Sans-serif;font-size:15px;font-weight:400;line-height:24px;color:#000000;}:root{--page-title-display:none;}@media(min-width:768px){.elementor-158 .elementor-element.elementor-element-1f9ffbf{width:20%;}.elementor-158 .elementor-element.elementor-element-7a766ea{width:59.332%;}.elementor-158 .elementor-element.elementor-element-59c55f3{width:20%;}}<\/style>\t\t<div data-elementor-type=\"wp-page\" data-elementor-id=\"158\" class=\"elementor elementor-158\" data-elementor-post-type=\"page\">\n\t\t\t\t\t\t<section class=\"elementor-section elementor-top-section elementor-element elementor-element-9d170f8 elementor-section-full_width elementor-section-stretched elementor-section-height-default elementor-section-height-default\" data-id=\"9d170f8\" data-element_type=\"section\" data-settings=\"{&quot;stretch_section&quot;:&quot;section-stretched&quot;,&quot;background_background&quot;:&quot;classic&quot;}\">\n\t\t\t\t\t\t<div class=\"elementor-container elementor-column-gap-no\">\n\t\t\t\t\t<div class=\"elementor-column elementor-col-100 elementor-top-column elementor-element elementor-element-d066976\" data-id=\"d066976\" data-element_type=\"column\">\n\t\t\t<div class=\"elementor-widget-wrap elementor-element-populated\">\n\t\t\t\t\t\t<section class=\"elementor-section elementor-inner-section elementor-element elementor-element-31c4d4f elementor-section-boxed elementor-section-height-default elementor-section-height-default\" data-id=\"31c4d4f\" data-element_type=\"section\">\n\t\t\t\t\t\t<div class=\"elementor-container elementor-column-gap-default\">\n\t\t\t\t\t<div class=\"elementor-column elementor-col-33 elementor-inner-column elementor-element elementor-element-1f9ffbf\" data-id=\"1f9ffbf\" data-element_type=\"column\">\n\t\t\t<div class=\"elementor-widget-wrap\">\n\t\t\t\t\t\t\t<\/div>\n\t\t<\/div>\n\t\t\t\t<div class=\"elementor-column elementor-col-33 elementor-inner-column elementor-element elementor-element-7a766ea\" data-id=\"7a766ea\" data-element_type=\"column\">\n\t\t\t<div class=\"elementor-widget-wrap elementor-element-populated\">\n\t\t\t\t\t\t<div class=\"elementor-element elementor-element-844e9bc elementor-widget elementor-widget-spacer\" data-id=\"844e9bc\" data-element_type=\"widget\" data-widget_type=\"spacer.default\">\n\t\t\t\t<div class=\"elementor-widget-container\">\n\t\t\t\t\t\t\t<div class=\"elementor-spacer\">\n\t\t\t<div class=\"elementor-spacer-inner\"><\/div>\n\t\t<\/div>\n\t\t\t\t\t\t<\/div>\n\t\t\t\t<\/div>\n\t\t\t\t<div class=\"elementor-element elementor-element-dc6ee64 elementor-widget elementor-widget-heading\" data-id=\"dc6ee64\" data-element_type=\"widget\" data-widget_type=\"heading.default\">\n\t\t\t\t<div class=\"elementor-widget-container\">\n\t\t\t\t\t<h2 class=\"elementor-heading-title elementor-size-default\">\u041a\u043e\u043c\u043f&#039;\u044e\u0442\u0435\u0440\u043d\u0430 \u0434\u0456\u0430\u0433\u043d\u043e\u0441\u0442\u0438\u043a\u0430 \u0429\u0435\u0446\u0438\u043d<\/h2>\t\t\t\t<\/div>\n\t\t\t\t<\/div>\n\t\t\t\t<div class=\"elementor-element elementor-element-acdfba0 elementor-widget elementor-widget-spacer\" data-id=\"acdfba0\" data-element_type=\"widget\" data-widget_type=\"spacer.default\">\n\t\t\t\t<div class=\"elementor-widget-container\">\n\t\t\t\t\t\t\t<div class=\"elementor-spacer\">\n\t\t\t<div class=\"elementor-spacer-inner\"><\/div>\n\t\t<\/div>\n\t\t\t\t\t\t<\/div>\n\t\t\t\t<\/div>\n\t\t\t\t<div class=\"elementor-element elementor-element-00f6a43 elementor-widget elementor-widget-spacer\" data-id=\"00f6a43\" data-element_type=\"widget\" data-widget_type=\"spacer.default\">\n\t\t\t\t<div class=\"elementor-widget-container\">\n\t\t\t\t\t\t\t<div class=\"elementor-spacer\">\n\t\t\t<div class=\"elementor-spacer-inner\"><\/div>\n\t\t<\/div>\n\t\t\t\t\t\t<\/div>\n\t\t\t\t<\/div>\n\t\t\t\t\t<\/div>\n\t\t<\/div>\n\t\t\t\t<div class=\"elementor-column elementor-col-33 elementor-inner-column elementor-element elementor-element-59c55f3\" data-id=\"59c55f3\" data-element_type=\"column\">\n\t\t\t<div class=\"elementor-widget-wrap\">\n\t\t\t\t\t\t\t<\/div>\n\t\t<\/div>\n\t\t\t\t\t<\/div>\n\t\t<\/section>\n\t\t\t\t<div class=\"elementor-element elementor-element-7578ca5 elementor-widget elementor-widget-spacer\" data-id=\"7578ca5\" data-element_type=\"widget\" data-widget_type=\"spacer.default\">\n\t\t\t\t<div class=\"elementor-widget-container\">\n\t\t\t\t\t\t\t<div class=\"elementor-spacer\">\n\t\t\t<div class=\"elementor-spacer-inner\"><\/div>\n\t\t<\/div>\n\t\t\t\t\t\t<\/div>\n\t\t\t\t<\/div>\n\t\t\t\t\t<\/div>\n\t\t<\/div>\n\t\t\t\t\t<\/div>\n\t\t<\/section>\n\t\t\t\t<section class=\"elementor-section elementor-top-section elementor-element elementor-element-166fa32 elementor-section-boxed elementor-section-height-default elementor-section-height-default\" data-id=\"166fa32\" data-element_type=\"section\">\n\t\t\t\t\t\t<div class=\"elementor-container elementor-column-gap-default\">\n\t\t\t\t\t<div class=\"elementor-column elementor-col-100 elementor-top-column elementor-element elementor-element-1819d7e\" data-id=\"1819d7e\" data-element_type=\"column\">\n\t\t\t<div class=\"elementor-widget-wrap elementor-element-populated\">\n\t\t\t\t\t\t<div class=\"elementor-element elementor-element-a55e06e elementor-widget elementor-widget-spacer\" data-id=\"a55e06e\" data-element_type=\"widget\" data-widget_type=\"spacer.default\">\n\t\t\t\t<div class=\"elementor-widget-container\">\n\t\t\t\t\t\t\t<div class=\"elementor-spacer\">\n\t\t\t<div class=\"elementor-spacer-inner\"><\/div>\n\t\t<\/div>\n\t\t\t\t\t\t<\/div>\n\t\t\t\t<\/div>\n\t\t\t\t\t<\/div>\n\t\t<\/div>\n\t\t\t\t\t<\/div>\n\t\t<\/section>\n\t\t\t\t<section class=\"elementor-section elementor-top-section elementor-element elementor-element-fe5f23a elementor-section-boxed elementor-section-height-default elementor-section-height-default\" data-id=\"fe5f23a\" data-element_type=\"section\">\n\t\t\t\t\t\t<div class=\"elementor-container elementor-column-gap-default\">\n\t\t\t\t\t<div class=\"elementor-column elementor-col-50 elementor-top-column elementor-element elementor-element-1205213\" data-id=\"1205213\" data-element_type=\"column\">\n\t\t\t<div class=\"elementor-widget-wrap elementor-element-populated\">\n\t\t\t\t\t\t<div class=\"elementor-element elementor-element-c1d3342 elementor-widget elementor-widget-heading\" data-id=\"c1d3342\" data-element_type=\"widget\" data-widget_type=\"heading.default\">\n\t\t\t\t<div class=\"elementor-widget-container\">\n\t\t\t\t\t<h2 class=\"elementor-heading-title elementor-size-default\">\u041a\u043e\u043c\u043f'\u044e\u0442\u0435\u0440\u043d\u0430 \u0434\u0456\u0430\u0433\u043d\u043e\u0441\u0442\u0438\u043a\u0430 \u0429\u0435\u0446\u0438\u043d \u041f\u043b\u043e\u043d\u0456\u044f<\/h2>\t\t\t\t<\/div>\n\t\t\t\t<\/div>\n\t\t\t\t<div class=\"elementor-element elementor-element-fec8efe elementor-widget elementor-widget-text-editor\" data-id=\"fec8efe\" data-element_type=\"widget\" data-widget_type=\"text-editor.default\">\n\t\t\t\t<div class=\"elementor-widget-container\">\n\t\t\t\t\t\t\t\t\t<p>\u041d\u0430\u0448\u0430 \u0441\u043f\u0435\u0446\u0456\u0430\u043b\u0456\u0437\u043e\u0432\u0430\u043d\u0430 \u0434\u0456\u0430\u0433\u043d\u043e\u0441\u0442\u0438\u0447\u043d\u0430 \u0441\u043b\u0443\u0436\u0431\u0430 \u043e\u0441\u043d\u0430\u0449\u0435\u043d\u0430 \u043d\u043e\u0432\u0456\u0442\u043d\u0456\u043c\u0438 \u043f\u0440\u0438\u043b\u0430\u0434\u0430\u043c\u0438 \u0442\u0430 \u0442\u0435\u0445\u043d\u043e\u043b\u043e\u0433\u0456\u044f\u043c\u0438, \u044f\u043a\u0456 \u0434\u043e\u0437\u0432\u043e\u043b\u044f\u044e\u0442\u044c \u043f\u0440\u043e\u0432\u0435\u0441\u0442\u0438 \u0442\u043e\u0447\u043d\u0443 \u0442\u0430 \u043a\u043e\u043c\u043f\u043b\u0435\u043a\u0441\u043d\u0443 \u043a\u043e\u043c\u043f\u2019\u044e\u0442\u0435\u0440\u043d\u0443 \u0434\u0456\u0430\u0433\u043d\u043e\u0441\u0442\u0438\u043a\u0443 \u0432\u0430\u0448\u043e\u0433\u043e \u0430\u0432\u0442\u043e\u043c\u043e\u0431\u0456\u043b\u044f. \u0417\u0430\u0432\u0434\u044f\u043a\u0438 \u0446\u044c\u043e\u043c\u0443 \u043c\u0438 \u043c\u043e\u0436\u0435\u043c\u043e \u043b\u043e\u043a\u0430\u043b\u0456\u0437\u0443\u0432\u0430\u0442\u0438 \u0442\u0430 \u0456\u0434\u0435\u043d\u0442\u0438\u0444\u0456\u043a\u0443\u0432\u0430\u0442\u0438 \u0431\u0443\u0434\u044c-\u044f\u043a\u0456 \u043f\u0440\u043e\u0431\u043b\u0435\u043c\u0438 \u0437 \u0435\u043b\u0435\u043a\u0442\u0440\u043e\u043d\u0456\u043a\u043e\u044e \u0430\u0432\u0442\u043e\u043c\u043e\u0431\u0456\u043b\u044f, \u043c\u0435\u0445\u0430\u043d\u0456\u0447\u043d\u0456 \u043f\u043e\u0448\u043a\u043e\u0434\u0436\u0435\u043d\u043d\u044f \u0442\u0430 \u0456\u043d\u0448\u0456 \u043c\u043e\u0436\u043b\u0438\u0432\u0456 \u043d\u0435\u0441\u043f\u0440\u0430\u0432\u043d\u043e\u0441\u0442\u0456.<\/p><p>\u041c\u0438 \u043f\u0440\u043e\u043f\u043e\u043d\u0443\u0454\u043c\u043e \u0448\u0438\u0440\u043e\u043a\u0438\u0439 \u0441\u043f\u0435\u043a\u0442\u0440 \u043f\u043e\u0441\u043b\u0443\u0433 \u0437 \u043a\u043e\u043c\u043f\u2019\u044e\u0442\u0435\u0440\u043d\u043e\u0457 \u0434\u0456\u0430\u0433\u043d\u043e\u0441\u0442\u0438\u043a\u0438, \u044f\u043a\u0456 \u0432\u043a\u043b\u044e\u0447\u0430\u044e\u0442\u044c:<\/p><ol><li>\u0421\u043a\u0430\u043d\u0443\u0432\u0430\u043d\u043d\u044f \u0441\u0438\u0441\u0442\u0435\u043c\u0438 \u0434\u0432\u0438\u0433\u0443\u043d\u0430: \u043d\u0430\u0448\u0435 \u0441\u0443\u0447\u0430\u0441\u043d\u0435 \u0434\u0456\u0430\u0433\u043d\u043e\u0441\u0442\u0438\u0447\u043d\u0435 \u043e\u0431\u043b\u0430\u0434\u043d\u0430\u043d\u043d\u044f \u0434\u043e\u0437\u0432\u043e\u043b\u044f\u0454 \u043d\u0430\u043c \u0432\u0438\u043a\u043e\u043d\u0430\u0442\u0438 \u0440\u0435\u0442\u0435\u043b\u044c\u043d\u0435 \u0441\u043a\u0430\u043d\u0443\u0432\u0430\u043d\u043d\u044f \u0441\u0438\u0441\u0442\u0435\u043c\u0438 \u0434\u0432\u0438\u0433\u0443\u043d\u0430 \u0432\u0430\u0448\u043e\u0433\u043e \u0430\u0432\u0442\u043e\u043c\u043e\u0431\u0456\u043b\u044f. \u041c\u0438 \u043c\u043e\u0436\u0435\u043c\u043e \u0437\u0447\u0438\u0442\u0443\u0432\u0430\u0442\u0438 \u0442\u0430 \u0456\u043d\u0442\u0435\u0440\u043f\u0440\u0435\u0442\u0443\u0432\u0430\u0442\u0438 \u043a\u043e\u0434\u0438 \u043f\u043e\u043c\u0438\u043b\u043e\u043a, \u044f\u043a\u0456 \u043c\u043e\u0436\u0443\u0442\u044c \u0437\u2019\u044f\u0432\u043b\u044f\u0442\u0438\u0441\u044f \u043d\u0430 \u043f\u0430\u043d\u0435\u043b\u0456 \u043f\u0440\u0438\u043b\u0430\u0434\u0456\u0432, \u0456 \u043a\u043e\u043d\u0442\u0440\u043e\u043b\u044e\u0432\u0430\u0442\u0438 \u0440\u0456\u0437\u043d\u0456 \u043f\u0430\u0440\u0430\u043c\u0435\u0442\u0440\u0438, \u0442\u0430\u043a\u0456 \u044f\u043a \u0440\u0456\u0432\u0435\u043d\u044c \u043f\u0430\u043b\u0438\u0432\u0430, \u0442\u0435\u043c\u043f\u0435\u0440\u0430\u0442\u0443\u0440\u0430 \u0434\u0432\u0438\u0433\u0443\u043d\u0430, \u0442\u0438\u0441\u043a \u043c\u0430\u0441\u043b\u0430 \u0442\u043e\u0449\u043e. \u0426\u0435 \u0434\u043e\u0437\u0432\u043e\u043b\u044f\u0454 \u043d\u0430\u043c \u0448\u0432\u0438\u0434\u043a\u043e \u0439 \u0442\u043e\u0447\u043d\u043e \u0432\u0438\u0437\u043d\u0430\u0447\u0430\u0442\u0438 \u043f\u043e\u0442\u0435\u043d\u0446\u0456\u0439\u043d\u0456 \u043f\u0440\u043e\u0431\u043b\u0435\u043c\u0438.<\/li><li>\u0414\u0456\u0430\u0433\u043d\u043e\u0441\u0442\u0438\u043a\u0430 \u0435\u043b\u0435\u043a\u0442\u0440\u043e\u043d\u043d\u0438\u0445 \u0441\u0438\u0441\u0442\u0435\u043c: \u041d\u0430\u0448\u0430 \u043a\u043e\u043c\u0430\u043d\u0434\u0430 \u0444\u0430\u0445\u0456\u0432\u0446\u0456\u0432 \u043c\u0430\u0454 \u0437\u043d\u0430\u043d\u043d\u044f \u0442\u0430 \u0434\u043e\u0441\u0432\u0456\u0434 \u0443 \u0434\u0456\u0430\u0433\u043d\u043e\u0441\u0442\u0438\u0446\u0456 \u0442\u0430 \u0440\u0435\u043c\u043e\u043d\u0442\u0456 \u0440\u0456\u0437\u043d\u0438\u0445 \u0435\u043b\u0435\u043a\u0442\u0440\u043e\u043d\u043d\u0438\u0445 \u0441\u0438\u0441\u0442\u0435\u043c \u0432 \u0430\u0432\u0442\u043e\u043c\u043e\u0431\u0456\u043b\u044f\u0445. \u041c\u0438 \u043c\u043e\u0436\u0435\u043c\u043e \u043f\u0440\u043e\u0432\u0435\u0441\u0442\u0438 \u0434\u0456\u0430\u0433\u043d\u043e\u0441\u0442\u0438\u043a\u0443 ABS, ESP, \u0440\u0443\u043b\u044c\u043e\u0432\u043e\u0433\u043e \u0443\u043f\u0440\u0430\u0432\u043b\u0456\u043d\u043d\u044f, \u043a\u043e\u043d\u0434\u0438\u0446\u0456\u043e\u043d\u0435\u0440\u0430, \u043f\u043e\u0434\u0443\u0448\u043e\u043a \u0431\u0435\u0437\u043f\u0435\u043a\u0438 \u0442\u0430 \u0431\u0430\u0433\u0430\u0442\u043e \u0456\u043d\u0448\u043e\u0433\u043e. \u0426\u0435 \u0434\u043e\u0437\u0432\u043e\u043b\u044f\u0454 \u043d\u0430\u043c \u0432\u0438\u044f\u0432\u043b\u044f\u0442\u0438 \u0442\u0430 \u0443\u0441\u0443\u0432\u0430\u0442\u0438 \u043d\u0435\u0441\u043f\u0440\u0430\u0432\u043d\u043e\u0441\u0442\u0456, \u044f\u043a\u0456 \u043c\u043e\u0436\u0443\u0442\u044c \u0432\u043f\u043b\u0438\u043d\u0443\u0442\u0438 \u043d\u0430 \u0431\u0435\u0437\u043f\u0435\u043a\u0443 \u0442\u0430 \u043f\u0440\u043e\u0434\u0443\u043a\u0442\u0438\u0432\u043d\u0456\u0441\u0442\u044c \u0432\u0430\u0448\u043e\u0433\u043e \u0430\u0432\u0442\u043e\u043c\u043e\u0431\u0456\u043b\u044f.<\/li><li>\u0410\u043d\u0430\u043b\u0456\u0437 \u043f\u0430\u043b\u0438\u0432\u043d\u043e\u0457 \u0441\u0438\u0441\u0442\u0435\u043c\u0438: \u043d\u0430\u0448\u0430 \u043a\u043e\u043c\u043f\u2019\u044e\u0442\u0435\u0440\u043d\u0430 \u0434\u0456\u0430\u0433\u043d\u043e\u0441\u0442\u0438\u043a\u0430 \u0442\u0430\u043a\u043e\u0436 \u0432\u043a\u043b\u044e\u0447\u0430\u0454 \u0430\u043d\u0430\u043b\u0456\u0437 \u043f\u0430\u043b\u0438\u0432\u043d\u043e\u0457 \u0441\u0438\u0441\u0442\u0435\u043c\u0438. \u041c\u0438 \u043c\u043e\u0436\u0435\u043c\u043e \u043f\u0435\u0440\u0435\u0432\u0456\u0440\u0438\u0442\u0438 \u043f\u0430\u0440\u0430\u043c\u0435\u0442\u0440\u0438 \u0432\u043f\u043e\u0440\u0441\u043a\u0443\u0432\u0430\u043d\u043d\u044f \u043f\u0430\u043b\u0438\u0432\u0430, \u0442\u0438\u0441\u043a \u043f\u0430\u043b\u0438\u0432\u0430, \u0434\u0430\u0442\u0447\u0438\u043a\u0438 \u0442\u0430 \u0431\u0430\u0433\u0430\u0442\u043e \u0456\u043d\u0448\u0438\u0445 \u043a\u043e\u043c\u043f\u043e\u043d\u0435\u043d\u0442\u0456\u0432, \u0449\u043e\u0431 \u043f\u0435\u0440\u0435\u043a\u043e\u043d\u0430\u0442\u0438\u0441\u044f, \u0449\u043e \u0432\u0430\u0448\u0430 \u043f\u0430\u043b\u0438\u0432\u043d\u0430 \u0441\u0438\u0441\u0442\u0435\u043c\u0430 \u043f\u0440\u0430\u0446\u044e\u0454 \u043d\u0430\u043b\u0435\u0436\u043d\u0438\u043c \u0447\u0438\u043d\u043e\u043c. \u0423 \u0440\u0430\u0437\u0456 \u0432\u0438\u044f\u0432\u043b\u0435\u043d\u043d\u044f \u0431\u0443\u0434\u044c-\u044f\u043a\u0438\u0445 \u043f\u0440\u043e\u0431\u043b\u0435\u043c \u043c\u0438 \u043c\u043e\u0436\u0435\u043c\u043e \u0432\u0438\u043a\u043e\u043d\u0430\u0442\u0438 \u0431\u0443\u0434\u044c-\u044f\u043a\u0438\u0439 \u043d\u0435\u043e\u0431\u0445\u0456\u0434\u043d\u0438\u0439 \u0440\u0435\u043c\u043e\u043d\u0442 \u0430\u0431\u043e \u043d\u0430\u043b\u0430\u0448\u0442\u0443\u0432\u0430\u043d\u043d\u044f.<\/li><li>\u0414\u0456\u0430\u0433\u043d\u043e\u0441\u0442\u0438\u043a\u0430 \u0435\u043b\u0435\u043a\u0442\u0440\u0438\u0447\u043d\u0438\u0445 \u0441\u0438\u0441\u0442\u0435\u043c: \u041d\u0430\u0448\u0430 \u043a\u043e\u043c\u0430\u043d\u0434\u0430 \u0442\u0430\u043a\u043e\u0436 \u0432\u043e\u043b\u043e\u0434\u0456\u0454 \u043d\u0430\u0432\u0438\u0447\u043a\u0430\u043c\u0438 \u0432 \u043e\u0431\u043b\u0430\u0441\u0442\u0456 \u0434\u0456\u0430\u0433\u043d\u043e\u0441\u0442\u0438\u043a\u0438 \u0435\u043b\u0435\u043a\u0442\u0440\u0438\u0447\u043d\u0438\u0445 \u0441\u0438\u0441\u0442\u0435\u043c \u0432 \u0430\u0432\u0442\u043e\u043c\u043e\u0431\u0456\u043b\u044f\u0445. \u041c\u0438 \u043c\u043e\u0436\u0435\u043c\u043e \u043f\u0435\u0440\u0435\u0432\u0456\u0440\u0438\u0442\u0438 \u0441\u0442\u0430\u043d \u0456 \u0440\u043e\u0431\u043e\u0442\u0443 \u0430\u043a\u0443\u043c\u0443\u043b\u044f\u0442\u043e\u0440\u0430, \u0433\u0435\u043d\u0435\u0440\u0430\u0442\u043e\u0440\u0430, \u0441\u0442\u0430\u0440\u0442\u0435\u0440\u0430, \u0441\u0438\u0441\u0442\u0435\u043c\u0438 \u0437\u0430\u043f\u0430\u043b\u044e\u0432\u0430\u043d\u043d\u044f \u0442\u0430 \u0456\u043d\u0448\u0438\u0445 \u0435\u043b\u0435\u043a\u0442\u0440\u0438\u0447\u043d\u0438\u0445 \u043a\u043e\u043c\u043f\u043e\u043d\u0435\u043d\u0442\u0456\u0432. \u042f\u043a\u0449\u043e \u043c\u0438 \u0437\u0456\u0442\u043a\u043d\u0435\u043c\u043e\u0441\u044f \u0437 \u0431\u0443\u0434\u044c-\u044f\u043a\u0438\u043c\u0438 \u043f\u0440\u043e\u0431\u043b\u0435\u043c\u0430\u043c\u0438, \u043c\u0438 \u0440\u0435\u043a\u043e\u043c\u0435\u043d\u0434\u0443\u0454\u043c\u043e \u0432\u0456\u0434\u043f\u043e\u0432\u0456\u0434\u043d\u0456 \u0432\u0438\u043f\u0440\u0430\u0432\u043d\u0456 \u0434\u0456\u0457.<\/li><\/ol><p>\u0423 WRJ Garage \u043c\u0438 \u0446\u0456\u043d\u0443\u0454\u043c\u043e \u044f\u043a\u0456\u0441\u0442\u044c \u043d\u0430\u0448\u0438\u0445 \u043f\u043e\u0441\u043b\u0443\u0433 \u0456 \u0442\u043e\u0447\u043d\u0456\u0441\u0442\u044c \u043d\u0430\u0448\u043e\u0457 \u0434\u0456\u0430\u0433\u043d\u043e\u0441\u0442\u0438\u043a\u0438.<\/p>\t\t\t\t\t\t\t\t<\/div>\n\t\t\t\t<\/div>\n\t\t\t\t\t<\/div>\n\t\t<\/div>\n\t\t\t\t<div class=\"elementor-column elementor-col-50 elementor-top-column elementor-element elementor-element-c44095d\" data-id=\"c44095d\" data-element_type=\"column\">\n\t\t\t<div class=\"elementor-widget-wrap elementor-element-populated\">\n\t\t\t\t\t\t<div class=\"elementor-element elementor-element-6ceab20 elementor-widget elementor-widget-image\" data-id=\"6ceab20\" data-element_type=\"widget\" data-widget_type=\"image.default\">\n\t\t\t\t<div class=\"elementor-widget-container\">\n\t\t\t\t\t\t\t\t\t\t\t\t\t\t\t<img fetchpriority=\"high\" decoding=\"async\" width=\"800\" height=\"800\" src=\"https:\/\/xn--rjgara-upb.pl\/wp-content\/uploads\/2022\/08\/computer-diagnostics-1024x1024.png\" class=\"attachment-large size-large wp-image-565\" alt=\"\" srcset=\"https:\/\/xn--rjgara-upb.pl\/wp-content\/uploads\/2022\/08\/computer-diagnostics-1024x1024.png 1024w, https:\/\/xn--rjgara-upb.pl\/wp-content\/uploads\/2022\/08\/computer-diagnostics-300x300.png 300w, https:\/\/xn--rjgara-upb.pl\/wp-content\/uploads\/2022\/08\/computer-diagnostics-150x150.png 150w, https:\/\/xn--rjgara-upb.pl\/wp-content\/uploads\/2022\/08\/computer-diagnostics-768x768.png 768w, https:\/\/xn--rjgara-upb.pl\/wp-content\/uploads\/2022\/08\/computer-diagnostics.png 1080w\" sizes=\"(max-width: 800px) 100vw, 800px\" title=\"\">\t\t\t\t\t\t\t\t\t\t\t\t\t\t\t<\/div>\n\t\t\t\t<\/div>\n\t\t\t\t<section class=\"elementor-section elementor-inner-section elementor-element elementor-element-0124df8 elementor-section-boxed elementor-section-height-default elementor-section-height-default\" data-id=\"0124df8\" data-element_type=\"section\">\n\t\t\t\t\t\t<div class=\"elementor-container elementor-column-gap-default\">\n\t\t\t\t\t<div class=\"elementor-column elementor-col-50 elementor-inner-column elementor-element elementor-element-5204136\" data-id=\"5204136\" data-element_type=\"column\">\n\t\t\t<div class=\"elementor-widget-wrap elementor-element-populated\">\n\t\t\t\t\t\t<div class=\"elementor-element elementor-element-0fa1aab elementor-widget elementor-widget-image\" data-id=\"0fa1aab\" data-element_type=\"widget\" data-widget_type=\"image.default\">\n\t\t\t\t<div class=\"elementor-widget-container\">\n\t\t\t\t\t\t\t\t\t\t\t\t\t\t\t<img decoding=\"async\" width=\"800\" height=\"800\" src=\"https:\/\/xn--rjgara-upb.pl\/wp-content\/uploads\/2022\/08\/Untitled-design-2022-08-20T234249.189-1024x1024.png\" class=\"attachment-large size-large wp-image-762\" alt=\"\" srcset=\"https:\/\/xn--rjgara-upb.pl\/wp-content\/uploads\/2022\/08\/Untitled-design-2022-08-20T234249.189-1024x1024.png 1024w, https:\/\/xn--rjgara-upb.pl\/wp-content\/uploads\/2022\/08\/Untitled-design-2022-08-20T234249.189-300x300.png 300w, https:\/\/xn--rjgara-upb.pl\/wp-content\/uploads\/2022\/08\/Untitled-design-2022-08-20T234249.189-150x150.png 150w, https:\/\/xn--rjgara-upb.pl\/wp-content\/uploads\/2022\/08\/Untitled-design-2022-08-20T234249.189-768x768.png 768w, https:\/\/xn--rjgara-upb.pl\/wp-content\/uploads\/2022\/08\/Untitled-design-2022-08-20T234249.189.png 1080w\" sizes=\"(max-width: 800px) 100vw, 800px\" title=\"\">\t\t\t\t\t\t\t\t\t\t\t\t\t\t\t<\/div>\n\t\t\t\t<\/div>\n\t\t\t\t\t<\/div>\n\t\t<\/div>\n\t\t\t\t<div class=\"elementor-column elementor-col-50 elementor-inner-column elementor-element elementor-element-892f29a\" data-id=\"892f29a\" data-element_type=\"column\">\n\t\t\t<div class=\"elementor-widget-wrap elementor-element-populated\">\n\t\t\t\t\t\t<div class=\"elementor-element elementor-element-3aed097 elementor-widget elementor-widget-image\" data-id=\"3aed097\" data-element_type=\"widget\" data-widget_type=\"image.default\">\n\t\t\t\t<div class=\"elementor-widget-container\">\n\t\t\t\t\t\t\t\t\t\t\t\t\t\t\t<img decoding=\"async\" width=\"300\" height=\"300\" src=\"https:\/\/xn--rjgara-upb.pl\/wp-content\/uploads\/2022\/10\/Untitled-design-70-300x300.png\" class=\"attachment-medium size-medium wp-image-1069\" alt=\"\" srcset=\"https:\/\/xn--rjgara-upb.pl\/wp-content\/uploads\/2022\/10\/Untitled-design-70-300x300.png 300w, https:\/\/xn--rjgara-upb.pl\/wp-content\/uploads\/2022\/10\/Untitled-design-70-1024x1024.png 1024w, https:\/\/xn--rjgara-upb.pl\/wp-content\/uploads\/2022\/10\/Untitled-design-70-150x150.png 150w, https:\/\/xn--rjgara-upb.pl\/wp-content\/uploads\/2022\/10\/Untitled-design-70-768x768.png 768w, https:\/\/xn--rjgara-upb.pl\/wp-content\/uploads\/2022\/10\/Untitled-design-70.png 1080w\" sizes=\"(max-width: 300px) 100vw, 300px\" title=\"\">\t\t\t\t\t\t\t\t\t\t\t\t\t\t\t<\/div>\n\t\t\t\t<\/div>\n\t\t\t\t\t<\/div>\n\t\t<\/div>\n\t\t\t\t\t<\/div>\n\t\t<\/section>\n\t\t\t\t\t<\/div>\n\t\t<\/div>\n\t\t\t\t\t<\/div>\n\t\t<\/section>\n\t\t\t\t<\/div>","protected":false},"excerpt":{"rendered":"<p>Diagnostyka komputerowa Szczecin Diagnostyka komputerowa Szczecin P\u0142onia Nasz specjalistyczny serwis diagnostyczny wyposa\u017cony jest w najnowocze\u015bniejsze urz\u0105dzenia i technologie, kt\u00f3re umo\u017cliwiaj\u0105 nam przeprowadzenie precyzyjnej i kompleksowej diagnostyki komputerowej Twojego pojazdu. Dzi\u0119ki temu jeste\u015bmy w stanie zlokalizowa\u0107 i zidentyfikowa\u0107 wszelkie problemy z elektronik\u0105 samochodow\u0105, uszkodzenia mechaniczne i inne potencjalne usterki. Oferujemy szeroki zakres us\u0142ug diagnostyki komputerowej, kt\u00f3re [&hellip;]<\/p>","protected":false},"author":1,"featured_media":0,"parent":0,"menu_order":0,"comment_status":"closed","ping_status":"closed","template":"","meta":{"footnotes":""},"class_list":["post-158","page","type-page","status-publish","hentry"],"_links":{"self":[{"href":"https:\/\/xn--rjgara-upb.pl\/uk\/wp-json\/wp\/v2\/pages\/158","targetHints":{"allow":["GET"]}}],"collection":[{"href":"https:\/\/xn--rjgara-upb.pl\/uk\/wp-json\/wp\/v2\/pages"}],"about":[{"href":"https:\/\/xn--rjgara-upb.pl\/uk\/wp-json\/wp\/v2\/types\/page"}],"author":[{"embeddable":true,"href":"https:\/\/xn--rjgara-upb.pl\/uk\/wp-json\/wp\/v2\/users\/1"}],"replies":[{"embeddable":true,"href":"https:\/\/xn--rjgara-upb.pl\/uk\/wp-json\/wp\/v2\/comments?post=158"}],"version-history":[{"count":91,"href":"https:\/\/xn--rjgara-upb.pl\/uk\/wp-json\/wp\/v2\/pages\/158\/revisions"}],"predecessor-version":[{"id":6915,"href":"https:\/\/xn--rjgara-upb.pl\/uk\/wp-json\/wp\/v2\/pages\/158\/revisions\/6915"}],"wp:attachment":[{"href":"https:\/\/xn--rjgara-upb.pl\/uk\/wp-json\/wp\/v2\/media?parent=158"}],"curies":[{"name":"wp","href":"https:\/\/api.w.org\/{rel}","templated":true}]}}