{"id":191,"date":"2022-08-15T22:25:49","date_gmt":"2022-08-15T20:25:49","guid":{"rendered":"http:\/\/xn--rjgara-upb.pl\/?page_id=191"},"modified":"2023-07-04T15:05:00","modified_gmt":"2023-07-04T13:05:00","slug":"\u0430\u0432\u0442\u043e\u043c\u0435\u0445\u0430\u043d\u0456\u043a-\u0449\u0435\u0446\u0438\u043d","status":"publish","type":"page","link":"https:\/\/xn--rjgara-upb.pl\/uk\/\u0430\u0432\u0442\u043e\u043c\u0435\u0445\u0430\u043d\u0456\u043a-\u0449\u0435\u0446\u0438\u043d\/","title":{"rendered":"\u0410\u0432\u0442\u043e\u043c\u0435\u0445\u0430\u043d\u0456\u043a"},"content":{"rendered":"<style>.elementor-191 .elementor-element.elementor-element-246190d:not(.elementor-motion-effects-element-type-background), .elementor-191 .elementor-element.elementor-element-246190d > .elementor-motion-effects-container > .elementor-motion-effects-layer{background-image:url(\"https:\/\/xn--rjgara-upb.pl\/wp-content\/uploads\/2022\/08\/Untitled-design-2022-08-17T155336.340.png\");background-position:center center;background-repeat:no-repeat;background-size:cover;}.elementor-191 .elementor-element.elementor-element-246190d{transition:background 0.3s, border 0.3s, border-radius 0.3s, box-shadow 0.3s;}.elementor-191 .elementor-element.elementor-element-246190d > .elementor-background-overlay{transition:background 0.3s, border-radius 0.3s, opacity 0.3s;}.elementor-191 .elementor-element.elementor-element-acca7b3{--spacer-size:98px;}.elementor-191 .elementor-element.elementor-element-6fb4671{text-align:center;}.elementor-191 .elementor-element.elementor-element-6fb4671 .elementor-heading-title{font-family:\"Open Sans\", Sans-serif;font-size:48px;font-weight:600;color:#FFFFFF;}.elementor-191 .elementor-element.elementor-element-fb3bb28{--spacer-size:50px;}.elementor-191 .elementor-element.elementor-element-c0ed9e6{--spacer-size:10px;}.elementor-191 .elementor-element.elementor-element-ccb3fff{--spacer-size:50px;}.elementor-191 .elementor-element.elementor-element-a15fe13{--spacer-size:10px;}.elementor-191 .elementor-element.elementor-element-31b7f90{text-align:start;}.elementor-191 .elementor-element.elementor-element-31b7f90 .elementor-heading-title{font-family:\"Open Sans\", Sans-serif;font-size:32px;font-weight:600;color:#000000;}.elementor-191 .elementor-element.elementor-element-3fa2ca6{font-family:\"Open Sans\", Sans-serif;font-size:16px;font-weight:400;line-height:24px;color:#000000;}:root{--page-title-display:none;}@media(min-width:768px){.elementor-191 .elementor-element.elementor-element-78288e7{width:20%;}.elementor-191 .elementor-element.elementor-element-4c4e72d{width:59.332%;}.elementor-191 .elementor-element.elementor-element-f276d75{width:20%;}}<\/style>\t\t<div data-elementor-type=\"wp-page\" data-elementor-id=\"191\" class=\"elementor elementor-191\" data-elementor-post-type=\"page\">\n\t\t\t\t\t\t<section class=\"elementor-section elementor-top-section elementor-element elementor-element-246190d elementor-section-full_width elementor-section-stretched elementor-section-height-default elementor-section-height-default\" data-id=\"246190d\" data-element_type=\"section\" data-settings=\"{&quot;stretch_section&quot;:&quot;section-stretched&quot;,&quot;background_background&quot;:&quot;classic&quot;}\">\n\t\t\t\t\t\t<div class=\"elementor-container elementor-column-gap-no\">\n\t\t\t\t\t<div class=\"elementor-column elementor-col-100 elementor-top-column elementor-element elementor-element-1ee0731\" data-id=\"1ee0731\" data-element_type=\"column\">\n\t\t\t<div class=\"elementor-widget-wrap elementor-element-populated\">\n\t\t\t\t\t\t<section class=\"elementor-section elementor-inner-section elementor-element elementor-element-5f8c80c elementor-section-boxed elementor-section-height-default elementor-section-height-default\" data-id=\"5f8c80c\" data-element_type=\"section\">\n\t\t\t\t\t\t<div class=\"elementor-container elementor-column-gap-default\">\n\t\t\t\t\t<div class=\"elementor-column elementor-col-33 elementor-inner-column elementor-element elementor-element-78288e7\" data-id=\"78288e7\" data-element_type=\"column\">\n\t\t\t<div class=\"elementor-widget-wrap\">\n\t\t\t\t\t\t\t<\/div>\n\t\t<\/div>\n\t\t\t\t<div class=\"elementor-column elementor-col-33 elementor-inner-column elementor-element elementor-element-4c4e72d\" data-id=\"4c4e72d\" data-element_type=\"column\">\n\t\t\t<div class=\"elementor-widget-wrap elementor-element-populated\">\n\t\t\t\t\t\t<div class=\"elementor-element elementor-element-acca7b3 elementor-widget elementor-widget-spacer\" data-id=\"acca7b3\" data-element_type=\"widget\" data-widget_type=\"spacer.default\">\n\t\t\t\t<div class=\"elementor-widget-container\">\n\t\t\t\t\t\t\t<div class=\"elementor-spacer\">\n\t\t\t<div class=\"elementor-spacer-inner\"><\/div>\n\t\t<\/div>\n\t\t\t\t\t\t<\/div>\n\t\t\t\t<\/div>\n\t\t\t\t<div class=\"elementor-element elementor-element-6fb4671 elementor-widget elementor-widget-heading\" data-id=\"6fb4671\" data-element_type=\"widget\" data-widget_type=\"heading.default\">\n\t\t\t\t<div class=\"elementor-widget-container\">\n\t\t\t\t\t<h1 class=\"elementor-heading-title elementor-size-default\">\u041c\u0435\u0445\u0430\u043d\u0456\u043a\u0438 \u0442\u0440\u0430\u043d\u0441\u043f\u043e\u0440\u0442\u043d\u0438\u0445 \u0437\u0430\u0441\u043e\u0431\u0456\u0432 \u0429\u0435\u0446\u0438\u043d<\/h1>\t\t\t\t<\/div>\n\t\t\t\t<\/div>\n\t\t\t\t<div class=\"elementor-element elementor-element-fb3bb28 elementor-widget elementor-widget-spacer\" data-id=\"fb3bb28\" data-element_type=\"widget\" data-widget_type=\"spacer.default\">\n\t\t\t\t<div class=\"elementor-widget-container\">\n\t\t\t\t\t\t\t<div class=\"elementor-spacer\">\n\t\t\t<div class=\"elementor-spacer-inner\"><\/div>\n\t\t<\/div>\n\t\t\t\t\t\t<\/div>\n\t\t\t\t<\/div>\n\t\t\t\t<div class=\"elementor-element elementor-element-c0ed9e6 elementor-widget elementor-widget-spacer\" data-id=\"c0ed9e6\" data-element_type=\"widget\" data-widget_type=\"spacer.default\">\n\t\t\t\t<div class=\"elementor-widget-container\">\n\t\t\t\t\t\t\t<div class=\"elementor-spacer\">\n\t\t\t<div class=\"elementor-spacer-inner\"><\/div>\n\t\t<\/div>\n\t\t\t\t\t\t<\/div>\n\t\t\t\t<\/div>\n\t\t\t\t\t<\/div>\n\t\t<\/div>\n\t\t\t\t<div class=\"elementor-column elementor-col-33 elementor-inner-column elementor-element elementor-element-f276d75\" data-id=\"f276d75\" data-element_type=\"column\">\n\t\t\t<div class=\"elementor-widget-wrap\">\n\t\t\t\t\t\t\t<\/div>\n\t\t<\/div>\n\t\t\t\t\t<\/div>\n\t\t<\/section>\n\t\t\t\t<div class=\"elementor-element elementor-element-ccb3fff elementor-widget elementor-widget-spacer\" data-id=\"ccb3fff\" data-element_type=\"widget\" data-widget_type=\"spacer.default\">\n\t\t\t\t<div class=\"elementor-widget-container\">\n\t\t\t\t\t\t\t<div class=\"elementor-spacer\">\n\t\t\t<div class=\"elementor-spacer-inner\"><\/div>\n\t\t<\/div>\n\t\t\t\t\t\t<\/div>\n\t\t\t\t<\/div>\n\t\t\t\t\t<\/div>\n\t\t<\/div>\n\t\t\t\t\t<\/div>\n\t\t<\/section>\n\t\t\t\t<section class=\"elementor-section elementor-top-section elementor-element elementor-element-676df99 elementor-section-boxed elementor-section-height-default elementor-section-height-default\" data-id=\"676df99\" data-element_type=\"section\">\n\t\t\t\t\t\t<div class=\"elementor-container elementor-column-gap-default\">\n\t\t\t\t\t<div class=\"elementor-column elementor-col-50 elementor-top-column elementor-element elementor-element-93e6af8\" data-id=\"93e6af8\" data-element_type=\"column\">\n\t\t\t<div class=\"elementor-widget-wrap elementor-element-populated\">\n\t\t\t\t\t\t<div class=\"elementor-element elementor-element-a15fe13 elementor-widget elementor-widget-spacer\" data-id=\"a15fe13\" data-element_type=\"widget\" data-widget_type=\"spacer.default\">\n\t\t\t\t<div class=\"elementor-widget-container\">\n\t\t\t\t\t\t\t<div class=\"elementor-spacer\">\n\t\t\t<div class=\"elementor-spacer-inner\"><\/div>\n\t\t<\/div>\n\t\t\t\t\t\t<\/div>\n\t\t\t\t<\/div>\n\t\t\t\t<div class=\"elementor-element elementor-element-31b7f90 elementor-widget elementor-widget-heading\" data-id=\"31b7f90\" data-element_type=\"widget\" data-widget_type=\"heading.default\">\n\t\t\t\t<div class=\"elementor-widget-container\">\n\t\t\t\t\t<h2 class=\"elementor-heading-title elementor-size-default\">\u0410\u0432\u0442\u043e\u043c\u0435\u0445\u0430\u043d\u0456\u043a\u0430 Szczecin P\u0142onia<\/h2>\t\t\t\t<\/div>\n\t\t\t\t<\/div>\n\t\t\t\t<div class=\"elementor-element elementor-element-3fa2ca6 elementor-widget elementor-widget-text-editor\" data-id=\"3fa2ca6\" data-element_type=\"widget\" data-widget_type=\"text-editor.default\">\n\t\t\t\t<div class=\"elementor-widget-container\">\n\t\t\t\t\t\t\t\t\t<p>\u0410\u0432\u0442\u043e\u043c\u0435\u0445\u0430\u043d\u0456\u043a \u0429\u0435\u0446\u0438\u043d, \u0441\u043f\u0435\u0446\u0456\u0430\u043b\u0456\u0441\u0442\u0438 \u0437 \u043e\u0431\u0441\u043b\u0443\u0433\u043e\u0432\u0443\u0432\u0430\u043d\u043d\u044f \u0442\u0440\u0430\u043d\u0441\u043f\u043e\u0440\u0442\u043d\u0438\u0445 \u0437\u0430\u0441\u043e\u0431\u0456\u0432 \u0443 \u0429\u0435\u0446\u0438\u043d\u0456. \u041c\u0438 \u043f\u0435\u0440\u0435\u0432\u0456\u0440\u0435\u043d\u0430 \u043c\u0456\u0441\u0446\u0435\u0432\u0430 \u0430\u0432\u0442\u043e\u043c\u0430\u0439\u0441\u0442\u0435\u0440\u043d\u044f, \u044f\u043a\u0430 \u0432\u0436\u0435 \u0431\u0430\u0433\u0430\u0442\u043e \u0440\u043e\u043a\u0456\u0432 \u043e\u0431\u0441\u043b\u0443\u0433\u043e\u0432\u0443\u0454 \u043c\u0435\u0448\u043a\u0430\u043d\u0446\u0456\u0432 \u043d\u0430\u0448\u043e\u0433\u043e \u043c\u0456\u0441\u0442\u0430 \u0442\u0430 \u043e\u043a\u043e\u043b\u0438\u0446\u044c. \u0412\u0438 \u0437\u043d\u0430\u0439\u0434\u0435\u0442\u0435 \u043d\u0430\u0441 \u0443 \u0446\u0435\u043d\u0442\u0440\u0456 \u0429\u0435\u0446\u0438\u043d\u0430, \u0434\u0435 \u043c\u0438 \u0437 \u043f\u0440\u0438\u0441\u0442\u0440\u0430\u0441\u0442\u044e \u0442\u0430 \u0432\u0456\u0434\u0434\u0430\u043d\u0456\u0441\u0442\u044e \u043f\u043e\u0434\u0431\u0430\u0454\u043c\u043e \u043f\u0440\u043e \u0442\u0435\u0445\u043d\u0456\u0447\u043d\u0438\u0439 \u0441\u0442\u0430\u043d \u0432\u0430\u0448\u043e\u0433\u043e \u0430\u0432\u0442\u043e\u043c\u043e\u0431\u0456\u043b\u044f.<br \/><b>\u041d\u0430\u0448\u0430 \u043a\u043e\u043c\u0430\u043d\u0434\u0430<\/b><br \/>\u041d\u0430\u0448\u0430 \u043a\u043e\u043c\u0430\u043d\u0434\u0430 \u0441\u043a\u043b\u0430\u0434\u0430\u0454\u0442\u044c\u0441\u044f \u0437 \u0434\u043e\u0441\u0432\u0456\u0434\u0447\u0435\u043d\u0438\u0445 \u043c\u0435\u0445\u0430\u043d\u0456\u043a\u0456\u0432, \u044f\u043a\u0456 \u0432\u043e\u043b\u043e\u0434\u0456\u044e\u0442\u044c \u0433\u043b\u0438\u0431\u043e\u043a\u0438\u043c\u0438 \u0437\u043d\u0430\u043d\u043d\u044f\u043c\u0438 \u0432 \u0433\u0430\u043b\u0443\u0437\u0456 \u0430\u0432\u0442\u043e\u043c\u0435\u0445\u0430\u043d\u0456\u043a\u0438. \u0420\u0435\u0433\u0443\u043b\u044f\u0440\u043d\u0456 \u0442\u0440\u0435\u043d\u0456\u043d\u0433\u0438 \u0442\u0430 \u043a\u0443\u0440\u0441\u0438 \u0434\u043e\u0437\u0432\u043e\u043b\u044f\u044e\u0442\u044c \u043d\u0430\u043c \u0431\u0443\u0442\u0438 \u0432 \u043a\u0443\u0440\u0441\u0456 \u043e\u0441\u0442\u0430\u043d\u043d\u0456\u0445 \u0442\u0435\u043d\u0434\u0435\u043d\u0446\u0456\u0439 \u0456 \u0442\u0435\u0445\u043d\u043e\u043b\u043e\u0433\u0456\u0439 \u0443 \u0433\u0430\u043b\u0443\u0437\u0456.<br \/><b>\u041d\u0430\u0448\u0456 \u043f\u043e\u0441\u043b\u0443\u0433\u0438<\/b><br \/>\u041c\u0438 \u0441\u043f\u0435\u0446\u0456\u0430\u043b\u0456\u0437\u0443\u0454\u043c\u043e\u0441\u044f \u043d\u0430 \u0448\u0438\u0440\u043e\u043a\u043e\u043c\u0443 \u0441\u043f\u0435\u043a\u0442\u0440\u0456 \u043f\u043e\u0441\u043b\u0443\u0433, \u043f\u043e\u0432&#039;\u044f\u0437\u0430\u043d\u0438\u0445 \u0437 \u0430\u0432\u0442\u043e\u043c\u0435\u0445\u0430\u043d\u0456\u043a\u043e\u044e. \u041d\u0430\u0448\u0430 \u043f\u0440\u043e\u043f\u043e\u0437\u0438\u0446\u0456\u044f \u0432\u043a\u043b\u044e\u0447\u0430\u0454 \u043f\u0435\u0440\u0456\u043e\u0434\u0438\u0447\u043d\u0456 \u0442\u0435\u0445\u043e\u0433\u043b\u044f\u0434\u0438, \u043f\u043e\u0442\u043e\u0447\u043d\u0438\u0439 \u0440\u0435\u043c\u043e\u043d\u0442, \u043a\u043e\u043c\u043f\u2019\u044e\u0442\u0435\u0440\u043d\u0443 \u0434\u0456\u0430\u0433\u043d\u043e\u0441\u0442\u0438\u043a\u0443, \u0440\u0435\u043c\u043e\u043d\u0442 \u0434\u0432\u0438\u0433\u0443\u043d\u0430, \u0437\u0430\u043c\u0456\u043d\u0443 \u0448\u0438\u043d, \u043e\u0431\u0441\u043b\u0443\u0433\u043e\u0432\u0443\u0432\u0430\u043d\u043d\u044f \u043a\u043e\u043d\u0434\u0438\u0446\u0456\u043e\u043d\u0435\u0440\u0456\u0432 \u0442\u0430 \u0431\u0430\u0433\u0430\u0442\u043e \u0456\u043d\u0448\u043e\u0433\u043e.<br \/>\u041c\u0438 \u0437\u0430\u0432\u0436\u0434\u0438 \u043e\u0440\u0456\u0454\u043d\u0442\u0443\u0454\u043c\u043e\u0441\u044f \u043d\u0430 \u044f\u043a\u0456\u0441\u0442\u044c \u043d\u0430\u0448\u0438\u0445 \u043f\u043e\u0441\u043b\u0443\u0433. \u041c\u0438 \u0432\u0438\u043a\u043e\u0440\u0438\u0441\u0442\u043e\u0432\u0443\u0454\u043c\u043e \u043d\u0430\u0439\u0441\u0443\u0447\u0430\u0441\u043d\u0456\u0448\u0456 \u0434\u0456\u0430\u0433\u043d\u043e\u0441\u0442\u0438\u0447\u043d\u0456 \u0437\u0430\u0441\u043e\u0431\u0438 \u0442\u0430 \u043e\u0431\u043b\u0430\u0434\u043d\u0430\u043d\u043d\u044f, \u0430 \u0442\u0430\u043a\u043e\u0436 \u044f\u043a\u0456\u0441\u043d\u0456 \u0437\u0430\u043f\u0447\u0430\u0441\u0442\u0438\u043d\u0438. \u0426\u0435 \u043e\u0437\u043d\u0430\u0447\u0430\u0454, \u0449\u043e \u043c\u0438 \u043c\u043e\u0436\u0435\u043c\u043e \u0433\u0430\u0440\u0430\u043d\u0442\u0443\u0432\u0430\u0442\u0438, \u0449\u043e \u0432\u0430\u0448 \u0430\u0432\u0442\u043e\u043c\u043e\u0431\u0456\u043b\u044c \u0437\u0430\u0432\u0436\u0434\u0438 \u0431\u0443\u0434\u0435 \u0443 \u0432\u0456\u0434\u043c\u0456\u043d\u043d\u043e\u043c\u0443 \u0441\u0442\u0430\u043d\u0456 \u0442\u0430 \u0431\u0435\u0437\u043f\u0435\u0447\u043d\u0438\u0439 \u043d\u0430 \u0434\u043e\u0440\u043e\u0437\u0456.<br \/>\u0411\u0443\u0434\u044c \u043b\u0430\u0441\u043a\u0430, \u0437\u0432&#039;\u044f\u0436\u0456\u0442\u044c\u0441\u044f \u0437 \u043d\u0430\u043c\u0438, \u0449\u043e\u0431 \u0434\u0456\u0437\u043d\u0430\u0442\u0438\u0441\u044f \u0431\u0456\u043b\u044c\u0448\u0435 \u043f\u0440\u043e \u043d\u0430\u0448\u0456 \u043f\u043e\u0441\u043b\u0443\u0433\u0438 \u0430\u0431\u043e \u0434\u043e\u043c\u043e\u0432\u0438\u0442\u0438\u0441\u044f \u043f\u0440\u043e \u0432\u0456\u0434\u0432\u0456\u0434\u0443\u0432\u0430\u043d\u043d\u044f \u043d\u0430\u0448\u043e\u0457 \u043c\u0430\u0439\u0441\u0442\u0435\u0440\u043d\u0456. \u041d\u0430\u0448\u0430 \u043a\u043e\u043c\u0430\u043d\u0434\u0430 \u0437\u0430\u0432\u0436\u0434\u0438 \u0433\u043e\u0442\u043e\u0432\u0430 \u0432\u0456\u0434\u043f\u043e\u0432\u0456\u0441\u0442\u0438 \u043d\u0430 \u0432\u0430\u0448\u0456 \u0437\u0430\u043f\u0438\u0442\u0430\u043d\u043d\u044f \u0442\u0430 \u043d\u0430\u0434\u0430\u0442\u0438 \u043f\u0440\u043e\u0444\u0435\u0441\u0456\u0439\u043d\u0443 \u043a\u043e\u043d\u0441\u0443\u043b\u044c\u0442\u0430\u0446\u0456\u044e.<br \/>\u0410\u0432\u0442\u043e\u043c\u0435\u0445\u0430\u043d\u0456\u043a\u0430 \u0429\u0435\u0446\u0438\u043d \u2013 \u043c\u0438 \u0432\u0430\u0448\u0456 \u0441\u043f\u0435\u0446\u0456\u0430\u043b\u0456\u0441\u0442\u0438 \u0437 \u0430\u0432\u0442\u043e\u043c\u0435\u0445\u0430\u043d\u0456\u043a\u0438. \u0414\u043e\u0432\u0456\u0440\u0442\u0435\u0441\u044f \u043d\u0430\u043c \u0456 \u0432\u0456\u0434\u0447\u0443\u0439\u0442\u0435 \u044f\u043a\u0456\u0441\u0442\u044c, \u044f\u043a\u0443 \u0432\u0438 \u0448\u0443\u043a\u0430\u0454\u0442\u0435.<\/p>\t\t\t\t\t\t\t\t<\/div>\n\t\t\t\t<\/div>\n\t\t\t\t\t<\/div>\n\t\t<\/div>\n\t\t\t\t<div class=\"elementor-column elementor-col-50 elementor-top-column elementor-element elementor-element-37d4928\" data-id=\"37d4928\" data-element_type=\"column\">\n\t\t\t<div class=\"elementor-widget-wrap elementor-element-populated\">\n\t\t\t\t\t\t<div class=\"elementor-element elementor-element-cd14c95 elementor-widget elementor-widget-image\" data-id=\"cd14c95\" data-element_type=\"widget\" data-widget_type=\"image.default\">\n\t\t\t\t<div class=\"elementor-widget-container\">\n\t\t\t\t\t\t\t\t\t\t\t\t\t\t\t<img fetchpriority=\"high\" decoding=\"async\" width=\"800\" height=\"800\" src=\"https:\/\/xn--rjgara-upb.pl\/wp-content\/uploads\/2023\/05\/Untitled-design-11-1024x1024.png\" class=\"attachment-large size-large wp-image-6655\" alt=\"\" srcset=\"https:\/\/xn--rjgara-upb.pl\/wp-content\/uploads\/2023\/05\/Untitled-design-11-1024x1024.png 1024w, https:\/\/xn--rjgara-upb.pl\/wp-content\/uploads\/2023\/05\/Untitled-design-11-300x300.png 300w, https:\/\/xn--rjgara-upb.pl\/wp-content\/uploads\/2023\/05\/Untitled-design-11-150x150.png 150w, https:\/\/xn--rjgara-upb.pl\/wp-content\/uploads\/2023\/05\/Untitled-design-11-768x768.png 768w, https:\/\/xn--rjgara-upb.pl\/wp-content\/uploads\/2023\/05\/Untitled-design-11.png 1080w\" sizes=\"(max-width: 800px) 100vw, 800px\" title=\"\">\t\t\t\t\t\t\t\t\t\t\t\t\t\t\t<\/div>\n\t\t\t\t<\/div>\n\t\t\t\t\t<\/div>\n\t\t<\/div>\n\t\t\t\t\t<\/div>\n\t\t<\/section>\n\t\t\t\t<\/div>","protected":false},"excerpt":{"rendered":"<p>Mechanika Pojazdowa Szczecin Mechanika Pojazdowa Szczecin P\u0142onia Mechanika Pojazdowa Szczecin, specjali\u015bci od serwisowania pojazd\u00f3w w Szczecinie. Jeste\u015bmy zaufanym, lokalnym warsztatem samochodowym, kt\u00f3ry od lat s\u0142u\u017cy mieszka\u0144com naszego miasta i okolic. Znajdziesz nas w centrum Szczecina, gdzie z pasj\u0105 i zaanga\u017cowaniem dbamy o stan techniczny Twojego samochodu.Nasz Zesp\u00f3\u0142Nasz zesp\u00f3\u0142 sk\u0142ada si\u0119 z do\u015bwiadczonych mechanik\u00f3w, kt\u00f3rzy posiadaj\u0105 [&hellip;]<\/p>","protected":false},"author":1,"featured_media":0,"parent":0,"menu_order":0,"comment_status":"closed","ping_status":"closed","template":"","meta":{"footnotes":""},"class_list":["post-191","page","type-page","status-publish","hentry"],"_links":{"self":[{"href":"https:\/\/xn--rjgara-upb.pl\/uk\/wp-json\/wp\/v2\/pages\/191","targetHints":{"allow":["GET"]}}],"collection":[{"href":"https:\/\/xn--rjgara-upb.pl\/uk\/wp-json\/wp\/v2\/pages"}],"about":[{"href":"https:\/\/xn--rjgara-upb.pl\/uk\/wp-json\/wp\/v2\/types\/page"}],"author":[{"embeddable":true,"href":"https:\/\/xn--rjgara-upb.pl\/uk\/wp-json\/wp\/v2\/users\/1"}],"replies":[{"embeddable":true,"href":"https:\/\/xn--rjgara-upb.pl\/uk\/wp-json\/wp\/v2\/comments?post=191"}],"version-history":[{"count":61,"href":"https:\/\/xn--rjgara-upb.pl\/uk\/wp-json\/wp\/v2\/pages\/191\/revisions"}],"predecessor-version":[{"id":6925,"href":"https:\/\/xn--rjgara-upb.pl\/uk\/wp-json\/wp\/v2\/pages\/191\/revisions\/6925"}],"wp:attachment":[{"href":"https:\/\/xn--rjgara-upb.pl\/uk\/wp-json\/wp\/v2\/media?parent=191"}],"curies":[{"name":"wp","href":"https:\/\/api.w.org\/{rel}","templated":true}]}}