{"id":6722,"date":"2023-05-25T16:02:28","date_gmt":"2023-05-25T14:02:28","guid":{"rendered":"http:\/\/xn--rjgara-upb.pl\/?page_id=6722"},"modified":"2023-07-04T15:04:12","modified_gmt":"2023-07-04T13:04:12","slug":"\u0433\u0435\u043e\u043c\u0435\u0442\u0440\u0456\u044f-kol-3d-szczecin-plonia","status":"publish","type":"page","link":"https:\/\/xn--rjgara-upb.pl\/uk\/\u0433\u0435\u043e\u043c\u0435\u0442\u0440\u0456\u044f-kol-3d-szczecin-plonia\/","title":{"rendered":"\u0420\u043e\u0437\u0432\u0430\u043b-\u0441\u0445\u043e\u0434\u0436\u0435\u043d\u043d\u044f 3d \u0429\u0435\u0446\u0438\u043d \u041f\u043b\u043e\u043d\u0456\u044f"},"content":{"rendered":"<style>.elementor-6722 .elementor-element.elementor-element-9d170f8:not(.elementor-motion-effects-element-type-background), .elementor-6722 .elementor-element.elementor-element-9d170f8 > .elementor-motion-effects-container > .elementor-motion-effects-layer{background-image:url(\"https:\/\/xn--rjgara-upb.pl\/wp-content\/uploads\/2023\/05\/Untitled-design-29.png\");background-position:center center;background-repeat:no-repeat;background-size:cover;}.elementor-6722 .elementor-element.elementor-element-9d170f8{transition:background 0.3s, border 0.3s, border-radius 0.3s, box-shadow 0.3s;}.elementor-6722 .elementor-element.elementor-element-9d170f8 > .elementor-background-overlay{transition:background 0.3s, border-radius 0.3s, opacity 0.3s;}.elementor-6722 .elementor-element.elementor-element-844e9bc{--spacer-size:98px;}.elementor-6722 .elementor-element.elementor-element-dc6ee64{text-align:center;}.elementor-6722 .elementor-element.elementor-element-dc6ee64 .elementor-heading-title{font-family:\"Open Sans\", Sans-serif;font-size:48px;font-weight:600;color:#FFFFFF;}.elementor-6722 .elementor-element.elementor-element-acdfba0{--spacer-size:50px;}.elementor-6722 .elementor-element.elementor-element-00f6a43{--spacer-size:10px;}.elementor-6722 .elementor-element.elementor-element-7578ca5{--spacer-size:50px;}.elementor-6722 .elementor-element.elementor-element-a55e06e{--spacer-size:10px;}.elementor-6722 .elementor-element.elementor-element-fec8efe{font-family:\"Open Sans\", Sans-serif;font-size:15px;font-weight:400;line-height:24px;color:#000000;}:root{--page-title-display:none;}@media(min-width:768px){.elementor-6722 .elementor-element.elementor-element-1f9ffbf{width:20%;}.elementor-6722 .elementor-element.elementor-element-7a766ea{width:59.332%;}.elementor-6722 .elementor-element.elementor-element-59c55f3{width:20%;}}<\/style>\t\t<div data-elementor-type=\"wp-page\" data-elementor-id=\"6722\" class=\"elementor elementor-6722\" data-elementor-post-type=\"page\">\n\t\t\t\t\t\t<section class=\"elementor-section elementor-top-section elementor-element elementor-element-9d170f8 elementor-section-full_width elementor-section-stretched elementor-section-height-default elementor-section-height-default\" data-id=\"9d170f8\" data-element_type=\"section\" data-settings=\"{&quot;stretch_section&quot;:&quot;section-stretched&quot;,&quot;background_background&quot;:&quot;classic&quot;}\">\n\t\t\t\t\t\t<div class=\"elementor-container elementor-column-gap-no\">\n\t\t\t\t\t<div class=\"elementor-column elementor-col-100 elementor-top-column elementor-element elementor-element-d066976\" data-id=\"d066976\" data-element_type=\"column\">\n\t\t\t<div class=\"elementor-widget-wrap elementor-element-populated\">\n\t\t\t\t\t\t<section class=\"elementor-section elementor-inner-section elementor-element elementor-element-31c4d4f elementor-section-boxed elementor-section-height-default elementor-section-height-default\" data-id=\"31c4d4f\" data-element_type=\"section\">\n\t\t\t\t\t\t<div class=\"elementor-container elementor-column-gap-default\">\n\t\t\t\t\t<div class=\"elementor-column elementor-col-33 elementor-inner-column elementor-element elementor-element-1f9ffbf\" data-id=\"1f9ffbf\" data-element_type=\"column\">\n\t\t\t<div class=\"elementor-widget-wrap\">\n\t\t\t\t\t\t\t<\/div>\n\t\t<\/div>\n\t\t\t\t<div class=\"elementor-column elementor-col-33 elementor-inner-column elementor-element elementor-element-7a766ea\" data-id=\"7a766ea\" data-element_type=\"column\">\n\t\t\t<div class=\"elementor-widget-wrap elementor-element-populated\">\n\t\t\t\t\t\t<div class=\"elementor-element elementor-element-844e9bc elementor-widget elementor-widget-spacer\" data-id=\"844e9bc\" data-element_type=\"widget\" data-widget_type=\"spacer.default\">\n\t\t\t\t<div class=\"elementor-widget-container\">\n\t\t\t\t\t\t\t<div class=\"elementor-spacer\">\n\t\t\t<div class=\"elementor-spacer-inner\"><\/div>\n\t\t<\/div>\n\t\t\t\t\t\t<\/div>\n\t\t\t\t<\/div>\n\t\t\t\t<div class=\"elementor-element elementor-element-dc6ee64 elementor-widget elementor-widget-heading\" data-id=\"dc6ee64\" data-element_type=\"widget\" data-widget_type=\"heading.default\">\n\t\t\t\t<div class=\"elementor-widget-container\">\n\t\t\t\t\t<h2 class=\"elementor-heading-title elementor-size-default\">\u0420\u043e\u0437\u0432\u0430\u043b-\u0441\u0445\u043e\u0434\u0436\u0435\u043d\u043d\u044f 3d \u0429\u0435\u0446\u0438\u043d \u041f\u043b\u043e\u043d\u0456\u044f<\/h2>\t\t\t\t<\/div>\n\t\t\t\t<\/div>\n\t\t\t\t<div class=\"elementor-element elementor-element-acdfba0 elementor-widget elementor-widget-spacer\" data-id=\"acdfba0\" data-element_type=\"widget\" data-widget_type=\"spacer.default\">\n\t\t\t\t<div class=\"elementor-widget-container\">\n\t\t\t\t\t\t\t<div class=\"elementor-spacer\">\n\t\t\t<div class=\"elementor-spacer-inner\"><\/div>\n\t\t<\/div>\n\t\t\t\t\t\t<\/div>\n\t\t\t\t<\/div>\n\t\t\t\t<div class=\"elementor-element elementor-element-00f6a43 elementor-widget elementor-widget-spacer\" data-id=\"00f6a43\" data-element_type=\"widget\" data-widget_type=\"spacer.default\">\n\t\t\t\t<div class=\"elementor-widget-container\">\n\t\t\t\t\t\t\t<div class=\"elementor-spacer\">\n\t\t\t<div class=\"elementor-spacer-inner\"><\/div>\n\t\t<\/div>\n\t\t\t\t\t\t<\/div>\n\t\t\t\t<\/div>\n\t\t\t\t\t<\/div>\n\t\t<\/div>\n\t\t\t\t<div class=\"elementor-column elementor-col-33 elementor-inner-column elementor-element elementor-element-59c55f3\" data-id=\"59c55f3\" data-element_type=\"column\">\n\t\t\t<div class=\"elementor-widget-wrap\">\n\t\t\t\t\t\t\t<\/div>\n\t\t<\/div>\n\t\t\t\t\t<\/div>\n\t\t<\/section>\n\t\t\t\t<div class=\"elementor-element elementor-element-7578ca5 elementor-widget elementor-widget-spacer\" data-id=\"7578ca5\" data-element_type=\"widget\" data-widget_type=\"spacer.default\">\n\t\t\t\t<div class=\"elementor-widget-container\">\n\t\t\t\t\t\t\t<div class=\"elementor-spacer\">\n\t\t\t<div class=\"elementor-spacer-inner\"><\/div>\n\t\t<\/div>\n\t\t\t\t\t\t<\/div>\n\t\t\t\t<\/div>\n\t\t\t\t\t<\/div>\n\t\t<\/div>\n\t\t\t\t\t<\/div>\n\t\t<\/section>\n\t\t\t\t<section class=\"elementor-section elementor-top-section elementor-element elementor-element-166fa32 elementor-section-boxed elementor-section-height-default elementor-section-height-default\" data-id=\"166fa32\" data-element_type=\"section\">\n\t\t\t\t\t\t<div class=\"elementor-container elementor-column-gap-default\">\n\t\t\t\t\t<div class=\"elementor-column elementor-col-100 elementor-top-column elementor-element elementor-element-1819d7e\" data-id=\"1819d7e\" data-element_type=\"column\">\n\t\t\t<div class=\"elementor-widget-wrap elementor-element-populated\">\n\t\t\t\t\t\t<div class=\"elementor-element elementor-element-a55e06e elementor-widget elementor-widget-spacer\" data-id=\"a55e06e\" data-element_type=\"widget\" data-widget_type=\"spacer.default\">\n\t\t\t\t<div class=\"elementor-widget-container\">\n\t\t\t\t\t\t\t<div class=\"elementor-spacer\">\n\t\t\t<div class=\"elementor-spacer-inner\"><\/div>\n\t\t<\/div>\n\t\t\t\t\t\t<\/div>\n\t\t\t\t<\/div>\n\t\t\t\t\t<\/div>\n\t\t<\/div>\n\t\t\t\t\t<\/div>\n\t\t<\/section>\n\t\t\t\t<section class=\"elementor-section elementor-top-section elementor-element elementor-element-fe5f23a elementor-section-boxed elementor-section-height-default elementor-section-height-default\" data-id=\"fe5f23a\" data-element_type=\"section\">\n\t\t\t\t\t\t<div class=\"elementor-container elementor-column-gap-default\">\n\t\t\t\t\t<div class=\"elementor-column elementor-col-50 elementor-top-column elementor-element elementor-element-1205213\" data-id=\"1205213\" data-element_type=\"column\">\n\t\t\t<div class=\"elementor-widget-wrap elementor-element-populated\">\n\t\t\t\t\t\t<div class=\"elementor-element elementor-element-fec8efe elementor-widget elementor-widget-text-editor\" data-id=\"fec8efe\" data-element_type=\"widget\" data-widget_type=\"text-editor.default\">\n\t\t\t\t<div class=\"elementor-widget-container\">\n\t\t\t\t\t\t\t\t\t<p>\u041b\u0430\u0441\u043a\u0430\u0432\u043e \u043f\u0440\u043e\u0441\u0438\u043c\u043e \u0434\u043e R J Garage - \u0432\u0430\u0448\u043e\u0433\u043e \u043d\u0430\u0434\u0456\u0439\u043d\u043e\u0433\u043e \u043f\u0430\u0440\u0442\u043d\u0435\u0440\u0430 \u0434\u043b\u044f 3D-\u0440\u043e\u0437\u0432\u0430\u043b-\u0441\u0445\u043e\u0434\u0436\u0435\u043d\u043d\u044f \u043a\u043e\u043b\u0456\u0441 \u0443 \u0429\u0435\u0446\u0456\u043d-\u041f\u043b\u043e\u043d\u0456!<br \/>\u0423 \u043d\u0430\u0448\u0456\u0439 \u043f\u0440\u043e\u0444\u0435\u0441\u0456\u0439\u043d\u0456\u0439 \u043c\u0430\u0439\u0441\u0442\u0435\u0440\u043d\u0456 \u043c\u0438 \u043f\u0440\u043e\u043f\u043e\u043d\u0443\u0454\u043c\u043e \u043f\u043e\u0441\u043b\u0443\u0433\u0443 \u0442\u043e\u0447\u043d\u043e\u0433\u043e 3D-\u0440\u043e\u0437\u0432\u0430\u043b-\u0441\u0445\u043e\u0434\u0436\u0435\u043d\u043d\u044f \u043a\u043e\u043b\u0456\u0441, \u044f\u043a\u0430 \u0454 \u0436\u0438\u0442\u0442\u0454\u0432\u043e \u0432\u0430\u0436\u043b\u0438\u0432\u043e\u044e \u0434\u043b\u044f \u043f\u0456\u0434\u0442\u0440\u0438\u043c\u043a\u0438 \u043e\u043f\u0442\u0438\u043c\u0430\u043b\u044c\u043d\u043e\u0433\u043e \u0437\u0447\u0435\u043f\u043b\u0435\u043d\u043d\u044f \u0437 \u0434\u043e\u0440\u043e\u0433\u043e\u044e, \u0441\u0442\u0456\u0439\u043a\u043e\u0441\u0442\u0456 \u0442\u0430 \u0440\u0456\u0432\u043d\u043e\u043c\u0456\u0440\u043d\u043e\u0433\u043e \u0437\u043d\u043e\u0441\u0443 \u0448\u0438\u043d. \u041d\u0430\u0448\u0430 \u043a\u0432\u0430\u043b\u0456\u0444\u0456\u043a\u043e\u0432\u0430\u043d\u0430 \u043a\u043e\u043c\u0430\u043d\u0434\u0430 \u043c\u0435\u0445\u0430\u043d\u0456\u043a\u0456\u0432 \u0432\u0438\u043a\u043e\u0440\u0438\u0441\u0442\u043e\u0432\u0443\u0454 \u0441\u0443\u0447\u0430\u0441\u043d\u0435 \u0432\u0438\u043c\u0456\u0440\u044e\u0432\u0430\u043b\u044c\u043d\u0435 \u043e\u0431\u043b\u0430\u0434\u043d\u0430\u043d\u043d\u044f, \u0449\u043e\u0431 \u0437\u0430\u0431\u0435\u0437\u043f\u0435\u0447\u0438\u0442\u0438 \u0442\u043e\u0447\u043d\u0435 \u0442\u0430 \u0435\u0444\u0435\u043a\u0442\u0438\u0432\u043d\u0435 \u0440\u043e\u0437\u0432\u0430\u043b-\u0441\u0445\u043e\u0434\u0436\u0435\u043d\u043d\u044f \u0432\u0430\u0448\u043e\u0433\u043e \u0430\u0432\u0442\u043e\u043c\u043e\u0431\u0456\u043b\u044f.<br \/>\u041d\u0430\u0448\u0430 \u043f\u043e\u0441\u043b\u0443\u0433\u0430 3D-\u0446\u0435\u043d\u0442\u0440\u0443\u0432\u0430\u043d\u043d\u044f \u043a\u043e\u043b\u0456\u0441 \u0432\u043a\u043b\u044e\u0447\u0430\u0454 \u0432 \u0441\u0435\u0431\u0435:<\/p><ol><li>\u0412\u0438\u043c\u0456\u0440\u044e\u0432\u0430\u043d\u043d\u044f \u043f\u0430\u0440\u0430\u043c\u0435\u0442\u0440\u0456\u0432: \u041d\u0430\u0448\u0435 \u043d\u0430\u0439\u0441\u0443\u0447\u0430\u0441\u043d\u0456\u0448\u0435 \u0432\u0438\u043c\u0456\u0440\u044e\u0432\u0430\u043b\u044c\u043d\u0435 \u043e\u0431\u043b\u0430\u0434\u043d\u0430\u043d\u043d\u044f \u0434\u043e\u0437\u0432\u043e\u043b\u044f\u0454 \u043d\u0430\u043c \u0442\u043e\u0447\u043d\u043e \u0432\u0438\u043c\u0456\u0440\u044f\u0442\u0438 \u043f\u0430\u0440\u0430\u043c\u0435\u0442\u0440\u0438 \u0440\u043e\u0437\u0432\u0430\u043b\u0443-\u0441\u0445\u043e\u0434\u0436\u0435\u043d\u043d\u044f \u043a\u043e\u043b\u0456\u0441 \u0432\u0430\u0448\u043e\u0433\u043e \u0430\u0432\u0442\u043e\u043c\u043e\u0431\u0456\u043b\u044f. \u041c\u0438 \u0442\u043e\u0447\u043d\u043e \u043f\u0435\u0440\u0435\u0432\u0456\u0440\u044f\u0454\u043c\u043e \u043a\u0443\u0442\u0438 \u043d\u0430\u0445\u0438\u043b\u0443, \u043f\u043e\u0432\u043e\u0440\u043e\u0442\u0443 \u0456 \u0440\u043e\u0437\u0432\u0430\u043b\u0443 \u043a\u043e\u043b\u0456\u0441, \u0430 \u0442\u0430\u043a\u043e\u0436 \u0441\u0445\u043e\u0434\u0436\u0435\u043d\u043d\u044f \u0456 \u0431\u0430\u043b\u0430\u043d\u0441 \u043f\u0435\u0440\u0435\u0434\u043d\u044c\u043e\u0457 \u0456 \u0437\u0430\u0434\u043d\u044c\u043e\u0457 \u043e\u0441\u0435\u0439. \u0426\u0435 \u0434\u043e\u0437\u0432\u043e\u043b\u044f\u0454 \u043d\u0430\u043c \u0432\u0438\u044f\u0432\u0438\u0442\u0438 \u0431\u0443\u0434\u044c-\u044f\u043a\u0456 \u0432\u0456\u0434\u0445\u0438\u043b\u0435\u043d\u043d\u044f \u0456 \u043f\u0440\u0438\u0441\u0442\u0443\u043f\u0438\u0442\u0438 \u0434\u043e \u0457\u0445 \u0443\u0441\u0443\u043d\u0435\u043d\u043d\u044f.<\/li><li>\u041a\u043e\u0440\u0435\u043a\u0446\u0456\u044f \u0433\u0435\u043e\u043c\u0435\u0442\u0440\u0456\u0457: \u041f\u0456\u0441\u043b\u044f \u0442\u043e\u0447\u043d\u043e\u0433\u043e \u0432\u0438\u043c\u0456\u0440\u044e\u0432\u0430\u043d\u043d\u044f \u043d\u0430\u0448\u0430 \u043a\u043e\u043c\u0430\u043d\u0434\u0430 \u043f\u0440\u0438\u0441\u0442\u0443\u043f\u0430\u0454 \u0434\u043e \u043a\u043e\u0440\u0435\u043a\u0446\u0456\u0457 \u0440\u043e\u0437\u0432\u0430\u043b\u0443 \u043a\u043e\u043b\u0456\u0441 \u0432\u0430\u0448\u043e\u0433\u043e \u0430\u0432\u0442\u043e\u043c\u043e\u0431\u0456\u043b\u044f. \u041c\u0438 \u0432\u0438\u043a\u043e\u0440\u0438\u0441\u0442\u043e\u0432\u0443\u0454\u043c\u043e \u0441\u043f\u0435\u0446\u0456\u0430\u043b\u0456\u0437\u043e\u0432\u0430\u043d\u0456 \u0456\u043d\u0441\u0442\u0440\u0443\u043c\u0435\u043d\u0442\u0438 \u0442\u0430 \u043c\u0435\u0442\u043e\u0434\u0438\u043a\u0438 \u0434\u043b\u044f \u0442\u043e\u0447\u043d\u043e\u0433\u043e \u043d\u0430\u043b\u0430\u0448\u0442\u0443\u0432\u0430\u043d\u043d\u044f \u043a\u0443\u0442\u0456\u0432 \u0442\u0430 \u043f\u0430\u0440\u0430\u043c\u0435\u0442\u0440\u0456\u0432 \u0432\u0456\u0434\u043f\u043e\u0432\u0456\u0434\u043d\u043e \u0434\u043e \u0440\u0435\u043a\u043e\u043c\u0435\u043d\u0434\u0430\u0446\u0456\u0439 \u0432\u0438\u0440\u043e\u0431\u043d\u0438\u043a\u0430. \u041f\u0440\u0430\u0432\u0438\u043b\u044c\u043d\u0435 \u0440\u043e\u0437\u0432\u0430\u043b-\u0441\u0445\u043e\u0434\u0436\u0435\u043d\u043d\u044f \u0437\u0430\u0431\u0435\u0437\u043f\u0435\u0447\u0443\u0454 \u043a\u0440\u0430\u0449\u0443 \u0441\u0442\u0456\u0439\u043a\u0456\u0441\u0442\u044c, \u0440\u0456\u0432\u043d\u043e\u043c\u0456\u0440\u043d\u0438\u0439 \u0437\u043d\u043e\u0441 \u0448\u0438\u043d \u0456 \u0431\u0456\u043b\u044c\u0448 \u0442\u043e\u0447\u043d\u0443 \u043a\u0435\u0440\u043e\u0432\u0430\u043d\u0456\u0441\u0442\u044c.<\/li><li>\u0420\u0435\u0433\u0443\u043b\u044e\u0432\u0430\u043d\u043d\u044f \u0442\u0430 \u0431\u0430\u043b\u0430\u043d\u0441\u0443\u0432\u0430\u043d\u043d\u044f \u043a\u043e\u043b\u0456\u0441: \u0412\u0430\u0436\u043b\u0438\u0432\u043e\u044e \u0447\u0430\u0441\u0442\u0438\u043d\u043e\u044e \u0448\u0438\u043d\u043e\u043c\u043e\u043d\u0442\u0430\u0436\u0443 \u0454 \u0440\u043e\u0437\u0432\u0430\u043b-\u0441\u0445\u043e\u0434\u0436\u0435\u043d\u043d\u044f, \u0442\u043e\u0431\u0442\u043e \u0432\u0441\u0442\u0430\u043d\u043e\u0432\u043b\u0435\u043d\u043d\u044f \u043a\u043e\u043b\u0456\u0441 \u043d\u0430 \u043f\u0440\u0430\u0432\u0438\u043b\u044c\u043d\u0456\u0439 \u0432\u0456\u0434\u0441\u0442\u0430\u043d\u0456 \u043e\u0434\u0438\u043d \u0432\u0456\u0434 \u043e\u0434\u043d\u043e\u0433\u043e. \u041c\u0438 \u0442\u0430\u043a\u043e\u0436 \u0432\u0438\u043a\u043e\u043d\u0443\u0454\u043c\u043e \u0431\u0430\u043b\u0430\u043d\u0441\u0443\u0432\u0430\u043d\u043d\u044f \u043a\u043e\u043b\u0456\u0441, \u0443\u0441\u0443\u0432\u0430\u044e\u0447\u0438 \u0434\u0438\u0441\u0431\u0430\u043b\u0430\u043d\u0441 \u0456 \u0432\u0456\u0431\u0440\u0430\u0446\u0456\u044e. \u0426\u0435 \u043c\u0430\u043a\u0441\u0438\u043c\u0456\u0437\u0443\u0454 \u043f\u043b\u043e\u0449\u0443 \u043a\u043e\u043d\u0442\u0430\u043a\u0442\u0443 \u043c\u0456\u0436 \u0448\u0438\u043d\u0430\u043c\u0438 \u0442\u0430 \u0434\u043e\u0440\u043e\u0433\u043e\u044e, \u043f\u043e\u043a\u0440\u0430\u0449\u0443\u044e\u0447\u0438 \u0437\u0447\u0435\u043f\u043b\u0435\u043d\u043d\u044f \u0437 \u0434\u043e\u0440\u043e\u0433\u043e\u044e \u0442\u0430 \u0441\u0442\u0456\u0439\u043a\u0456\u0441\u0442\u044c \u0430\u0432\u0442\u043e\u043c\u043e\u0431\u0456\u043b\u044f.<\/li><li>\u041f\u043e\u043a\u0440\u0430\u0449\u0435\u043d\u043d\u044f \u043a\u0435\u0440\u043e\u0432\u0430\u043d\u043e\u0441\u0442\u0456: \u041f\u0440\u0430\u0432\u0438\u043b\u044c\u043d\u0438\u0439 \u0440\u043e\u0437\u0432\u0430\u043b-\u0441\u0445\u043e\u0434\u0436\u0435\u043d\u043d\u044f \u043a\u043e\u043b\u0456\u0441 \u043f\u043e\u0437\u0438\u0442\u0438\u0432\u043d\u043e \u0432\u043f\u043b\u0438\u0432\u0430\u0454 \u043d\u0430 \u0445\u043e\u0434\u043e\u0432\u0456 \u044f\u043a\u043e\u0441\u0442\u0456 \u0432\u0430\u0448\u043e\u0433\u043e \u0430\u0432\u0442\u043e\u043c\u043e\u0431\u0456\u043b\u044f. \u0412 \u0440\u0435\u0437\u0443\u043b\u044c\u0442\u0430\u0442\u0456 \u0432\u0438 \u043c\u043e\u0436\u0435\u0442\u0435 \u043d\u0430\u0441\u043e\u043b\u043e\u0434\u0436\u0443\u0432\u0430\u0442\u0438\u0441\u044f \u0442\u043e\u0447\u043d\u043e\u044e \u043a\u0435\u0440\u043e\u0432\u0430\u043d\u0456\u0441\u0442\u044e, \u043f\u043e\u043a\u0440\u0430\u0449\u0435\u043d\u043e\u044e \u0440\u0435\u0430\u043a\u0446\u0456\u0454\u044e \u043a\u0435\u0440\u043c\u0430, \u0437\u043c\u0435\u043d\u0448\u0435\u043d\u0438\u043c \u043e\u043f\u043e\u0440\u043e\u043c \u043a\u043e\u0447\u0435\u043d\u043d\u044e \u0442\u0430 \u043f\u0456\u0434\u0432\u0438\u0449\u0435\u043d\u043e\u044e \u043f\u0430\u043b\u0438\u0432\u043d\u043e\u044e \u0435\u0444\u0435\u043a\u0442\u0438\u0432\u043d\u0456\u0441\u0442\u044e. \u041a\u0440\u0456\u043c \u0442\u043e\u0433\u043e, \u043e\u043f\u0442\u0438\u043c\u0430\u043b\u044c\u043d\u0438\u0439 \u0440\u043e\u0437\u0432\u0430\u043b-\u0441\u0445\u043e\u0434\u0436\u0435\u043d\u043d\u044f \u0441\u043f\u0440\u0438\u044f\u0454 \u0437\u0431\u0456\u043b\u044c\u0448\u0435\u043d\u043d\u044e \u0442\u0435\u0440\u043c\u0456\u043d\u0443 \u0441\u043b\u0443\u0436\u0431\u0438 \u0448\u0438\u043d, \u0437\u0430\u043e\u0449\u0430\u0434\u0436\u0443\u044e\u0447\u0438 \u0432\u0438\u0442\u0440\u0430\u0442\u0438 \u043d\u0430 \u0457\u0445 \u0437\u0430\u043c\u0456\u043d\u0443.<\/li><\/ol><div><div>\u0423 R J Garage \u043c\u0438 \u043d\u0430\u0434\u0430\u0454\u043c\u043e \u0432\u0435\u043b\u0438\u043a\u043e\u0433\u043e \u0437\u043d\u0430\u0447\u0435\u043d\u043d\u044f \u044f\u043a\u043e\u0441\u0442\u0456 \u043d\u0430\u0448\u0438\u0445 \u043f\u043e\u0441\u043b\u0443\u0433. \u0421\u0430\u043c\u0435 \u0442\u043e\u043c\u0443 \u043c\u0438 \u0432\u0438\u043a\u043e\u0440\u0438\u0441\u0442\u043e\u0432\u0443\u0454\u043c\u043e \u043d\u0430\u0439\u0441\u0443\u0447\u0430\u0441\u043d\u0456\u0448\u0435 \u0432\u0438\u043c\u0456\u0440\u044e\u0432\u0430\u043b\u044c\u043d\u0435 \u043e\u0431\u043b\u0430\u0434\u043d\u0430\u043d\u043d\u044f \u0442\u0430 \u0437\u0430\u0431\u0435\u0437\u043f\u0435\u0447\u0443\u0454\u043c\u043e \u043f\u0440\u043e\u0444\u0435\u0441\u0456\u0439\u043d\u0438\u0439 \u043f\u0456\u0434\u0445\u0456\u0434 \u0434\u043e \u0440\u043e\u0437\u0432\u0430\u043b-\u0441\u0445\u043e\u0434\u0436\u0435\u043d\u043d\u044f.<\/div><\/div>\t\t\t\t\t\t\t\t<\/div>\n\t\t\t\t<\/div>\n\t\t\t\t\t<\/div>\n\t\t<\/div>\n\t\t\t\t<div class=\"elementor-column elementor-col-50 elementor-top-column elementor-element elementor-element-c44095d\" data-id=\"c44095d\" data-element_type=\"column\">\n\t\t\t<div class=\"elementor-widget-wrap elementor-element-populated\">\n\t\t\t\t\t\t<div class=\"elementor-element elementor-element-6ceab20 elementor-widget elementor-widget-image\" data-id=\"6ceab20\" data-element_type=\"widget\" data-widget_type=\"image.default\">\n\t\t\t\t<div class=\"elementor-widget-container\">\n\t\t\t\t\t\t\t\t\t\t\t\t\t\t\t<img fetchpriority=\"high\" decoding=\"async\" width=\"800\" height=\"800\" src=\"https:\/\/xn--rjgara-upb.pl\/wp-content\/uploads\/2023\/05\/Untitled-design-29-1-1024x1024.png\" class=\"attachment-large size-large wp-image-6854\" alt=\"\" srcset=\"https:\/\/xn--rjgara-upb.pl\/wp-content\/uploads\/2023\/05\/Untitled-design-29-1-1024x1024.png 1024w, https:\/\/xn--rjgara-upb.pl\/wp-content\/uploads\/2023\/05\/Untitled-design-29-1-300x300.png 300w, https:\/\/xn--rjgara-upb.pl\/wp-content\/uploads\/2023\/05\/Untitled-design-29-1-150x150.png 150w, https:\/\/xn--rjgara-upb.pl\/wp-content\/uploads\/2023\/05\/Untitled-design-29-1-768x768.png 768w, https:\/\/xn--rjgara-upb.pl\/wp-content\/uploads\/2023\/05\/Untitled-design-29-1.png 1080w\" sizes=\"(max-width: 800px) 100vw, 800px\" title=\"\">\t\t\t\t\t\t\t\t\t\t\t\t\t\t\t<\/div>\n\t\t\t\t<\/div>\n\t\t\t\t<section class=\"elementor-section elementor-inner-section elementor-element elementor-element-0124df8 elementor-section-boxed elementor-section-height-default elementor-section-height-default\" data-id=\"0124df8\" data-element_type=\"section\">\n\t\t\t\t\t\t<div class=\"elementor-container elementor-column-gap-default\">\n\t\t\t\t\t<div class=\"elementor-column elementor-col-50 elementor-inner-column elementor-element elementor-element-5204136\" data-id=\"5204136\" data-element_type=\"column\">\n\t\t\t<div class=\"elementor-widget-wrap elementor-element-populated\">\n\t\t\t\t\t\t<div class=\"elementor-element elementor-element-0fa1aab elementor-widget elementor-widget-image\" data-id=\"0fa1aab\" data-element_type=\"widget\" data-widget_type=\"image.default\">\n\t\t\t\t<div class=\"elementor-widget-container\">\n\t\t\t\t\t\t\t\t\t\t\t\t\t\t\t<img decoding=\"async\" width=\"800\" height=\"800\" src=\"https:\/\/xn--rjgara-upb.pl\/wp-content\/uploads\/2023\/05\/Untitled-design-30-1024x1024.png\" class=\"attachment-large size-large wp-image-6857\" alt=\"\" srcset=\"https:\/\/xn--rjgara-upb.pl\/wp-content\/uploads\/2023\/05\/Untitled-design-30-1024x1024.png 1024w, https:\/\/xn--rjgara-upb.pl\/wp-content\/uploads\/2023\/05\/Untitled-design-30-300x300.png 300w, https:\/\/xn--rjgara-upb.pl\/wp-content\/uploads\/2023\/05\/Untitled-design-30-150x150.png 150w, https:\/\/xn--rjgara-upb.pl\/wp-content\/uploads\/2023\/05\/Untitled-design-30-768x768.png 768w, https:\/\/xn--rjgara-upb.pl\/wp-content\/uploads\/2023\/05\/Untitled-design-30.png 1080w\" sizes=\"(max-width: 800px) 100vw, 800px\" title=\"\">\t\t\t\t\t\t\t\t\t\t\t\t\t\t\t<\/div>\n\t\t\t\t<\/div>\n\t\t\t\t\t<\/div>\n\t\t<\/div>\n\t\t\t\t<div class=\"elementor-column elementor-col-50 elementor-inner-column elementor-element elementor-element-892f29a\" data-id=\"892f29a\" data-element_type=\"column\">\n\t\t\t<div class=\"elementor-widget-wrap elementor-element-populated\">\n\t\t\t\t\t\t<div class=\"elementor-element elementor-element-3aed097 elementor-widget elementor-widget-image\" data-id=\"3aed097\" data-element_type=\"widget\" data-widget_type=\"image.default\">\n\t\t\t\t<div class=\"elementor-widget-container\">\n\t\t\t\t\t\t\t\t\t\t\t\t\t\t\t<img decoding=\"async\" width=\"300\" height=\"300\" src=\"https:\/\/xn--rjgara-upb.pl\/wp-content\/uploads\/2023\/05\/Untitled-design-31-300x300.png\" class=\"attachment-medium size-medium wp-image-6859\" alt=\"\" srcset=\"https:\/\/xn--rjgara-upb.pl\/wp-content\/uploads\/2023\/05\/Untitled-design-31-300x300.png 300w, https:\/\/xn--rjgara-upb.pl\/wp-content\/uploads\/2023\/05\/Untitled-design-31-1024x1024.png 1024w, https:\/\/xn--rjgara-upb.pl\/wp-content\/uploads\/2023\/05\/Untitled-design-31-150x150.png 150w, https:\/\/xn--rjgara-upb.pl\/wp-content\/uploads\/2023\/05\/Untitled-design-31-768x768.png 768w, https:\/\/xn--rjgara-upb.pl\/wp-content\/uploads\/2023\/05\/Untitled-design-31.png 1080w\" sizes=\"(max-width: 300px) 100vw, 300px\" title=\"\">\t\t\t\t\t\t\t\t\t\t\t\t\t\t\t<\/div>\n\t\t\t\t<\/div>\n\t\t\t\t\t<\/div>\n\t\t<\/div>\n\t\t\t\t\t<\/div>\n\t\t<\/section>\n\t\t\t\t\t<\/div>\n\t\t<\/div>\n\t\t\t\t\t<\/div>\n\t\t<\/section>\n\t\t\t\t<\/div>","protected":false},"excerpt":{"rendered":"<p>Geometria k\u00f3\u0142 3d Szczecin P\u0142onia Witamy w R J Gara\u017c &#8211; Twoim zaufanym partnerze w dziedzinie geometrii k\u00f3\u0142 3D w Szczecinie P\u0142onia!W naszym profesjonalnym warsztacie oferujemy precyzyjn\u0105 us\u0142ug\u0119 geometrii k\u00f3\u0142 3D, kt\u00f3ra jest niezwykle wa\u017cna dla utrzymania optymalnej trakcji, stabilno\u015bci i r\u00f3wnomiernego zu\u017cycia opon. Nasz wyszkolony zesp\u00f3\u0142 mechanik\u00f3w korzysta z zaawansowanego sprz\u0119tu pomiarowego, aby zapewni\u0107 [&hellip;]<\/p>","protected":false},"author":1,"featured_media":0,"parent":0,"menu_order":0,"comment_status":"closed","ping_status":"closed","template":"","meta":{"footnotes":""},"class_list":["post-6722","page","type-page","status-publish","hentry"],"_links":{"self":[{"href":"https:\/\/xn--rjgara-upb.pl\/uk\/wp-json\/wp\/v2\/pages\/6722","targetHints":{"allow":["GET"]}}],"collection":[{"href":"https:\/\/xn--rjgara-upb.pl\/uk\/wp-json\/wp\/v2\/pages"}],"about":[{"href":"https:\/\/xn--rjgara-upb.pl\/uk\/wp-json\/wp\/v2\/types\/page"}],"author":[{"embeddable":true,"href":"https:\/\/xn--rjgara-upb.pl\/uk\/wp-json\/wp\/v2\/users\/1"}],"replies":[{"embeddable":true,"href":"https:\/\/xn--rjgara-upb.pl\/uk\/wp-json\/wp\/v2\/comments?post=6722"}],"version-history":[{"count":17,"href":"https:\/\/xn--rjgara-upb.pl\/uk\/wp-json\/wp\/v2\/pages\/6722\/revisions"}],"predecessor-version":[{"id":6919,"href":"https:\/\/xn--rjgara-upb.pl\/uk\/wp-json\/wp\/v2\/pages\/6722\/revisions\/6919"}],"wp:attachment":[{"href":"https:\/\/xn--rjgara-upb.pl\/uk\/wp-json\/wp\/v2\/media?parent=6722"}],"curies":[{"name":"wp","href":"https:\/\/api.w.org\/{rel}","templated":true}]}}