{"id":6889,"date":"2023-05-31T08:47:22","date_gmt":"2023-05-31T06:47:22","guid":{"rendered":"http:\/\/xn--rjgara-upb.pl\/?page_id=6889"},"modified":"2023-07-04T15:36:08","modified_gmt":"2023-07-04T13:36:08","slug":"\u0443-\u0449\u0435\u0446\u0438\u043d\u0456-\u0433\u043e\u0440\u0438\u0442\u044c-\u0430\u0432\u0442\u043e\u0441\u0430\u043b\u043e\u043d","status":"publish","type":"page","link":"https:\/\/xn--rjgara-upb.pl\/uk\/\u0443-\u0449\u0435\u0446\u0438\u043d\u0456-\u0433\u043e\u0440\u0438\u0442\u044c-\u0430\u0432\u0442\u043e\u0441\u0430\u043b\u043e\u043d\/","title":{"rendered":"\u041a\u0443\u043f\u0456\u0432\u043b\u044f \u0430\u0432\u0442\u043e\u043c\u043e\u0431\u0456\u043b\u044f \u0429\u0435\u0446\u0438\u043d \u041f\u043b\u043e\u043d\u0456\u044f"},"content":{"rendered":"<style>.elementor-6889 .elementor-element.elementor-element-9ea2d13{--spacer-size:10px;}.elementor-6889 .elementor-element.elementor-element-c55deb2{text-align:start;}.elementor-6889 .elementor-element.elementor-element-c55deb2 .elementor-heading-title{font-family:\"Open Sans\", Sans-serif;font-size:32px;font-weight:600;color:#000000;}.elementor-6889 .elementor-element.elementor-element-271b88f{font-family:\"Open Sans\", Sans-serif;font-size:16px;font-weight:400;line-height:24px;color:#000000;}.elementor-6889 .elementor-element.elementor-element-22d752a .elementor-button{background-color:#AD0000;text-decoration:none;fill:#FFFFFF;color:#FFFFFF;}:root{--page-title-display:none;}<\/style>\t\t<div data-elementor-type=\"wp-page\" data-elementor-id=\"6889\" class=\"elementor elementor-6889\" data-elementor-post-type=\"page\">\n\t\t\t\t\t\t<section class=\"elementor-section elementor-top-section elementor-element elementor-element-cc1cd73 elementor-section-boxed elementor-section-height-default elementor-section-height-default\" data-id=\"cc1cd73\" data-element_type=\"section\">\n\t\t\t\t\t\t<div class=\"elementor-container elementor-column-gap-default\">\n\t\t\t\t\t<div class=\"elementor-column elementor-col-100 elementor-top-column elementor-element elementor-element-cbca996\" data-id=\"cbca996\" data-element_type=\"column\">\n\t\t\t<div class=\"elementor-widget-wrap elementor-element-populated\">\n\t\t\t\t\t\t<div class=\"elementor-element elementor-element-9ea2d13 elementor-widget elementor-widget-spacer\" data-id=\"9ea2d13\" data-element_type=\"widget\" data-widget_type=\"spacer.default\">\n\t\t\t\t<div class=\"elementor-widget-container\">\n\t\t\t\t\t\t\t<div class=\"elementor-spacer\">\n\t\t\t<div class=\"elementor-spacer-inner\"><\/div>\n\t\t<\/div>\n\t\t\t\t\t\t<\/div>\n\t\t\t\t<\/div>\n\t\t\t\t<div class=\"elementor-element elementor-element-c55deb2 elementor-widget elementor-widget-heading\" data-id=\"c55deb2\" data-element_type=\"widget\" data-widget_type=\"heading.default\">\n\t\t\t\t<div class=\"elementor-widget-container\">\n\t\t\t\t\t<h2 class=\"elementor-heading-title elementor-size-default\">\u041a\u0443\u043f\u0456\u0432\u043b\u044f \u0430\u0432\u0442\u043e \u0434\u043e 5000 \u0437\u043b\u043e\u0442\u0438\u0445 - Szczecin P\u0142onia<\/h2>\t\t\t\t<\/div>\n\t\t\t\t<\/div>\n\t\t\t\t<div class=\"elementor-element elementor-element-271b88f elementor-widget elementor-widget-text-editor\" data-id=\"271b88f\" data-element_type=\"widget\" data-widget_type=\"text-editor.default\">\n\t\t\t\t<div class=\"elementor-widget-container\">\n\t\t\t\t\t\t\t\t\t<p>\u041b\u0430\u0441\u043a\u0430\u0432\u043e \u043f\u0440\u043e\u0441\u0438\u043c\u043e \u0434\u043e RJ Gara\u017c \u2013 \u0432\u0430\u0448\u043e\u0433\u043e \u043f\u0440\u043e\u0444\u0435\u0441\u0456\u0439\u043d\u043e\u0433\u043e \u043f\u0430\u0440\u0442\u043d\u0435\u0440\u0430 \u0432 \u043a\u0443\u043f\u0456\u0432\u043b\u0456 \u0430\u0432\u0442\u043e\u043c\u043e\u0431\u0456\u043b\u0456\u0432 \u0434\u043e 5000 \u0437\u043b\u043e\u0442\u0438\u0445. \u0437\u043b\u043e\u0442\u0438\u0445!<\/p><p>\u042f\u043a\u0449\u043e \u0432\u0438 \u0448\u0443\u043a\u0430\u0454\u0442\u0435 \u043f\u0435\u0440\u0435\u0432\u0456\u0440\u0435\u043d\u0435 \u043c\u0456\u0441\u0446\u0435, \u0434\u0435 \u043c\u043e\u0436\u043d\u0430 \u043f\u0440\u043e\u0434\u0430\u0442\u0438 \u0441\u0432\u0456\u0439 \u0430\u0432\u0442\u043e\u043c\u043e\u0431\u0456\u043b\u044c \u0437\u0430 \u043f\u0440\u0438\u0432\u0430\u0431\u043b\u0438\u0432\u043e\u044e \u0446\u0456\u043d\u043e\u044e \u0442\u0430 \u0431\u0435\u0437 \u0437\u0430\u0439\u0432\u0438\u0445 \u0444\u043e\u0440\u043c\u0430\u043b\u044c\u043d\u043e\u0441\u0442\u0435\u0439, \u0432\u0438 \u043f\u043e\u0442\u0440\u0430\u043f\u0438\u043b\u0438 \u0437\u0430 \u0430\u0434\u0440\u0435\u0441\u043e\u044e! \u0423 RJ Gara\u017c \u043c\u0438 \u043c\u0430\u0454\u043c\u043e \u0431\u0430\u0433\u0430\u0442\u043e\u0440\u0456\u0447\u043d\u0438\u0439 \u0434\u043e\u0441\u0432\u0456\u0434 \u0443 \u0441\u0444\u0435\u0440\u0456 \u043a\u0443\u043f\u0456\u0432\u043b\u0456 \u0430\u0432\u0442\u043e\u043c\u043e\u0431\u0456\u043b\u0456\u0432 \u0456 \u0437\u0430\u0432\u0436\u0434\u0438 \u0437\u043e\u0441\u0435\u0440\u0435\u0434\u0436\u0443\u0454\u043c\u043e\u0441\u044f \u043d\u0430 \u0437\u0430\u0434\u043e\u0432\u043e\u043b\u0435\u043d\u043d\u0456 \u043d\u0430\u0448\u0438\u0445 \u043a\u043b\u0456\u0454\u043d\u0442\u0456\u0432.<\/p><p>\u041d\u0430\u0448\u0430 \u043c\u0435\u0442\u0430 - \u0437\u0440\u043e\u0431\u0438\u0442\u0438 \u043f\u0440\u043e\u0446\u0435\u0441 \u043f\u0440\u043e\u0434\u0430\u0436\u0443 \u0432\u0430\u0448\u043e\u0433\u043e \u0430\u0432\u0442\u043e\u043c\u043e\u0431\u0456\u043b\u044f \u043c\u0430\u043a\u0441\u0438\u043c\u0430\u043b\u044c\u043d\u043e \u043f\u0440\u043e\u0441\u0442\u0438\u043c \u0456 \u0437\u0440\u0443\u0447\u043d\u0438\u043c. \u0422\u043e\u043c\u0443 \u043c\u0438 \u043f\u0440\u043e\u043f\u043e\u043d\u0443\u0454\u043c\u043e \u043a\u043e\u043c\u043f\u043b\u0435\u043a\u0441\u043d\u0435 \u043e\u0431\u0441\u043b\u0443\u0433\u043e\u0432\u0443\u0432\u0430\u043d\u043d\u044f, \u044f\u043a\u0435 \u0432\u043a\u043b\u044e\u0447\u0430\u0454 \u043d\u0435 \u0442\u0456\u043b\u044c\u043a\u0438 \u0448\u0432\u0438\u0434\u043a\u0443 \u043a\u043e\u0442\u0438\u0440\u0443\u0432\u0430\u043d\u043d\u044f, \u0430\u043b\u0435 \u0439 \u0432\u0438\u043a\u043e\u043d\u0430\u043d\u043d\u044f \u0432\u0441\u0456\u0445 \u0444\u043e\u0440\u043c\u0430\u043b\u044c\u043d\u043e\u0441\u0442\u0435\u0439, \u043f\u043e\u0432\u2019\u044f\u0437\u0430\u043d\u0438\u0445 \u0437 \u0442\u0440\u0430\u043d\u0437\u0430\u043a\u0446\u0456\u0454\u044e.<\/p><p>\u041d\u0430\u0448\u0430 \u043a\u0432\u0430\u043b\u0456\u0444\u0456\u043a\u043e\u0432\u0430\u043d\u0430 \u043a\u043e\u043c\u0430\u043d\u0434\u0430 \u0435\u043a\u0441\u043f\u0435\u0440\u0442\u0456\u0432 \u0440\u0435\u0442\u0435\u043b\u044c\u043d\u043e \u043e\u0446\u0456\u043d\u0438\u0442\u044c \u0432\u0430\u0448 \u0430\u0432\u0442\u043e\u043c\u043e\u0431\u0456\u043b\u044c \u0456 \u0437\u0430\u043f\u0440\u043e\u043f\u043e\u043d\u0443\u0454 \u0447\u0435\u0441\u043d\u0443 \u0442\u0430 \u043a\u043e\u043d\u043a\u0443\u0440\u0435\u043d\u0442\u043d\u0443 \u0446\u0456\u043d\u0443. \u041d\u0435\u0437\u0430\u043b\u0435\u0436\u043d\u043e \u0432\u0456\u0434 \u043c\u0430\u0440\u043a\u0438, \u043c\u043e\u0434\u0435\u043b\u0456 \u0447\u0438 \u0442\u0435\u0445\u043d\u0456\u0447\u043d\u043e\u0433\u043e \u0441\u0442\u0430\u043d\u0443 \u0430\u0432\u0442\u043e\u043c\u043e\u0431\u0456\u043b\u044f, \u043d\u0430\u0441 \u0446\u0456\u043a\u0430\u0432\u0438\u0442\u044c \u043a\u043e\u0436\u0435\u043d \u0430\u0432\u0442\u043e\u043c\u043e\u0431\u0456\u043b\u044c. \u041c\u0438 \u043a\u0443\u043f\u0443\u0454\u043c\u043e \u044f\u043a \u043b\u0435\u0433\u043a\u043e\u0432\u0438\u0439, \u0442\u0430\u043a \u0456 \u043a\u043e\u043c\u0435\u0440\u0446\u0456\u0439\u043d\u0438\u0439 \u0442\u0440\u0430\u043d\u0441\u043f\u043e\u0440\u0442 \u043d\u0435\u0437\u0430\u043b\u0435\u0436\u043d\u043e \u0432\u0456\u0434 \u0440\u043e\u043a\u0443 \u0432\u0438\u043f\u0443\u0441\u043a\u0443.<\/p><p>\u041f\u0456\u0441\u043b\u044f \u0442\u043e\u0433\u043e, \u044f\u043a \u0432\u0438 \u043f\u0440\u0438\u0439\u043c\u0435\u0442\u0435 \u043d\u0430\u0448\u0443 \u043f\u0440\u043e\u043f\u043e\u0437\u0438\u0446\u0456\u044e, \u043c\u0438 \u043f\u043e\u0434\u0431\u0430\u0454\u043c\u043e \u043f\u0440\u043e \u0432\u0441\u0456 \u0444\u043e\u0440\u043c\u0430\u043b\u044c\u043d\u043e\u0441\u0442\u0456, \u043f\u043e\u0432\u2019\u044f\u0437\u0430\u043d\u0456 \u0437 \u043f\u0435\u0440\u0435\u0434\u0430\u0447\u0435\u044e \u043f\u0440\u0430\u0432\u0430 \u0432\u043b\u0430\u0441\u043d\u043e\u0441\u0442\u0456 \u043d\u0430 \u0430\u0432\u0442\u043e\u043c\u043e\u0431\u0456\u043b\u044c. \u041f\u0456\u0434\u0433\u043e\u0442\u043e\u0432\u043a\u0430 \u0434\u043e\u0433\u043e\u0432\u043e\u0440\u0443, \u043f\u043e\u0434\u0430\u0447\u0430 \u0430\u0432\u0442\u043e\u043c\u043e\u0431\u0456\u043b\u044f \u0443 \u0432\u0456\u0434\u043f\u043e\u0432\u0456\u0434\u043d\u0456 \u0456\u043d\u0441\u0442\u0430\u043d\u0446\u0456\u0457 \u2013 \u0432\u0441\u0435 \u0446\u0435 \u0431\u0443\u0434\u0435 \u0432 \u043d\u0430\u0448\u0456\u0439 \u043a\u043e\u043c\u043f\u0435\u0442\u0435\u043d\u0446\u0456\u0457. \u0417\u0430\u0432\u0434\u044f\u043a\u0438 \u0446\u044c\u043e\u043c\u0443 \u0432\u0438 \u0435\u043a\u043e\u043d\u043e\u043c\u0438\u0442\u0435 \u0447\u0430\u0441 \u0456 \u043d\u0435\u0440\u0432\u0438, \u0430 \u043c\u0438 \u0433\u0430\u0440\u0430\u043d\u0442\u0443\u0454\u043c\u043e \u0448\u0432\u0438\u0434\u043a\u0435 \u0456 \u0431\u0435\u0437\u043f\u0435\u0447\u043d\u0435 \u043f\u0440\u043e\u0432\u0435\u0434\u0435\u043d\u043d\u044f \u043e\u043f\u0435\u0440\u0430\u0446\u0456\u0457.<\/p><p>\u041d\u0430\u0448\u0430 \u0444\u0456\u043b\u043e\u0441\u043e\u0444\u0456\u044f \u0431\u0430\u0437\u0443\u0454\u0442\u044c\u0441\u044f \u043d\u0430 \u043f\u0440\u043e\u0437\u043e\u0440\u043e\u0441\u0442\u0456 \u0442\u0430 \u0447\u0435\u0441\u043d\u043e\u0441\u0442\u0456. \u041d\u0435\u043c\u0430\u0454 \u043f\u0440\u0438\u0445\u043e\u0432\u0430\u043d\u0438\u0445 \u043a\u043e\u043c\u0456\u0441\u0456\u0439 \u0456 \u043d\u0435\u043f\u0440\u0438\u0454\u043c\u043d\u0438\u0445 \u0441\u044e\u0440\u043f\u0440\u0438\u0437\u0456\u0432. \u041c\u0438 \u0445\u043e\u0447\u0435\u043c\u043e, \u0449\u043e\u0431 \u0432\u0438 \u0432\u0456\u0434\u0447\u0443\u0432\u0430\u043b\u0438 \u0441\u0435\u0431\u0435 \u043a\u043e\u043c\u0444\u043e\u0440\u0442\u043d\u043e \u0442\u0430 \u0432\u043f\u0435\u0432\u043d\u0435\u043d\u043e \u043f\u0440\u043e\u0442\u044f\u0433\u043e\u043c \u0443\u0441\u044c\u043e\u0433\u043e \u043f\u0440\u043e\u0446\u0435\u0441\u0443 \u043f\u043e\u043a\u0443\u043f\u043a\u0438 \u0430\u0432\u0442\u043e\u043c\u043e\u0431\u0456\u043b\u044f.<\/p><p>\u042f\u043a\u0449\u043e \u0432\u0438 \u0437\u0430\u0446\u0456\u043a\u0430\u0432\u043b\u0435\u043d\u0456 \u0432 \u043f\u0440\u043e\u0434\u0430\u0436\u0456 \u0441\u0432\u043e\u0433\u043e \u0430\u0432\u0442\u043e\u043c\u043e\u0431\u0456\u043b\u044f \u0434\u043e 5000 \u0437\u043b\u043e\u0442\u0438\u0445. \u0437\u043b\u043e\u0442\u0438\u0445 \u0456 \u0445\u043e\u0447\u0435\u0442\u0435 \u0432\u043f\u043e\u0440\u0430\u0442\u0438\u0441\u044f \u0437 \u0446\u0438\u043c \u0435\u0444\u0435\u043a\u0442\u0438\u0432\u043d\u043e \u0442\u0430 \u0431\u0435\u0437 \u043f\u0440\u043e\u0431\u043b\u0435\u043c, \u0437\u0432\u2019\u044f\u0436\u0456\u0442\u044c\u0441\u044f \u0437 \u043d\u0430\u043c\u0438 \u0441\u044c\u043e\u0433\u043e\u0434\u043d\u0456. \u041d\u0430\u0448\u0456 \u0434\u043e\u0431\u0440\u043e\u0437\u0438\u0447\u043b\u0438\u0432\u0456 \u0442\u0430 \u043f\u0440\u043e\u0444\u0435\u0441\u0456\u0439\u043d\u0456 \u043a\u043e\u043d\u0441\u0443\u043b\u044c\u0442\u0430\u043d\u0442\u0438 \u0437 \u0440\u0430\u0434\u0456\u0441\u0442\u044e \u0434\u0430\u0434\u0443\u0442\u044c \u0432\u0456\u0434\u043f\u043e\u0432\u0456\u0434\u044c \u043d\u0430 \u0432\u0441\u0456 \u0432\u0430\u0448\u0456 \u0437\u0430\u043f\u0438\u0442\u0430\u043d\u043d\u044f \u0442\u0430 \u043e\u0440\u0433\u0430\u043d\u0456\u0437\u0443\u044e\u0442\u044c \u0432\u0438\u0457\u0437\u0434 \u0443 \u043d\u0430\u0448 \u0433\u0430\u0440\u0430\u0436.<\/p><p>RJ Gara\u017c \u2013 \u0412\u0430\u0448 \u043d\u0430\u0434\u0456\u0439\u043d\u0438\u0439 \u043f\u0430\u0440\u0442\u043d\u0435\u0440 \u0443 \u043a\u0443\u043f\u0456\u0432\u043b\u0456 \u0430\u0432\u0442\u043e\u043c\u043e\u0431\u0456\u043b\u0456\u0432 \u0434\u043e 5000 \u0437\u043b\u043e\u0442\u0438\u0445. \u0437\u043b\u043e\u0442\u0438\u0445. \u041f\u0440\u043e\u0434\u0430\u0439\u0442\u0435 \u0441\u0432\u0456\u0439 \u0430\u0432\u0442\u043e\u043c\u043e\u0431\u0456\u043b\u044c \u0440\u0430\u0437\u043e\u043c \u0437 \u043d\u0430\u043c\u0438 \u0442\u0430 \u043d\u0430\u0441\u043e\u043b\u043e\u0434\u0436\u0443\u0439\u0442\u0435\u0441\u044c \u0431\u0435\u0437\u043f\u0435\u0447\u043d\u043e\u044e \u0443\u0433\u043e\u0434\u043e\u044e!<\/p>\t\t\t\t\t\t\t\t<\/div>\n\t\t\t\t<\/div>\n\t\t\t\t<div class=\"elementor-element elementor-element-22d752a elementor-align-left elementor-widget elementor-widget-button\" data-id=\"22d752a\" data-element_type=\"widget\" data-widget_type=\"button.default\">\n\t\t\t\t<div class=\"elementor-widget-container\">\n\t\t\t\t\t\t\t\t\t<div class=\"elementor-button-wrapper\">\n\t\t\t\t\t<a class=\"elementor-button elementor-button-link elementor-size-sm\" href=\"tel:+48%20698%20987%20131\">\n\t\t\t\t\t\t<span class=\"elementor-button-content-wrapper\">\n\t\t\t\t\t\t\t\t\t<span class=\"elementor-button-text\">\u0422\u0435\u043b.: +48 698 987 131<\/span>\n\t\t\t\t\t<\/span>\n\t\t\t\t\t<\/a>\n\t\t\t\t<\/div>\n\t\t\t\t\t\t\t\t<\/div>\n\t\t\t\t<\/div>\n\t\t\t\t\t<\/div>\n\t\t<\/div>\n\t\t\t\t\t<\/div>\n\t\t<\/section>\n\t\t\t\t<\/div>","protected":false},"excerpt":{"rendered":"<p>Skup samochod\u00f3w do 5 tys &#8211; Szczecin P\u0142onia Witamy w RJ Gara\u017c &#8211; Twoim profesjonalnym partnerze w skupie samochod\u00f3w do 5 tys. z\u0142otych! Je\u015bli szukasz sprawdzonego miejsca, gdzie mo\u017cesz sprzeda\u0107 sw\u00f3j samoch\u00f3d za atrakcyjn\u0105 cen\u0119 i bez zb\u0119dnych formalno\u015bci, to trafi\u0142e\u015b idealnie! W RJ Gara\u017c mamy wieloletnie do\u015bwiadczenie w bran\u017cy skupu samochod\u00f3w i zawsze stawiamy [&hellip;]<\/p>","protected":false},"author":1,"featured_media":0,"parent":0,"menu_order":0,"comment_status":"closed","ping_status":"closed","template":"","meta":{"footnotes":""},"class_list":["post-6889","page","type-page","status-publish","hentry"],"_links":{"self":[{"href":"https:\/\/xn--rjgara-upb.pl\/uk\/wp-json\/wp\/v2\/pages\/6889","targetHints":{"allow":["GET"]}}],"collection":[{"href":"https:\/\/xn--rjgara-upb.pl\/uk\/wp-json\/wp\/v2\/pages"}],"about":[{"href":"https:\/\/xn--rjgara-upb.pl\/uk\/wp-json\/wp\/v2\/types\/page"}],"author":[{"embeddable":true,"href":"https:\/\/xn--rjgara-upb.pl\/uk\/wp-json\/wp\/v2\/users\/1"}],"replies":[{"embeddable":true,"href":"https:\/\/xn--rjgara-upb.pl\/uk\/wp-json\/wp\/v2\/comments?post=6889"}],"version-history":[{"count":9,"href":"https:\/\/xn--rjgara-upb.pl\/uk\/wp-json\/wp\/v2\/pages\/6889\/revisions"}],"predecessor-version":[{"id":6939,"href":"https:\/\/xn--rjgara-upb.pl\/uk\/wp-json\/wp\/v2\/pages\/6889\/revisions\/6939"}],"wp:attachment":[{"href":"https:\/\/xn--rjgara-upb.pl\/uk\/wp-json\/wp\/v2\/media?parent=6889"}],"curies":[{"name":"wp","href":"https:\/\/api.w.org\/{rel}","templated":true}]}}