{"id":89,"date":"2022-08-15T18:17:45","date_gmt":"2022-08-15T16:17:45","guid":{"rendered":"http:\/\/xn--rjgara-upb.pl\/?page_id=89"},"modified":"2023-07-04T15:07:34","modified_gmt":"2023-07-04T13:07:34","slug":"\u0437\u0430\u043c\u0456\u043d\u0430-\u0448\u0438\u043d-\u0449\u0435\u0446\u0438\u043d-plony","status":"publish","type":"page","link":"https:\/\/xn--rjgara-upb.pl\/uk\/\u0437\u0430\u043c\u0456\u043d\u0430-\u0448\u0438\u043d-\u0449\u0435\u0446\u0438\u043d-plony\/","title":{"rendered":"\u0417\u0430\u043c\u0456\u043d\u0430 \u0448\u0438\u043d Szczecin P\u0142onia"},"content":{"rendered":"<style>.elementor-89 .elementor-element.elementor-element-9db8a6c:not(.elementor-motion-effects-element-type-background), .elementor-89 .elementor-element.elementor-element-9db8a6c > .elementor-motion-effects-container > .elementor-motion-effects-layer{background-image:url(\"https:\/\/xn--rjgara-upb.pl\/wp-content\/uploads\/2023\/05\/Modern-Minimal-Technology-Background-Banner.png\");background-position:center center;background-repeat:no-repeat;background-size:cover;}.elementor-89 .elementor-element.elementor-element-9db8a6c{transition:background 0.3s, border 0.3s, border-radius 0.3s, box-shadow 0.3s;}.elementor-89 .elementor-element.elementor-element-9db8a6c > .elementor-background-overlay{transition:background 0.3s, border-radius 0.3s, opacity 0.3s;}.elementor-89 .elementor-element.elementor-element-f391c27{--spacer-size:98px;}.elementor-89 .elementor-element.elementor-element-a52eac8{text-align:center;}.elementor-89 .elementor-element.elementor-element-a52eac8 .elementor-heading-title{font-family:\"Open Sans\", Sans-serif;font-size:48px;font-weight:600;color:#FFFFFF;}.elementor-89 .elementor-element.elementor-element-7415afb{--spacer-size:50px;}.elementor-89 .elementor-element.elementor-element-c764bac{--spacer-size:10px;}.elementor-89 .elementor-element.elementor-element-35083a9{--spacer-size:50px;}.elementor-89 .elementor-element.elementor-element-a69aa18{--spacer-size:10px;}.elementor-89 .elementor-element.elementor-element-5462c43{--spacer-size:10px;}.elementor-89 .elementor-element.elementor-element-48b503d{font-family:\"Open Sans\", Sans-serif;font-size:16px;font-weight:400;line-height:24px;color:#000000;}:root{--page-title-display:none;}@media(min-width:768px){.elementor-89 .elementor-element.elementor-element-dcde3ce{width:20%;}.elementor-89 .elementor-element.elementor-element-1328a2b{width:59.332%;}.elementor-89 .elementor-element.elementor-element-b84a14f{width:20%;}.elementor-89 .elementor-element.elementor-element-bc77e41{width:50.789%;}.elementor-89 .elementor-element.elementor-element-e9ff8b0{width:49.124%;}}<\/style>\t\t<div data-elementor-type=\"wp-page\" data-elementor-id=\"89\" class=\"elementor elementor-89\" data-elementor-post-type=\"page\">\n\t\t\t\t\t\t<section class=\"elementor-section elementor-top-section elementor-element elementor-element-9db8a6c elementor-section-full_width elementor-section-stretched elementor-section-height-default elementor-section-height-default\" data-id=\"9db8a6c\" data-element_type=\"section\" data-settings=\"{&quot;stretch_section&quot;:&quot;section-stretched&quot;,&quot;background_background&quot;:&quot;classic&quot;}\">\n\t\t\t\t\t\t<div class=\"elementor-container elementor-column-gap-no\">\n\t\t\t\t\t<div class=\"elementor-column elementor-col-100 elementor-top-column elementor-element elementor-element-3a41553\" data-id=\"3a41553\" data-element_type=\"column\">\n\t\t\t<div class=\"elementor-widget-wrap elementor-element-populated\">\n\t\t\t\t\t\t<section class=\"elementor-section elementor-inner-section elementor-element elementor-element-97dcae6 elementor-section-boxed elementor-section-height-default elementor-section-height-default\" data-id=\"97dcae6\" data-element_type=\"section\">\n\t\t\t\t\t\t<div class=\"elementor-container elementor-column-gap-default\">\n\t\t\t\t\t<div class=\"elementor-column elementor-col-33 elementor-inner-column elementor-element elementor-element-dcde3ce\" data-id=\"dcde3ce\" data-element_type=\"column\">\n\t\t\t<div class=\"elementor-widget-wrap\">\n\t\t\t\t\t\t\t<\/div>\n\t\t<\/div>\n\t\t\t\t<div class=\"elementor-column elementor-col-33 elementor-inner-column elementor-element elementor-element-1328a2b\" data-id=\"1328a2b\" data-element_type=\"column\">\n\t\t\t<div class=\"elementor-widget-wrap elementor-element-populated\">\n\t\t\t\t\t\t<div class=\"elementor-element elementor-element-f391c27 elementor-widget elementor-widget-spacer\" data-id=\"f391c27\" data-element_type=\"widget\" data-widget_type=\"spacer.default\">\n\t\t\t\t<div class=\"elementor-widget-container\">\n\t\t\t\t\t\t\t<div class=\"elementor-spacer\">\n\t\t\t<div class=\"elementor-spacer-inner\"><\/div>\n\t\t<\/div>\n\t\t\t\t\t\t<\/div>\n\t\t\t\t<\/div>\n\t\t\t\t<div class=\"elementor-element elementor-element-a52eac8 elementor-widget elementor-widget-heading\" data-id=\"a52eac8\" data-element_type=\"widget\" data-widget_type=\"heading.default\">\n\t\t\t\t<div class=\"elementor-widget-container\">\n\t\t\t\t\t<h2 class=\"elementor-heading-title elementor-size-default\">\u0417\u0430\u043c\u0456\u043d\u0430 \u0448\u0438\u043d \u0429\u0435\u0446\u0438\u043d<\/h2>\t\t\t\t<\/div>\n\t\t\t\t<\/div>\n\t\t\t\t<div class=\"elementor-element elementor-element-7415afb elementor-widget elementor-widget-spacer\" data-id=\"7415afb\" data-element_type=\"widget\" data-widget_type=\"spacer.default\">\n\t\t\t\t<div class=\"elementor-widget-container\">\n\t\t\t\t\t\t\t<div class=\"elementor-spacer\">\n\t\t\t<div class=\"elementor-spacer-inner\"><\/div>\n\t\t<\/div>\n\t\t\t\t\t\t<\/div>\n\t\t\t\t<\/div>\n\t\t\t\t<div class=\"elementor-element elementor-element-c764bac elementor-widget elementor-widget-spacer\" data-id=\"c764bac\" data-element_type=\"widget\" data-widget_type=\"spacer.default\">\n\t\t\t\t<div class=\"elementor-widget-container\">\n\t\t\t\t\t\t\t<div class=\"elementor-spacer\">\n\t\t\t<div class=\"elementor-spacer-inner\"><\/div>\n\t\t<\/div>\n\t\t\t\t\t\t<\/div>\n\t\t\t\t<\/div>\n\t\t\t\t\t<\/div>\n\t\t<\/div>\n\t\t\t\t<div class=\"elementor-column elementor-col-33 elementor-inner-column elementor-element elementor-element-b84a14f\" data-id=\"b84a14f\" data-element_type=\"column\">\n\t\t\t<div class=\"elementor-widget-wrap\">\n\t\t\t\t\t\t\t<\/div>\n\t\t<\/div>\n\t\t\t\t\t<\/div>\n\t\t<\/section>\n\t\t\t\t<div class=\"elementor-element elementor-element-35083a9 elementor-widget elementor-widget-spacer\" data-id=\"35083a9\" data-element_type=\"widget\" data-widget_type=\"spacer.default\">\n\t\t\t\t<div class=\"elementor-widget-container\">\n\t\t\t\t\t\t\t<div class=\"elementor-spacer\">\n\t\t\t<div class=\"elementor-spacer-inner\"><\/div>\n\t\t<\/div>\n\t\t\t\t\t\t<\/div>\n\t\t\t\t<\/div>\n\t\t\t\t\t<\/div>\n\t\t<\/div>\n\t\t\t\t\t<\/div>\n\t\t<\/section>\n\t\t\t\t<section class=\"elementor-section elementor-top-section elementor-element elementor-element-f977ba7 elementor-section-boxed elementor-section-height-default elementor-section-height-default\" data-id=\"f977ba7\" data-element_type=\"section\">\n\t\t\t\t\t\t<div class=\"elementor-container elementor-column-gap-default\">\n\t\t\t\t\t<div class=\"elementor-column elementor-col-100 elementor-top-column elementor-element elementor-element-701b1d6\" data-id=\"701b1d6\" data-element_type=\"column\">\n\t\t\t<div class=\"elementor-widget-wrap elementor-element-populated\">\n\t\t\t\t\t\t<div class=\"elementor-element elementor-element-a69aa18 elementor-widget elementor-widget-spacer\" data-id=\"a69aa18\" data-element_type=\"widget\" data-widget_type=\"spacer.default\">\n\t\t\t\t<div class=\"elementor-widget-container\">\n\t\t\t\t\t\t\t<div class=\"elementor-spacer\">\n\t\t\t<div class=\"elementor-spacer-inner\"><\/div>\n\t\t<\/div>\n\t\t\t\t\t\t<\/div>\n\t\t\t\t<\/div>\n\t\t\t\t\t<\/div>\n\t\t<\/div>\n\t\t\t\t\t<\/div>\n\t\t<\/section>\n\t\t\t\t<section class=\"elementor-section elementor-top-section elementor-element elementor-element-f92c8c6 elementor-section-boxed elementor-section-height-default elementor-section-height-default\" data-id=\"f92c8c6\" data-element_type=\"section\">\n\t\t\t\t\t\t<div class=\"elementor-container elementor-column-gap-default\">\n\t\t\t\t\t<div class=\"elementor-column elementor-col-50 elementor-top-column elementor-element elementor-element-bc77e41\" data-id=\"bc77e41\" data-element_type=\"column\">\n\t\t\t<div class=\"elementor-widget-wrap elementor-element-populated\">\n\t\t\t\t\t\t<div class=\"elementor-element elementor-element-5462c43 elementor-widget elementor-widget-spacer\" data-id=\"5462c43\" data-element_type=\"widget\" data-widget_type=\"spacer.default\">\n\t\t\t\t<div class=\"elementor-widget-container\">\n\t\t\t\t\t\t\t<div class=\"elementor-spacer\">\n\t\t\t<div class=\"elementor-spacer-inner\"><\/div>\n\t\t<\/div>\n\t\t\t\t\t\t<\/div>\n\t\t\t\t<\/div>\n\t\t\t\t<div class=\"elementor-element elementor-element-48b503d elementor-widget elementor-widget-text-editor\" data-id=\"48b503d\" data-element_type=\"widget\" data-widget_type=\"text-editor.default\">\n\t\t\t\t<div class=\"elementor-widget-container\">\n\t\t\t\t\t\t\t\t\t<p>\u041d\u0430\u0448\u0456 \u0434\u043e\u0441\u0432\u0456\u0434\u0447\u0435\u043d\u0456 \u0442\u0430 \u043a\u0432\u0430\u043b\u0456\u0444\u0456\u043a\u043e\u0432\u0430\u043d\u0456 \u043a\u043e\u043c\u0430\u043d\u0434\u0438 \u043c\u0435\u0445\u0430\u043d\u0456\u043a\u0456\u0432 \u0433\u043e\u0442\u043e\u0432\u0456 \u043d\u0430\u0434\u0430\u0442\u0438 \u0432\u0430\u043c \u043a\u043e\u043c\u043f\u043b\u0435\u043a\u0441\u043d\u0443 \u043f\u043e\u0441\u043b\u0443\u0433\u0443 \u0456\u0437 \u0437\u0430\u043c\u0456\u043d\u0438 \u0448\u0438\u043d, \u044f\u043a\u0430 \u0434\u043e\u0437\u0432\u043e\u043b\u0438\u0442\u044c \u0432\u0430\u043c \u043d\u0430\u0441\u043e\u043b\u043e\u0434\u0436\u0443\u0432\u0430\u0442\u0438\u0441\u044f \u0431\u0435\u0437\u043f\u0435\u0447\u043d\u0438\u043c \u043a\u0435\u0440\u0443\u0432\u0430\u043d\u043d\u044f\u043c \u0446\u0456\u043b\u0438\u0439 \u0440\u0456\u043a. \u041d\u0435\u0437\u0430\u043b\u0435\u0436\u043d\u043e \u0432\u0456\u0434 \u043c\u0430\u0440\u043a\u0438 \u0442\u0430 \u043c\u043e\u0434\u0435\u043b\u0456 \u0432\u0430\u0448\u043e\u0433\u043e \u0430\u0432\u0442\u043e\u043c\u043e\u0431\u0456\u043b\u044f, \u043c\u0438 \u0433\u043e\u0442\u043e\u0432\u0456 \u043f\u0440\u043e\u0444\u0435\u0441\u0456\u0439\u043d\u043e \u043e\u0431\u0441\u043b\u0443\u0433\u043e\u0432\u0443\u0432\u0430\u0442\u0438 \u0442\u0430 \u0432\u0441\u0442\u0430\u043d\u043e\u0432\u043b\u044e\u0432\u0430\u0442\u0438 \u0448\u0438\u043d\u0438, \u044f\u043a\u0456 \u0432\u0456\u0434\u043f\u043e\u0432\u0456\u0434\u0430\u044e\u0442\u044c \u0432\u0430\u0448\u0438\u043c \u043f\u043e\u0442\u0440\u0435\u0431\u0430\u043c \u0442\u0430 \u043e\u0447\u0456\u043a\u0443\u0432\u0430\u043d\u043d\u044f\u043c.<\/p><p>\u041d\u0430\u0448 \u0441\u043f\u0435\u043a\u0442\u0440 \u043f\u043e\u0441\u043b\u0443\u0433 \u0456\u0437 \u0437\u0430\u043c\u0456\u043d\u0438 \u0448\u0438\u043d \u0432\u043a\u043b\u044e\u0447\u0430\u0454:<\/p><ol><li>\u0420\u043e\u0437\u0431\u0438\u0440\u0430\u043d\u043d\u044f \u0442\u0430 \u0437\u0431\u0438\u0440\u0430\u043d\u043d\u044f: \u041d\u0430\u0448\u0430 \u043a\u043e\u043c\u0430\u043d\u0434\u0430 \u0432\u0438\u043a\u043e\u043d\u0443\u0454 \u0442\u043e\u0447\u043d\u0435 \u0440\u043e\u0437\u0431\u0438\u0440\u0430\u043d\u043d\u044f \u0442\u0430 \u0437\u0431\u0438\u0440\u0430\u043d\u043d\u044f \u0448\u0438\u043d, \u0434\u043e\u0442\u0440\u0438\u043c\u0443\u044e\u0447\u0438\u0441\u044c \u0432\u0456\u0434\u043f\u043e\u0432\u0456\u0434\u043d\u0438\u0445 \u043f\u0430\u0440\u0430\u043c\u0435\u0442\u0440\u0456\u0432 \u0442\u0430 \u0440\u0435\u043a\u043e\u043c\u0435\u043d\u0434\u0430\u0446\u0456\u0439 \u0432\u0438\u0440\u043e\u0431\u043d\u0438\u043a\u0430. \u0412\u0438\u043a\u043e\u0440\u0438\u0441\u0442\u043e\u0432\u0443\u044e\u0447\u0438 \u043d\u0430\u0439\u043d\u043e\u0432\u0456\u0448\u0456 \u0456\u043d\u0441\u0442\u0440\u0443\u043c\u0435\u043d\u0442\u0438 \u0442\u0430 \u043c\u0435\u0442\u043e\u0434\u0438, \u043c\u0438 \u0433\u0430\u0440\u0430\u043d\u0442\u0443\u0454\u043c\u043e \u043d\u0430\u0434\u0456\u0439\u043d\u0438\u0439 \u0442\u0430 \u0442\u043e\u0447\u043d\u0438\u0439 \u043c\u043e\u043d\u0442\u0430\u0436 \u0432\u0430\u0448\u0438\u0445 \u0448\u0438\u043d, \u0437\u0430\u0431\u0435\u0437\u043f\u0435\u0447\u0443\u044e\u0447\u0438 \u043d\u0430\u043b\u0435\u0436\u043d\u0443 \u0435\u043a\u0441\u043f\u043b\u0443\u0430\u0442\u0430\u0446\u0456\u044e \u0442\u0430 \u043a\u043e\u043c\u0444\u043e\u0440\u0442 \u0432\u043e\u0434\u0456\u043d\u043d\u044f.<\/li><li>\u0411\u0430\u043b\u0430\u043d\u0441\u0443\u0432\u0430\u043d\u043d\u044f \u043a\u043e\u043b\u0456\u0441: \u0411\u0430\u043b\u0430\u043d\u0441\u0443\u0432\u0430\u043d\u043d\u044f \u043a\u043e\u043b\u0456\u0441 \u043c\u0430\u0454 \u0432\u0438\u0440\u0456\u0448\u0430\u043b\u044c\u043d\u0435 \u0437\u043d\u0430\u0447\u0435\u043d\u043d\u044f \u0434\u043b\u044f \u0443\u0441\u0443\u043d\u0435\u043d\u043d\u044f \u0432\u0456\u0431\u0440\u0430\u0446\u0456\u0439 \u0442\u0430 \u0443\u0434\u0430\u0440\u0456\u0432 \u043f\u0456\u0434 \u0447\u0430\u0441 \u0440\u0443\u0445\u0443. \u041d\u0430\u0448\u0435 \u0441\u043f\u0435\u0446\u0456\u0430\u043b\u0456\u0437\u043e\u0432\u0430\u043d\u0435 \u043e\u0431\u043b\u0430\u0434\u043d\u0430\u043d\u043d\u044f \u0434\u043e\u0437\u0432\u043e\u043b\u044f\u0454 \u043d\u0430\u043c \u0442\u043e\u0447\u043d\u043e \u0437\u0431\u0430\u043b\u0430\u043d\u0441\u0443\u0432\u0430\u0442\u0438 \u0432\u0430\u0448\u0456 \u043a\u043e\u043b\u0435\u0441\u0430, \u0449\u043e \u043f\u0440\u0438\u0437\u0432\u043e\u0434\u0438\u0442\u044c \u0434\u043e \u0440\u0456\u0432\u043d\u043e\u043c\u0456\u0440\u043d\u043e\u0433\u043e \u0437\u043d\u043e\u0441\u0443 \u0448\u0438\u043d \u0442\u0430 \u043a\u0440\u0430\u0449\u043e\u0433\u043e \u043a\u043e\u043d\u0442\u0440\u043e\u043b\u044e \u043d\u0430\u0434 \u0430\u0432\u0442\u043e\u043c\u043e\u0431\u0456\u043b\u0435\u043c. \u0417\u0430\u0432\u0434\u044f\u043a\u0438 \u0446\u044c\u043e\u043c\u0443 \u043c\u0438 \u0437\u0430\u0431\u0435\u0437\u043f\u0435\u0447\u0443\u0454\u043c\u043e \u0432\u0430\u043c \u043c\u0430\u043a\u0441\u0438\u043c\u0430\u043b\u044c\u043d\u0438\u0439 \u043a\u043e\u043c\u0444\u043e\u0440\u0442 \u0442\u0430 \u0431\u0435\u0437\u043f\u0435\u043a\u0443 \u043d\u0430 \u0434\u043e\u0440\u043e\u0437\u0456.<\/li><li>\u0417\u0431\u0435\u0440\u0456\u0433\u0430\u043d\u043d\u044f \u0448\u0438\u043d: \u042f\u043a\u0449\u043e \u0443 \u0432\u0430\u0441 \u043d\u0435\u043c\u0430\u0454 \u043c\u0456\u0441\u0446\u044f \u0434\u043b\u044f \u0437\u0431\u0435\u0440\u0456\u0433\u0430\u043d\u043d\u044f \u0448\u0438\u043d, \u043c\u0438 \u043c\u043e\u0436\u0435\u043c\u043e \u0434\u043e\u043f\u043e\u043c\u043e\u0433\u0442\u0438! \u041c\u0438 \u043f\u0440\u043e\u043f\u043e\u043d\u0443\u0454\u043c\u043e \u043f\u043e\u0441\u043b\u0443\u0433\u0438 \u0437\u0431\u0435\u0440\u0456\u0433\u0430\u043d\u043d\u044f \u0448\u0438\u043d \u043d\u0430 \u043d\u0430\u0448\u043e\u043c\u0443 \u0431\u0435\u0437\u043f\u0435\u0447\u043d\u043e\u043c\u0443 \u0442\u0430 \u043d\u0430\u043b\u0435\u0436\u043d\u0438\u043c \u0447\u0438\u043d\u043e\u043c \u043f\u0435\u0440\u0435\u0432\u0456\u0440\u0435\u043d\u043e\u043c\u0443 \u0441\u043a\u043b\u0430\u0434\u0456. \u0412\u0430\u0448\u0456 \u0448\u0438\u043d\u0438 \u0431\u0443\u0434\u0443\u0442\u044c \u043d\u0430\u043b\u0435\u0436\u043d\u0438\u043c \u0447\u0438\u043d\u043e\u043c \u0437\u0430\u0445\u0438\u0449\u0435\u043d\u0456 \u0442\u0430 \u0437\u0431\u0435\u0440\u0456\u0433\u0430\u0442\u0438\u043c\u0443\u0442\u044c\u0441\u044f \u0432\u0456\u0434\u043f\u043e\u0432\u0456\u0434\u043d\u043e \u0434\u043e \u043d\u0430\u0439\u043a\u0440\u0430\u0449\u0438\u0445 \u0441\u0442\u0430\u043d\u0434\u0430\u0440\u0442\u0456\u0432, \u0449\u043e \u0437\u0430\u0431\u0435\u0437\u043f\u0435\u0447\u0438\u0442\u044c \u0457\u0445 \u043e\u043f\u0442\u0438\u043c\u0430\u043b\u044c\u043d\u0438\u0439 \u0441\u0442\u0430\u043d \u0442\u0430 \u0434\u043e\u0432\u0433\u043e\u0432\u0456\u0447\u043d\u0456\u0441\u0442\u044c.<\/li><li>\u0412\u0438\u0431\u0456\u0440 \u0448\u0438\u043d: \u042f\u043a\u0449\u043e \u0432\u0430\u043c \u043f\u043e\u0442\u0440\u0456\u0431\u043d\u0456 \u043d\u043e\u0432\u0456 \u0448\u0438\u043d\u0438, \u043d\u0430\u0448\u0430 \u043a\u043e\u043c\u0430\u043d\u0434\u0430 \u043f\u043e\u0440\u0430\u0434\u0438\u0442\u044c \u0432\u0430\u043c \u0432\u0438\u0431\u0440\u0430\u0442\u0438 \u043f\u0440\u0430\u0432\u0438\u043b\u044c\u043d\u0456 \u0448\u0438\u043d\u0438, \u044f\u043a\u0456 \u043d\u0430\u0439\u043a\u0440\u0430\u0449\u0435 \u043f\u0456\u0434\u0456\u0439\u0434\u0443\u0442\u044c \u0434\u043b\u044f \u0432\u0430\u0448\u043e\u0433\u043e \u0430\u0432\u0442\u043e\u043c\u043e\u0431\u0456\u043b\u044f, \u0441\u0442\u0438\u043b\u044e \u0432\u043e\u0434\u0456\u043d\u043d\u044f \u0442\u0430 \u0434\u043e\u0440\u043e\u0436\u043d\u0456\u0445 \u0443\u043c\u043e\u0432. \u0423 \u043d\u0430\u0441 \u0448\u0438\u0440\u043e\u043a\u0438\u0439 \u0432\u0438\u0431\u0456\u0440 \u0448\u0438\u043d \u0440\u0456\u0437\u043d\u0438\u0445 \u043c\u0430\u0440\u043e\u043a \u0442\u0430 \u043c\u043e\u0434\u0435\u043b\u0435\u0439, \u0432\u043a\u043b\u044e\u0447\u0430\u044e\u0447\u0438 \u043b\u0456\u0442\u043d\u0456, \u0437\u0438\u043c\u043e\u0432\u0456 \u0442\u0430 \u0432\u0441\u0435\u0441\u0435\u0437\u043e\u043d\u043d\u0456 \u0448\u0438\u043d\u0438, \u0449\u043e\u0431 \u0437\u0430\u0431\u0435\u0437\u043f\u0435\u0447\u0438\u0442\u0438 \u0432\u0430\u043c \u043e\u043f\u0442\u0438\u043c\u0430\u043b\u044c\u043d\u0435 \u0437\u0447\u0435\u043f\u043b\u0435\u043d\u043d\u044f \u0442\u0430 \u043f\u0440\u043e\u0434\u0443\u043a\u0442\u0438\u0432\u043d\u0456\u0441\u0442\u044c \u0443 \u0431\u0443\u0434\u044c-\u044f\u043a\u0438\u0439 \u0441\u0435\u0437\u043e\u043d.<\/li><li>\u041f\u0435\u0440\u0435\u0432\u0456\u0440\u043a\u0430 \u0441\u0442\u0430\u043d\u0443 \u0448\u0438\u043d: \u041f\u0456\u0434 \u0447\u0430\u0441 \u0437\u0430\u043c\u0456\u043d\u0438 \u0448\u0438\u043d \u043d\u0430\u0448\u0430 \u043a\u043e\u043c\u0430\u043d\u0434\u0430 \u0442\u0430\u043a\u043e\u0436 \u043f\u0435\u0440\u0435\u0432\u0456\u0440\u0438\u0442\u044c \u0441\u0442\u0430\u043d \u0432\u0430\u0448\u0438\u0445 \u0448\u0438\u043d, \u0432\u043a\u043b\u044e\u0447\u0430\u044e\u0447\u0438 \u0433\u043b\u0438\u0431\u0438\u043d\u0443 \u043f\u0440\u043e\u0442\u0435\u043a\u0442\u043e\u0440\u0430 \u0442\u0430 \u0437\u0430\u0433\u0430\u043b\u044c\u043d\u0438\u0439 \u0437\u043d\u043e\u0441. \u042f\u043a\u0449\u043e \u043c\u0438 \u0432\u0438\u0437\u043d\u0430\u0447\u0438\u043c\u043e, \u0449\u043e \u0432\u0430\u0448\u0456 \u0448\u0438\u043d\u0438 \u043f\u043e\u0442\u0440\u0435\u0431\u0443\u044e\u0442\u044c \u0437\u0430\u043c\u0456\u043d\u0438, \u043c\u0438 \u0437\u043c\u043e\u0436\u0435\u043c\u043e \u0437\u0430\u043f\u0440\u043e\u043f\u043e\u043d\u0443\u0432\u0430\u0442\u0438 \u0432\u0456\u0434\u043f\u043e\u0432\u0456\u0434\u043d\u0456 \u0440\u0456\u0448\u0435\u043d\u043d\u044f \u0434\u043b\u044f \u043f\u0456\u0434\u0442\u0440\u0438\u043c\u043a\u0438 \u0431\u0435\u0437\u043f\u0435\u043a\u0438 \u0442\u0430 \u043f\u0440\u043e\u0434\u0443\u043a\u0442\u0438\u0432\u043d\u043e\u0441\u0442\u0456 \u0432\u0430\u0448\u043e\u0433\u043e \u0430\u0432\u0442\u043e\u043c\u043e\u0431\u0456\u043b\u044f.<\/li><\/ol>\t\t\t\t\t\t\t\t<\/div>\n\t\t\t\t<\/div>\n\t\t\t\t\t<\/div>\n\t\t<\/div>\n\t\t\t\t<div class=\"elementor-column elementor-col-50 elementor-top-column elementor-element elementor-element-e9ff8b0\" data-id=\"e9ff8b0\" data-element_type=\"column\">\n\t\t\t<div class=\"elementor-widget-wrap elementor-element-populated\">\n\t\t\t\t\t\t<div class=\"elementor-element elementor-element-7e35089 elementor-widget elementor-widget-image\" data-id=\"7e35089\" data-element_type=\"widget\" data-widget_type=\"image.default\">\n\t\t\t\t<div class=\"elementor-widget-container\">\n\t\t\t\t\t\t\t\t\t\t\t\t\t\t\t<img fetchpriority=\"high\" decoding=\"async\" width=\"768\" height=\"768\" src=\"https:\/\/xn--rjgara-upb.pl\/wp-content\/uploads\/2023\/05\/Untitled-design-23-768x768.png\" class=\"attachment-medium_large size-medium_large wp-image-6806\" alt=\"\" srcset=\"https:\/\/xn--rjgara-upb.pl\/wp-content\/uploads\/2023\/05\/Untitled-design-23-768x768.png 768w, https:\/\/xn--rjgara-upb.pl\/wp-content\/uploads\/2023\/05\/Untitled-design-23-300x300.png 300w, https:\/\/xn--rjgara-upb.pl\/wp-content\/uploads\/2023\/05\/Untitled-design-23-1024x1024.png 1024w, https:\/\/xn--rjgara-upb.pl\/wp-content\/uploads\/2023\/05\/Untitled-design-23-150x150.png 150w, https:\/\/xn--rjgara-upb.pl\/wp-content\/uploads\/2023\/05\/Untitled-design-23.png 1080w\" sizes=\"(max-width: 768px) 100vw, 768px\" title=\"\">\t\t\t\t\t\t\t\t\t\t\t\t\t\t\t<\/div>\n\t\t\t\t<\/div>\n\t\t\t\t<section class=\"elementor-section elementor-inner-section elementor-element elementor-element-ce5bbba elementor-section-boxed elementor-section-height-default elementor-section-height-default\" data-id=\"ce5bbba\" data-element_type=\"section\">\n\t\t\t\t\t\t<div class=\"elementor-container elementor-column-gap-default\">\n\t\t\t\t\t<div class=\"elementor-column elementor-col-50 elementor-inner-column elementor-element elementor-element-1ebe318\" data-id=\"1ebe318\" data-element_type=\"column\">\n\t\t\t<div class=\"elementor-widget-wrap elementor-element-populated\">\n\t\t\t\t\t\t<div class=\"elementor-element elementor-element-6fcbf97 elementor-widget elementor-widget-image\" data-id=\"6fcbf97\" data-element_type=\"widget\" data-widget_type=\"image.default\">\n\t\t\t\t<div class=\"elementor-widget-container\">\n\t\t\t\t\t\t\t\t\t\t\t\t\t\t\t<img decoding=\"async\" width=\"800\" height=\"800\" src=\"https:\/\/xn--rjgara-upb.pl\/wp-content\/uploads\/2023\/05\/Untitled-design-24-1024x1024.png\" class=\"attachment-large size-large wp-image-6808\" alt=\"\" srcset=\"https:\/\/xn--rjgara-upb.pl\/wp-content\/uploads\/2023\/05\/Untitled-design-24-1024x1024.png 1024w, https:\/\/xn--rjgara-upb.pl\/wp-content\/uploads\/2023\/05\/Untitled-design-24-300x300.png 300w, https:\/\/xn--rjgara-upb.pl\/wp-content\/uploads\/2023\/05\/Untitled-design-24-150x150.png 150w, https:\/\/xn--rjgara-upb.pl\/wp-content\/uploads\/2023\/05\/Untitled-design-24-768x768.png 768w, https:\/\/xn--rjgara-upb.pl\/wp-content\/uploads\/2023\/05\/Untitled-design-24.png 1080w\" sizes=\"(max-width: 800px) 100vw, 800px\" title=\"\">\t\t\t\t\t\t\t\t\t\t\t\t\t\t\t<\/div>\n\t\t\t\t<\/div>\n\t\t\t\t\t<\/div>\n\t\t<\/div>\n\t\t\t\t<div class=\"elementor-column elementor-col-50 elementor-inner-column elementor-element elementor-element-96da2fc\" data-id=\"96da2fc\" data-element_type=\"column\">\n\t\t\t<div class=\"elementor-widget-wrap elementor-element-populated\">\n\t\t\t\t\t\t<div class=\"elementor-element elementor-element-df89ec4 elementor-widget elementor-widget-image\" data-id=\"df89ec4\" data-element_type=\"widget\" data-widget_type=\"image.default\">\n\t\t\t\t<div class=\"elementor-widget-container\">\n\t\t\t\t\t\t\t\t\t\t\t\t\t\t\t<img decoding=\"async\" width=\"300\" height=\"300\" src=\"https:\/\/xn--rjgara-upb.pl\/wp-content\/uploads\/2022\/10\/Untitled-design-67-300x300.png\" class=\"attachment-medium size-medium wp-image-1054\" alt=\"\" srcset=\"https:\/\/xn--rjgara-upb.pl\/wp-content\/uploads\/2022\/10\/Untitled-design-67-300x300.png 300w, https:\/\/xn--rjgara-upb.pl\/wp-content\/uploads\/2022\/10\/Untitled-design-67-1024x1024.png 1024w, https:\/\/xn--rjgara-upb.pl\/wp-content\/uploads\/2022\/10\/Untitled-design-67-150x150.png 150w, https:\/\/xn--rjgara-upb.pl\/wp-content\/uploads\/2022\/10\/Untitled-design-67-768x768.png 768w, https:\/\/xn--rjgara-upb.pl\/wp-content\/uploads\/2022\/10\/Untitled-design-67.png 1080w\" sizes=\"(max-width: 300px) 100vw, 300px\" title=\"\">\t\t\t\t\t\t\t\t\t\t\t\t\t\t\t<\/div>\n\t\t\t\t<\/div>\n\t\t\t\t\t<\/div>\n\t\t<\/div>\n\t\t\t\t\t<\/div>\n\t\t<\/section>\n\t\t\t\t\t<\/div>\n\t\t<\/div>\n\t\t\t\t\t<\/div>\n\t\t<\/section>\n\t\t\t\t<\/div>","protected":false},"excerpt":{"rendered":"<p>Wymiana Opon Szczecin Nasze do\u015bwiadczone i wykwalifikowane zespo\u0142y mechaniczne s\u0105 gotowe, aby zapewni\u0107 Ci kompleksow\u0105 us\u0142ug\u0119 wymiany opon, kt\u00f3ra pozwoli Ci cieszy\u0107 si\u0119 bezpieczn\u0105 jazd\u0105 przez ca\u0142y rok. Niezale\u017cnie od marki i modelu Twojego samochodu, jeste\u015bmy przygotowani do profesjonalnej obs\u0142ugi i monta\u017cu opon, kt\u00f3re spe\u0142niaj\u0105 Twoje potrzeby i oczekiwania. Nasza oferta us\u0142ug wymiany opon obejmuje: [&hellip;]<\/p>","protected":false},"author":1,"featured_media":0,"parent":0,"menu_order":0,"comment_status":"closed","ping_status":"closed","template":"","meta":{"footnotes":""},"class_list":["post-89","page","type-page","status-publish","hentry"],"_links":{"self":[{"href":"https:\/\/xn--rjgara-upb.pl\/uk\/wp-json\/wp\/v2\/pages\/89","targetHints":{"allow":["GET"]}}],"collection":[{"href":"https:\/\/xn--rjgara-upb.pl\/uk\/wp-json\/wp\/v2\/pages"}],"about":[{"href":"https:\/\/xn--rjgara-upb.pl\/uk\/wp-json\/wp\/v2\/types\/page"}],"author":[{"embeddable":true,"href":"https:\/\/xn--rjgara-upb.pl\/uk\/wp-json\/wp\/v2\/users\/1"}],"replies":[{"embeddable":true,"href":"https:\/\/xn--rjgara-upb.pl\/uk\/wp-json\/wp\/v2\/comments?post=89"}],"version-history":[{"count":125,"href":"https:\/\/xn--rjgara-upb.pl\/uk\/wp-json\/wp\/v2\/pages\/89\/revisions"}],"predecessor-version":[{"id":6937,"href":"https:\/\/xn--rjgara-upb.pl\/uk\/wp-json\/wp\/v2\/pages\/89\/revisions\/6937"}],"wp:attachment":[{"href":"https:\/\/xn--rjgara-upb.pl\/uk\/wp-json\/wp\/v2\/media?parent=89"}],"curies":[{"name":"wp","href":"https:\/\/api.w.org\/{rel}","templated":true}]}}